{"id":48059,"date":"2026-04-02T12:00:55","date_gmt":"2026-04-02T12:00:55","guid":{"rendered":"https:\/\/www.grimselwelt.ch\/sommer-package-hotel-handeck\/"},"modified":"2026-04-09T08:57:39","modified_gmt":"2026-04-09T08:57:39","slug":"erholung-und-erlebnis","status":"publish","type":"page","link":"https:\/\/www.grimselwelt.ch\/fr\/hotels-du-grimsel\/hotel-handeck\/angebote\/erholung-und-erlebnis\/","title":{"rendered":"D\u00e9tente et aventure Grimselwelt"},"content":{"rendered":"\t\t<div data-elementor-type=\"wp-page\" data-elementor-id=\"48059\" class=\"elementor elementor-48059 elementor-48051\" data-elementor-post-type=\"page\">\n\t\t\t\t\t\t<section class=\"elementor-section elementor-top-section elementor-element elementor-element-11dbf18 elementor-section-boxed elementor-section-height-default elementor-section-height-default\" data-id=\"11dbf18\" data-element_type=\"section\" data-e-type=\"section\">\n\t\t\t\t\t\t<div class=\"elementor-container elementor-column-gap-default\">\n\t\t\t\t\t<div class=\"elementor-column elementor-col-100 elementor-top-column elementor-element elementor-element-768eada\" data-id=\"768eada\" data-element_type=\"column\" data-e-type=\"column\">\n\t\t\t<div class=\"elementor-widget-wrap elementor-element-populated\">\n\t\t\t\t\t\t<div class=\"elementor-element elementor-element-16ad3af elementor-widget elementor-widget-text-editor\" data-id=\"16ad3af\" data-element_type=\"widget\" data-e-type=\"widget\" data-widget_type=\"text-editor.default\">\n\t\t\t\t<div class=\"elementor-widget-container\">\n\t\t\t\t\t\t\t\t\t<h3>Offre sp\u00e9ciale \u00e0 l&rsquo;H\u00f4tel Handeck<br>valable toute la saison, du dimanche au vendredi<\/h3>\t\t\t\t\t\t\t\t<\/div>\n\t\t\t\t<\/div>\n\t\t\t\t<div class=\"elementor-element elementor-element-4c26b98 elementor-widget elementor-widget-text-editor\" data-id=\"4c26b98\" data-element_type=\"widget\" data-e-type=\"widget\" data-widget_type=\"text-editor.default\">\n\t\t\t\t<div class=\"elementor-widget-container\">\n\t\t\t\t\t\t\t\t\t<p>Tout d&rsquo;une seule main : vous r\u00e9servez le forfait - nous nous occupons du reste. R\u00e9jouissez-vous de deux journ\u00e9es r\u00e9ussies \u00e0 tous points de vue au c\u0153ur du fascinant Grimselwelt, o\u00f9 la nature, la technique et le plaisir se rencontrent de mani\u00e8re unique. <\/p><div><p>Le forfait d&rsquo;\u00e9t\u00e9 allie repos et d\u00e9tente \u00e0 une exp\u00e9rience impressionnante au c\u0153ur des Alpes. Dans le cadre d&rsquo;une visite guid\u00e9e de la centrale \u00e9lectrique, vous d\u00e9couvrirez <strong>Grimsel Undergrund<\/strong>, l&rsquo;imposante centrale \u00e9lectrique <strong>Grimsel 2<\/strong> ainsi que l&rsquo;exceptionnelle <strong>grotte des cristaux de Gerstenegg<\/strong> - une v\u00e9ritable merveille de la nature, accessible exclusivement dans le cadre de cette visite. <\/p><p>Vous serez \u00e9galement choy\u00e9 sur le plan culinaire : un d\u00e9licieux <strong>d\u00e9jeuner de deux plats \u00e0 l&rsquo;H\u00f4tel Handeck<\/strong> vous donnera des forces le jour de l&rsquo;exp\u00e9rience, tandis que le soir, un <strong>menu gourmand de trois plats<\/strong> vous attend, pr\u00e9par\u00e9 avec amour dans la cuisine de l&rsquo;\u00e9tablissement, \u00e0 base de produits des champs, des for\u00eats et des prairies - des produits r\u00e9gionaux et de saison.<\/p><\/div>\t\t\t\t\t\t\t\t<\/div>\n\t\t\t\t<\/div>\n\t\t\t\t<div class=\"elementor-element elementor-element-1052011 elementor-widget elementor-widget-text-editor\" data-id=\"1052011\" data-element_type=\"widget\" data-e-type=\"widget\" data-widget_type=\"text-editor.default\">\n\t\t\t\t<div class=\"elementor-widget-container\">\n\t\t\t\t\t\t\t\t\t<p data-start=\"1141\" data-end=\"1260\">Ce forfait exclusif est particuli\u00e8rement adapt\u00e9 aux clients individuels.<\/p><p data-start=\"1262\" data-end=\"1305\"><strong>Prix par personne et par nuit \u00e0 partir de 220 CHF, TVA incluse. <\/strong><\/p>\t\t\t\t\t\t\t\t<\/div>\n\t\t\t\t<\/div>\n\t\t\t\t<div class=\"elementor-element elementor-element-1f20995 elementor-button-success elementor-widget elementor-widget-button\" data-id=\"1f20995\" data-element_type=\"widget\" data-e-type=\"widget\" data-widget_type=\"button.default\">\n\t\t\t\t<div class=\"elementor-widget-container\">\n\t\t\t\t\t\t\t\t\t<div class=\"elementor-button-wrapper\">\n\t\t\t\t\t<a class=\"elementor-button elementor-button-link elementor-size-sm\" href=\"mailto:hotels@grimselwelt.ch?subject=Anfrage%20Sommer-Package%20Handeck\">\n\t\t\t\t\t\t<span class=\"elementor-button-content-wrapper\">\n\t\t\t\t\t\t<span class=\"elementor-button-icon\">\n\t\t\t\t<i aria-hidden=\"true\" class=\"far fa-envelope\"><\/i>\t\t\t<\/span>\n\t\t\t\t\t\t\t\t\t<span class=\"elementor-button-text\">Demandez maintenant<\/span>\n\t\t\t\t\t<\/span>\n\t\t\t\t\t<\/a>\n\t\t\t\t<\/div>\n\t\t\t\t\t\t\t\t<\/div>\n\t\t\t\t<\/div>\n\t\t\t\t\t<\/div>\n\t\t<\/div>\n\t\t\t\t\t<\/div>\n\t\t<\/section>\n\t\t\t\t<section class=\"elementor-section elementor-top-section elementor-element elementor-element-173a6ec elementor-section-stretched elementor-section-boxed elementor-section-height-default elementor-section-height-default\" data-id=\"173a6ec\" data-element_type=\"section\" data-e-type=\"section\" data-settings=\"{&quot;stretch_section&quot;:&quot;section-stretched&quot;,&quot;background_background&quot;:&quot;classic&quot;}\">\n\t\t\t\t\t\t<div class=\"elementor-container elementor-column-gap-default\">\n\t\t\t\t\t<div class=\"elementor-column elementor-col-100 elementor-top-column elementor-element elementor-element-83ef406\" data-id=\"83ef406\" data-element_type=\"column\" data-e-type=\"column\">\n\t\t\t<div class=\"elementor-widget-wrap elementor-element-populated\">\n\t\t\t\t\t\t<div class=\"elementor-element elementor-element-fb1a24d elementor-widget elementor-widget-heading\" data-id=\"fb1a24d\" data-element_type=\"widget\" data-e-type=\"widget\" data-widget_type=\"heading.default\">\n\t\t\t\t<div class=\"elementor-widget-container\">\n\t\t\t\t\t<h2 class=\"elementor-heading-title elementor-size-default\">Inclus dans le forfait<\/h2>\t\t\t\t<\/div>\n\t\t\t\t<\/div>\n\t\t\t\t<div class=\"elementor-element elementor-element-529c1f0 elementor-widget elementor-widget-text-editor\" data-id=\"529c1f0\" data-element_type=\"widget\" data-e-type=\"widget\" data-widget_type=\"text-editor.default\">\n\t\t\t\t<div class=\"elementor-widget-container\">\n\t\t\t\t\t\t\t\t\t<h4>D\u00e9jeuner de deux plats \u00e0 l&rsquo;H\u00f4tel Handeck<\/h4><div>Avant la visite guid\u00e9e de la centrale, savourez un d\u00e9licieux d\u00e9jeuner de deux plats \u00e0 l&rsquo;H\u00f4tel Handeck. La cuisine de saison \u00e0 base d&rsquo;ingr\u00e9dients r\u00e9gionaux constitue le pr\u00e9lude culinaire id\u00e9al pour une exp\u00e9rience passionnante au Grimsel. <\/div>\t\t\t\t\t\t\t\t<\/div>\n\t\t\t\t<\/div>\n\t\t\t\t<div class=\"elementor-element elementor-element-34006b0 elementor-widget elementor-widget-text-editor\" data-id=\"34006b0\" data-element_type=\"widget\" data-e-type=\"widget\" data-widget_type=\"text-editor.default\">\n\t\t\t\t<div class=\"elementor-widget-container\">\n\t\t\t\t\t\t\t\t\t<h4>Visite guid\u00e9e de la centrale : \u00ab\u00a0Grimsel Undergrund<\/h4><div><p>Les visites guid\u00e9es commencent \u00e0 l&rsquo;Hospice du Grimsel. Le voyage individuel s&rsquo;effectue confortablement en transports publics ou en voiture priv\u00e9e.  Pendant la visite guid\u00e9e, d\u00e9couvrez le monde impressionnant de l&rsquo;hydro\u00e9lectricit\u00e9 et obtenez un aper\u00e7u passionnant de la production d&rsquo;\u00e9nergie dans la r\u00e9gion du Grimsel.  <\/p><\/div>\t\t\t\t\t\t\t\t<\/div>\n\t\t\t\t<\/div>\n\t\t\t\t<div class=\"elementor-element elementor-element-1b317b9 elementor-widget elementor-widget-button\" data-id=\"1b317b9\" data-element_type=\"widget\" data-e-type=\"widget\" data-widget_type=\"button.default\">\n\t\t\t\t<div class=\"elementor-widget-container\">\n\t\t\t\t\t\t\t\t\t<div class=\"elementor-button-wrapper\">\n\t\t\t\t\t<a class=\"elementor-button elementor-button-link elementor-size-sm\" href=\"https:\/\/www.grimselwelt.ch\/fr\/visites-guidees\/hospiz-grimsel-undergrund\/\">\n\t\t\t\t\t\t<span class=\"elementor-button-content-wrapper\">\n\t\t\t\t\t\t\t\t\t<span class=\"elementor-button-text\">En savoir plus<\/span>\n\t\t\t\t\t<\/span>\n\t\t\t\t\t<\/a>\n\t\t\t\t<\/div>\n\t\t\t\t\t\t\t\t<\/div>\n\t\t\t\t<\/div>\n\t\t\t\t<div class=\"elementor-element elementor-element-7ccb54c elementor-widget elementor-widget-spacer\" data-id=\"7ccb54c\" data-element_type=\"widget\" data-e-type=\"widget\" data-widget_type=\"spacer.default\">\n\t\t\t\t<div class=\"elementor-widget-container\">\n\t\t\t\t\t\t\t<div class=\"elementor-spacer\">\n\t\t\t<div class=\"elementor-spacer-inner\"><\/div>\n\t\t<\/div>\n\t\t\t\t\t\t<\/div>\n\t\t\t\t<\/div>\n\t\t\t\t<div class=\"elementor-element elementor-element-714f361 elementor-widget elementor-widget-text-editor\" data-id=\"714f361\" data-element_type=\"widget\" data-e-type=\"widget\" data-widget_type=\"text-editor.default\">\n\t\t\t\t<div class=\"elementor-widget-container\">\n\t\t\t\t\t\t\t\t\t<div><h4>Le bien-\u00eatre \u00e0 l&rsquo;\u00e9tat pur<\/h4><p>Apr\u00e8s l&rsquo;exp\u00e9rience de la journ\u00e9e, la d\u00e9tente est de mise : terminez la journ\u00e9e dans le <strong>sauna<\/strong> ou la <strong>piscine ext\u00e9rieure chauff\u00e9e<\/strong> et profitez du calme de la montagne.  <\/p><\/div>\t\t\t\t\t\t\t\t<\/div>\n\t\t\t\t<\/div>\n\t\t\t\t<div class=\"elementor-element elementor-element-3d04491 elementor-widget elementor-widget-text-editor\" data-id=\"3d04491\" data-element_type=\"widget\" data-e-type=\"widget\" data-widget_type=\"text-editor.default\">\n\t\t\t\t<div class=\"elementor-widget-container\">\n\t\t\t\t\t\t\t\t\t<h4>Menu gourmand \u00e0 3 plats<\/h4><p>Le soir, un menu gourmand de trois plats s\u00e9lectionn\u00e9s dans la cuisine de l&rsquo;H\u00f4tel Handeck vous attend. La cuisine cr\u00e9ative des champs, des for\u00eats et des prairies, de <strong>niveau GaultMillau<\/strong>, allie produits r\u00e9gionaux et art culinaire raffin\u00e9 pour compl\u00e9ter votre s\u00e9jour avec plaisir. <\/p>\t\t\t\t\t\t\t\t<\/div>\n\t\t\t\t<\/div>\n\t\t\t\t<div class=\"elementor-element elementor-element-f223cc9 elementor-widget elementor-widget-text-editor\" data-id=\"f223cc9\" data-element_type=\"widget\" data-e-type=\"widget\" data-widget_type=\"text-editor.default\">\n\t\t\t\t<div class=\"elementor-widget-container\">\n\t\t\t\t\t\t\t\t\t<div><h4>Dormir avec style<\/h4><p>Vous passerez la nuit dans une chambre confortable de la maison principale de l&rsquo;<strong>H\u00f4tel Handeck<\/strong>. Si vous le souhaitez, il est possible de passer la nuit dans une maison en pierre, moyennant un suppl\u00e9ment.  <\/p><\/div>\t\t\t\t\t\t\t\t<\/div>\n\t\t\t\t<\/div>\n\t\t\t\t<div class=\"elementor-element elementor-element-383800a elementor-widget elementor-widget-button\" data-id=\"383800a\" data-element_type=\"widget\" data-e-type=\"widget\" data-widget_type=\"button.default\">\n\t\t\t\t<div class=\"elementor-widget-container\">\n\t\t\t\t\t\t\t\t\t<div class=\"elementor-button-wrapper\">\n\t\t\t\t\t<a class=\"elementor-button elementor-button-link elementor-size-sm\" href=\"https:\/\/www.grimselwelt.ch\/fr\/hotels-du-grimsel\/hotel-handeck\/zimmer\/\">\n\t\t\t\t\t\t<span class=\"elementor-button-content-wrapper\">\n\t\t\t\t\t\t\t\t\t<span class=\"elementor-button-text\">Chambres \u00e0 l'H\u00f4tel Handeck<\/span>\n\t\t\t\t\t<\/span>\n\t\t\t\t\t<\/a>\n\t\t\t\t<\/div>\n\t\t\t\t\t\t\t\t<\/div>\n\t\t\t\t<\/div>\n\t\t\t\t<div class=\"elementor-element elementor-element-ca08279 elementor-widget elementor-widget-spacer\" data-id=\"ca08279\" data-element_type=\"widget\" data-e-type=\"widget\" data-widget_type=\"spacer.default\">\n\t\t\t\t<div class=\"elementor-widget-container\">\n\t\t\t\t\t\t\t<div class=\"elementor-spacer\">\n\t\t\t<div class=\"elementor-spacer-inner\"><\/div>\n\t\t<\/div>\n\t\t\t\t\t\t<\/div>\n\t\t\t\t<\/div>\n\t\t\t\t<div class=\"elementor-element elementor-element-75fdbfe elementor-widget elementor-widget-text-editor\" data-id=\"75fdbfe\" data-element_type=\"widget\" data-e-type=\"widget\" data-widget_type=\"text-editor.default\">\n\t\t\t\t<div class=\"elementor-widget-container\">\n\t\t\t\t\t\t\t\t\t<div>\n<h4>Riche buffet de petit-d\u00e9jeuner<\/h4>\n<p>Commencez une nouvelle journ\u00e9e avec plaisir en d\u00e9gustant un copieux petit d\u00e9jeuner buffet compos\u00e9 de produits r\u00e9gionaux.&nbsp;<\/p>\n<\/div>\t\t\t\t\t\t\t\t<\/div>\n\t\t\t\t<\/div>\n\t\t\t\t\t<\/div>\n\t\t<\/div>\n\t\t\t\t\t<\/div>\n\t\t<\/section>\n\t\t\t\t<section class=\"elementor-section elementor-top-section elementor-element elementor-element-209fd45 elementor-section-full_width elementor-section-stretched elementor-section-height-default elementor-section-height-default\" data-id=\"209fd45\" data-element_type=\"section\" data-e-type=\"section\" data-settings=\"{&quot;stretch_section&quot;:&quot;section-stretched&quot;,&quot;background_background&quot;:&quot;classic&quot;}\">\n\t\t\t\t\t\t<div class=\"elementor-container elementor-column-gap-default\">\n\t\t\t\t\t<div class=\"elementor-column elementor-col-100 elementor-top-column elementor-element elementor-element-a119160\" data-id=\"a119160\" data-element_type=\"column\" data-e-type=\"column\">\n\t\t\t<div class=\"elementor-widget-wrap elementor-element-populated\">\n\t\t\t\t\t\t<div class=\"elementor-element elementor-element-0f3e94f elementor-arrows-position-inside elementor-pagination-position-outside elementor-widget elementor-widget-image-carousel\" data-id=\"0f3e94f\" data-element_type=\"widget\" data-e-type=\"widget\" data-settings=\"{&quot;slides_to_show&quot;:&quot;1&quot;,&quot;navigation&quot;:&quot;both&quot;,&quot;autoplay&quot;:&quot;yes&quot;,&quot;pause_on_hover&quot;:&quot;yes&quot;,&quot;pause_on_interaction&quot;:&quot;yes&quot;,&quot;autoplay_speed&quot;:5000,&quot;infinite&quot;:&quot;yes&quot;,&quot;effect&quot;:&quot;slide&quot;,&quot;speed&quot;:500}\" data-widget_type=\"image-carousel.default\">\n\t\t\t\t<div class=\"elementor-widget-container\">\n\t\t\t\t\t\t\t<div class=\"elementor-image-carousel-wrapper swiper\" role=\"region\" aria-roledescription=\"carousel\" aria-label=\"Bild Karussell\" dir=\"ltr\">\n\t\t\t<div class=\"elementor-image-carousel swiper-wrapper\" aria-live=\"off\">\n\t\t\t\t\t\t\t\t<div class=\"swiper-slide\" role=\"group\" aria-roledescription=\"slide\" aria-label=\"1 sur 7\"><figure class=\"swiper-slide-inner\"><img decoding=\"async\" class=\"swiper-slide-image\" src=\"https:\/\/www.grimselwelt.ch\/media\/hotel-und-naturresort-handeck-aussenansicht-seite-1536x1025.jpg\" alt=\"H\u00f4tel et Resort Nature Handeck\" \/><\/figure><\/div><div class=\"swiper-slide\" role=\"group\" aria-roledescription=\"slide\" aria-label=\"2 sur 7\"><figure class=\"swiper-slide-inner\"><img decoding=\"async\" class=\"swiper-slide-image\" src=\"https:\/\/www.grimselwelt.ch\/media\/hotel-und-naturresort-handeck-aussenansicht-vorne-1536x1025.jpg\" alt=\"H\u00f4tel et Resort Nature Handeck Front\" \/><\/figure><\/div><div class=\"swiper-slide\" role=\"group\" aria-roledescription=\"slide\" aria-label=\"3 sur 7\"><figure class=\"swiper-slide-inner\"><img decoding=\"async\" class=\"swiper-slide-image\" src=\"https:\/\/www.grimselwelt.ch\/media\/besichtigung-kristallkluft-grimsel-undergrund-1536x1025.jpg\" alt=\"Visite de la grotte des cristaux Grimsel Undergrund\" \/><\/figure><\/div><div class=\"swiper-slide\" role=\"group\" aria-roledescription=\"slide\" aria-label=\"4 sur 7\"><figure class=\"swiper-slide-inner\"><img decoding=\"async\" class=\"swiper-slide-image\" src=\"https:\/\/www.grimselwelt.ch\/media\/kuechenchef-roman-crkon-hotel-handeck-1536x1025.jpg\" alt=\"Roman Crkon H\u00f4tel Handeck Chef cuisinier\" \/><\/figure><\/div><div class=\"swiper-slide\" role=\"group\" aria-roledescription=\"slide\" aria-label=\"5 sur 7\"><figure class=\"swiper-slide-inner\"><img decoding=\"async\" class=\"swiper-slide-image\" src=\"https:\/\/www.grimselwelt.ch\/media\/alpgarten-familie-bei-seeli-hotel-handeck-1536x1025.jpg\" alt=\"Alpgarten Famille pr\u00e8s de l&#039;\u00e9tang H\u00f4tel Handeck\" \/><\/figure><\/div><div class=\"swiper-slide\" role=\"group\" aria-roledescription=\"slide\" aria-label=\"6 sur 7\"><figure class=\"swiper-slide-inner\"><img decoding=\"async\" class=\"swiper-slide-image\" src=\"https:\/\/www.grimselwelt.ch\/media\/handeckfallbruecke-3.jpg\" alt=\"Passerelle de Handeck\" \/><\/figure><\/div><div class=\"swiper-slide\" role=\"group\" aria-roledescription=\"slide\" aria-label=\"7 sur 7\"><figure class=\"swiper-slide-inner\"><img decoding=\"async\" class=\"swiper-slide-image\" src=\"https:\/\/www.grimselwelt.ch\/media\/grimsel-2-kraftwerksfuehrung-1-1536x1025.jpg\" alt=\"Visite guid\u00e9e de la centrale du Grimsel 2\" \/><\/figure><\/div>\t\t\t<\/div>\n\t\t\t\t\t\t\t\t\t\t\t\t<div class=\"elementor-swiper-button elementor-swiper-button-prev\" role=\"button\" tabindex=\"0\">\n\t\t\t\t\t\t<i aria-hidden=\"true\" class=\"eicon-chevron-left\"><\/i>\t\t\t\t\t<\/div>\n\t\t\t\t\t<div class=\"elementor-swiper-button elementor-swiper-button-next\" role=\"button\" tabindex=\"0\">\n\t\t\t\t\t\t<i aria-hidden=\"true\" class=\"eicon-chevron-right\"><\/i>\t\t\t\t\t<\/div>\n\t\t\t\t\n\t\t\t\t\t\t\t\t\t<div class=\"swiper-pagination\"><\/div>\n\t\t\t\t\t\t\t\t\t<\/div>\n\t\t\t\t\t\t<\/div>\n\t\t\t\t<\/div>\n\t\t\t\t\t<\/div>\n\t\t<\/div>\n\t\t\t\t\t<\/div>\n\t\t<\/section>\n\t\t\t\t<\/div>\n\t\t","protected":false},"excerpt":{"rendered":"<p>Offre sp\u00e9ciale \u00e0 l&rsquo;H\u00f4tel Handeckvalable toute la saison, du dimanche au vendredi Tout d&rsquo;une seule main : vous r\u00e9servez le forfait - nous nous occupons du reste. R\u00e9jouissez-vous de deux journ\u00e9es r\u00e9ussies \u00e0 tous points de vue au c\u0153ur du [&hellip;]<\/p>\n","protected":false},"author":1,"featured_media":48022,"parent":45522,"menu_order":0,"comment_status":"closed","ping_status":"closed","template":"","meta":{"footnotes":""},"class_list":["post-48059","page","type-page","status-publish","has-post-thumbnail","hentry"],"_links":{"self":[{"href":"https:\/\/www.grimselwelt.ch\/fr\/wp-json\/wp\/v2\/pages\/48059","targetHints":{"allow":["GET"]}}],"collection":[{"href":"https:\/\/www.grimselwelt.ch\/fr\/wp-json\/wp\/v2\/pages"}],"about":[{"href":"https:\/\/www.grimselwelt.ch\/fr\/wp-json\/wp\/v2\/types\/page"}],"author":[{"embeddable":true,"href":"https:\/\/www.grimselwelt.ch\/fr\/wp-json\/wp\/v2\/users\/1"}],"replies":[{"embeddable":true,"href":"https:\/\/www.grimselwelt.ch\/fr\/wp-json\/wp\/v2\/comments?post=48059"}],"version-history":[{"count":13,"href":"https:\/\/www.grimselwelt.ch\/fr\/wp-json\/wp\/v2\/pages\/48059\/revisions"}],"predecessor-version":[{"id":48176,"href":"https:\/\/www.grimselwelt.ch\/fr\/wp-json\/wp\/v2\/pages\/48059\/revisions\/48176"}],"up":[{"embeddable":true,"href":"https:\/\/www.grimselwelt.ch\/fr\/wp-json\/wp\/v2\/pages\/45522"}],"wp:featuredmedia":[{"embeddable":true,"href":"https:\/\/www.grimselwelt.ch\/fr\/wp-json\/wp\/v2\/media\/48022"}],"wp:attachment":[{"href":"https:\/\/www.grimselwelt.ch\/fr\/wp-json\/wp\/v2\/media?parent=48059"}],"curies":[{"name":"wp","href":"https:\/\/api.w.org\/{rel}","templated":true}]}}