{"id":45923,"date":"2021-02-04T17:13:04","date_gmt":"2021-02-04T17:13:04","guid":{"rendered":"https:\/\/www.grimselwelt.ch\/excursions\/randonnee-jusqua-la-cabane-baechlitalhuette-et-retour\/"},"modified":"2026-01-29T15:10:21","modified_gmt":"2026-01-29T15:10:21","slug":"randonnee-jusqua-la-cabane-baechlitalhuette-et-retour","status":"publish","type":"page","link":"https:\/\/www.grimselwelt.ch\/fr\/experiences\/randonnee-jusqua-la-cabane-baechlitalhuette-et-retour\/","title":{"rendered":"Randonn\u00e9e jusqu&rsquo;\u00e0 la Cabane B\u00e4chlitalh\u00fctte et retour"},"content":{"rendered":"\t\t<div data-elementor-type=\"wp-page\" data-elementor-id=\"45923\" class=\"elementor elementor-45923 elementor-9341\" data-elementor-post-type=\"page\">\n\t\t\t\t\t\t<section class=\"elementor-section elementor-top-section elementor-element elementor-element-25a80dc elementor-section-full_width elementor-section-height-default elementor-section-height-default\" data-id=\"25a80dc\" data-element_type=\"section\" data-e-type=\"section\">\n\t\t\t\t\t\t<div class=\"elementor-container elementor-column-gap-default\">\n\t\t\t\t\t<div class=\"elementor-column elementor-col-100 elementor-top-column elementor-element elementor-element-67d60ee\" data-id=\"67d60ee\" data-element_type=\"column\" data-e-type=\"column\">\n\t\t\t<div class=\"elementor-widget-wrap elementor-element-populated\">\n\t\t\t\t\t\t<div class=\"elementor-element elementor-element-46a6cbc elementor-widget elementor-widget-spacer\" data-id=\"46a6cbc\" data-element_type=\"widget\" data-e-type=\"widget\" data-widget_type=\"spacer.default\">\n\t\t\t\t<div class=\"elementor-widget-container\">\n\t\t\t\t\t\t\t<div class=\"elementor-spacer\">\n\t\t\t<div class=\"elementor-spacer-inner\"><\/div>\n\t\t<\/div>\n\t\t\t\t\t\t<\/div>\n\t\t\t\t<\/div>\n\t\t\t\t\t<\/div>\n\t\t<\/div>\n\t\t\t\t\t<\/div>\n\t\t<\/section>\n\t\t\t\t<section class=\"elementor-section elementor-top-section elementor-element elementor-element-77b7e1ba elementor-section-boxed elementor-section-height-default elementor-section-height-default\" data-id=\"77b7e1ba\" data-element_type=\"section\" data-e-type=\"section\">\n\t\t\t\t\t\t<div class=\"elementor-container elementor-column-gap-default\">\n\t\t\t\t\t<div class=\"elementor-column elementor-col-100 elementor-top-column elementor-element elementor-element-53ab4349\" data-id=\"53ab4349\" data-element_type=\"column\" data-e-type=\"column\">\n\t\t\t<div class=\"elementor-widget-wrap elementor-element-populated\">\n\t\t\t\t\t\t<div class=\"elementor-element elementor-element-0dd287d elementor-widget elementor-widget-html\" data-id=\"0dd287d\" data-element_type=\"widget\" data-e-type=\"widget\" data-widget_type=\"html.default\">\n\t\t\t\t<div class=\"elementor-widget-container\">\n\t\t\t\t\t<i class=\"fa fa-info\" aria-hidden=\"true\"><\/i>&nbsp;MOYENNE | \n<i class=\"far fa-clock -alt\" aria-hidden=\"true\"><\/i> 2 h 30 min | \n<i class=\"fa fa-long-arrow-right\" aria-hidden=\"true\"><\/i> 4.3 km | \n<i class=\"fa fa-arrow-up\" aria-hidden=\"true\"><\/i> 689 m | \n<i class=\"fa fa-arrow-down\" aria-hidden=\"true\"><\/i> 689 m\t\t\t\t<\/div>\n\t\t\t\t<\/div>\n\t\t\t\t<div class=\"elementor-element elementor-element-77be21d3 elementor-widget elementor-widget-text-editor\" data-id=\"77be21d3\" data-element_type=\"widget\" data-e-type=\"widget\" data-widget_type=\"text-editor.default\">\n\t\t\t\t<div class=\"elementor-widget-container\">\n\t\t\t\t\t\t\t\t\t<p>La randonn\u00e9e jusqu&rsquo;\u00e0 la Cabane B\u00e4chlitalh\u00fctte est une magnifique promenade en montagne. D\u00e9couvrez l&rsquo;isolement d&rsquo;une vall\u00e9e de montagne ancestrale et d&rsquo;un paysage alluvial d&rsquo;importance nationale. Le chemin monte abruptement jusqu&rsquo;\u00e0 la plaine du B\u00e4chlisboden en passant par le barrage de R\u00e4terichsboden. Une courte et derni\u00e8re mont\u00e9e m\u00e8ne \u00e0 la <a href=\"http:\/\/www.baechlitalhuette.ch\/\" target=\"_blank\" rel=\"nofollow noopener\">Cabane B\u00e4chlitalh\u00fctte<\/a>. En plus d&rsquo;un jardin d&rsquo;escalade, il y a aussi un petit lac de montagne idyllique.      <\/p>\t\t\t\t\t\t\t\t<\/div>\n\t\t\t\t<\/div>\n\t\t\t\t\t<\/div>\n\t\t<\/div>\n\t\t\t\t\t<\/div>\n\t\t<\/section>\n\t\t\t\t<section class=\"elementor-section elementor-top-section elementor-element elementor-element-e623028 elementor-section-boxed elementor-section-height-default elementor-section-height-default\" data-id=\"e623028\" data-element_type=\"section\" data-e-type=\"section\">\n\t\t\t\t\t\t<div class=\"elementor-container elementor-column-gap-default\">\n\t\t\t\t\t<div class=\"elementor-column elementor-col-100 elementor-top-column elementor-element elementor-element-daab6f5\" data-id=\"daab6f5\" data-element_type=\"column\" data-e-type=\"column\">\n\t\t\t<div class=\"elementor-widget-wrap elementor-element-populated\">\n\t\t\t\t\t\t<div class=\"elementor-element elementor-element-ab8d7d2 elementor-widget elementor-widget-html\" data-id=\"ab8d7d2\" data-element_type=\"widget\" data-e-type=\"widget\" data-widget_type=\"html.default\">\n\t\t\t\t<div class=\"elementor-widget-container\">\n\t\t\t\t\t<iframe src=\"https:\/\/map.schweizmobil.ch\/?embed&amp;bgLayer=pk&amp;lang=de&amp;logo=no&amp;photos=noE=2666444&amp;N=1160071&amp;trackId=455674589\" frameborder=\"0\" height=\"600\" width=\"100%\">\n<\/iframe>\n\t\t\t\t<\/div>\n\t\t\t\t<\/div>\n\t\t\t\t\t<\/div>\n\t\t<\/div>\n\t\t\t\t\t<\/div>\n\t\t<\/section>\n\t\t\t\t<section class=\"elementor-section elementor-top-section elementor-element elementor-element-3422e201 elementor-section-boxed elementor-section-height-default elementor-section-height-default\" data-id=\"3422e201\" data-element_type=\"section\" data-e-type=\"section\">\n\t\t\t\t\t\t<div class=\"elementor-container elementor-column-gap-default\">\n\t\t\t\t\t<div class=\"elementor-column elementor-col-100 elementor-top-column elementor-element elementor-element-6d54fafc\" data-id=\"6d54fafc\" data-element_type=\"column\" data-e-type=\"column\">\n\t\t\t<div class=\"elementor-widget-wrap elementor-element-populated\">\n\t\t\t\t\t\t<div class=\"elementor-element elementor-element-20029698 elementor-widget elementor-widget-heading\" data-id=\"20029698\" data-element_type=\"widget\" data-e-type=\"widget\" data-widget_type=\"heading.default\">\n\t\t\t\t<div class=\"elementor-widget-container\">\n\t\t\t\t\t<h3 class=\"elementor-heading-title elementor-size-default\">Temps de marche<\/h3>\t\t\t\t<\/div>\n\t\t\t\t<\/div>\n\t\t\t\t<div class=\"elementor-element elementor-element-42a4515c elementor-widget elementor-widget-text-editor\" data-id=\"42a4515c\" data-element_type=\"widget\" data-e-type=\"widget\" data-widget_type=\"text-editor.default\">\n\t\t\t\t<div class=\"elementor-widget-container\">\n\t\t\t\t\t\t\t\t\t<p>2 h 30 min<\/p>\t\t\t\t\t\t\t\t<\/div>\n\t\t\t\t<\/div>\n\t\t\t\t<div class=\"elementor-element elementor-element-bc13edf elementor-widget elementor-widget-heading\" data-id=\"bc13edf\" data-element_type=\"widget\" data-e-type=\"widget\" data-widget_type=\"heading.default\">\n\t\t\t\t<div class=\"elementor-widget-container\">\n\t\t\t\t\t<h3 class=\"elementor-heading-title elementor-size-default\">Point de d\u00e9part<\/h3>\t\t\t\t<\/div>\n\t\t\t\t<\/div>\n\t\t\t\t<div class=\"elementor-element elementor-element-1da4071 elementor-widget elementor-widget-text-editor\" data-id=\"1da4071\" data-element_type=\"widget\" data-e-type=\"widget\" data-widget_type=\"text-editor.default\">\n\t\t\t\t<div class=\"elementor-widget-container\">\n\t\t\t\t\t\t\t\t\t<p>Barrage de R\u00e4terichsboden<\/p>\t\t\t\t\t\t\t\t<\/div>\n\t\t\t\t<\/div>\n\t\t\t\t<div class=\"elementor-element elementor-element-7a67db4 elementor-widget elementor-widget-heading\" data-id=\"7a67db4\" data-element_type=\"widget\" data-e-type=\"widget\" data-widget_type=\"heading.default\">\n\t\t\t\t<div class=\"elementor-widget-container\">\n\t\t\t\t\t<h3 class=\"elementor-heading-title elementor-size-default\">Point final<\/h3>\t\t\t\t<\/div>\n\t\t\t\t<\/div>\n\t\t\t\t<div class=\"elementor-element elementor-element-c1b3021 elementor-widget elementor-widget-text-editor\" data-id=\"c1b3021\" data-element_type=\"widget\" data-e-type=\"widget\" data-widget_type=\"text-editor.default\">\n\t\t\t\t<div class=\"elementor-widget-container\">\n\t\t\t\t\t\t\t\t\t<p><span style=\"letter-spacing: 1.05px;\">Barrage de R\u00e4terichsboden<\/span><\/p>\t\t\t\t\t\t\t\t<\/div>\n\t\t\t\t<\/div>\n\t\t\t\t<div class=\"elementor-element elementor-element-1dc0111 elementor-widget elementor-widget-heading\" data-id=\"1dc0111\" data-element_type=\"widget\" data-e-type=\"widget\" data-widget_type=\"heading.default\">\n\t\t\t\t<div class=\"elementor-widget-container\">\n\t\t\t\t\t<h3 class=\"elementor-heading-title elementor-size-default\">Car postal<\/h3>\t\t\t\t<\/div>\n\t\t\t\t<\/div>\n\t\t\t\t<div class=\"elementor-element elementor-element-b16c390 elementor-widget elementor-widget-text-editor\" data-id=\"b16c390\" data-element_type=\"widget\" data-e-type=\"widget\" data-widget_type=\"text-editor.default\">\n\t\t\t\t<div class=\"elementor-widget-container\">\n\t\t\t\t\t\t\t\t\t<p><a href=\"https:\/\/www.sbb.ch\/de\/fahrplan.html\" target=\"_blank\" rel=\"noopener\">Arr\u00eat CarPostal Guttannen, Gerstenegg<\/a><\/p>\t\t\t\t\t\t\t\t<\/div>\n\t\t\t\t<\/div>\n\t\t\t\t<div class=\"elementor-element elementor-element-5cb8909 elementor-widget elementor-widget-heading\" data-id=\"5cb8909\" data-element_type=\"widget\" data-e-type=\"widget\" data-widget_type=\"heading.default\">\n\t\t\t\t<div class=\"elementor-widget-container\">\n\t\t\t\t\t<h3 class=\"elementor-heading-title elementor-size-default\">Suggestion d'h\u00e9bergement<\/h3>\t\t\t\t<\/div>\n\t\t\t\t<\/div>\n\t\t\t\t<div class=\"elementor-element elementor-element-8fb478f elementor-widget elementor-widget-text-editor\" data-id=\"8fb478f\" data-element_type=\"widget\" data-e-type=\"widget\" data-widget_type=\"text-editor.default\">\n\t\t\t\t<div class=\"elementor-widget-container\">\n\t\t\t\t\t\t\t\t\t<a href=\"https:\/\/sac-albis.ch\/huetten\/baechlitalhuette\/\" target=\"_blank\" rel=\"nofollow noopener\">Cabane B\u00e4chlitalh\u00fctte CAS<\/a>\t\t\t\t\t\t\t\t<\/div>\n\t\t\t\t<\/div>\n\t\t\t\t\t<\/div>\n\t\t<\/div>\n\t\t\t\t\t<\/div>\n\t\t<\/section>\n\t\t\t\t<section class=\"elementor-section elementor-top-section elementor-element elementor-element-49626ff0 elementor-section-stretched elementor-section-boxed elementor-section-height-default elementor-section-height-default\" data-id=\"49626ff0\" data-element_type=\"section\" data-e-type=\"section\" data-settings=\"{&quot;stretch_section&quot;:&quot;section-stretched&quot;,&quot;background_background&quot;:&quot;classic&quot;}\">\n\t\t\t\t\t\t\t<div class=\"elementor-background-overlay\"><\/div>\n\t\t\t\t\t\t\t<div class=\"elementor-container elementor-column-gap-default\">\n\t\t\t\t\t<div class=\"elementor-column elementor-col-100 elementor-top-column elementor-element elementor-element-4d3b0340\" data-id=\"4d3b0340\" data-element_type=\"column\" data-e-type=\"column\">\n\t\t\t<div class=\"elementor-widget-wrap elementor-element-populated\">\n\t\t\t\t\t\t<div class=\"elementor-element elementor-element-335f5c96 elementor-widget elementor-widget-heading\" data-id=\"335f5c96\" data-element_type=\"widget\" data-e-type=\"widget\" data-widget_type=\"heading.default\">\n\t\t\t\t<div class=\"elementor-widget-container\">\n\t\t\t\t\t<h3 class=\"elementor-heading-title elementor-size-default\">Degr\u00e9 de difficult\u00e9 selon le CAS<\/h3>\t\t\t\t<\/div>\n\t\t\t\t<\/div>\n\t\t\t\t<div class=\"elementor-element elementor-element-30a20ec elementor-widget elementor-widget-shortcode\" data-id=\"30a20ec\" data-element_type=\"widget\" data-e-type=\"widget\" data-widget_type=\"shortcode.default\">\n\t\t\t\t<div class=\"elementor-widget-container\">\n\t\t\t\t\t\t\t<div class=\"elementor-shortcode\"><div class=\"wptb-container-legacy\" data-table-id=\"8483\">\n    <table class=\"wptb-preview-table wptb-element-main-table_setting-startedid-0\" data-reconstraction=\"1\" style=\"border: 1px solid rgb(209, 209, 209);\" data-wptb-table-tds-sum-max-width=\"394\" data-wptb-cells-width-auto-count=\"3\" role=\"table\" data-wptb-responsive-directives=\"eyJyZXNwb25zaXZlRW5hYmxlZCI6dHJ1ZSwicmVzcG9uc2l2ZU1vZGUiOiJhdXRvIiwicHJlc2VydmVSb3dDb2xvciI6ZmFsc2UsInJlbGF0aXZlV2lkdGgiOiJ3aW5kb3ciLCJoZWFkZXJGdWxseU1lcmdlZCI6ZmFsc2UsIm1vZGVPcHRpb25zIjp7ImF1dG8iOnsidG9wUm93QXNIZWFkZXIiOnsiZGVza3RvcCI6ZmFsc2UsInRhYmxldCI6ZmFsc2UsIm1vYmlsZSI6dHJ1ZX0sInJlcGVhdE1lcmdlZEhlYWRlciI6eyJkZXNrdG9wIjp0cnVlLCJ0YWJsZXQiOnRydWUsIm1vYmlsZSI6dHJ1ZX0sInN0YXRpY1RvcFJvdyI6eyJkZXNrdG9wIjpmYWxzZSwidGFibGV0IjpmYWxzZSwibW9iaWxlIjpmYWxzZX0sImNlbGxTdGFja0RpcmVjdGlvbiI6eyJkZXNrdG9wIjoicm93IiwidGFibGV0Ijoicm93IiwibW9iaWxlIjoicm93In0sImNlbGxzUGVyUm93Ijp7ImRlc2t0b3AiOjEsInRhYmxldCI6MSwibW9iaWxlIjoxfX19LCJicmVha3BvaW50cyI6eyJkZXNrdG9wIjp7Im5hbWUiOiJkZXNrdG9wIiwid2lkdGgiOjEwMjR9LCJ0YWJsZXQiOnsibmFtZSI6InRhYmxldCIsIndpZHRoIjo3MDB9LCJtb2JpbGUiOnsibmFtZSI6Im1vYmlsZSIsIndpZHRoIjozMDB9fX0=\" data-wptb-adaptive-table=\"0\" data-table-columns=\"3\"><tbody><tr class=\"wptb-row\" data-wptb-bg-color=\"\"><td class=\"wptb-cell\" data-y-index=\"0\" data-x-index=\"0\" style=\"border: 1px solid rgb(209, 209, 209);\" data-wptb-css-td-auto-width=\"true\" data-sorted-vertical=\"ask-disabled\" data-sorted-horizontal=\"ask-disabled\"><div class=\"wptb-text-container wptb-ph-element wptb-element-text-1\"><div class=\"\" style=\"position: relative;\"><p><strong>Grad<\/strong><\/p><\/div><\/div><\/td><td class=\"wptb-cell\" data-y-index=\"0\" data-x-index=\"1\" style=\"border: 1px solid rgb(209, 209, 209);\" data-wptb-css-td-auto-width=\"true\" data-sorted-vertical=\"ask-disabled\"><div class=\"wptb-text-container wptb-ph-element wptb-element-text-1\"><div class=\"\" style=\"position: relative;\"><p><strong>Weg\/Gel\u00e4nde<\/strong><\/p><\/div><\/div><\/td><td class=\"wptb-cell\" data-y-index=\"0\" data-x-index=\"2\" style=\"border: 1px solid rgb(209, 209, 209);\" data-wptb-css-td-auto-width=\"true\" data-sorted-vertical=\"ask-disabled\"><div class=\"wptb-text-container wptb-ph-element wptb-element-text-1\"><div class=\"\" style=\"position: relative;\"><p><strong>Anforderungen<\/strong><\/p><\/div><\/div><\/td><\/tr><tr class=\"wptb-row\" data-wptb-bg-color=\"\"><td class=\"wptb-cell\" data-y-index=\"1\" data-x-index=\"0\" style=\"border: 1px solid rgb(209, 209, 209);\" data-wptb-css-td-auto-width=\"true\" data-sorted-horizontal=\"ask-disabled\"><div class=\"wptb-text-container wptb-ph-element wptb-element-text-1\"><div class=\"\" style=\"position: relative;\"><p>T3, anspruchsvolles Bergwandern (weiss-rot-weiss)<\/p><\/div><\/div><\/td><td class=\"wptb-cell\" data-y-index=\"1\" data-x-index=\"1\" style=\"border: 1px solid rgb(209, 209, 209);\" data-wptb-css-td-auto-width=\"true\"><div class=\"wptb-text-container wptb-ph-element wptb-element-text-1\"><div class=\"\" style=\"position: relative;\"><p>Weg am Boden nicht unbedingt durchgehend sichtbar. Ausgesetzte Stellen k\u00f6nnen mit Seilen oder Ketten gesichert sein. Eventuell braucht man die H\u00e4nde f\u00fcrs Gleichgewicht. Zum Teil exponierte Stellen mit Absturzgefahr, Ger\u00f6llfl\u00e4chen, weglose Schrofen.<\/p><\/div><\/div><\/td><td class=\"wptb-cell\" data-y-index=\"1\" data-x-index=\"2\" style=\"border: 1px solid rgb(209, 209, 209);\" data-wptb-css-td-auto-width=\"true\"><div class=\"wptb-text-container wptb-ph-element wptb-element-text-1\"><div class=\"\" style=\"position: relative;\"><p>Gute Trittsicherheit. Gute Trekkingschuhe. Durchschnittliches Orientierungsverm\u00f6gen. Elementare alpine Erfahrung.<\/p><\/div><\/div><\/td><\/tr><\/tbody><\/table>\n<\/div>\n<\/div>\n\t\t\t\t\t\t<\/div>\n\t\t\t\t<\/div>\n\t\t\t\t\t<\/div>\n\t\t<\/div>\n\t\t\t\t\t<\/div>\n\t\t<\/section>\n\t\t\t\t<\/div>\n\t\t","protected":false},"excerpt":{"rendered":"<p>&nbsp;MOYENNE | 2 h 30 min | 4.3 km | 689 m | 689 m La randonn\u00e9e jusqu&rsquo;\u00e0 la Cabane B\u00e4chlitalh\u00fctte est une magnifique promenade en montagne. D\u00e9couvrez l&rsquo;isolement d&rsquo;une vall\u00e9e de montagne ancestrale et d&rsquo;un paysage alluvial d&rsquo;importance nationale. [&hellip;]<\/p>\n","protected":false},"author":4,"featured_media":0,"parent":45386,"menu_order":0,"comment_status":"closed","ping_status":"closed","template":"","meta":{"footnotes":""},"class_list":["post-45923","page","type-page","status-publish","hentry"],"_links":{"self":[{"href":"https:\/\/www.grimselwelt.ch\/fr\/wp-json\/wp\/v2\/pages\/45923","targetHints":{"allow":["GET"]}}],"collection":[{"href":"https:\/\/www.grimselwelt.ch\/fr\/wp-json\/wp\/v2\/pages"}],"about":[{"href":"https:\/\/www.grimselwelt.ch\/fr\/wp-json\/wp\/v2\/types\/page"}],"author":[{"embeddable":true,"href":"https:\/\/www.grimselwelt.ch\/fr\/wp-json\/wp\/v2\/users\/4"}],"replies":[{"embeddable":true,"href":"https:\/\/www.grimselwelt.ch\/fr\/wp-json\/wp\/v2\/comments?post=45923"}],"version-history":[{"count":1,"href":"https:\/\/www.grimselwelt.ch\/fr\/wp-json\/wp\/v2\/pages\/45923\/revisions"}],"predecessor-version":[{"id":45929,"href":"https:\/\/www.grimselwelt.ch\/fr\/wp-json\/wp\/v2\/pages\/45923\/revisions\/45929"}],"up":[{"embeddable":true,"href":"https:\/\/www.grimselwelt.ch\/fr\/wp-json\/wp\/v2\/pages\/45386"}],"wp:attachment":[{"href":"https:\/\/www.grimselwelt.ch\/fr\/wp-json\/wp\/v2\/media?parent=45923"}],"curies":[{"name":"wp","href":"https:\/\/api.w.org\/{rel}","templated":true}]}}