{"id":45913,"date":"2021-02-04T17:32:45","date_gmt":"2021-02-04T17:32:45","guid":{"rendered":"https:\/\/www.grimselwelt.ch\/excursions\/sentier-muletier-de-saemi-sentier-thematique\/"},"modified":"2026-01-29T15:10:21","modified_gmt":"2026-01-29T15:10:21","slug":"sentier-muletier-de-saemi-sentier-thematique","status":"publish","type":"page","link":"https:\/\/www.grimselwelt.ch\/fr\/experiences\/sentier-muletier-de-saemi-sentier-thematique\/","title":{"rendered":"Sentier muletier de S\u00e4mi - Sentier th\u00e9matique"},"content":{"rendered":"\t\t<div data-elementor-type=\"wp-page\" data-elementor-id=\"45913\" class=\"elementor elementor-45913 elementor-9362\" data-elementor-post-type=\"page\">\n\t\t\t\t\t\t<section class=\"elementor-section elementor-top-section elementor-element elementor-element-25a80dc elementor-section-full_width elementor-section-height-default elementor-section-height-default\" data-id=\"25a80dc\" data-element_type=\"section\" data-e-type=\"section\">\n\t\t\t\t\t\t<div class=\"elementor-container elementor-column-gap-default\">\n\t\t\t\t\t<div class=\"elementor-column elementor-col-100 elementor-top-column elementor-element elementor-element-67d60ee\" data-id=\"67d60ee\" data-element_type=\"column\" data-e-type=\"column\">\n\t\t\t<div class=\"elementor-widget-wrap elementor-element-populated\">\n\t\t\t\t\t\t<div class=\"elementor-element elementor-element-46a6cbc elementor-widget elementor-widget-spacer\" data-id=\"46a6cbc\" data-element_type=\"widget\" data-e-type=\"widget\" data-widget_type=\"spacer.default\">\n\t\t\t\t<div class=\"elementor-widget-container\">\n\t\t\t\t\t\t\t<div class=\"elementor-spacer\">\n\t\t\t<div class=\"elementor-spacer-inner\"><\/div>\n\t\t<\/div>\n\t\t\t\t\t\t<\/div>\n\t\t\t\t<\/div>\n\t\t\t\t\t<\/div>\n\t\t<\/div>\n\t\t\t\t\t<\/div>\n\t\t<\/section>\n\t\t\t\t<section class=\"elementor-section elementor-top-section elementor-element elementor-element-77b7e1ba elementor-section-boxed elementor-section-height-default elementor-section-height-default\" data-id=\"77b7e1ba\" data-element_type=\"section\" data-e-type=\"section\">\n\t\t\t\t\t\t<div class=\"elementor-container elementor-column-gap-default\">\n\t\t\t\t\t<div class=\"elementor-column elementor-col-100 elementor-top-column elementor-element elementor-element-53ab4349\" data-id=\"53ab4349\" data-element_type=\"column\" data-e-type=\"column\">\n\t\t\t<div class=\"elementor-widget-wrap elementor-element-populated\">\n\t\t\t\t\t\t<div class=\"elementor-element elementor-element-0dd287d elementor-widget elementor-widget-html\" data-id=\"0dd287d\" data-element_type=\"widget\" data-e-type=\"widget\" data-widget_type=\"html.default\">\n\t\t\t\t<div class=\"elementor-widget-container\">\n\t\t\t\t\t<i class=\"fa fa-info\" aria-hidden=\"true\"><\/i>&nbsp;FACILE | \n<i class=\"far fa-clock -alt\" aria-hidden=\"true\"><\/i> 2 h 30 min | \n<i class=\"fa fa-long-arrow-right\" aria-hidden=\"true\"><\/i> 4.3 km | \n<i class=\"fa fa-arrow-up\" aria-hidden=\"true\"><\/i> 165 m | \n<i class=\"fa fa-arrow-down\" aria-hidden=\"true\"><\/i> 165 m\t\t\t\t<\/div>\n\t\t\t\t<\/div>\n\t\t\t\t<div class=\"elementor-element elementor-element-77be21d3 elementor-widget elementor-widget-text-editor\" data-id=\"77be21d3\" data-element_type=\"widget\" data-e-type=\"widget\" data-widget_type=\"text-editor.default\">\n\t\t\t\t<div class=\"elementor-widget-container\">\n\t\t\t\t\t\t\t\t\t<p>Suivez les traces de S\u00e4mi, le muletier, sur ce sentier th\u00e9matique. Explorez Innertkirchen dans le magnifique Oberland bernois. Au cours de 20 \u00e9tapes, vous pourrez r\u00e9pondre \u00e0 des questions et apprendre des choses int\u00e9ressantes \u00e0 l&rsquo;aide des r\u00e9ponses propos\u00e9es sur le d\u00e9pliant disponible au Tourist Center Grimseltor. En chemin, des foyers vous invitent \u00e0 faire une pause agr\u00e9able.  <\/p>\t\t\t\t\t\t\t\t<\/div>\n\t\t\t\t<\/div>\n\t\t\t\t\t<\/div>\n\t\t<\/div>\n\t\t\t\t\t<\/div>\n\t\t<\/section>\n\t\t\t\t<section class=\"elementor-section elementor-top-section elementor-element elementor-element-3422e201 elementor-section-boxed elementor-section-height-default elementor-section-height-default\" data-id=\"3422e201\" data-element_type=\"section\" data-e-type=\"section\">\n\t\t\t\t\t\t<div class=\"elementor-container elementor-column-gap-default\">\n\t\t\t\t\t<div class=\"elementor-column elementor-col-100 elementor-top-column elementor-element elementor-element-6d54fafc\" data-id=\"6d54fafc\" data-element_type=\"column\" data-e-type=\"column\">\n\t\t\t<div class=\"elementor-widget-wrap elementor-element-populated\">\n\t\t\t\t\t\t<div class=\"elementor-element elementor-element-20029698 elementor-widget elementor-widget-heading\" data-id=\"20029698\" data-element_type=\"widget\" data-e-type=\"widget\" data-widget_type=\"heading.default\">\n\t\t\t\t<div class=\"elementor-widget-container\">\n\t\t\t\t\t<h3 class=\"elementor-heading-title elementor-size-default\">Temps de marche<\/h3>\t\t\t\t<\/div>\n\t\t\t\t<\/div>\n\t\t\t\t<div class=\"elementor-element elementor-element-42a4515c elementor-widget elementor-widget-text-editor\" data-id=\"42a4515c\" data-element_type=\"widget\" data-e-type=\"widget\" data-widget_type=\"text-editor.default\">\n\t\t\t\t<div class=\"elementor-widget-container\">\n\t\t\t\t\t\t\t\t\t<p>2 h 30 min<\/p>\t\t\t\t\t\t\t\t<\/div>\n\t\t\t\t<\/div>\n\t\t\t\t<div class=\"elementor-element elementor-element-bc13edf elementor-widget elementor-widget-heading\" data-id=\"bc13edf\" data-element_type=\"widget\" data-e-type=\"widget\" data-widget_type=\"heading.default\">\n\t\t\t\t<div class=\"elementor-widget-container\">\n\t\t\t\t\t<h3 class=\"elementor-heading-title elementor-size-default\">Point de d\u00e9part<\/h3>\t\t\t\t<\/div>\n\t\t\t\t<\/div>\n\t\t\t\t<div class=\"elementor-element elementor-element-1da4071 elementor-widget elementor-widget-text-editor\" data-id=\"1da4071\" data-element_type=\"widget\" data-e-type=\"widget\" data-widget_type=\"text-editor.default\">\n\t\t\t\t<div class=\"elementor-widget-container\">\n\t\t\t\t\t\t\t\t\t<p><a href=\"https:\/\/www.grimseltor.ch\/tourist-center\/\" target=\"_blank\" rel=\"noopener\">Tourist Center Grimseltor, Innertkirchen<\/a><\/p>\t\t\t\t\t\t\t\t<\/div>\n\t\t\t\t<\/div>\n\t\t\t\t<div class=\"elementor-element elementor-element-7a67db4 elementor-widget elementor-widget-heading\" data-id=\"7a67db4\" data-element_type=\"widget\" data-e-type=\"widget\" data-widget_type=\"heading.default\">\n\t\t\t\t<div class=\"elementor-widget-container\">\n\t\t\t\t\t<h3 class=\"elementor-heading-title elementor-size-default\">Point final<\/h3>\t\t\t\t<\/div>\n\t\t\t\t<\/div>\n\t\t\t\t<div class=\"elementor-element elementor-element-c1b3021 elementor-widget elementor-widget-text-editor\" data-id=\"c1b3021\" data-element_type=\"widget\" data-e-type=\"widget\" data-widget_type=\"text-editor.default\">\n\t\t\t\t<div class=\"elementor-widget-container\">\n\t\t\t\t\t\t\t\t\t<p><a href=\"https:\/\/www.grimseltor.ch\/tourist-center\/\" target=\"_blank\" rel=\"noopener\">Tourist Center Grimseltor, Innertkirchen<\/a><\/p>\t\t\t\t\t\t\t\t<\/div>\n\t\t\t\t<\/div>\n\t\t\t\t<div class=\"elementor-element elementor-element-1dc0111 elementor-widget elementor-widget-heading\" data-id=\"1dc0111\" data-element_type=\"widget\" data-e-type=\"widget\" data-widget_type=\"heading.default\">\n\t\t\t\t<div class=\"elementor-widget-container\">\n\t\t\t\t\t<h3 class=\"elementor-heading-title elementor-size-default\">Car postal<\/h3>\t\t\t\t<\/div>\n\t\t\t\t<\/div>\n\t\t\t\t<div class=\"elementor-element elementor-element-b16c390 elementor-widget elementor-widget-text-editor\" data-id=\"b16c390\" data-element_type=\"widget\" data-e-type=\"widget\" data-widget_type=\"text-editor.default\">\n\t\t\t\t<div class=\"elementor-widget-container\">\n\t\t\t\t\t\t\t\t\tL&rsquo;arr\u00eat Grimseltor est accessible en car postal ou avec le Meiringen-Innertkirchen-Bahn (MIB).\t\t\t\t\t\t\t\t<\/div>\n\t\t\t\t<\/div>\n\t\t\t\t<div class=\"elementor-element elementor-element-5cb8909 elementor-widget elementor-widget-heading\" data-id=\"5cb8909\" data-element_type=\"widget\" data-e-type=\"widget\" data-widget_type=\"heading.default\">\n\t\t\t\t<div class=\"elementor-widget-container\">\n\t\t\t\t\t<h3 class=\"elementor-heading-title elementor-size-default\">Suggestion d'h\u00e9bergement<\/h3>\t\t\t\t<\/div>\n\t\t\t\t<\/div>\n\t\t\t\t<div class=\"elementor-element elementor-element-8fb478f elementor-widget elementor-widget-text-editor\" data-id=\"8fb478f\" data-element_type=\"widget\" data-e-type=\"widget\" data-widget_type=\"text-editor.default\">\n\t\t\t\t<div class=\"elementor-widget-container\">\n\t\t\t\t\t\t\t\t\t<p><a href=\"http:\/\/landgasthof-taennler.ch\/\" target=\"_blank\" rel=\"noopener\">Auberge de campagne T\u00e4nnler, Wyler<\/a><\/p><p><a href=\"http:\/\/www.hotel-hof-post.ch\/\" target=\"_blank\" rel=\"noopener\">Restaurant Hof und Post, Innertkirchen<\/a><\/p>\t\t\t\t\t\t\t\t<\/div>\n\t\t\t\t<\/div>\n\t\t\t\t\t<\/div>\n\t\t<\/div>\n\t\t\t\t\t<\/div>\n\t\t<\/section>\n\t\t\t\t<section class=\"elementor-section elementor-top-section elementor-element elementor-element-49626ff0 elementor-section-stretched elementor-section-boxed elementor-section-height-default elementor-section-height-default\" data-id=\"49626ff0\" data-element_type=\"section\" data-e-type=\"section\" data-settings=\"{&quot;stretch_section&quot;:&quot;section-stretched&quot;,&quot;background_background&quot;:&quot;classic&quot;}\">\n\t\t\t\t\t\t\t<div class=\"elementor-background-overlay\"><\/div>\n\t\t\t\t\t\t\t<div class=\"elementor-container elementor-column-gap-default\">\n\t\t\t\t\t<div class=\"elementor-column elementor-col-100 elementor-top-column elementor-element elementor-element-4d3b0340\" data-id=\"4d3b0340\" data-element_type=\"column\" data-e-type=\"column\">\n\t\t\t<div class=\"elementor-widget-wrap elementor-element-populated\">\n\t\t\t\t\t\t<div class=\"elementor-element elementor-element-335f5c96 elementor-widget elementor-widget-heading\" data-id=\"335f5c96\" data-element_type=\"widget\" data-e-type=\"widget\" data-widget_type=\"heading.default\">\n\t\t\t\t<div class=\"elementor-widget-container\">\n\t\t\t\t\t<h3 class=\"elementor-heading-title elementor-size-default\">Degr\u00e9 de difficult\u00e9 selon le CAS<\/h3>\t\t\t\t<\/div>\n\t\t\t\t<\/div>\n\t\t\t\t<div class=\"elementor-element elementor-element-30a20ec elementor-widget elementor-widget-shortcode\" data-id=\"30a20ec\" data-element_type=\"widget\" data-e-type=\"widget\" data-widget_type=\"shortcode.default\">\n\t\t\t\t<div class=\"elementor-widget-container\">\n\t\t\t\t\t\t\t<div class=\"elementor-shortcode\"><div class=\"wptb-container-legacy\" data-table-id=\"9244\">\n    <table class=\"wptb-preview-table wptb-element-main-table_setting-9244 edit-active\" data-reconstraction=\"1\" style=\"border: 1px solid rgb(209, 209, 209);\" data-wptb-table-tds-sum-max-width=\"394\" data-wptb-cells-width-auto-count=\"3\" role=\"table\" data-table-columns=\"3\"><tbody><tr class=\"wptb-row\" data-wptb-bg-color=\"\"><td class=\"wptb-cell\" data-y-index=\"0\" data-x-index=\"0\" style=\"border: 1px solid rgb(209, 209, 209);\" data-wptb-css-td-auto-width=\"true\"><div class=\"wptb-text-container wptb-ph-element wptb-element-text-1\"><div class=\"\" style=\"position: relative;\"><p><strong>Grad<\/strong><\/p><\/div><\/div><\/td><td class=\"wptb-cell\" data-y-index=\"0\" data-x-index=\"1\" style=\"border: 1px solid rgb(209, 209, 209);\" data-wptb-css-td-auto-width=\"true\"><div class=\"wptb-text-container wptb-ph-element wptb-element-text-1\"><div class=\"\" style=\"position: relative;\"><p><strong>Weg\/Gel\u00e4nde<\/strong><\/p><\/div><\/div><\/td><td class=\"wptb-cell\" data-y-index=\"0\" data-x-index=\"2\" style=\"border: 1px solid rgb(209, 209, 209);\" data-wptb-css-td-auto-width=\"true\"><div class=\"wptb-text-container wptb-ph-element wptb-element-text-1\"><div class=\"\" style=\"position: relative;\"><p><strong>Anforderungen<\/strong><\/p><\/div><\/div><\/td><\/tr><tr class=\"wptb-row\" data-wptb-bg-color=\"\"><td class=\"wptb-cell\" data-y-index=\"1\" data-x-index=\"0\" style=\"border: 1px solid rgb(209, 209, 209);\" data-wptb-css-td-auto-width=\"true\"><div class=\"wptb-text-container wptb-ph-element wptb-element-text-1\"><div class=\"\" style=\"position: relative;\"><p>T1 Wandern (gelb)<\/p><\/div><\/div><\/td><td class=\"wptb-cell\" data-y-index=\"1\" data-x-index=\"1\" style=\"border: 1px solid rgb(209, 209, 209);\" data-wptb-css-td-auto-width=\"true\"><div class=\"wptb-text-container wptb-ph-element wptb-element-text-1\"><div class=\"\" style=\"position: relative;\"><p>Weg gut gebahnt. Falls vorhanden, sind exponierte Stellen sehr gut gesichert. Absturzgefahr kann bei normalen Verhalten weitgehend ausgeschlossen werden.<\/p><\/div><\/div><\/td><td class=\"wptb-cell\" data-y-index=\"1\" data-x-index=\"2\" style=\"border: 1px solid rgb(209, 209, 209);\" data-wptb-css-td-auto-width=\"true\"><div class=\"wptb-text-container wptb-ph-element wptb-element-text-1\"><div class=\"\" style=\"position: relative;\"><p>Keine, auch mit Turnschuhen geeignet. Orientierung problemlos, in der Regel auch ohne Karte m\u00f6glich.<\/p><\/div><\/div><\/td><\/tr><\/tbody><\/table>\n<\/div>\n<\/div>\n\t\t\t\t\t\t<\/div>\n\t\t\t\t<\/div>\n\t\t\t\t\t<\/div>\n\t\t<\/div>\n\t\t\t\t\t<\/div>\n\t\t<\/section>\n\t\t\t\t<\/div>\n\t\t","protected":false},"excerpt":{"rendered":"<p>&nbsp;FACILE | 2 h 30 min | 4.3 km | 165 m | 165 m Suivez les traces de S\u00e4mi, le muletier, sur ce sentier th\u00e9matique. Explorez Innertkirchen dans le magnifique Oberland bernois. Au cours de 20 \u00e9tapes, vous pourrez [&hellip;]<\/p>\n","protected":false},"author":4,"featured_media":45394,"parent":45386,"menu_order":0,"comment_status":"closed","ping_status":"closed","template":"","meta":{"footnotes":""},"class_list":["post-45913","page","type-page","status-publish","has-post-thumbnail","hentry"],"_links":{"self":[{"href":"https:\/\/www.grimselwelt.ch\/fr\/wp-json\/wp\/v2\/pages\/45913","targetHints":{"allow":["GET"]}}],"collection":[{"href":"https:\/\/www.grimselwelt.ch\/fr\/wp-json\/wp\/v2\/pages"}],"about":[{"href":"https:\/\/www.grimselwelt.ch\/fr\/wp-json\/wp\/v2\/types\/page"}],"author":[{"embeddable":true,"href":"https:\/\/www.grimselwelt.ch\/fr\/wp-json\/wp\/v2\/users\/4"}],"replies":[{"embeddable":true,"href":"https:\/\/www.grimselwelt.ch\/fr\/wp-json\/wp\/v2\/comments?post=45913"}],"version-history":[{"count":1,"href":"https:\/\/www.grimselwelt.ch\/fr\/wp-json\/wp\/v2\/pages\/45913\/revisions"}],"predecessor-version":[{"id":45917,"href":"https:\/\/www.grimselwelt.ch\/fr\/wp-json\/wp\/v2\/pages\/45913\/revisions\/45917"}],"up":[{"embeddable":true,"href":"https:\/\/www.grimselwelt.ch\/fr\/wp-json\/wp\/v2\/pages\/45386"}],"wp:featuredmedia":[{"embeddable":true,"href":"https:\/\/www.grimselwelt.ch\/fr\/wp-json\/wp\/v2\/media\/45394"}],"wp:attachment":[{"href":"https:\/\/www.grimselwelt.ch\/fr\/wp-json\/wp\/v2\/media?parent=45913"}],"curies":[{"name":"wp","href":"https:\/\/api.w.org\/{rel}","templated":true}]}}