{"id":45884,"date":"2021-02-10T14:10:37","date_gmt":"2021-02-10T14:10:37","guid":{"rendered":"https:\/\/www.grimselwelt.ch\/excursions\/descente-en-rappel-par-dessus-le-barrage\/"},"modified":"2026-01-29T15:10:23","modified_gmt":"2026-01-29T15:10:23","slug":"descente-en-rappel-par-dessus-le-barrage","status":"publish","type":"page","link":"https:\/\/www.grimselwelt.ch\/fr\/experiences\/descente-en-rappel-par-dessus-le-barrage\/","title":{"rendered":"Descente en rappel par-dessus le barrage"},"content":{"rendered":"\t\t<div data-elementor-type=\"wp-page\" data-elementor-id=\"45884\" class=\"elementor elementor-45884 elementor-10068\" data-elementor-post-type=\"page\">\n\t\t\t\t\t\t<section class=\"elementor-section elementor-top-section elementor-element elementor-element-2f2b714a elementor-section-boxed elementor-section-height-default elementor-section-height-default\" data-id=\"2f2b714a\" data-element_type=\"section\" data-e-type=\"section\">\n\t\t\t\t\t\t<div class=\"elementor-container elementor-column-gap-default\">\n\t\t\t\t\t<div class=\"elementor-column elementor-col-100 elementor-top-column elementor-element elementor-element-11db7645\" data-id=\"11db7645\" data-element_type=\"column\" data-e-type=\"column\">\n\t\t\t<div class=\"elementor-widget-wrap elementor-element-populated\">\n\t\t\t\t\t\t<div class=\"elementor-element elementor-element-f883666 elementor-widget elementor-widget-image\" data-id=\"f883666\" data-element_type=\"widget\" data-e-type=\"widget\" data-widget_type=\"image.default\">\n\t\t\t\t<div class=\"elementor-widget-container\">\n\t\t\t\t\t\t\t\t\t\t\t\t\t\t\t<img decoding=\"async\" src=\"https:\/\/www.grimselwelt.ch\/media\/elementor\/thumbs\/logo-bergsteigerschule-rosenlaui-p38n0q6b16qcc8tlp3pobzqoa5mv5hle718jzwuz80.png\" title=\"Logo de l&rsquo;\u00e9cole d&rsquo;alpinisme de Rosenlaui\" alt=\"Logo de l&#039;\u00e9cole d&#039;alpinisme de Rosenlaui\" loading=\"lazy\" \/>\t\t\t\t\t\t\t\t\t\t\t\t\t\t\t<\/div>\n\t\t\t\t<\/div>\n\t\t\t\t<div class=\"elementor-element elementor-element-d717065 elementor-align-left elementor-widget elementor-widget-button\" data-id=\"d717065\" data-element_type=\"widget\" data-e-type=\"widget\" data-widget_type=\"button.default\">\n\t\t\t\t<div class=\"elementor-widget-container\">\n\t\t\t\t\t\t\t\t\t<div class=\"elementor-button-wrapper\">\n\t\t\t\t\t<a class=\"elementor-button elementor-button-link elementor-size-sm\" href=\"https:\/\/bergsteigerschule-rosenlaui.ch\/de\/gruppen\/abseilen\" target=\"_blank\" rel=\"nofollow\">\n\t\t\t\t\t\t<span class=\"elementor-button-content-wrapper\">\n\t\t\t\t\t\t<span class=\"elementor-button-icon\">\n\t\t\t\t<i aria-hidden=\"true\" class=\"fas fa-link\"><\/i>\t\t\t<\/span>\n\t\t\t\t\t\t\t\t\t<span class=\"elementor-button-text\">www.bergsteigerschule-rosenlaui.ch<\/span>\n\t\t\t\t\t<\/span>\n\t\t\t\t\t<\/a>\n\t\t\t\t<\/div>\n\t\t\t\t\t\t\t\t<\/div>\n\t\t\t\t<\/div>\n\t\t\t\t\t<\/div>\n\t\t<\/div>\n\t\t\t\t\t<\/div>\n\t\t<\/section>\n\t\t\t\t<section class=\"elementor-section elementor-top-section elementor-element elementor-element-77b7e1ba elementor-section-boxed elementor-section-height-default elementor-section-height-default\" data-id=\"77b7e1ba\" data-element_type=\"section\" data-e-type=\"section\">\n\t\t\t\t\t\t<div class=\"elementor-container elementor-column-gap-default\">\n\t\t\t\t\t<div class=\"elementor-column elementor-col-100 elementor-top-column elementor-element elementor-element-53ab4349\" data-id=\"53ab4349\" data-element_type=\"column\" data-e-type=\"column\">\n\t\t\t<div class=\"elementor-widget-wrap elementor-element-populated\">\n\t\t\t\t\t\t<div class=\"elementor-element elementor-element-92d9256 elementor-widget elementor-widget-text-editor\" data-id=\"92d9256\" data-element_type=\"widget\" data-e-type=\"widget\" data-widget_type=\"text-editor.default\">\n\t\t\t\t<div class=\"elementor-widget-container\">\n\t\t\t\t\t\t\t\t\t<p>Descendre en rappel le barrage de R\u00e4terichsboden, haut de 92 m\u00e8tres : cela signifie que le plaisir et l&rsquo;action sont au premier plan. La dynamique de groupe n&rsquo;est pas en reste et incite les participants \u00e0 surmonter les obstacles. Id\u00e9al comme excursion pour des groupes \u00e0 partir de 15 personnes et jusqu&rsquo;\u00e0 40 personnes maximum (groupes plus importants sur demande). Vous serez accompagn\u00e9 par un guide de montagne brevet\u00e9 ou un aspirant-guide. L&rsquo;\u00e2ge minimum est de 10 ans. Les enfants \u00e0 partir de 6 ans peuvent participer s&rsquo;ils sont accompagn\u00e9s d&rsquo;une personne ayant l&rsquo;autorit\u00e9 parentale et sous sa responsabilit\u00e9.      <\/p>\t\t\t\t\t\t\t\t<\/div>\n\t\t\t\t<\/div>\n\t\t\t\t<div class=\"elementor-element elementor-element-20029698 elementor-widget elementor-widget-heading\" data-id=\"20029698\" data-element_type=\"widget\" data-e-type=\"widget\" data-widget_type=\"heading.default\">\n\t\t\t\t<div class=\"elementor-widget-container\">\n\t\t\t\t\t<h3 class=\"elementor-heading-title elementor-size-default\">Point de rencontre<\/h3>\t\t\t\t<\/div>\n\t\t\t\t<\/div>\n\t\t\t\t<div class=\"elementor-element elementor-element-77be21d3 elementor-widget elementor-widget-text-editor\" data-id=\"77be21d3\" data-element_type=\"widget\" data-e-type=\"widget\" data-widget_type=\"text-editor.default\">\n\t\t\t\t<div class=\"elementor-widget-container\">\n\t\t\t\t\t\t\t\t\t<div class=\"divKLASSIKER_OPTION_TEXT\"><a href=\"https:\/\/goo.gl\/maps\/RhtkL8B25Zpzooxh9\" target=\"_blank\" rel=\"noopener\">Parking R\u00e4terichsboden<\/a> (pas de possibilit\u00e9 de stationnement actuellement)<\/div>\t\t\t\t\t\t\t\t<\/div>\n\t\t\t\t<\/div>\n\t\t\t\t<div class=\"elementor-element elementor-element-f8597e7 elementor-widget elementor-widget-heading\" data-id=\"f8597e7\" data-element_type=\"widget\" data-e-type=\"widget\" data-widget_type=\"heading.default\">\n\t\t\t\t<div class=\"elementor-widget-container\">\n\t\t\t\t\t<h3 class=\"elementor-heading-title elementor-size-default\">Dur\u00e9e<\/h3>\t\t\t\t<\/div>\n\t\t\t\t<\/div>\n\t\t\t\t<div class=\"elementor-element elementor-element-28f987a elementor-widget elementor-widget-text-editor\" data-id=\"28f987a\" data-element_type=\"widget\" data-e-type=\"widget\" data-widget_type=\"text-editor.default\">\n\t\t\t\t<div class=\"elementor-widget-container\">\n\t\t\t\t\t\t\t\t\t<p>environ 1 h pour 20 personnes<\/p>\t\t\t\t\t\t\t\t<\/div>\n\t\t\t\t<\/div>\n\t\t\t\t<div class=\"elementor-element elementor-element-02b5f91 elementor-widget elementor-widget-heading\" data-id=\"02b5f91\" data-element_type=\"widget\" data-e-type=\"widget\" data-widget_type=\"heading.default\">\n\t\t\t\t<div class=\"elementor-widget-container\">\n\t\t\t\t\t<h3 class=\"elementor-heading-title elementor-size-default\">Prix<\/h3>\t\t\t\t<\/div>\n\t\t\t\t<\/div>\n\t\t\t\t<div class=\"elementor-element elementor-element-0cf1b37 elementor-widget elementor-widget-text-editor\" data-id=\"0cf1b37\" data-element_type=\"widget\" data-e-type=\"widget\" data-widget_type=\"text-editor.default\">\n\t\t\t\t<div class=\"elementor-widget-container\">\n\t\t\t\t\t\t\t\t\t<p>25 CHF par personne<\/p>\t\t\t\t\t\t\t\t<\/div>\n\t\t\t\t<\/div>\n\t\t\t\t\t<\/div>\n\t\t<\/div>\n\t\t\t\t\t<\/div>\n\t\t<\/section>\n\t\t\t\t<section class=\"elementor-section elementor-top-section elementor-element elementor-element-1e3d4c0e elementor-section-boxed elementor-section-height-default elementor-section-height-default\" data-id=\"1e3d4c0e\" data-element_type=\"section\" data-e-type=\"section\">\n\t\t\t\t\t\t<div class=\"elementor-container elementor-column-gap-default\">\n\t\t\t\t\t<div class=\"elementor-column elementor-col-100 elementor-top-column elementor-element elementor-element-54b31206\" data-id=\"54b31206\" data-element_type=\"column\" data-e-type=\"column\">\n\t\t\t<div class=\"elementor-widget-wrap elementor-element-populated\">\n\t\t\t\t\t\t<div class=\"elementor-element elementor-element-c7753f9 elementor-widget elementor-widget-text-editor\" data-id=\"c7753f9\" data-element_type=\"widget\" data-e-type=\"widget\" data-widget_type=\"text-editor.default\">\n\t\t\t\t<div class=\"elementor-widget-container\">\n\t\t\t\t\t\t\t\t\t<div class=\"divKLASSIKER_OPTION_TEXT\">L&rsquo;offre \u00ab\u00a0Descente en rappel sur le barrage\u00a0\u00bb est propos\u00e9e par l&rsquo;<a href=\"https:\/\/bergsteigerschule-rosenlaui.ch\/de\/home\/welcome\" target=\"_blank\" rel=\"noopener\">\u00e9cole d&rsquo;alpinisme de Rosenlaui<\/a> et ne peut \u00eatre r\u00e9serv\u00e9e que directement aupr\u00e8s d&rsquo;elle. <br>Vous trouverez d&rsquo;autres offres, des informations suppl\u00e9mentaires et la possibilit\u00e9 de r\u00e9server <a href=\"https:\/\/bergsteigerschule-rosenlaui.ch\/de\/gruppen\/abseilen\">ici<\/a>.  <\/div>\t\t\t\t\t\t\t\t<\/div>\n\t\t\t\t<\/div>\n\t\t\t\t\t<\/div>\n\t\t<\/div>\n\t\t\t\t\t<\/div>\n\t\t<\/section>\n\t\t\t\t<\/div>\n\t\t","protected":false},"excerpt":{"rendered":"<p>www.bergsteigerschule-rosenlaui.ch Descendre en rappel le barrage de R\u00e4terichsboden, haut de 92 m\u00e8tres : cela signifie que le plaisir et l&rsquo;action sont au premier plan. La dynamique de groupe n&rsquo;est pas en reste et incite les participants \u00e0 surmonter les obstacles. [&hellip;]<\/p>\n","protected":false},"author":10,"featured_media":45233,"parent":45386,"menu_order":0,"comment_status":"closed","ping_status":"closed","template":"","meta":{"footnotes":""},"class_list":["post-45884","page","type-page","status-publish","has-post-thumbnail","hentry"],"_links":{"self":[{"href":"https:\/\/www.grimselwelt.ch\/fr\/wp-json\/wp\/v2\/pages\/45884","targetHints":{"allow":["GET"]}}],"collection":[{"href":"https:\/\/www.grimselwelt.ch\/fr\/wp-json\/wp\/v2\/pages"}],"about":[{"href":"https:\/\/www.grimselwelt.ch\/fr\/wp-json\/wp\/v2\/types\/page"}],"author":[{"embeddable":true,"href":"https:\/\/www.grimselwelt.ch\/fr\/wp-json\/wp\/v2\/users\/10"}],"replies":[{"embeddable":true,"href":"https:\/\/www.grimselwelt.ch\/fr\/wp-json\/wp\/v2\/comments?post=45884"}],"version-history":[{"count":11,"href":"https:\/\/www.grimselwelt.ch\/fr\/wp-json\/wp\/v2\/pages\/45884\/revisions"}],"predecessor-version":[{"id":45939,"href":"https:\/\/www.grimselwelt.ch\/fr\/wp-json\/wp\/v2\/pages\/45884\/revisions\/45939"}],"up":[{"embeddable":true,"href":"https:\/\/www.grimselwelt.ch\/fr\/wp-json\/wp\/v2\/pages\/45386"}],"wp:featuredmedia":[{"embeddable":true,"href":"https:\/\/www.grimselwelt.ch\/fr\/wp-json\/wp\/v2\/media\/45233"}],"wp:attachment":[{"href":"https:\/\/www.grimselwelt.ch\/fr\/wp-json\/wp\/v2\/media?parent=45884"}],"curies":[{"name":"wp","href":"https:\/\/api.w.org\/{rel}","templated":true}]}}