{"id":45871,"date":"2021-03-29T14:42:30","date_gmt":"2021-03-29T14:42:30","guid":{"rendered":"https:\/\/www.grimselwelt.ch\/excursions\/sentier-de-loberaar\/"},"modified":"2026-01-29T15:10:21","modified_gmt":"2026-01-29T15:10:21","slug":"sentier-de-loberaar","status":"publish","type":"page","link":"https:\/\/www.grimselwelt.ch\/fr\/experiences\/sentier-de-loberaar\/","title":{"rendered":"Sentier de l&rsquo;Oberaar"},"content":{"rendered":"\t\t<div data-elementor-type=\"wp-page\" data-elementor-id=\"45871\" class=\"elementor elementor-45871 elementor-10876\" data-elementor-post-type=\"page\">\n\t\t\t\t\t\t<section class=\"elementor-section elementor-top-section elementor-element elementor-element-77b7e1ba elementor-section-boxed elementor-section-height-default elementor-section-height-default\" data-id=\"77b7e1ba\" data-element_type=\"section\" data-e-type=\"section\">\n\t\t\t\t\t\t<div class=\"elementor-container elementor-column-gap-default\">\n\t\t\t\t\t<div class=\"elementor-column elementor-col-100 elementor-top-column elementor-element elementor-element-53ab4349\" data-id=\"53ab4349\" data-element_type=\"column\" data-e-type=\"column\">\n\t\t\t<div class=\"elementor-widget-wrap elementor-element-populated\">\n\t\t\t\t\t\t<div class=\"elementor-element elementor-element-0dd287d elementor-widget elementor-widget-html\" data-id=\"0dd287d\" data-element_type=\"widget\" data-e-type=\"widget\" data-widget_type=\"html.default\">\n\t\t\t\t<div class=\"elementor-widget-container\">\n\t\t\t\t\t<i class=\"fa fa-info\" aria-hidden=\"true\"><\/i>&nbsp;MOYENNE | <i class=\"far fa-clock -alt\" aria-hidden=\"true\"><\/i> 2 h 30 min | <i class=\"fa fa-long-arrow-right\" aria-hidden=\"true\"><\/i> 5.6 km | <i class=\"fa fa-arrow-up\" aria-hidden=\"true\"><\/i> 440 m | <i class=\"fa fa-arrow-down\" aria-hidden=\"true\"><\/i> 345 m\t\t\t\t<\/div>\n\t\t\t\t<\/div>\n\t\t\t\t<div class=\"elementor-element elementor-element-d2cb0c1 elementor-widget elementor-widget-video\" data-id=\"d2cb0c1\" data-element_type=\"widget\" data-e-type=\"widget\" data-settings=\"{&quot;youtube_url&quot;:&quot;https:\\\/\\\/youtu.be\\\/wd2Z9nBr7XA?si=Jk2m8EUCLfC4GIG2&quot;,&quot;video_type&quot;:&quot;youtube&quot;,&quot;controls&quot;:&quot;yes&quot;}\" data-widget_type=\"video.default\">\n\t\t\t\t<div class=\"elementor-widget-container\">\n\t\t\t\t\t\t\t<div class=\"elementor-wrapper elementor-open-inline\">\n\t\t\t<div class=\"elementor-video\"><\/div>\t\t<\/div>\n\t\t\t\t\t\t<\/div>\n\t\t\t\t<\/div>\n\t\t\t\t<div class=\"elementor-element elementor-element-77be21d3 elementor-widget elementor-widget-text-editor\" data-id=\"77be21d3\" data-element_type=\"widget\" data-e-type=\"widget\" data-widget_type=\"text-editor.default\">\n\t\t\t\t<div class=\"elementor-widget-container\">\n\t\t\t\t\t\t\t\t\t<p>La randonn\u00e9e familiale part du Grimsel Hospiz en empruntant le <a href=\"https:\/\/www.grimselwelt.ch\/fr\/remontees-mecaniques\/sidelhornbahn\/\" rel=\"noopener\">Sidelhornbahn<\/a>. Vous arrivez ainsi au pied du Sidelhorn. Une fois arriv\u00e9 \u00e0 la station sup\u00e9rieure, les choses s\u00e9rieuses commencent : vous montez 300 m\u00e8tres de d\u00e9nivel\u00e9 jusqu&rsquo;\u00e0 la Cabane H\u00fcseggh\u00fctte, pour ensuite profiter de tout le reste de la randonn\u00e9e familiale. Le beau sentier granitique offre sans cesse des vues \u00e0 couper le souffle sur les montagnes et les paysages granitiques environnants et, bien s\u00fbr, sur le plus grand lac de la r\u00e9gion du Grimsel, le Grimselsee. La randonn\u00e9e se poursuit en passant par le Triebteseewli et en descendant via B\u00e4regg jusqu&rsquo;\u00e0 l&rsquo;agr\u00e9able <a href=\"https:\/\/www.grimselwelt.ch\/fr\/hotels\/restaurant-et-berghaus-oberaar\/\" rel=\"noopener\">Berghaus Oberaar<\/a>. Apr\u00e8s avoir repris des forces, vous reviendrez au point de d\u00e9part avec l&rsquo;<a href=\"https:\/\/www.grimselwelt.ch\/fr\/remontees-mecaniques\/oberaarbahn\/\" rel=\"noopener\">Oberaarbahn<\/a>.     <\/p>\t\t\t\t\t\t\t\t<\/div>\n\t\t\t\t<\/div>\n\t\t\t\t\t<\/div>\n\t\t<\/div>\n\t\t\t\t\t<\/div>\n\t\t<\/section>\n\t\t\t\t<section class=\"elementor-section elementor-top-section elementor-element elementor-element-ec9ade0 elementor-section-boxed elementor-section-height-default elementor-section-height-default\" data-id=\"ec9ade0\" data-element_type=\"section\" data-e-type=\"section\">\n\t\t\t\t\t\t<div class=\"elementor-container elementor-column-gap-default\">\n\t\t\t\t\t<div class=\"elementor-column elementor-col-100 elementor-top-column elementor-element elementor-element-7294926\" data-id=\"7294926\" data-element_type=\"column\" data-e-type=\"column\">\n\t\t\t<div class=\"elementor-widget-wrap elementor-element-populated\">\n\t\t\t\t\t\t<div class=\"elementor-element elementor-element-374a321 elementor-widget elementor-widget-html\" data-id=\"374a321\" data-element_type=\"widget\" data-e-type=\"widget\" data-widget_type=\"html.default\">\n\t\t\t\t<div class=\"elementor-widget-container\">\n\t\t\t\t\t<iframe src=\"https:\/\/map.schweizmobil.ch\/?embed&amp;lang=de&amp;trackId=557543529\" frameborder=\"0\" height=\"600\" width=\"100%\">\r\n<\/iframe>\t\t\t\t<\/div>\n\t\t\t\t<\/div>\n\t\t\t\t\t<\/div>\n\t\t<\/div>\n\t\t\t\t\t<\/div>\n\t\t<\/section>\n\t\t\t\t<section class=\"elementor-section elementor-top-section elementor-element elementor-element-3422e201 elementor-section-boxed elementor-section-height-default elementor-section-height-default\" data-id=\"3422e201\" data-element_type=\"section\" data-e-type=\"section\">\n\t\t\t\t\t\t<div class=\"elementor-container elementor-column-gap-default\">\n\t\t\t\t\t<div class=\"elementor-column elementor-col-100 elementor-top-column elementor-element elementor-element-6d54fafc\" data-id=\"6d54fafc\" data-element_type=\"column\" data-e-type=\"column\">\n\t\t\t<div class=\"elementor-widget-wrap elementor-element-populated\">\n\t\t\t\t\t\t<div class=\"elementor-element elementor-element-20029698 elementor-widget elementor-widget-heading\" data-id=\"20029698\" data-element_type=\"widget\" data-e-type=\"widget\" data-widget_type=\"heading.default\">\n\t\t\t\t<div class=\"elementor-widget-container\">\n\t\t\t\t\t<h3 class=\"elementor-heading-title elementor-size-default\">Temps de marche<\/h3>\t\t\t\t<\/div>\n\t\t\t\t<\/div>\n\t\t\t\t<div class=\"elementor-element elementor-element-42a4515c elementor-widget elementor-widget-text-editor\" data-id=\"42a4515c\" data-element_type=\"widget\" data-e-type=\"widget\" data-widget_type=\"text-editor.default\">\n\t\t\t\t<div class=\"elementor-widget-container\">\n\t\t\t\t\t\t\t\t\t<p>2 h 30 min<\/p>\t\t\t\t\t\t\t\t<\/div>\n\t\t\t\t<\/div>\n\t\t\t\t<div class=\"elementor-element elementor-element-bc13edf elementor-widget elementor-widget-heading\" data-id=\"bc13edf\" data-element_type=\"widget\" data-e-type=\"widget\" data-widget_type=\"heading.default\">\n\t\t\t\t<div class=\"elementor-widget-container\">\n\t\t\t\t\t<h3 class=\"elementor-heading-title elementor-size-default\">Point de d\u00e9part<\/h3>\t\t\t\t<\/div>\n\t\t\t\t<\/div>\n\t\t\t\t<div class=\"elementor-element elementor-element-1da4071 elementor-widget elementor-widget-text-editor\" data-id=\"1da4071\" data-element_type=\"widget\" data-e-type=\"widget\" data-widget_type=\"text-editor.default\">\n\t\t\t\t<div class=\"elementor-widget-container\">\n\t\t\t\t\t\t\t\t\t<p><a href=\"https:\/\/www.grimselwelt.ch\/fr\/hotels\/hotel-alpin-historique-grimsel-hospiz\/\">H\u00f4tel Alpin Historique Grimsel Hospiz<\/a><\/p><p><a href=\"https:\/\/www.grimselwelt.ch\/fr\/remontees-mecaniques\/sidelhornbahn\/\">Sidelhornbahn<\/a> et <a href=\"https:\/\/www.grimselwelt.ch\/fr\/remontees-mecaniques\/oberaarbahn\/\">Oberaarbahn<\/a> - Achetez votre billet sur place ou \u00e0 l&rsquo;avance en ligne.<\/p>\t\t\t\t\t\t\t\t<\/div>\n\t\t\t\t<\/div>\n\t\t\t\t<div class=\"elementor-element elementor-element-baf9983 elementor-button-success elementor-widget elementor-widget-button\" data-id=\"baf9983\" data-element_type=\"widget\" data-e-type=\"widget\" data-widget_type=\"button.default\">\n\t\t\t\t<div class=\"elementor-widget-container\">\n\t\t\t\t\t\t\t\t\t<div class=\"elementor-button-wrapper\">\n\t\t\t\t\t<a class=\"elementor-button elementor-button-link elementor-size-sm\" href=\"\/shop\/sidelhornbahn\" target=\"_blank\" rel=\"nofollow\" noopener=\"\">\n\t\t\t\t\t\t<span class=\"elementor-button-content-wrapper\">\n\t\t\t\t\t\t<span class=\"elementor-button-icon\">\n\t\t\t\t<i aria-hidden=\"true\" class=\"fas fa-ticket-alt\"><\/i>\t\t\t<\/span>\n\t\t\t\t\t\t\t\t\t<span class=\"elementor-button-text\">Acheter des billets<\/span>\n\t\t\t\t\t<\/span>\n\t\t\t\t\t<\/a>\n\t\t\t\t<\/div>\n\t\t\t\t\t\t\t\t<\/div>\n\t\t\t\t<\/div>\n\t\t\t\t<div class=\"elementor-element elementor-element-3fb32da elementor-widget elementor-widget-spacer\" data-id=\"3fb32da\" data-element_type=\"widget\" data-e-type=\"widget\" data-widget_type=\"spacer.default\">\n\t\t\t\t<div class=\"elementor-widget-container\">\n\t\t\t\t\t\t\t<div class=\"elementor-spacer\">\n\t\t\t<div class=\"elementor-spacer-inner\"><\/div>\n\t\t<\/div>\n\t\t\t\t\t\t<\/div>\n\t\t\t\t<\/div>\n\t\t\t\t<div class=\"elementor-element elementor-element-7a67db4 elementor-widget elementor-widget-heading\" data-id=\"7a67db4\" data-element_type=\"widget\" data-e-type=\"widget\" data-widget_type=\"heading.default\">\n\t\t\t\t<div class=\"elementor-widget-container\">\n\t\t\t\t\t<h3 class=\"elementor-heading-title elementor-size-default\">Point final<\/h3>\t\t\t\t<\/div>\n\t\t\t\t<\/div>\n\t\t\t\t<div class=\"elementor-element elementor-element-c1b3021 elementor-widget elementor-widget-text-editor\" data-id=\"c1b3021\" data-element_type=\"widget\" data-e-type=\"widget\" data-widget_type=\"text-editor.default\">\n\t\t\t\t<div class=\"elementor-widget-container\">\n\t\t\t\t\t\t\t\t\t<p><a href=\"https:\/\/www.grimselwelt.ch\/fr\/hotels\/hotel-alpin-historique-grimsel-hospiz\/\">H\u00f4tel Alpin Historique Grimsel Hospiz<\/a><\/p><p><a href=\"https:\/\/www.grimselwelt.ch\/fr\/remontees-mecaniques\/sidelhornbahn\/\">Sidelhornbahn<\/a><\/p>\t\t\t\t\t\t\t\t<\/div>\n\t\t\t\t<\/div>\n\t\t\t\t<div class=\"elementor-element elementor-element-1dc0111 elementor-widget elementor-widget-heading\" data-id=\"1dc0111\" data-element_type=\"widget\" data-e-type=\"widget\" data-widget_type=\"heading.default\">\n\t\t\t\t<div class=\"elementor-widget-container\">\n\t\t\t\t\t<h3 class=\"elementor-heading-title elementor-size-default\">Car postal<\/h3>\t\t\t\t<\/div>\n\t\t\t\t<\/div>\n\t\t\t\t<div class=\"elementor-element elementor-element-e069710 elementor-widget elementor-widget-text-editor\" data-id=\"e069710\" data-element_type=\"widget\" data-e-type=\"widget\" data-widget_type=\"text-editor.default\">\n\t\t\t\t<div class=\"elementor-widget-container\">\n\t\t\t\t\t\t\t\t\t<p><a href=\"https:\/\/www.sbb.ch\/de\/fahrplan.html\" target=\"_blank\" rel=\"noopener\">Arr\u00eat CarPostal Grimsel Hospiz<\/a><\/p>\t\t\t\t\t\t\t\t<\/div>\n\t\t\t\t<\/div>\n\t\t\t\t<div class=\"elementor-element elementor-element-5cb8909 elementor-widget elementor-widget-heading\" data-id=\"5cb8909\" data-element_type=\"widget\" data-e-type=\"widget\" data-widget_type=\"heading.default\">\n\t\t\t\t<div class=\"elementor-widget-container\">\n\t\t\t\t\t<h3 class=\"elementor-heading-title elementor-size-default\">Se restaurer \/ Passer la nuit<\/h3>\t\t\t\t<\/div>\n\t\t\t\t<\/div>\n\t\t\t\t<div class=\"elementor-element elementor-element-cd33858 elementor-widget elementor-widget-text-editor\" data-id=\"cd33858\" data-element_type=\"widget\" data-e-type=\"widget\" data-widget_type=\"text-editor.default\">\n\t\t\t\t<div class=\"elementor-widget-container\">\n\t\t\t\t\t\t\t\t\t<p>L&rsquo;<a href=\"https:\/\/www.grimselwelt.ch\/fr\/hotels\/hotel-alpin-historique-grimsel-hospiz\/\">H\u00f4tel Alpin Historique Grimsel Hospiz<\/a> se trouve \u00e0 la station inf\u00e9rieure du <a href=\"https:\/\/www.grimselwelt.ch\/fr\/remontees-mecaniques\/sidelhornbahn\/\">Sidelhornbahn<\/a>.<\/p><p><a href=\"https:\/\/www.grimselwelt.ch\/fr\/hotels\/restaurant-et-berghaus-oberaar\/\">Restaurant et Berghaus Oberaar<\/a>.  <\/p>\t\t\t\t\t\t\t\t<\/div>\n\t\t\t\t<\/div>\n\t\t\t\t\t<\/div>\n\t\t<\/div>\n\t\t\t\t\t<\/div>\n\t\t<\/section>\n\t\t\t\t<section class=\"elementor-section elementor-top-section elementor-element elementor-element-49626ff0 elementor-section-stretched elementor-section-boxed elementor-section-height-default elementor-section-height-default\" data-id=\"49626ff0\" data-element_type=\"section\" data-e-type=\"section\" data-settings=\"{&quot;stretch_section&quot;:&quot;section-stretched&quot;,&quot;background_background&quot;:&quot;classic&quot;}\">\n\t\t\t\t\t\t\t<div class=\"elementor-background-overlay\"><\/div>\n\t\t\t\t\t\t\t<div class=\"elementor-container elementor-column-gap-default\">\n\t\t\t\t\t<div class=\"elementor-column elementor-col-100 elementor-top-column elementor-element elementor-element-4d3b0340\" data-id=\"4d3b0340\" data-element_type=\"column\" data-e-type=\"column\">\n\t\t\t<div class=\"elementor-widget-wrap elementor-element-populated\">\n\t\t\t\t\t\t<div class=\"elementor-element elementor-element-335f5c96 elementor-widget elementor-widget-heading\" data-id=\"335f5c96\" data-element_type=\"widget\" data-e-type=\"widget\" data-widget_type=\"heading.default\">\n\t\t\t\t<div class=\"elementor-widget-container\">\n\t\t\t\t\t<h3 class=\"elementor-heading-title elementor-size-default\">Degr\u00e9 de difficult\u00e9 selon le CAS<\/h3>\t\t\t\t<\/div>\n\t\t\t\t<\/div>\n\t\t\t\t<div class=\"elementor-element elementor-element-b59221a elementor-widget elementor-widget-shortcode\" data-id=\"b59221a\" data-element_type=\"widget\" data-e-type=\"widget\" data-widget_type=\"shortcode.default\">\n\t\t\t\t<div class=\"elementor-widget-container\">\n\t\t\t\t\t\t\t<div class=\"elementor-shortcode\"><div class=\"wptb-container-legacy\" data-table-id=\"8479\">\n    <table class=\"wptb-preview-table wptb-element-main-table_setting-startedid-0 edit-active\" data-reconstraction=\"1\" style=\"border: 1px solid rgb(209, 209, 209);\" data-wptb-table-tds-sum-max-width=\"394\" data-wptb-cells-width-auto-count=\"3\" role=\"table\" data-table-columns=\"3\"><tbody><tr class=\"wptb-row\" data-wptb-bg-color=\"\"><td class=\"wptb-cell\" data-y-index=\"0\" data-x-index=\"0\" style=\"border: 1px solid rgb(209, 209, 209);\" data-wptb-css-td-auto-width=\"true\"><div class=\"wptb-text-container wptb-ph-element wptb-element-text-1\"><div class=\"\" style=\"position: relative;\"><p><strong>Grad<\/strong><\/p><\/div><\/div><\/td><td class=\"wptb-cell\" data-y-index=\"0\" data-x-index=\"1\" style=\"border: 1px solid rgb(209, 209, 209);\" data-wptb-css-td-auto-width=\"true\"><div class=\"wptb-text-container wptb-ph-element wptb-element-text-1\"><div class=\"\" style=\"position: relative;\"><p><strong>Weg\/Gel\u00e4nde<\/strong><\/p><\/div><\/div><\/td><td class=\"wptb-cell\" data-y-index=\"0\" data-x-index=\"2\" style=\"border: 1px solid rgb(209, 209, 209);\" data-wptb-css-td-auto-width=\"true\"><div class=\"wptb-text-container wptb-ph-element wptb-element-text-1\"><div class=\"\" style=\"position: relative;\"><p><strong>Anforderungen<\/strong><\/p><\/div><\/div><\/td><\/tr><tr class=\"wptb-row\" data-wptb-bg-color=\"\"><td class=\"wptb-cell\" data-y-index=\"1\" data-x-index=\"0\" style=\"border: 1px solid rgb(209, 209, 209);\" data-wptb-css-td-auto-width=\"true\"><div class=\"wptb-text-container wptb-ph-element wptb-element-text-1\"><div class=\"\" style=\"position: relative;\"><p>T2 Bergwandern (weiss-rot-weiss)<\/p><\/div><\/div><\/td><td class=\"wptb-cell\" data-y-index=\"1\" data-x-index=\"1\" style=\"border: 1px solid rgb(209, 209, 209);\" data-wptb-css-td-auto-width=\"true\"><div class=\"wptb-text-container wptb-ph-element wptb-element-text-1\"><div class=\"\" style=\"position: relative;\"><p>Weg mit durchgehendem Trassee. Gel\u00e4nde teilweise steil, Absturzgefahr nicht ausgeschlossen.<\/p><\/div><\/div><\/td><td class=\"wptb-cell\" data-y-index=\"1\" data-x-index=\"2\" style=\"border: 1px solid rgb(209, 209, 209);\" data-wptb-css-td-auto-width=\"true\"><div class=\"wptb-text-container wptb-ph-element wptb-element-text-1\"><div class=\"\" style=\"position: relative;\"><p>Etwas Trittsicherheit. Trekkingschuhe sind empfehlenswert. Elementares Orientierungsverm\u00f6gen.<\/p><\/div><\/div><\/td><\/tr><\/tbody><\/table>\n<\/div>\n<\/div>\n\t\t\t\t\t\t<\/div>\n\t\t\t\t<\/div>\n\t\t\t\t\t<\/div>\n\t\t<\/div>\n\t\t\t\t\t<\/div>\n\t\t<\/section>\n\t\t\t\t<\/div>\n\t\t","protected":false},"excerpt":{"rendered":"<p>&nbsp;MOYENNE | 2 h 30 min | 5.6 km | 440 m | 345 m https:\/\/youtu.be\/wd2Z9nBr7XA?si=Jk2m8EUCLfC4GIG2 La randonn\u00e9e familiale part du Grimsel Hospiz en empruntant le Sidelhornbahn. Vous arrivez ainsi au pied du Sidelhorn. Une fois arriv\u00e9 \u00e0 la station [&hellip;]<\/p>\n","protected":false},"author":10,"featured_media":45872,"parent":45386,"menu_order":0,"comment_status":"closed","ping_status":"closed","template":"","meta":{"footnotes":""},"class_list":["post-45871","page","type-page","status-publish","has-post-thumbnail","hentry"],"_links":{"self":[{"href":"https:\/\/www.grimselwelt.ch\/fr\/wp-json\/wp\/v2\/pages\/45871","targetHints":{"allow":["GET"]}}],"collection":[{"href":"https:\/\/www.grimselwelt.ch\/fr\/wp-json\/wp\/v2\/pages"}],"about":[{"href":"https:\/\/www.grimselwelt.ch\/fr\/wp-json\/wp\/v2\/types\/page"}],"author":[{"embeddable":true,"href":"https:\/\/www.grimselwelt.ch\/fr\/wp-json\/wp\/v2\/users\/10"}],"replies":[{"embeddable":true,"href":"https:\/\/www.grimselwelt.ch\/fr\/wp-json\/wp\/v2\/comments?post=45871"}],"version-history":[{"count":1,"href":"https:\/\/www.grimselwelt.ch\/fr\/wp-json\/wp\/v2\/pages\/45871\/revisions"}],"predecessor-version":[{"id":45876,"href":"https:\/\/www.grimselwelt.ch\/fr\/wp-json\/wp\/v2\/pages\/45871\/revisions\/45876"}],"up":[{"embeddable":true,"href":"https:\/\/www.grimselwelt.ch\/fr\/wp-json\/wp\/v2\/pages\/45386"}],"wp:featuredmedia":[{"embeddable":true,"href":"https:\/\/www.grimselwelt.ch\/fr\/wp-json\/wp\/v2\/media\/45872"}],"wp:attachment":[{"href":"https:\/\/www.grimselwelt.ch\/fr\/wp-json\/wp\/v2\/media?parent=45871"}],"curies":[{"name":"wp","href":"https:\/\/api.w.org\/{rel}","templated":true}]}}