{"id":45820,"date":"2023-05-10T08:22:09","date_gmt":"2023-05-10T08:22:09","guid":{"rendered":"https:\/\/www.grimselwelt.ch\/excursions\/source-de-laar\/"},"modified":"2026-02-12T16:06:29","modified_gmt":"2026-02-12T16:06:29","slug":"source-de-laar","status":"publish","type":"page","link":"https:\/\/www.grimselwelt.ch\/fr\/experiences\/source-de-laar\/","title":{"rendered":"Source de l&rsquo;Aar"},"content":{"rendered":"\t\t<div data-elementor-type=\"wp-page\" data-elementor-id=\"45820\" class=\"elementor elementor-45820 elementor-27708\" data-elementor-post-type=\"page\">\n\t\t\t\t\t\t<section class=\"elementor-section elementor-top-section elementor-element elementor-element-270f030 elementor-section-boxed elementor-section-height-default elementor-section-height-default\" data-id=\"270f030\" data-element_type=\"section\" data-e-type=\"section\">\n\t\t\t\t\t\t<div class=\"elementor-container elementor-column-gap-default\">\n\t\t\t\t\t<div class=\"elementor-column elementor-col-100 elementor-top-column elementor-element elementor-element-6e5c8f2\" data-id=\"6e5c8f2\" data-element_type=\"column\" data-e-type=\"column\">\n\t\t\t<div class=\"elementor-widget-wrap elementor-element-populated\">\n\t\t\t\t\t\t<div class=\"elementor-element elementor-element-816d755 elementor-widget elementor-widget-text-editor\" data-id=\"816d755\" data-element_type=\"widget\" data-e-type=\"widget\" data-widget_type=\"text-editor.default\">\n\t\t\t\t<div class=\"elementor-widget-container\">\n\t\t\t\t\t\t\t\t\t<p>En passant par des gorges imposantes, des cascades rugissantes et des lacs de retenue verdoyants, cette voie d&rsquo;eau longe l&rsquo;Aar jusqu&rsquo;aux deux sources de l&rsquo;Aar, avant l&rsquo;Oberaargletscher et l&rsquo;Unteraargletscher.<\/p>\t\t\t\t\t\t\t\t<\/div>\n\t\t\t\t<\/div>\n\t\t\t\t<div class=\"elementor-element elementor-element-84a96bb elementor-widget elementor-widget-heading\" data-id=\"84a96bb\" data-element_type=\"widget\" data-e-type=\"widget\" data-widget_type=\"heading.default\">\n\t\t\t\t<div class=\"elementor-widget-container\">\n\t\t\t\t\t<h2 class=\"elementor-heading-title elementor-size-default\">Les \u00e9tapes<\/h2>\t\t\t\t<\/div>\n\t\t\t\t<\/div>\n\t\t\t\t<div class=\"elementor-element elementor-element-8ebb024 elementor-widget elementor-widget-text-editor\" data-id=\"8ebb024\" data-element_type=\"widget\" data-e-type=\"widget\" data-widget_type=\"text-editor.default\">\n\t\t\t\t<div class=\"elementor-widget-container\">\n\t\t\t\t\t\t\t\t\t<p>Ce circuit de plusieurs jours part de la gare de Meiringen et longe les Gorges de l&rsquo;Aar jusqu&rsquo;\u00e0 Innertkirchen. Le long de l&rsquo;ancien chemin muletier, vous passerez des ponts en arc de pierre artistiques, des escaliers taill\u00e9s dans la roche, des ruisseaux sauvages et des sujets de photo infinis. En chemin, vous pouvez vous arr\u00eater \u00e0 Innertkirchen, Guttannen ou Handeck pour vous restaurer et passer la nuit. Ensuite, il faut monter au R\u00e4terichsbodensee. Vous pouvez aussi prendre l&rsquo;aventureux Gelmerbahn jusqu&rsquo;au Gelmersee, o\u00f9 la vue s&rsquo;\u00e9tend sur le paysage granitique de la vall\u00e9e sup\u00e9rieure de l&rsquo;Aar et o\u00f9 le chemin commence par descendre. Vous passez devant le R\u00e4terichsboden et montez jusqu&rsquo;\u00e0 l&rsquo;H\u00f4tel Alpin Historique Grimsel Hospiz sur le Grimsel Nollen. C&rsquo;est ici que les deux chemins se s\u00e9parent. L&rsquo;un des chemins m\u00e8ne \u00e0 la source d&rsquo;Unteraar et l&rsquo;autre \u00e0 la source d&rsquo;Oberaar.       <\/p>\t\t\t\t\t\t\t\t<\/div>\n\t\t\t\t<\/div>\n\t\t\t\t\t<\/div>\n\t\t<\/div>\n\t\t\t\t\t<\/div>\n\t\t<\/section>\n\t\t\t\t<section class=\"elementor-section elementor-top-section elementor-element elementor-element-1e6b5bb elementor-section-boxed elementor-section-height-default elementor-section-height-default\" data-id=\"1e6b5bb\" data-element_type=\"section\" data-e-type=\"section\">\n\t\t\t\t\t\t<div class=\"elementor-container elementor-column-gap-default\">\n\t\t\t\t\t<div class=\"elementor-column elementor-col-100 elementor-top-column elementor-element elementor-element-34d333f\" data-id=\"34d333f\" data-element_type=\"column\" data-e-type=\"column\">\n\t\t\t<div class=\"elementor-widget-wrap elementor-element-populated\">\n\t\t\t\t\t\t<div class=\"elementor-element elementor-element-62bd410 elementor-widget elementor-widget-heading\" data-id=\"62bd410\" data-element_type=\"widget\" data-e-type=\"widget\" data-widget_type=\"heading.default\">\n\t\t\t\t<div class=\"elementor-widget-container\">\n\t\t\t\t\t<h2 class=\"elementor-heading-title elementor-size-default\">Vers la source de l'Aar au Unteraargletscher<\/h2>\t\t\t\t<\/div>\n\t\t\t\t<\/div>\n\t\t\t\t<div class=\"elementor-element elementor-element-f21c324 elementor-widget elementor-widget-html\" data-id=\"f21c324\" data-element_type=\"widget\" data-e-type=\"widget\" data-widget_type=\"html.default\">\n\t\t\t\t<div class=\"elementor-widget-container\">\n\t\t\t\t\t<i class=\"fa fa-info\" aria-hidden=\"true\"><\/i>\n&nbsp;MOYENNE | \n<i class=\"far fa-clock -alt\" aria-hidden=\"true\"><\/i>\n12 h | \n<i class=\"fa fa-long-arrow-right\" aria-hidden=\"true\"><\/i>\n38 km | \n<i class=\"fa fa-arrow-up\" aria-hidden=\"true\"><\/i>\n 1850 m | \n<i class=\"fa fa-arrow-down\" aria-hidden=\"true\"><\/i>\n490 m\n\t\t\t\t<\/div>\n\t\t\t\t<\/div>\n\t\t\t\t<div class=\"elementor-element elementor-element-338c2da elementor-widget elementor-widget-text-editor\" data-id=\"338c2da\" data-element_type=\"widget\" data-e-type=\"widget\" data-widget_type=\"text-editor.default\">\n\t\t\t\t<div class=\"elementor-widget-container\">\n\t\t\t\t\t\t\t\t\t<p>La source inf\u00e9rieure de l&rsquo;Aar se trouve derri\u00e8re le lac du Grimsel, long de six kilom\u00e8tres, sur le glacier du Lauteraar, et la cabane du Lauteraar attend au-dessus de la vall\u00e9e. Loin derri\u00e8re, vous apercevez d&rsquo;ici le Finsteraarhorn, le point culminant du bassin de l&rsquo;Aar et donc du Rhin ! <\/p><p> <\/p>\t\t\t\t\t\t\t\t<\/div>\n\t\t\t\t<\/div>\n\t\t\t\t<div class=\"elementor-element elementor-element-a4425b1 elementor-widget elementor-widget-html\" data-id=\"a4425b1\" data-element_type=\"widget\" data-e-type=\"widget\" data-widget_type=\"html.default\">\n\t\t\t\t<div class=\"elementor-widget-container\">\n\t\t\t\t\t<iframe src=\"https:\/\/map.schweizmobil.ch\/?embed=&amp;bgLayer=pk&amp;lang=de&amp;logo=no&amp;photos=no&amp;resolution=19.73&amp;season=summer&amp;detours=yes&amp;E=2662933&amp;N=1166336&amp;trackId=602297753\" frameborder=\"0\" height=\"600\" width=\"100%\">\r\n<\/iframe>\r\n\t\t\t\t<\/div>\n\t\t\t\t<\/div>\n\t\t\t\t\t<\/div>\n\t\t<\/div>\n\t\t\t\t\t<\/div>\n\t\t<\/section>\n\t\t\t\t<section class=\"elementor-section elementor-top-section elementor-element elementor-element-c606ae0 elementor-section-boxed elementor-section-height-default elementor-section-height-default\" data-id=\"c606ae0\" data-element_type=\"section\" data-e-type=\"section\">\n\t\t\t\t\t\t<div class=\"elementor-container elementor-column-gap-default\">\n\t\t\t\t\t<div class=\"elementor-column elementor-col-100 elementor-top-column elementor-element elementor-element-2a4202d\" data-id=\"2a4202d\" data-element_type=\"column\" data-e-type=\"column\">\n\t\t\t<div class=\"elementor-widget-wrap elementor-element-populated\">\n\t\t\t\t\t\t<div class=\"elementor-element elementor-element-3a2da58 elementor-widget elementor-widget-heading\" data-id=\"3a2da58\" data-element_type=\"widget\" data-e-type=\"widget\" data-widget_type=\"heading.default\">\n\t\t\t\t<div class=\"elementor-widget-container\">\n\t\t\t\t\t<h2 class=\"elementor-heading-title elementor-size-default\">Vers la source de l'Aar au glacier de l'Oberaargletscher<\/h2>\t\t\t\t<\/div>\n\t\t\t\t<\/div>\n\t\t\t\t<div class=\"elementor-element elementor-element-c9b882c elementor-widget elementor-widget-html\" data-id=\"c9b882c\" data-element_type=\"widget\" data-e-type=\"widget\" data-widget_type=\"html.default\">\n\t\t\t\t<div class=\"elementor-widget-container\">\n\t\t\t\t\t<i class=\"fa fa-info\" aria-hidden=\"true\"><\/i>&nbsp;MOYENNE | \n<i class=\"far fa-clock -alt\" aria-hidden=\"true\"><\/i> 13 h | \n<i class=\"fa fa-long-arrow-right\" aria-hidden=\"true\"><\/i> 40 km | \n<i class=\"fa fa-arrow-up\" aria-hidden=\"true\"><\/i> 2107 m | \n<i class=\"fa fa-arrow-down\" aria-hidden=\"true\"><\/i> 358 m\t\t\t\t<\/div>\n\t\t\t\t<\/div>\n\t\t\t\t<div class=\"elementor-element elementor-element-cdb4590 elementor-widget elementor-widget-text-editor\" data-id=\"cdb4590\" data-element_type=\"widget\" data-e-type=\"widget\" data-widget_type=\"text-editor.default\">\n\t\t\t\t<div class=\"elementor-widget-container\">\n\t\t\t\t\t\t\t\t\t<p>Vous atteindrez la source sup\u00e9rieure de l&rsquo;Aar avec le Sidelhornbahn ou \u00e0 pied en passant par le Tr\u00fcebtensee et l&rsquo;Oberaarsee jusqu&rsquo;\u00e0 l&rsquo;Oberaargletscher. La randonn\u00e9e s&rsquo;ach\u00e8ve au Berghaus Oberaar, o\u00f9 vous pourrez admirer la vue sur le lac jusqu&rsquo;\u00e0 la source, avant de revenir \u00e0 l&rsquo;hospice en planant dans les Alpes \u00e0 bord de l&rsquo;Oberaarbahn. <\/p>\t\t\t\t\t\t\t\t<\/div>\n\t\t\t\t<\/div>\n\t\t\t\t<div class=\"elementor-element elementor-element-6f3af30 elementor-widget elementor-widget-html\" data-id=\"6f3af30\" data-element_type=\"widget\" data-e-type=\"widget\" data-widget_type=\"html.default\">\n\t\t\t\t<div class=\"elementor-widget-container\">\n\t\t\t\t\t<iframe src=\"https:\/\/map.schweizmobil.ch\/?embed=&amp;bgLayer=pk&amp;lang=de&amp;logo=no&amp;photos=no&amp;resolution=22.88&amp;season=summer&amp;detours=yes&amp;trackId=1845278954&amp;E=2663063&amp;N=1164885\" frameborder=\"0\" height=\"600\" width=\"100%\">\r\n<\/iframe>\r\n\t\t\t\t<\/div>\n\t\t\t\t<\/div>\n\t\t\t\t\t<\/div>\n\t\t<\/div>\n\t\t\t\t\t<\/div>\n\t\t<\/section>\n\t\t\t\t<section class=\"elementor-section elementor-top-section elementor-element elementor-element-29c37ab elementor-section-boxed elementor-section-height-default elementor-section-height-default\" data-id=\"29c37ab\" data-element_type=\"section\" data-e-type=\"section\">\n\t\t\t\t\t\t<div class=\"elementor-container elementor-column-gap-default\">\n\t\t\t\t\t<div class=\"elementor-column elementor-col-100 elementor-top-column elementor-element elementor-element-e20365f\" data-id=\"e20365f\" data-element_type=\"column\" data-e-type=\"column\">\n\t\t\t<div class=\"elementor-widget-wrap elementor-element-populated\">\n\t\t\t\t\t\t<div class=\"elementor-element elementor-element-623dc95 elementor-widget elementor-widget-heading\" data-id=\"623dc95\" data-element_type=\"widget\" data-e-type=\"widget\" data-widget_type=\"heading.default\">\n\t\t\t\t<div class=\"elementor-widget-container\">\n\t\t\t\t\t<h2 class=\"elementor-heading-title elementor-size-default\">Conseils<\/h2>\t\t\t\t<\/div>\n\t\t\t\t<\/div>\n\t\t\t\t<div class=\"elementor-element elementor-element-b236ea6 elementor-widget elementor-widget-text-editor\" data-id=\"b236ea6\" data-element_type=\"widget\" data-e-type=\"widget\" data-widget_type=\"text-editor.default\">\n\t\t\t\t<div class=\"elementor-widget-container\">\n\t\t\t\t\t\t\t\t\t<p>Les itin\u00e9raires peuvent \u00eatre raccourcis \u00e0 volont\u00e9 par les anciens chemins de fer d&rsquo;usine des Kraftwerke Oberhasli AG ou par le CarPostal. Pour les familles, l&rsquo;itin\u00e9raire vers l&rsquo;Oberaargletscher est id\u00e9al, tandis que les randonneurs exp\u00e9riment\u00e9s peuvent se rendre \u00e0 la Source de l&rsquo;Aar, pr\u00e8s du glacier de Lauteraar. <\/p>\t\t\t\t\t\t\t\t<\/div>\n\t\t\t\t<\/div>\n\t\t\t\t<div class=\"elementor-element elementor-element-f3fc9ad elementor-widget elementor-widget-heading\" data-id=\"f3fc9ad\" data-element_type=\"widget\" data-e-type=\"widget\" data-widget_type=\"heading.default\">\n\t\t\t\t<div class=\"elementor-widget-container\">\n\t\t\t\t\t<h3 class=\"elementor-heading-title elementor-size-default\">Suggestions d'h\u00e9bergement<\/h3>\t\t\t\t<\/div>\n\t\t\t\t<\/div>\n\t\t\t\t<div class=\"elementor-element elementor-element-7a9b4c9 elementor-widget elementor-widget-text-editor\" data-id=\"7a9b4c9\" data-element_type=\"widget\" data-e-type=\"widget\" data-widget_type=\"text-editor.default\">\n\t\t\t\t<div class=\"elementor-widget-container\">\n\t\t\t\t\t\t\t\t\t<p><a href=\"https:\/\/www.baeren-guttannen.ch\/de\">H\u00f4tel B\u00e4ren Guttannen<\/a><\/p><p><a href=\"https:\/\/www.grimselwelt.ch\/fr\/hotels\/hotel-et-resort-nature-handeck\/\">H\u00f4tel Handeck et centre de vill\u00e9giature en pleine nature<\/a><\/p><p><a href=\"https:\/\/www.grimselwelt.ch\/fr\/hotels\/hotel-alpin-historique-grimsel-hospiz\/\">H\u00f4tel Alpin Historique Grimsel Hospiz<\/a><\/p>\t\t\t\t\t\t\t\t<\/div>\n\t\t\t\t<\/div>\n\t\t\t\t\t<\/div>\n\t\t<\/div>\n\t\t\t\t\t<\/div>\n\t\t<\/section>\n\t\t\t\t<\/div>\n\t\t","protected":false},"excerpt":{"rendered":"<p>En passant par des gorges imposantes, des cascades rugissantes et des lacs de retenue verdoyants, cette voie d&rsquo;eau longe l&rsquo;Aar jusqu&rsquo;aux deux sources de l&rsquo;Aar, avant l&rsquo;Oberaargletscher et l&rsquo;Unteraargletscher. Les \u00e9tapes Ce circuit de plusieurs jours part de la gare [&hellip;]<\/p>\n","protected":false},"author":10,"featured_media":45822,"parent":45386,"menu_order":0,"comment_status":"closed","ping_status":"closed","template":"","meta":{"footnotes":""},"class_list":["post-45820","page","type-page","status-publish","has-post-thumbnail","hentry"],"_links":{"self":[{"href":"https:\/\/www.grimselwelt.ch\/fr\/wp-json\/wp\/v2\/pages\/45820","targetHints":{"allow":["GET"]}}],"collection":[{"href":"https:\/\/www.grimselwelt.ch\/fr\/wp-json\/wp\/v2\/pages"}],"about":[{"href":"https:\/\/www.grimselwelt.ch\/fr\/wp-json\/wp\/v2\/types\/page"}],"author":[{"embeddable":true,"href":"https:\/\/www.grimselwelt.ch\/fr\/wp-json\/wp\/v2\/users\/10"}],"replies":[{"embeddable":true,"href":"https:\/\/www.grimselwelt.ch\/fr\/wp-json\/wp\/v2\/comments?post=45820"}],"version-history":[{"count":3,"href":"https:\/\/www.grimselwelt.ch\/fr\/wp-json\/wp\/v2\/pages\/45820\/revisions"}],"predecessor-version":[{"id":46540,"href":"https:\/\/www.grimselwelt.ch\/fr\/wp-json\/wp\/v2\/pages\/45820\/revisions\/46540"}],"up":[{"embeddable":true,"href":"https:\/\/www.grimselwelt.ch\/fr\/wp-json\/wp\/v2\/pages\/45386"}],"wp:featuredmedia":[{"embeddable":true,"href":"https:\/\/www.grimselwelt.ch\/fr\/wp-json\/wp\/v2\/media\/45822"}],"wp:attachment":[{"href":"https:\/\/www.grimselwelt.ch\/fr\/wp-json\/wp\/v2\/media?parent=45820"}],"curies":[{"name":"wp","href":"https:\/\/api.w.org\/{rel}","templated":true}]}}