{"id":45698,"date":"2024-07-29T09:16:56","date_gmt":"2024-07-29T09:16:56","guid":{"rendered":"https:\/\/www.grimselwelt.ch\/excursions\/escalade-dans-le-grimselwelt\/"},"modified":"2026-02-12T16:06:34","modified_gmt":"2026-02-12T16:06:34","slug":"escalade-dans-le-grimselwelt","status":"publish","type":"page","link":"https:\/\/www.grimselwelt.ch\/fr\/experiences\/escalade-dans-le-grimselwelt\/","title":{"rendered":"Escalade dans le Grimselwelt"},"content":{"rendered":"\t\t<div data-elementor-type=\"wp-page\" data-elementor-id=\"45698\" class=\"elementor elementor-45698 elementor-36244\" data-elementor-post-type=\"page\">\n\t\t\t\t\t\t<section class=\"elementor-section elementor-top-section elementor-element elementor-element-77b7e1ba elementor-section-boxed elementor-section-height-default elementor-section-height-default\" data-id=\"77b7e1ba\" data-element_type=\"section\" data-e-type=\"section\">\n\t\t\t\t\t\t<div class=\"elementor-container elementor-column-gap-default\">\n\t\t\t\t\t<div class=\"elementor-column elementor-col-100 elementor-top-column elementor-element elementor-element-53ab4349\" data-id=\"53ab4349\" data-element_type=\"column\" data-e-type=\"column\">\n\t\t\t<div class=\"elementor-widget-wrap elementor-element-populated\">\n\t\t\t\t\t\t<div class=\"elementor-element elementor-element-77be21d3 elementor-widget elementor-widget-text-editor\" data-id=\"77be21d3\" data-element_type=\"widget\" data-e-type=\"widget\" data-widget_type=\"text-editor.default\">\n\t\t\t\t<div class=\"elementor-widget-container\">\n\t\t\t\t\t\t\t\t\t<p>Le Grimselwelt est un v\u00e9ritable eldorado pour les grimpeurs. Non seulement parce que les dalles de granit du Grimselsee ont \u00e9t\u00e9 baptis\u00e9es \u00ab\u00a0Eldorado\u00a0\u00bb dans le milieu de l&rsquo;escalade, mais aussi parce que la diversit\u00e9 de la g\u00e9ologie, de l&rsquo;environnement montagneux et des difficult\u00e9s offre un r\u00e9gal pour tous. <\/p>\t\t\t\t\t\t\t\t<\/div>\n\t\t\t\t<\/div>\n\t\t\t\t<div class=\"elementor-element elementor-element-20029698 elementor-widget elementor-widget-heading\" data-id=\"20029698\" data-element_type=\"widget\" data-e-type=\"widget\" data-widget_type=\"heading.default\">\n\t\t\t\t<div class=\"elementor-widget-container\">\n\t\t\t\t\t<h3 class=\"elementor-heading-title elementor-size-default\">Acc\u00e8s limit\u00e9 \nSentiers d'escalade Handeck<\/h3>\t\t\t\t<\/div>\n\t\t\t\t<\/div>\n\t\t\t\t<div class=\"elementor-element elementor-element-42a4515c elementor-widget elementor-widget-text-editor\" data-id=\"42a4515c\" data-element_type=\"widget\" data-e-type=\"widget\" data-widget_type=\"text-editor.default\">\n\t\t\t\t<div class=\"elementor-widget-container\">\n\t\t\t\t\t\t\t\t\t<p>En raison d&rsquo;un chantier, les voies d&rsquo;escalade de l&rsquo;Oelberg, \u00e0 c\u00f4t\u00e9 du Gelmerbahn, ne sont accessibles que via la station aval du Gelmerbahn. L&rsquo;acc\u00e8s depuis la Centrale \u00e9lectrique Handeck 1 est ferm\u00e9.   <br>Merci de vous conformer \u00e0 ce blocage.<\/p><p><\/p>\t\t\t\t\t\t\t\t<\/div>\n\t\t\t\t<\/div>\n\t\t\t\t\t<\/div>\n\t\t<\/div>\n\t\t\t\t\t<\/div>\n\t\t<\/section>\n\t\t\t\t<section class=\"elementor-section elementor-top-section elementor-element elementor-element-3422e201 elementor-section-boxed elementor-section-height-default elementor-section-height-default\" data-id=\"3422e201\" data-element_type=\"section\" data-e-type=\"section\">\n\t\t\t\t\t\t<div class=\"elementor-container elementor-column-gap-default\">\n\t\t\t\t\t<div class=\"elementor-column elementor-col-100 elementor-top-column elementor-element elementor-element-6d54fafc\" data-id=\"6d54fafc\" data-element_type=\"column\" data-e-type=\"column\">\n\t\t\t<div class=\"elementor-widget-wrap elementor-element-populated\">\n\t\t\t\t\t\t<div class=\"elementor-element elementor-element-1b2ac74 elementor-widget elementor-widget-heading\" data-id=\"1b2ac74\" data-element_type=\"widget\" data-e-type=\"widget\" data-widget_type=\"heading.default\">\n\t\t\t\t<div class=\"elementor-widget-container\">\n\t\t\t\t\t<h3 class=\"elementor-heading-title elementor-size-default\">Yannick Glatthard parcourt le marathon du Grimsel<\/h3>\t\t\t\t<\/div>\n\t\t\t\t<\/div>\n\t\t\t\t<div class=\"elementor-element elementor-element-8a0d034 elementor-widget elementor-widget-text-editor\" data-id=\"8a0d034\" data-element_type=\"widget\" data-e-type=\"widget\" data-widget_type=\"text-editor.default\">\n\t\t\t\t<div class=\"elementor-widget-container\">\n\t\t\t\t\t\t\t\t\t<p>\u00ab\u00a0Best of Grimsel in a Day\u00a0\u00bb est le nom qu&rsquo;il donne lui-m\u00eame \u00e0 son projet. Cinq voies classiques dans la r\u00e9gion du Grimsel, 60 longueurs de corde au total, en 16 heures, principalement en solo sur corde. Le jeune homme de 24 ans, originaire de l&rsquo;Oberland bernois, s&rsquo;est surpass\u00e9.  <\/p><p><span class=\"cf0\">Pour les grimpeurs, ce sont les lignes les plus connues et les plus belles du Grimsel. Si vous \u00e9voluez dans ce secteur, c&rsquo;est pr\u00e9cis\u00e9ment un point \u00e0 ajouter \u00e0 votre liste de choses \u00e0 faire.   <\/span><\/p>\t\t\t\t\t\t\t\t<\/div>\n\t\t\t\t<\/div>\n\t\t\t\t<div class=\"elementor-element elementor-element-47a0d2b elementor-widget elementor-widget-button\" data-id=\"47a0d2b\" data-element_type=\"widget\" data-e-type=\"widget\" data-widget_type=\"button.default\">\n\t\t\t\t<div class=\"elementor-widget-container\">\n\t\t\t\t\t\t\t\t\t<div class=\"elementor-button-wrapper\">\n\t\t\t\t\t<a class=\"elementor-button elementor-button-link elementor-size-sm\" href=\"https:\/\/www.yannickglatthard.ch\/projekte\/grimsel\" target=\"_blank\">\n\t\t\t\t\t\t<span class=\"elementor-button-content-wrapper\">\n\t\t\t\t\t\t\t\t\t<span class=\"elementor-button-text\">\"Le meilleur du Grimsel en une journ\u00e9e\"<\/span>\n\t\t\t\t\t<\/span>\n\t\t\t\t\t<\/a>\n\t\t\t\t<\/div>\n\t\t\t\t\t\t\t\t<\/div>\n\t\t\t\t<\/div>\n\t\t\t\t<div class=\"elementor-element elementor-element-64f21dc elementor-widget elementor-widget-image\" data-id=\"64f21dc\" data-element_type=\"widget\" data-e-type=\"widget\" data-widget_type=\"image.default\">\n\t\t\t\t<div class=\"elementor-widget-container\">\n\t\t\t\t\t\t\t\t\t\t\t\t<figure class=\"wp-caption\">\n\t\t\t\t\t\t\t\t\t\t<img fetchpriority=\"high\" decoding=\"async\" width=\"768\" height=\"576\" src=\"https:\/\/www.grimselwelt.ch\/media\/yannick-glatthard-am-klettern-im-grimselgebiet-768x576.jpg\" class=\"attachment-medium_large size-medium_large wp-image-45700\" alt=\"Yannick Glatthard en train de grimper dans la r\u00e9gion du Grimsel\" srcset=\"https:\/\/www.grimselwelt.ch\/media\/yannick-glatthard-am-klettern-im-grimselgebiet-768x576.jpg 768w, https:\/\/www.grimselwelt.ch\/media\/yannick-glatthard-am-klettern-im-grimselgebiet-300x225.jpg 300w, https:\/\/www.grimselwelt.ch\/media\/yannick-glatthard-am-klettern-im-grimselgebiet-1024x768.jpg 1024w, https:\/\/www.grimselwelt.ch\/media\/yannick-glatthard-am-klettern-im-grimselgebiet-830x623.jpg 830w, https:\/\/www.grimselwelt.ch\/media\/yannick-glatthard-am-klettern-im-grimselgebiet-230x173.jpg 230w, https:\/\/www.grimselwelt.ch\/media\/yannick-glatthard-am-klettern-im-grimselgebiet-350x263.jpg 350w, https:\/\/www.grimselwelt.ch\/media\/yannick-glatthard-am-klettern-im-grimselgebiet-480x360.jpg 480w, https:\/\/www.grimselwelt.ch\/media\/yannick-glatthard-am-klettern-im-grimselgebiet.jpg 1440w\" sizes=\"(max-width: 768px) 100vw, 768px\" \/>\t\t\t\t\t\t\t\t\t\t\t<figcaption class=\"widget-image-caption wp-caption-text\">Photographe : Diego Schl\u00e4ppi<\/figcaption>\n\t\t\t\t\t\t\t\t\t\t<\/figure>\n\t\t\t\t\t\t\t\t\t<\/div>\n\t\t\t\t<\/div>\n\t\t\t\t<div class=\"elementor-element elementor-element-bc13edf elementor-widget elementor-widget-heading\" data-id=\"bc13edf\" data-element_type=\"widget\" data-e-type=\"widget\" data-widget_type=\"heading.default\">\n\t\t\t\t<div class=\"elementor-widget-container\">\n\t\t\t\t\t<h3 class=\"elementor-heading-title elementor-size-default\">Gadmental<\/h3>\t\t\t\t<\/div>\n\t\t\t\t<\/div>\n\t\t\t\t<div class=\"elementor-element elementor-element-1da4071 elementor-widget elementor-widget-text-editor\" data-id=\"1da4071\" data-element_type=\"widget\" data-e-type=\"widget\" data-widget_type=\"text-editor.default\">\n\t\t\t\t<div class=\"elementor-widget-container\">\n\t\t\t\t\t\t\t\t\t<p>Les Wendenst\u00f6cke dans le Gadmental ont rendu Ueli Steck c\u00e9l\u00e8bre dans le monde entier lorsqu&rsquo;il a r\u00e9alis\u00e9 en 2004 l&rsquo;ascension classique \u00ab\u00a0Excalibur\u00a0\u00bb 6b, free solo, c&rsquo;est-\u00e0-dire seul et sans corde, d&rsquo;une hauteur de 230 m\u00e8tres. La cha\u00eene des Wendenst\u00f6cke, longue d&rsquo;environ 10 kilom\u00e8tres, compos\u00e9e de calcaire de haute montagne et tout en haut de gr\u00e8s, s&rsquo;\u00e9tend du T\u00e4llistock au Titlis et offre environ 130 voies de plusieurs longueurs. <\/p>\t\t\t\t\t\t\t\t<\/div>\n\t\t\t\t<\/div>\n\t\t\t\t<div class=\"elementor-element elementor-element-322be3a elementor-widget elementor-widget-image\" data-id=\"322be3a\" data-element_type=\"widget\" data-e-type=\"widget\" data-widget_type=\"image.default\">\n\t\t\t\t<div class=\"elementor-widget-container\">\n\t\t\t\t\t\t\t\t\t\t\t\t<figure class=\"wp-caption\">\n\t\t\t\t\t\t\t\t\t\t\t<a href=\"https:\/\/www.mybergtour.ch\/klettern-wendenstoecke-excalibur\" target=\"_blank\">\n\t\t\t\t\t\t\t<img decoding=\"async\" width=\"768\" height=\"502\" src=\"https:\/\/www.grimselwelt.ch\/media\/wenden-excalibur-768x502.png\" class=\"attachment-medium_large size-medium_large wp-image-45701\" alt=\"Retournement Excalibur\" srcset=\"https:\/\/www.grimselwelt.ch\/media\/wenden-excalibur-768x502.png 768w, https:\/\/www.grimselwelt.ch\/media\/wenden-excalibur-300x196.png 300w, https:\/\/www.grimselwelt.ch\/media\/wenden-excalibur-230x150.png 230w, https:\/\/www.grimselwelt.ch\/media\/wenden-excalibur-350x229.png 350w, https:\/\/www.grimselwelt.ch\/media\/wenden-excalibur-480x314.png 480w, https:\/\/www.grimselwelt.ch\/media\/wenden-excalibur.png 820w\" sizes=\"(max-width: 768px) 100vw, 768px\" \/>\t\t\t\t\t\t\t\t<\/a>\n\t\t\t\t\t\t\t\t\t\t\t<figcaption class=\"widget-image-caption wp-caption-text\">Le fier pilier Excalibur, source : www.mybergtour.ch\/klettern-wendenstoecke-excalibur<\/figcaption>\n\t\t\t\t\t\t\t\t\t\t<\/figure>\n\t\t\t\t\t\t\t\t\t<\/div>\n\t\t\t\t<\/div>\n\t\t\t\t<div class=\"elementor-element elementor-element-7a67db4 elementor-widget elementor-widget-heading\" data-id=\"7a67db4\" data-element_type=\"widget\" data-e-type=\"widget\" data-widget_type=\"heading.default\">\n\t\t\t\t<div class=\"elementor-widget-container\">\n\t\t\t\t\t<h3 class=\"elementor-heading-title elementor-size-default\">Grimselsee<\/h3>\t\t\t\t<\/div>\n\t\t\t\t<\/div>\n\t\t\t\t<div class=\"elementor-element elementor-element-c1b3021 elementor-widget elementor-widget-text-editor\" data-id=\"c1b3021\" data-element_type=\"widget\" data-e-type=\"widget\" data-widget_type=\"text-editor.default\">\n\t\t\t\t<div class=\"elementor-widget-container\">\n\t\t\t\t\t\t\t\t\t<p>Le v\u00e9ritable \u00ab\u00a0Eldorado\u00a0\u00bb se trouve sur les versants sud au-dessus du Grimselsee. Les dalles de granit de la plus haute qualit\u00e9, taill\u00e9es par le glacier et \u00e9paisses de plus de 500 m\u00e8tres, connues dans le monde entier, ont apport\u00e9 leur contribution non n\u00e9gligeable \u00e0 l&rsquo;histoire de l&rsquo;escalade. <\/p><p>\u00ab\u00a0Mot\u00f6rhead\u00a0\u00bb est probablement l&rsquo;escalade de granit la plus connue du Col de Grimsel et la voie la plus fr\u00e9quent\u00e9e du site d&rsquo;escalade \u00ab\u00a0Eldorado\u00a0\u00bb. La voie a \u00e9t\u00e9 gravie pour la premi\u00e8re fois en 1983 par les fr\u00e8res Remy.   <\/p>\t\t\t\t\t\t\t\t<\/div>\n\t\t\t\t<\/div>\n\t\t\t\t<div class=\"elementor-element elementor-element-8894c56 elementor-widget elementor-widget-image\" data-id=\"8894c56\" data-element_type=\"widget\" data-e-type=\"widget\" data-widget_type=\"image.default\">\n\t\t\t\t<div class=\"elementor-widget-container\">\n\t\t\t\t\t\t\t\t\t\t\t\t<figure class=\"wp-caption\">\n\t\t\t\t\t\t\t\t\t\t<img decoding=\"async\" width=\"1024\" height=\"683\" src=\"https:\/\/www.grimselwelt.ch\/media\/portrait-yannick-glatthard-8-1024x683.jpg\" class=\"attachment-large size-large wp-image-45702\" alt=\"Portrait de Yannick Glatthard\" srcset=\"https:\/\/www.grimselwelt.ch\/media\/portrait-yannick-glatthard-8-1024x683.jpg 1024w, https:\/\/www.grimselwelt.ch\/media\/portrait-yannick-glatthard-8-300x200.jpg 300w, https:\/\/www.grimselwelt.ch\/media\/portrait-yannick-glatthard-8-768x512.jpg 768w, https:\/\/www.grimselwelt.ch\/media\/portrait-yannick-glatthard-8-1536x1024.jpg 1536w, https:\/\/www.grimselwelt.ch\/media\/portrait-yannick-glatthard-8-830x553.jpg 830w, https:\/\/www.grimselwelt.ch\/media\/portrait-yannick-glatthard-8-230x153.jpg 230w, https:\/\/www.grimselwelt.ch\/media\/portrait-yannick-glatthard-8-350x233.jpg 350w, https:\/\/www.grimselwelt.ch\/media\/portrait-yannick-glatthard-8-480x320.jpg 480w, https:\/\/www.grimselwelt.ch\/media\/portrait-yannick-glatthard-8-750x500.jpg 750w, https:\/\/www.grimselwelt.ch\/media\/portrait-yannick-glatthard-8.jpg 1620w\" sizes=\"(max-width: 1024px) 100vw, 1024px\" \/>\t\t\t\t\t\t\t\t\t\t\t<figcaption class=\"widget-image-caption wp-caption-text\">Photographe : Diego Schl\u00e4ppi<\/figcaption>\n\t\t\t\t\t\t\t\t\t\t<\/figure>\n\t\t\t\t\t\t\t\t\t<\/div>\n\t\t\t\t<\/div>\n\t\t\t\t<div class=\"elementor-element elementor-element-1dc0111 elementor-widget elementor-widget-heading\" data-id=\"1dc0111\" data-element_type=\"widget\" data-e-type=\"widget\" data-widget_type=\"heading.default\">\n\t\t\t\t<div class=\"elementor-widget-container\">\n\t\t\t\t\t<h3 class=\"elementor-heading-title elementor-size-default\">Vall\u00e9e de l'Aar<\/h3>\t\t\t\t<\/div>\n\t\t\t\t<\/div>\n\t\t\t\t<div class=\"elementor-element elementor-element-e069710 elementor-widget elementor-widget-text-editor\" data-id=\"e069710\" data-element_type=\"widget\" data-e-type=\"widget\" data-widget_type=\"text-editor.default\">\n\t\t\t\t<div class=\"elementor-widget-container\">\n\t\t\t\t\t\t\t\t\t<p>Du R\u00e4terichsbodensee jusqu&rsquo;\u00e0 la Mittagsflue, il y a des voies d&rsquo;escalade pour tout un \u00e9t\u00e9 : Sagaritus, Fair Hands Line, Siebenschl\u00e4fer, &#8230;<\/p><p>Outre la beaut\u00e9 de ses paysages, la vall\u00e9e de l&rsquo;Aar offre une multitude de sites d&rsquo;escalade de premier ordre. Des jardins d&rsquo;escalade familiaux confortables aux courses de plusieurs longueurs plus exigeantes, on trouve de tout dans les quelque 40 sites et secteurs diff\u00e9rents. <\/p><p>  Pour une belle exp\u00e9rience en famille, le secteur Azalee Beach pr\u00e8s du lac de barrage R\u00e4terichsboden est id\u00e9al. Pour les grimpeurs un peu plus ambitieux, il y a le secteur Stock \u00e0 Chuenzendlen, o\u00f9 beaucoup de choses doivent \u00eatre assur\u00e9es par soi-m\u00eame. Ou encore, \u00e0 c\u00f4t\u00e9 du Gelmerbahn, la voie Fairhands Line, qui fait partie du top 5 au Grimsel.  <\/p><p>Et si le col est trop fr\u00e9quent\u00e9 et que l&rsquo;effort ne vous fait pas peur, vous pouvez atteindre la Cabane B\u00e4chlitalh\u00fctte ou la Cabane Gelmerh\u00fctte en 2 \u00e0 3 heures, o\u00f9 vous trouverez encore une multitude d&rsquo;escalades.<\/p><p>Nous, les locaux, l&rsquo;appelons le Yosemite de l&rsquo;Oberland bernois.<\/p>\t\t\t\t\t\t\t\t<\/div>\n\t\t\t\t<\/div>\n\t\t\t\t<div class=\"elementor-element elementor-element-e99dbc0 elementor-widget elementor-widget-image\" data-id=\"e99dbc0\" data-element_type=\"widget\" data-e-type=\"widget\" data-widget_type=\"image.default\">\n\t\t\t\t<div class=\"elementor-widget-container\">\n\t\t\t\t\t\t\t\t\t\t\t\t<figure class=\"wp-caption\">\n\t\t\t\t\t\t\t\t\t\t<img loading=\"lazy\" decoding=\"async\" width=\"1024\" height=\"768\" src=\"https:\/\/www.grimselwelt.ch\/media\/klettern-im-aaretal-yannick-glatthard-1024x768.jpg\" class=\"attachment-large size-large wp-image-45703\" alt=\"Escalade dans la vall\u00e9e de l&#039;Aar - Yannick Glatthard\" srcset=\"https:\/\/www.grimselwelt.ch\/media\/klettern-im-aaretal-yannick-glatthard-1024x768.jpg 1024w, https:\/\/www.grimselwelt.ch\/media\/klettern-im-aaretal-yannick-glatthard-300x225.jpg 300w, https:\/\/www.grimselwelt.ch\/media\/klettern-im-aaretal-yannick-glatthard-768x576.jpg 768w, https:\/\/www.grimselwelt.ch\/media\/klettern-im-aaretal-yannick-glatthard-830x623.jpg 830w, https:\/\/www.grimselwelt.ch\/media\/klettern-im-aaretal-yannick-glatthard-230x173.jpg 230w, https:\/\/www.grimselwelt.ch\/media\/klettern-im-aaretal-yannick-glatthard-350x263.jpg 350w, https:\/\/www.grimselwelt.ch\/media\/klettern-im-aaretal-yannick-glatthard-480x360.jpg 480w, https:\/\/www.grimselwelt.ch\/media\/klettern-im-aaretal-yannick-glatthard.jpg 1440w\" sizes=\"(max-width: 1024px) 100vw, 1024px\" \/>\t\t\t\t\t\t\t\t\t\t\t<figcaption class=\"widget-image-caption wp-caption-text\">Photographe : Diego Schl\u00e4ppi<\/figcaption>\n\t\t\t\t\t\t\t\t\t\t<\/figure>\n\t\t\t\t\t\t\t\t\t<\/div>\n\t\t\t\t<\/div>\n\t\t\t\t<div class=\"elementor-element elementor-element-5cb8909 elementor-widget elementor-widget-heading\" data-id=\"5cb8909\" data-element_type=\"widget\" data-e-type=\"widget\" data-widget_type=\"heading.default\">\n\t\t\t\t<div class=\"elementor-widget-container\">\n\t\t\t\t\t<h3 class=\"elementor-heading-title elementor-size-default\">Escalade de bloc \u00e0 Handegg<\/h3>\t\t\t\t<\/div>\n\t\t\t\t<\/div>\n\t\t\t\t<div class=\"elementor-element elementor-element-cd33858 elementor-widget elementor-widget-text-editor\" data-id=\"cd33858\" data-element_type=\"widget\" data-e-type=\"widget\" data-widget_type=\"text-editor.default\">\n\t\t\t\t<div class=\"elementor-widget-container\">\n\t\t\t\t\t\t\t\t\t<p>A gauche et \u00e0 droite du sentier de randonn\u00e9e qui part de l&rsquo;H\u00f4tel Handeck en direction du Col de Grimsel, les g\u00e9niaux blocs de granit du site d&rsquo;escalade de bloc \u00ab\u00a0Kristallweg\u00a0\u00bb sont diss\u00e9min\u00e9s dans la for\u00eat. Ne soyez donc pas surpris de croiser ici et l\u00e0 l&rsquo;un des meilleurs grimpeurs du monde ! <\/p><p> <\/p>\t\t\t\t\t\t\t\t<\/div>\n\t\t\t\t<\/div>\n\t\t\t\t<div class=\"elementor-element elementor-element-4fef0c0 elementor-widget elementor-widget-image\" data-id=\"4fef0c0\" data-element_type=\"widget\" data-e-type=\"widget\" data-widget_type=\"image.default\">\n\t\t\t\t<div class=\"elementor-widget-container\">\n\t\t\t\t\t\t\t\t\t\t\t\t<figure class=\"wp-caption\">\n\t\t\t\t\t\t\t\t\t\t<img loading=\"lazy\" decoding=\"async\" width=\"1024\" height=\"683\" src=\"https:\/\/www.grimselwelt.ch\/media\/yannick-glatthard-bouldern-in-der-grimselwelt-1024x683.jpg\" class=\"attachment-large size-large wp-image-45704\" alt=\"Yannick Glatthard Escalade de bloc \u00e0 Grimselwelt\" srcset=\"https:\/\/www.grimselwelt.ch\/media\/yannick-glatthard-bouldern-in-der-grimselwelt-1024x683.jpg 1024w, https:\/\/www.grimselwelt.ch\/media\/yannick-glatthard-bouldern-in-der-grimselwelt-300x200.jpg 300w, https:\/\/www.grimselwelt.ch\/media\/yannick-glatthard-bouldern-in-der-grimselwelt-768x512.jpg 768w, https:\/\/www.grimselwelt.ch\/media\/yannick-glatthard-bouldern-in-der-grimselwelt-1536x1024.jpg 1536w, https:\/\/www.grimselwelt.ch\/media\/yannick-glatthard-bouldern-in-der-grimselwelt-830x553.jpg 830w, https:\/\/www.grimselwelt.ch\/media\/yannick-glatthard-bouldern-in-der-grimselwelt-230x153.jpg 230w, https:\/\/www.grimselwelt.ch\/media\/yannick-glatthard-bouldern-in-der-grimselwelt-350x233.jpg 350w, https:\/\/www.grimselwelt.ch\/media\/yannick-glatthard-bouldern-in-der-grimselwelt-480x320.jpg 480w, https:\/\/www.grimselwelt.ch\/media\/yannick-glatthard-bouldern-in-der-grimselwelt-750x500.jpg 750w, https:\/\/www.grimselwelt.ch\/media\/yannick-glatthard-bouldern-in-der-grimselwelt.jpg 1620w\" sizes=\"(max-width: 1024px) 100vw, 1024px\" \/>\t\t\t\t\t\t\t\t\t\t\t<figcaption class=\"widget-image-caption wp-caption-text\">Photographe : Diego Schl\u00e4ppi<\/figcaption>\n\t\t\t\t\t\t\t\t\t\t<\/figure>\n\t\t\t\t\t\t\t\t\t<\/div>\n\t\t\t\t<\/div>\n\t\t\t\t\t<\/div>\n\t\t<\/div>\n\t\t\t\t\t<\/div>\n\t\t<\/section>\n\t\t\t\t<\/div>\n\t\t","protected":false},"excerpt":{"rendered":"<p>Le Grimselwelt est un v\u00e9ritable eldorado pour les grimpeurs. Non seulement parce que les dalles de granit du Grimselsee ont \u00e9t\u00e9 baptis\u00e9es \u00ab\u00a0Eldorado\u00a0\u00bb dans le milieu de l&rsquo;escalade, mais aussi parce que la diversit\u00e9 de la g\u00e9ologie, de l&rsquo;environnement montagneux [&hellip;]<\/p>\n","protected":false},"author":17,"featured_media":45699,"parent":45386,"menu_order":0,"comment_status":"closed","ping_status":"closed","template":"","meta":{"footnotes":""},"class_list":["post-45698","page","type-page","status-publish","has-post-thumbnail","hentry"],"_links":{"self":[{"href":"https:\/\/www.grimselwelt.ch\/fr\/wp-json\/wp\/v2\/pages\/45698","targetHints":{"allow":["GET"]}}],"collection":[{"href":"https:\/\/www.grimselwelt.ch\/fr\/wp-json\/wp\/v2\/pages"}],"about":[{"href":"https:\/\/www.grimselwelt.ch\/fr\/wp-json\/wp\/v2\/types\/page"}],"author":[{"embeddable":true,"href":"https:\/\/www.grimselwelt.ch\/fr\/wp-json\/wp\/v2\/users\/17"}],"replies":[{"embeddable":true,"href":"https:\/\/www.grimselwelt.ch\/fr\/wp-json\/wp\/v2\/comments?post=45698"}],"version-history":[{"count":15,"href":"https:\/\/www.grimselwelt.ch\/fr\/wp-json\/wp\/v2\/pages\/45698\/revisions"}],"predecessor-version":[{"id":46552,"href":"https:\/\/www.grimselwelt.ch\/fr\/wp-json\/wp\/v2\/pages\/45698\/revisions\/46552"}],"up":[{"embeddable":true,"href":"https:\/\/www.grimselwelt.ch\/fr\/wp-json\/wp\/v2\/pages\/45386"}],"wp:featuredmedia":[{"embeddable":true,"href":"https:\/\/www.grimselwelt.ch\/fr\/wp-json\/wp\/v2\/media\/45699"}],"wp:attachment":[{"href":"https:\/\/www.grimselwelt.ch\/fr\/wp-json\/wp\/v2\/media?parent=45698"}],"curies":[{"name":"wp","href":"https:\/\/api.w.org\/{rel}","templated":true}]}}