{"id":45599,"date":"2021-02-04T18:00:53","date_gmt":"2021-02-04T18:00:53","guid":{"rendered":"https:\/\/www.grimselwelt.ch\/excursions\/route-du-sbrinz-handeck-grimsel-hospiz\/"},"modified":"2026-02-12T16:06:26","modified_gmt":"2026-02-12T16:06:26","slug":"route-du-sbrinz-handeck-grimsel-hospiz","status":"publish","type":"page","link":"https:\/\/www.grimselwelt.ch\/fr\/experiences\/route-du-sbrinz-handeck-grimsel-hospiz\/","title":{"rendered":"Route du Sbrinz Handeck - Grimsel Hospiz"},"content":{"rendered":"\t\t<div data-elementor-type=\"wp-page\" data-elementor-id=\"45599\" class=\"elementor elementor-45599 elementor-9411\" data-elementor-post-type=\"page\">\n\t\t\t\t\t\t<section class=\"elementor-section elementor-top-section elementor-element elementor-element-25a80dc elementor-section-full_width elementor-section-height-default elementor-section-height-default\" data-id=\"25a80dc\" data-element_type=\"section\" data-e-type=\"section\">\n\t\t\t\t\t\t<div class=\"elementor-container elementor-column-gap-default\">\n\t\t\t\t\t<div class=\"elementor-column elementor-col-100 elementor-top-column elementor-element elementor-element-67d60ee\" data-id=\"67d60ee\" data-element_type=\"column\" data-e-type=\"column\">\n\t\t\t<div class=\"elementor-widget-wrap elementor-element-populated\">\n\t\t\t\t\t\t<div class=\"elementor-element elementor-element-46a6cbc elementor-widget elementor-widget-spacer\" data-id=\"46a6cbc\" data-element_type=\"widget\" data-e-type=\"widget\" data-widget_type=\"spacer.default\">\n\t\t\t\t<div class=\"elementor-widget-container\">\n\t\t\t\t\t\t\t<div class=\"elementor-spacer\">\n\t\t\t<div class=\"elementor-spacer-inner\"><\/div>\n\t\t<\/div>\n\t\t\t\t\t\t<\/div>\n\t\t\t\t<\/div>\n\t\t\t\t\t<\/div>\n\t\t<\/div>\n\t\t\t\t\t<\/div>\n\t\t<\/section>\n\t\t\t\t<section class=\"elementor-section elementor-top-section elementor-element elementor-element-77b7e1ba elementor-section-boxed elementor-section-height-default elementor-section-height-default\" data-id=\"77b7e1ba\" data-element_type=\"section\" data-e-type=\"section\">\n\t\t\t\t\t\t<div class=\"elementor-container elementor-column-gap-default\">\n\t\t\t\t\t<div class=\"elementor-column elementor-col-100 elementor-top-column elementor-element elementor-element-53ab4349\" data-id=\"53ab4349\" data-element_type=\"column\" data-e-type=\"column\">\n\t\t\t<div class=\"elementor-widget-wrap elementor-element-populated\">\n\t\t\t\t\t\t<div class=\"elementor-element elementor-element-0dd287d elementor-widget elementor-widget-html\" data-id=\"0dd287d\" data-element_type=\"widget\" data-e-type=\"widget\" data-widget_type=\"html.default\">\n\t\t\t\t<div class=\"elementor-widget-container\">\n\t\t\t\t\t<i class=\"fa fa-info\" aria-hidden=\"true\"><\/i>&nbsp;MOYENNE | \n<i class=\"far fa-clock -alt\" aria-hidden=\"true\"><\/i> 2 h 45 min | \n<i class=\"fa fa-long-arrow-right\" aria-hidden=\"true\"><\/i> 7.2 km | \n<i class=\"fa fa-arrow-up\" aria-hidden=\"true\"><\/i> 701 m | \n<i class=\"fa fa-arrow-down\" aria-hidden=\"true\"><\/i> 149 m\t\t\t\t<\/div>\n\t\t\t\t<\/div>\n\t\t\t\t<div class=\"elementor-element elementor-element-77be21d3 elementor-widget elementor-widget-text-editor\" data-id=\"77be21d3\" data-element_type=\"widget\" data-e-type=\"widget\" data-widget_type=\"text-editor.default\">\n\t\t\t\t<div class=\"elementor-widget-container\">\n\t\t\t\t\t\t\t\t\t<p>La l\u00e9gendaire route du Sbrinz, nomm\u00e9e d&rsquo;apr\u00e8s le fromage dur de Suisse centrale, m\u00e8ne du lac des Quatre-Cantons \u00e0 l&rsquo;Italie. Le tron\u00e7on entre Handeck et Grimsel Hospiz peut \u00eatre consid\u00e9r\u00e9 comme le v\u00e9ritable point fort de cet ancien sentier muletier : En passant par des ponts de pierre spectaculaires et des sentiers rocheux datant de l&rsquo;\u00e9poque des muletiers, le chemin monte le long de gorges, de torrents, de dalles rocheuses et des rives du lac R\u00e4trichsboden jusqu&rsquo;\u00e0 la premi\u00e8re auberge de Suisse mentionn\u00e9e dans un document <span style=\"font-family: Dax-Light; font-size: 10pt; letter-spacing: 0.075em;\">-<\/span><span style=\"letter-spacing: 0.075em;\"> le Grimsel Hospiz.<\/span> <\/p>\t\t\t\t\t\t\t\t<\/div>\n\t\t\t\t<\/div>\n\t\t\t\t\t<\/div>\n\t\t<\/div>\n\t\t\t\t\t<\/div>\n\t\t<\/section>\n\t\t\t\t<section class=\"elementor-section elementor-top-section elementor-element elementor-element-d5c1675 elementor-section-boxed elementor-section-height-default elementor-section-height-default\" data-id=\"d5c1675\" data-element_type=\"section\" data-e-type=\"section\">\n\t\t\t\t\t\t<div class=\"elementor-container elementor-column-gap-default\">\n\t\t\t\t\t<div class=\"elementor-column elementor-col-100 elementor-top-column elementor-element elementor-element-38dea25\" data-id=\"38dea25\" data-element_type=\"column\" data-e-type=\"column\">\n\t\t\t<div class=\"elementor-widget-wrap elementor-element-populated\">\n\t\t\t\t\t\t<div class=\"elementor-element elementor-element-b52ab0b elementor-widget elementor-widget-html\" data-id=\"b52ab0b\" data-element_type=\"widget\" data-e-type=\"widget\" data-widget_type=\"html.default\">\n\t\t\t\t<div class=\"elementor-widget-container\">\n\t\t\t\t\t<iframe src=\"https:\/\/map.schweizmobil.ch\/?embed&amp;bgLayer=pk&amp;lang=de&amp;logo=no&amp;photos=no&amp;resolution=10.86&amp;season=summer&amp;trackId=1518077254\" frameborder=\"0\" height=\"600\" width=\"100%\">\n<\/iframe>\t\t\t\t<\/div>\n\t\t\t\t<\/div>\n\t\t\t\t\t<\/div>\n\t\t<\/div>\n\t\t\t\t\t<\/div>\n\t\t<\/section>\n\t\t\t\t<section class=\"elementor-section elementor-top-section elementor-element elementor-element-3422e201 elementor-section-boxed elementor-section-height-default elementor-section-height-default\" data-id=\"3422e201\" data-element_type=\"section\" data-e-type=\"section\">\n\t\t\t\t\t\t<div class=\"elementor-container elementor-column-gap-default\">\n\t\t\t\t\t<div class=\"elementor-column elementor-col-100 elementor-top-column elementor-element elementor-element-6d54fafc\" data-id=\"6d54fafc\" data-element_type=\"column\" data-e-type=\"column\">\n\t\t\t<div class=\"elementor-widget-wrap elementor-element-populated\">\n\t\t\t\t\t\t<div class=\"elementor-element elementor-element-20029698 elementor-widget elementor-widget-heading\" data-id=\"20029698\" data-element_type=\"widget\" data-e-type=\"widget\" data-widget_type=\"heading.default\">\n\t\t\t\t<div class=\"elementor-widget-container\">\n\t\t\t\t\t<h3 class=\"elementor-heading-title elementor-size-default\">Temps de marche<\/h3>\t\t\t\t<\/div>\n\t\t\t\t<\/div>\n\t\t\t\t<div class=\"elementor-element elementor-element-42a4515c elementor-widget elementor-widget-text-editor\" data-id=\"42a4515c\" data-element_type=\"widget\" data-e-type=\"widget\" data-widget_type=\"text-editor.default\">\n\t\t\t\t<div class=\"elementor-widget-container\">\n\t\t\t\t\t\t\t\t\t<p>2 h 45 min<\/p>\t\t\t\t\t\t\t\t<\/div>\n\t\t\t\t<\/div>\n\t\t\t\t<div class=\"elementor-element elementor-element-bc13edf elementor-widget elementor-widget-heading\" data-id=\"bc13edf\" data-element_type=\"widget\" data-e-type=\"widget\" data-widget_type=\"heading.default\">\n\t\t\t\t<div class=\"elementor-widget-container\">\n\t\t\t\t\t<h3 class=\"elementor-heading-title elementor-size-default\">Point de d\u00e9part<\/h3>\t\t\t\t<\/div>\n\t\t\t\t<\/div>\n\t\t\t\t<div class=\"elementor-element elementor-element-1da4071 elementor-widget elementor-widget-text-editor\" data-id=\"1da4071\" data-element_type=\"widget\" data-e-type=\"widget\" data-widget_type=\"text-editor.default\">\n\t\t\t\t<div class=\"elementor-widget-container\">\n\t\t\t\t\t\t\t\t\t<p><a href=\"https:\/\/www.grimselwelt.ch\/fr\/hotels\/hotel-et-resort-nature-handeck\/\"><span style=\"letter-spacing: 1.2px;\">H\u00f4tel et Resort Nature Handeck<\/span><\/a><\/p>\t\t\t\t\t\t\t\t<\/div>\n\t\t\t\t<\/div>\n\t\t\t\t<div class=\"elementor-element elementor-element-7a67db4 elementor-widget elementor-widget-heading\" data-id=\"7a67db4\" data-element_type=\"widget\" data-e-type=\"widget\" data-widget_type=\"heading.default\">\n\t\t\t\t<div class=\"elementor-widget-container\">\n\t\t\t\t\t<h3 class=\"elementor-heading-title elementor-size-default\">Point final<\/h3>\t\t\t\t<\/div>\n\t\t\t\t<\/div>\n\t\t\t\t<div class=\"elementor-element elementor-element-c1b3021 elementor-widget elementor-widget-text-editor\" data-id=\"c1b3021\" data-element_type=\"widget\" data-e-type=\"widget\" data-widget_type=\"text-editor.default\">\n\t\t\t\t<div class=\"elementor-widget-container\">\n\t\t\t\t\t\t\t\t\t<p><a href=\"https:\/\/www.grimselwelt.ch\/fr\/hotels\/hotel-alpin-historique-grimsel-hospiz\/\">H\u00f4tel Alpin Historique Grimsel Hospiz<\/a><\/p>\t\t\t\t\t\t\t\t<\/div>\n\t\t\t\t<\/div>\n\t\t\t\t<div class=\"elementor-element elementor-element-1dc0111 elementor-widget elementor-widget-heading\" data-id=\"1dc0111\" data-element_type=\"widget\" data-e-type=\"widget\" data-widget_type=\"heading.default\">\n\t\t\t\t<div class=\"elementor-widget-container\">\n\t\t\t\t\t<h3 class=\"elementor-heading-title elementor-size-default\">Car postal<\/h3>\t\t\t\t<\/div>\n\t\t\t\t<\/div>\n\t\t\t\t<div class=\"elementor-element elementor-element-b16c390 elementor-widget elementor-widget-text-editor\" data-id=\"b16c390\" data-element_type=\"widget\" data-e-type=\"widget\" data-widget_type=\"text-editor.default\">\n\t\t\t\t<div class=\"elementor-widget-container\">\n\t\t\t\t\t\t\t\t\t<p>Arr\u00eat Handegg, Gelmerbahn<\/p>\t\t\t\t\t\t\t\t<\/div>\n\t\t\t\t<\/div>\n\t\t\t\t<div class=\"elementor-element elementor-element-5cb8909 elementor-widget elementor-widget-heading\" data-id=\"5cb8909\" data-element_type=\"widget\" data-e-type=\"widget\" data-widget_type=\"heading.default\">\n\t\t\t\t<div class=\"elementor-widget-container\">\n\t\t\t\t\t<h3 class=\"elementor-heading-title elementor-size-default\">Possibilit\u00e9s de se restaurer<\/h3>\t\t\t\t<\/div>\n\t\t\t\t<\/div>\n\t\t\t\t<div class=\"elementor-element elementor-element-8fb478f elementor-widget elementor-widget-text-editor\" data-id=\"8fb478f\" data-element_type=\"widget\" data-e-type=\"widget\" data-widget_type=\"text-editor.default\">\n\t\t\t\t<div class=\"elementor-widget-container\">\n\t\t\t\t\t\t\t\t\t<p><a href=\"https:\/\/www.grimselwelt.ch\/fr\/hotels\/hotel-et-resort-nature-handeck\/\">H\u00f4tel et Resort Nature Handeck<\/a><\/p><p><a href=\"https:\/\/www.grimselwelt.ch\/fr\/hotels\/hotel-alpin-historique-grimsel-hospiz\/\">H\u00f4tel Alpin Historique Grimsel Hospiz<\/a><\/p>\t\t\t\t\t\t\t\t<\/div>\n\t\t\t\t<\/div>\n\t\t\t\t\t<\/div>\n\t\t<\/div>\n\t\t\t\t\t<\/div>\n\t\t<\/section>\n\t\t\t\t<section class=\"elementor-section elementor-top-section elementor-element elementor-element-49626ff0 elementor-section-stretched elementor-section-boxed elementor-section-height-default elementor-section-height-default\" data-id=\"49626ff0\" data-element_type=\"section\" data-e-type=\"section\" data-settings=\"{&quot;stretch_section&quot;:&quot;section-stretched&quot;,&quot;background_background&quot;:&quot;classic&quot;}\">\n\t\t\t\t\t\t\t<div class=\"elementor-background-overlay\"><\/div>\n\t\t\t\t\t\t\t<div class=\"elementor-container elementor-column-gap-default\">\n\t\t\t\t\t<div class=\"elementor-column elementor-col-100 elementor-top-column elementor-element elementor-element-4d3b0340\" data-id=\"4d3b0340\" data-element_type=\"column\" data-e-type=\"column\">\n\t\t\t<div class=\"elementor-widget-wrap elementor-element-populated\">\n\t\t\t\t\t\t<div class=\"elementor-element elementor-element-335f5c96 elementor-widget elementor-widget-heading\" data-id=\"335f5c96\" data-element_type=\"widget\" data-e-type=\"widget\" data-widget_type=\"heading.default\">\n\t\t\t\t<div class=\"elementor-widget-container\">\n\t\t\t\t\t<h3 class=\"elementor-heading-title elementor-size-default\">Degr\u00e9 de difficult\u00e9 selon le CAS<\/h3>\t\t\t\t<\/div>\n\t\t\t\t<\/div>\n\t\t\t\t<div class=\"elementor-element elementor-element-30a20ec elementor-widget elementor-widget-shortcode\" data-id=\"30a20ec\" data-element_type=\"widget\" data-e-type=\"widget\" data-widget_type=\"shortcode.default\">\n\t\t\t\t<div class=\"elementor-widget-container\">\n\t\t\t\t\t\t\t<div class=\"elementor-shortcode\"><div class=\"wptb-container-legacy\" data-table-id=\"8479\">\n    <table class=\"wptb-preview-table wptb-element-main-table_setting-startedid-0 edit-active\" data-reconstraction=\"1\" style=\"border: 1px solid rgb(209, 209, 209);\" data-wptb-table-tds-sum-max-width=\"394\" data-wptb-cells-width-auto-count=\"3\" role=\"table\" data-table-columns=\"3\"><tbody><tr class=\"wptb-row\" data-wptb-bg-color=\"\"><td class=\"wptb-cell\" data-y-index=\"0\" data-x-index=\"0\" style=\"border: 1px solid rgb(209, 209, 209);\" data-wptb-css-td-auto-width=\"true\"><div class=\"wptb-text-container wptb-ph-element wptb-element-text-1\"><div class=\"\" style=\"position: relative;\"><p><strong>Grad<\/strong><\/p><\/div><\/div><\/td><td class=\"wptb-cell\" data-y-index=\"0\" data-x-index=\"1\" style=\"border: 1px solid rgb(209, 209, 209);\" data-wptb-css-td-auto-width=\"true\"><div class=\"wptb-text-container wptb-ph-element wptb-element-text-1\"><div class=\"\" style=\"position: relative;\"><p><strong>Weg\/Gel\u00e4nde<\/strong><\/p><\/div><\/div><\/td><td class=\"wptb-cell\" data-y-index=\"0\" data-x-index=\"2\" style=\"border: 1px solid rgb(209, 209, 209);\" data-wptb-css-td-auto-width=\"true\"><div class=\"wptb-text-container wptb-ph-element wptb-element-text-1\"><div class=\"\" style=\"position: relative;\"><p><strong>Anforderungen<\/strong><\/p><\/div><\/div><\/td><\/tr><tr class=\"wptb-row\" data-wptb-bg-color=\"\"><td class=\"wptb-cell\" data-y-index=\"1\" data-x-index=\"0\" style=\"border: 1px solid rgb(209, 209, 209);\" data-wptb-css-td-auto-width=\"true\"><div class=\"wptb-text-container wptb-ph-element wptb-element-text-1\"><div class=\"\" style=\"position: relative;\"><p>T2 Bergwandern (weiss-rot-weiss)<\/p><\/div><\/div><\/td><td class=\"wptb-cell\" data-y-index=\"1\" data-x-index=\"1\" style=\"border: 1px solid rgb(209, 209, 209);\" data-wptb-css-td-auto-width=\"true\"><div class=\"wptb-text-container wptb-ph-element wptb-element-text-1\"><div class=\"\" style=\"position: relative;\"><p>Weg mit durchgehendem Trassee. Gel\u00e4nde teilweise steil, Absturzgefahr nicht ausgeschlossen.<\/p><\/div><\/div><\/td><td class=\"wptb-cell\" data-y-index=\"1\" data-x-index=\"2\" style=\"border: 1px solid rgb(209, 209, 209);\" data-wptb-css-td-auto-width=\"true\"><div class=\"wptb-text-container wptb-ph-element wptb-element-text-1\"><div class=\"\" style=\"position: relative;\"><p>Etwas Trittsicherheit. Trekkingschuhe sind empfehlenswert. Elementares Orientierungsverm\u00f6gen.<\/p><\/div><\/div><\/td><\/tr><\/tbody><\/table>\n<\/div>\n<\/div>\n\t\t\t\t\t\t<\/div>\n\t\t\t\t<\/div>\n\t\t\t\t\t<\/div>\n\t\t<\/div>\n\t\t\t\t\t<\/div>\n\t\t<\/section>\n\t\t\t\t<\/div>\n\t\t","protected":false},"excerpt":{"rendered":"<p>&nbsp;MOYENNE | 2 h 45 min | 7.2 km | 701 m | 149 m La l\u00e9gendaire route du Sbrinz, nomm\u00e9e d&rsquo;apr\u00e8s le fromage dur de Suisse centrale, m\u00e8ne du lac des Quatre-Cantons \u00e0 l&rsquo;Italie. Le tron\u00e7on entre Handeck et [&hellip;]<\/p>\n","protected":false},"author":4,"featured_media":45396,"parent":45386,"menu_order":0,"comment_status":"closed","ping_status":"closed","template":"","meta":{"footnotes":""},"class_list":["post-45599","page","type-page","status-publish","has-post-thumbnail","hentry"],"_links":{"self":[{"href":"https:\/\/www.grimselwelt.ch\/fr\/wp-json\/wp\/v2\/pages\/45599","targetHints":{"allow":["GET"]}}],"collection":[{"href":"https:\/\/www.grimselwelt.ch\/fr\/wp-json\/wp\/v2\/pages"}],"about":[{"href":"https:\/\/www.grimselwelt.ch\/fr\/wp-json\/wp\/v2\/types\/page"}],"author":[{"embeddable":true,"href":"https:\/\/www.grimselwelt.ch\/fr\/wp-json\/wp\/v2\/users\/4"}],"replies":[{"embeddable":true,"href":"https:\/\/www.grimselwelt.ch\/fr\/wp-json\/wp\/v2\/comments?post=45599"}],"version-history":[{"count":3,"href":"https:\/\/www.grimselwelt.ch\/fr\/wp-json\/wp\/v2\/pages\/45599\/revisions"}],"predecessor-version":[{"id":46530,"href":"https:\/\/www.grimselwelt.ch\/fr\/wp-json\/wp\/v2\/pages\/45599\/revisions\/46530"}],"up":[{"embeddable":true,"href":"https:\/\/www.grimselwelt.ch\/fr\/wp-json\/wp\/v2\/pages\/45386"}],"wp:featuredmedia":[{"embeddable":true,"href":"https:\/\/www.grimselwelt.ch\/fr\/wp-json\/wp\/v2\/media\/45396"}],"wp:attachment":[{"href":"https:\/\/www.grimselwelt.ch\/fr\/wp-json\/wp\/v2\/media?parent=45599"}],"curies":[{"name":"wp","href":"https:\/\/api.w.org\/{rel}","templated":true}]}}