{"id":45588,"date":"2020-08-03T11:32:19","date_gmt":"2020-08-03T11:32:19","guid":{"rendered":"https:\/\/www.grimselwelt.ch\/contact-et-acces\/"},"modified":"2026-03-30T13:19:36","modified_gmt":"2026-03-30T13:19:36","slug":"contact","status":"publish","type":"page","link":"https:\/\/www.grimselwelt.ch\/fr\/infos\/contact\/","title":{"rendered":"Contact et acc\u00e8s"},"content":{"rendered":"\t\t<div data-elementor-type=\"wp-page\" data-elementor-id=\"45588\" class=\"elementor elementor-45588 elementor-9\" data-elementor-post-type=\"page\">\n\t\t\t\t\t\t<section class=\"elementor-section elementor-top-section elementor-element elementor-element-12e7a476 elementor-section-full_width elementor-section-stretched spotlight elementor-section-height-default elementor-section-height-default\" data-id=\"12e7a476\" data-element_type=\"section\" data-e-type=\"section\" data-settings=\"{&quot;stretch_section&quot;:&quot;section-stretched&quot;}\">\n\t\t\t\t\t\t<div class=\"elementor-container elementor-column-gap-default\">\n\t\t\t\t\t<div class=\"elementor-column elementor-col-50 elementor-top-column elementor-element elementor-element-74e714a6\" data-id=\"74e714a6\" data-element_type=\"column\" data-e-type=\"column\">\n\t\t\t<div class=\"elementor-widget-wrap elementor-element-populated\">\n\t\t\t\t\t\t<div class=\"elementor-element elementor-element-750a8801 elementor-widget elementor-widget-image\" data-id=\"750a8801\" data-element_type=\"widget\" data-e-type=\"widget\" data-widget_type=\"image.default\">\n\t\t\t\t<div class=\"elementor-widget-container\">\n\t\t\t\t\t\t\t\t\t\t\t\t\t\t\t<img fetchpriority=\"high\" decoding=\"async\" width=\"1024\" height=\"691\" src=\"https:\/\/www.grimselwelt.ch\/media\/banner-handeck-ueberuns-1024x691.jpg\" class=\"attachment-large size-large wp-image-45589\" alt=\"\" srcset=\"https:\/\/www.grimselwelt.ch\/media\/banner-handeck-ueberuns-1024x691.jpg 1024w, https:\/\/www.grimselwelt.ch\/media\/banner-handeck-ueberuns-300x203.jpg 300w, https:\/\/www.grimselwelt.ch\/media\/banner-handeck-ueberuns-768x518.jpg 768w, https:\/\/www.grimselwelt.ch\/media\/banner-handeck-ueberuns-1536x1037.jpg 1536w, https:\/\/www.grimselwelt.ch\/media\/banner-handeck-ueberuns-830x560.jpg 830w, https:\/\/www.grimselwelt.ch\/media\/banner-handeck-ueberuns-230x155.jpg 230w, https:\/\/www.grimselwelt.ch\/media\/banner-handeck-ueberuns-350x236.jpg 350w, https:\/\/www.grimselwelt.ch\/media\/banner-handeck-ueberuns-480x324.jpg 480w, https:\/\/www.grimselwelt.ch\/media\/banner-handeck-ueberuns.jpg 2000w\" sizes=\"(max-width: 1024px) 100vw, 1024px\" \/>\t\t\t\t\t\t\t\t\t\t\t\t\t\t\t<\/div>\n\t\t\t\t<\/div>\n\t\t\t\t\t<\/div>\n\t\t<\/div>\n\t\t\t\t<div class=\"elementor-column elementor-col-50 elementor-top-column elementor-element elementor-element-3c4edc3c\" data-id=\"3c4edc3c\" data-element_type=\"column\" data-e-type=\"column\">\n\t\t\t<div class=\"elementor-widget-wrap elementor-element-populated\">\n\t\t\t\t\t\t<div class=\"elementor-element elementor-element-314d27b elementor-widget elementor-widget-heading\" data-id=\"314d27b\" data-element_type=\"widget\" data-e-type=\"widget\" data-widget_type=\"heading.default\">\n\t\t\t\t<div class=\"elementor-widget-container\">\n\t\t\t\t\t<h2 class=\"elementor-heading-title elementor-size-default\">Contact<\/h2>\t\t\t\t<\/div>\n\t\t\t\t<\/div>\n\t\t\t\t<div class=\"elementor-element elementor-element-2d8d1288 elementor-widget elementor-widget-text-editor\" data-id=\"2d8d1288\" data-element_type=\"widget\" data-e-type=\"widget\" data-widget_type=\"text-editor.default\">\n\t\t\t\t<div class=\"elementor-widget-container\">\n\t\t\t\t\t\t\t\t\t<p>Nous avons \u00e9veill\u00e9 votre int\u00e9r\u00eat ou vous avez des questions ? Nous nous ferons un plaisir de vous conseiller et d&rsquo;\u00eatre \u00e0 votre disposition. Appelez-nous ou \u00e9crivez-nous - \u00e0 bient\u00f4t !  <\/p>\n<p><strong>Grimselwelt<br><\/strong>Grimselstrasse 19<br>3862 Innertkirchen<br>Tel +41 33 982 26 26<br><a href=\"welcome@grimselwelt.ch\">welcome@grimselwelt.ch<\/a><\/p>\n<p><strong>H\u00f4tels<br><\/strong>3864 Guttannen<br>H\u00f4tel et Resort Nature Handeck<br data-start=\"222\" data-end=\"225\">T\u00e9l. +41 33 982 36 11<br>H\u00f4tel Alpin Historique Grimsel Hospiz<br data-start=\"288\" data-end=\"291\">T\u00e9l.  +41 33 982 46 11<br><a href=\"hotels@grimselwelt.ch\">hotels@grimselwelt.ch<\/a><strong><br><\/strong><\/p>\n<p><strong>Tourist Center Grimseltor<\/strong><br>Grimselstrasse 2<br>3862 Innertkirchen<br>Tel +41 33 972 12 80<br><a href=\"grimseltor@haslital.swiss\">grimseltor@haslital.swiss<\/a><\/p>\t\t\t\t\t\t\t\t<\/div>\n\t\t\t\t<\/div>\n\t\t\t\t\t<\/div>\n\t\t<\/div>\n\t\t\t\t\t<\/div>\n\t\t<\/section>\n\t\t\t\t<section class=\"elementor-section elementor-top-section elementor-element elementor-element-24de05eb elementor-section-full_width elementor-section-stretched spotlight elementor-section-height-default elementor-section-height-default\" data-id=\"24de05eb\" data-element_type=\"section\" data-e-type=\"section\" data-settings=\"{&quot;stretch_section&quot;:&quot;section-stretched&quot;}\">\n\t\t\t\t\t\t<div class=\"elementor-container elementor-column-gap-default\">\n\t\t\t\t\t<div class=\"elementor-column elementor-col-50 elementor-top-column elementor-element elementor-element-23d8e976\" data-id=\"23d8e976\" data-element_type=\"column\" data-e-type=\"column\">\n\t\t\t<div class=\"elementor-widget-wrap elementor-element-populated\">\n\t\t\t\t\t\t<div class=\"elementor-element elementor-element-36352d50 elementor-widget elementor-widget-image\" data-id=\"36352d50\" data-element_type=\"widget\" data-e-type=\"widget\" data-widget_type=\"image.default\">\n\t\t\t\t<div class=\"elementor-widget-container\">\n\t\t\t\t\t\t\t\t\t\t\t\t\t\t\t<img decoding=\"async\" width=\"706\" height=\"500\" src=\"https:\/\/www.grimselwelt.ch\/media\/info_anreise.jpg\" class=\"attachment-large size-large wp-image-44304\" alt=\"\" srcset=\"https:\/\/www.grimselwelt.ch\/media\/info_anreise.jpg 706w, https:\/\/www.grimselwelt.ch\/media\/info_anreise-300x212.jpg 300w, https:\/\/www.grimselwelt.ch\/media\/info_anreise-230x163.jpg 230w, https:\/\/www.grimselwelt.ch\/media\/info_anreise-350x248.jpg 350w, https:\/\/www.grimselwelt.ch\/media\/info_anreise-480x340.jpg 480w\" sizes=\"(max-width: 706px) 100vw, 706px\" \/>\t\t\t\t\t\t\t\t\t\t\t\t\t\t\t<\/div>\n\t\t\t\t<\/div>\n\t\t\t\t\t<\/div>\n\t\t<\/div>\n\t\t\t\t<div class=\"elementor-column elementor-col-50 elementor-top-column elementor-element elementor-element-41e1179d\" data-id=\"41e1179d\" data-element_type=\"column\" data-e-type=\"column\">\n\t\t\t<div class=\"elementor-widget-wrap elementor-element-populated\">\n\t\t\t\t\t\t<div class=\"elementor-element elementor-element-202c2ac elementor-widget elementor-widget-heading\" data-id=\"202c2ac\" data-element_type=\"widget\" data-e-type=\"widget\" data-widget_type=\"heading.default\">\n\t\t\t\t<div class=\"elementor-widget-container\">\n\t\t\t\t\t<h2 class=\"elementor-heading-title elementor-size-default\">Arriv\u00e9e<\/h2>\t\t\t\t<\/div>\n\t\t\t\t<\/div>\n\t\t\t\t<div class=\"elementor-element elementor-element-58d73b7 elementor-widget elementor-widget-text-editor\" data-id=\"58d73b7\" data-element_type=\"widget\" data-e-type=\"widget\" data-widget_type=\"text-editor.default\">\n\t\t\t\t<div class=\"elementor-widget-container\">\n\t\t\t\t\t\t\t\t\t<p>Veuillez noter que les <strong>cols alpins du Grimsel et du Susten<\/strong> ne sont ouverts que pendant les mois d&rsquo;\u00e9t\u00e9, de d\u00e9but juin \u00e0 fin octobre. Pendant les mois d&rsquo;hiver, les cols sont ferm\u00e9s. <\/p>\t\t\t\t\t\t\t\t<\/div>\n\t\t\t\t<\/div>\n\t\t\t\t<div class=\"elementor-element elementor-element-21f2632 elementor-widget elementor-widget-button\" data-id=\"21f2632\" data-element_type=\"widget\" data-e-type=\"widget\" data-widget_type=\"button.default\">\n\t\t\t\t<div class=\"elementor-widget-container\">\n\t\t\t\t\t\t\t\t\t<div class=\"elementor-button-wrapper\">\n\t\t\t\t\t<a class=\"elementor-button elementor-button-link elementor-size-sm\" href=\"https:\/\/www.grimselstrom.ch\/produktion\/sicherheit\/lawinenbulletin\/\" target=\"_blank\" rel=\"nofollow\">\n\t\t\t\t\t\t<span class=\"elementor-button-content-wrapper\">\n\t\t\t\t\t\t<span class=\"elementor-button-icon\">\n\t\t\t\t<i aria-hidden=\"true\" class=\"fas fa-exclamation-triangle\"><\/i>\t\t\t<\/span>\n\t\t\t\t\t\t\t\t\t<span class=\"elementor-button-text\">Bulletin d'avalanche et bulletin routier<\/span>\n\t\t\t\t\t<\/span>\n\t\t\t\t\t<\/a>\n\t\t\t\t<\/div>\n\t\t\t\t\t\t\t\t<\/div>\n\t\t\t\t<\/div>\n\t\t\t\t<div class=\"elementor-element elementor-element-6efe0dd elementor-align-left elementor-widget elementor-widget-button\" data-id=\"6efe0dd\" data-element_type=\"widget\" data-e-type=\"widget\" data-widget_type=\"button.default\">\n\t\t\t\t<div class=\"elementor-widget-container\">\n\t\t\t\t\t\t\t\t\t<div class=\"elementor-button-wrapper\">\n\t\t\t\t\t<a class=\"elementor-button elementor-button-link elementor-size-sm\" href=\"https:\/\/www.alpen-paesse.ch\/\" target=\"_blank\" rel=\"nofollow\">\n\t\t\t\t\t\t<span class=\"elementor-button-content-wrapper\">\n\t\t\t\t\t\t<span class=\"elementor-button-icon\">\n\t\t\t\t<i aria-hidden=\"true\" class=\"fas fa-link\"><\/i>\t\t\t<\/span>\n\t\t\t\t\t\t\t\t\t<span class=\"elementor-button-text\">www.alpen-paesse.ch<\/span>\n\t\t\t\t\t<\/span>\n\t\t\t\t\t<\/a>\n\t\t\t\t<\/div>\n\t\t\t\t\t\t\t\t<\/div>\n\t\t\t\t<\/div>\n\t\t\t\t<div class=\"elementor-element elementor-element-d096e15 animated-fast elementor-tabs-view-horizontal elementor-widget elementor-widget-tabs\" data-id=\"d096e15\" data-element_type=\"widget\" data-e-type=\"widget\" data-settings=\"{&quot;_animation&quot;:&quot;none&quot;}\" data-widget_type=\"tabs.default\">\n\t\t\t\t<div class=\"elementor-widget-container\">\n\t\t\t\t\t\t\t<div class=\"elementor-tabs\">\n\t\t\t<div class=\"elementor-tabs-wrapper\" role=\"tablist\" >\n\t\t\t\t\t\t\t\t\t<div id=\"elementor-tab-title-2181\" class=\"elementor-tab-title elementor-tab-desktop-title\" aria-selected=\"true\" data-tab=\"1\" role=\"tab\" tabindex=\"0\" aria-controls=\"elementor-tab-content-2181\" aria-expanded=\"false\">Arriv\u00e9e en voiture<\/div>\n\t\t\t\t\t\t\t\t\t<div id=\"elementor-tab-title-2182\" class=\"elementor-tab-title elementor-tab-desktop-title\" aria-selected=\"false\" data-tab=\"2\" role=\"tab\" tabindex=\"-1\" aria-controls=\"elementor-tab-content-2182\" aria-expanded=\"false\">Arriv\u00e9e en train et en car postal<\/div>\n\t\t\t\t\t\t\t<\/div>\n\t\t\t<div class=\"elementor-tabs-content-wrapper\" role=\"tablist\" aria-orientation=\"vertical\">\n\t\t\t\t\t\t\t\t\t<div class=\"elementor-tab-title elementor-tab-mobile-title\" aria-selected=\"true\" data-tab=\"1\" role=\"tab\" tabindex=\"0\" aria-controls=\"elementor-tab-content-2181\" aria-expanded=\"false\">Arriv\u00e9e en voiture<\/div>\n\t\t\t\t\t<div id=\"elementor-tab-content-2181\" class=\"elementor-tab-content elementor-clearfix\" data-tab=\"1\" role=\"tabpanel\" aria-labelledby=\"elementor-tab-title-2181\" tabindex=\"0\" hidden=\"false\"><p>Meilleures liaisons routi\u00e8res de B\u00e2le \/ Zurich - Lucerne - col du Br\u00fcnig ou via Berne - Interlaken jusqu&rsquo;\u00e0 Innertkirchen, point de d\u00e9part pour les cols du Grimsel et du Susten.  <\/p>\n<p>Veuillez consulter l&#8217;emplacement de chaque offre sur les confirmations de r\u00e9servation.<\/p>\n<\/div>\n\t\t\t\t\t\t\t\t\t<div class=\"elementor-tab-title elementor-tab-mobile-title\" aria-selected=\"false\" data-tab=\"2\" role=\"tab\" tabindex=\"-1\" aria-controls=\"elementor-tab-content-2182\" aria-expanded=\"false\">Arriv\u00e9e en train et en car postal<\/div>\n\t\t\t\t\t<div id=\"elementor-tab-content-2182\" class=\"elementor-tab-content elementor-clearfix\" data-tab=\"2\" role=\"tabpanel\" aria-labelledby=\"elementor-tab-title-2182\" tabindex=\"0\" hidden=\"hidden\"><p>Au d\u00e9part de Lucerne et d&rsquo;Interlaken, il existe une liaison ferroviaire directe vers Innertkirchen via Meiringen avec le Meiringen-Innertkirchen-Bahn (MIB).<\/p>\n<p>Au d\u00e9part d&rsquo;Innertkirchen, des courses r\u00e9guli\u00e8res de cars postaux desservent les villages et les lieux d&rsquo;excursion de Grimselwelt. Consultez les horaires sur <a href=\"https:\/\/www.sbb.ch\/\" target=\"_blank\" rel=\"noopener\">www.sbb.ch.<\/a> <\/p>\n<\/div>\n\t\t\t\t\t\t\t<\/div>\n\t\t<\/div>\n\t\t\t\t\t\t<\/div>\n\t\t\t\t<\/div>\n\t\t\t\t\t<\/div>\n\t\t<\/div>\n\t\t\t\t\t<\/div>\n\t\t<\/section>\n\t\t\t\t<\/div>\n\t\t","protected":false},"excerpt":{"rendered":"<p>Contact Nous avons \u00e9veill\u00e9 votre int\u00e9r\u00eat ou vous avez des questions ? Nous nous ferons un plaisir de vous conseiller et d&rsquo;\u00eatre \u00e0 votre disposition. Appelez-nous ou \u00e9crivez-nous - \u00e0 bient\u00f4t ! GrimselweltGrimselstrasse 193862 InnertkirchenTel +41 33 982 26 26welcome@grimselwelt.ch [&hellip;]<\/p>\n","protected":false},"author":1,"featured_media":44300,"parent":45172,"menu_order":0,"comment_status":"closed","ping_status":"closed","template":"","meta":{"footnotes":""},"class_list":["post-45588","page","type-page","status-publish","has-post-thumbnail","hentry"],"_links":{"self":[{"href":"https:\/\/www.grimselwelt.ch\/fr\/wp-json\/wp\/v2\/pages\/45588","targetHints":{"allow":["GET"]}}],"collection":[{"href":"https:\/\/www.grimselwelt.ch\/fr\/wp-json\/wp\/v2\/pages"}],"about":[{"href":"https:\/\/www.grimselwelt.ch\/fr\/wp-json\/wp\/v2\/types\/page"}],"author":[{"embeddable":true,"href":"https:\/\/www.grimselwelt.ch\/fr\/wp-json\/wp\/v2\/users\/1"}],"replies":[{"embeddable":true,"href":"https:\/\/www.grimselwelt.ch\/fr\/wp-json\/wp\/v2\/comments?post=45588"}],"version-history":[{"count":13,"href":"https:\/\/www.grimselwelt.ch\/fr\/wp-json\/wp\/v2\/pages\/45588\/revisions"}],"predecessor-version":[{"id":47903,"href":"https:\/\/www.grimselwelt.ch\/fr\/wp-json\/wp\/v2\/pages\/45588\/revisions\/47903"}],"up":[{"embeddable":true,"href":"https:\/\/www.grimselwelt.ch\/fr\/wp-json\/wp\/v2\/pages\/45172"}],"wp:featuredmedia":[{"embeddable":true,"href":"https:\/\/www.grimselwelt.ch\/fr\/wp-json\/wp\/v2\/media\/44300"}],"wp:attachment":[{"href":"https:\/\/www.grimselwelt.ch\/fr\/wp-json\/wp\/v2\/media?parent=45588"}],"curies":[{"name":"wp","href":"https:\/\/api.w.org\/{rel}","templated":true}]}}