{"id":45275,"date":"2021-04-20T08:38:56","date_gmt":"2021-04-20T08:38:56","guid":{"rendered":"https:\/\/www.grimselwelt.ch\/handeck-les-pionniers-de-lhydroelectricite\/"},"modified":"2026-02-24T13:08:16","modified_gmt":"2026-02-24T13:08:16","slug":"handeck-wasserkraft-pioniere","status":"publish","type":"page","link":"https:\/\/www.grimselwelt.ch\/fr\/visites-guidees\/handeck-wasserkraft-pioniere\/","title":{"rendered":"Handeck : les pionniers de l&rsquo;hydro\u00e9lectricit\u00e9"},"content":{"rendered":"\t\t<div data-elementor-type=\"wp-page\" data-elementor-id=\"45275\" class=\"elementor elementor-45275 elementor-2388\" data-elementor-post-type=\"page\">\n\t\t\t\t\t\t<section class=\"elementor-section elementor-top-section elementor-element elementor-element-6522ffc9 elementor-section-boxed elementor-section-height-default elementor-section-height-default\" data-id=\"6522ffc9\" data-element_type=\"section\" data-e-type=\"section\">\n\t\t\t\t\t\t<div class=\"elementor-container elementor-column-gap-default\">\n\t\t\t\t\t<div class=\"elementor-column elementor-col-100 elementor-top-column elementor-element elementor-element-784c39eb\" data-id=\"784c39eb\" data-element_type=\"column\" data-e-type=\"column\">\n\t\t\t<div class=\"elementor-widget-wrap elementor-element-populated\">\n\t\t\t\t\t\t<div class=\"elementor-element elementor-element-71471d0 elementor-widget elementor-widget-heading\" data-id=\"71471d0\" data-element_type=\"widget\" data-e-type=\"widget\" data-widget_type=\"heading.default\">\n\t\t\t\t<div class=\"elementor-widget-container\">\n\t\t\t\t\t<span class=\"elementor-heading-title elementor-size-default\">Visites guid\u00e9es des centrales \u00e9lectriques Handeck 1, 2, 2A et visite de l'exposition de cristaux.<\/span>\t\t\t\t<\/div>\n\t\t\t\t<\/div>\n\t\t\t\t<div class=\"elementor-element elementor-element-3dcff675 elementor-align-left elementor-button-success elementor-widget elementor-widget-button\" data-id=\"3dcff675\" data-element_type=\"widget\" data-e-type=\"widget\" data-widget_type=\"button.default\">\n\t\t\t\t<div class=\"elementor-widget-container\">\n\t\t\t\t\t\t\t\t\t<div class=\"elementor-button-wrapper\">\n\t\t\t\t\t<a class=\"elementor-button elementor-button-link elementor-size-sm\" href=\"\/shop\/sommerfuehrungen\" target=\"_blank\" rel=\"nofollow\">\n\t\t\t\t\t\t<span class=\"elementor-button-content-wrapper\">\n\t\t\t\t\t\t<span class=\"elementor-button-icon\">\n\t\t\t\t<i aria-hidden=\"true\" class=\"far fa-calendar-alt\"><\/i>\t\t\t<\/span>\n\t\t\t\t\t\t\t\t\t<span class=\"elementor-button-text\">R\u00e9server une offre<\/span>\n\t\t\t\t\t<\/span>\n\t\t\t\t\t<\/a>\n\t\t\t\t<\/div>\n\t\t\t\t\t\t\t\t<\/div>\n\t\t\t\t<\/div>\n\t\t\t\t<div class=\"elementor-element elementor-element-3f5b0e2 elementor-widget elementor-widget-text-editor\" data-id=\"3f5b0e2\" data-element_type=\"widget\" data-e-type=\"widget\" data-widget_type=\"text-editor.default\">\n\t\t\t\t<div class=\"elementor-widget-container\">\n\t\t\t\t\t\t\t\t\t<p> <\/p><p>En 1925, la construction de la premi\u00e8re Centrale \u00e9lectrique de KWO a d\u00e9but\u00e9 sur le Handeck. A partir de 1947, une deuxi\u00e8me centrale \u00e9lectrique y a \u00e9t\u00e9 construite et en 2012, la troisi\u00e8me centrale, la plus moderne, est venue s&rsquo;y ajouter.  Ce voyage dans le temps \u00e0 travers trois g\u00e9n\u00e9rations de centrales \u00e9lectriques et \u00e0 travers l&rsquo;imposant labyrinthe de galeries vous fera vivre 100 ans d&rsquo;esprit pionnier en mati\u00e8re d&rsquo;\u00e9nergie hydraulique.<\/p><p>L&rsquo;exposition de cristaux dans l&rsquo;une des galeries sinueuses pr\u00e9sente un autre point fort de Grimselwelt : les plus beaux \u00ab\u00a0rayons\u00a0\u00bb trouv\u00e9s lors des travaux de dynamitage pour le remplacement du nouveau barrage de Spitallamm en 2019 sont ici accessibles aux visiteurs.<\/p>\t\t\t\t\t\t\t\t<\/div>\n\t\t\t\t<\/div>\n\t\t\t\t\t<\/div>\n\t\t<\/div>\n\t\t\t\t\t<\/div>\n\t\t<\/section>\n\t\t\t\t<section class=\"elementor-section elementor-top-section elementor-element elementor-element-2db9a1df elementor-section-boxed elementor-section-height-default elementor-section-height-default\" data-id=\"2db9a1df\" data-element_type=\"section\" data-e-type=\"section\">\n\t\t\t\t\t\t<div class=\"elementor-container elementor-column-gap-default\">\n\t\t\t\t\t<div class=\"elementor-column elementor-col-100 elementor-top-column elementor-element elementor-element-7f689410\" data-id=\"7f689410\" data-element_type=\"column\" data-e-type=\"column\">\n\t\t\t<div class=\"elementor-widget-wrap elementor-element-populated\">\n\t\t\t\t\t\t<div class=\"elementor-element elementor-element-1faca9c elementor-widget elementor-widget-heading\" data-id=\"1faca9c\" data-element_type=\"widget\" data-e-type=\"widget\" data-widget_type=\"heading.default\">\n\t\t\t\t<div class=\"elementor-widget-container\">\n\t\t\t\t\t<h2 class=\"elementor-heading-title elementor-size-default\">Informations sur l'excursion<\/h2>\t\t\t\t<\/div>\n\t\t\t\t<\/div>\n\t\t\t\t<div class=\"elementor-element elementor-element-711cdac3 elementor-widget elementor-widget-heading\" data-id=\"711cdac3\" data-element_type=\"widget\" data-e-type=\"widget\" data-widget_type=\"heading.default\">\n\t\t\t\t<div class=\"elementor-widget-container\">\n\t\t\t\t\t<h3 class=\"elementor-heading-title elementor-size-default\">Donn\u00e9es<\/h3>\t\t\t\t<\/div>\n\t\t\t\t<\/div>\n\t\t\t\t<div class=\"elementor-element elementor-element-6d041c5c elementor-widget elementor-widget-text-editor\" data-id=\"6d041c5c\" data-element_type=\"widget\" data-e-type=\"widget\" data-widget_type=\"text-editor.default\">\n\t\t\t\t<div class=\"elementor-widget-container\">\n\t\t\t\t\t\t\t\t\t24. April \u2013 25. Oktober 2026\t\t\t\t\t\t\t\t<\/div>\n\t\t\t\t<\/div>\n\t\t\t\t<div class=\"elementor-element elementor-element-79378838 elementor-widget elementor-widget-heading\" data-id=\"79378838\" data-element_type=\"widget\" data-e-type=\"widget\" data-widget_type=\"heading.default\">\n\t\t\t\t<div class=\"elementor-widget-container\">\n\t\t\t\t\t<h3 class=\"elementor-heading-title elementor-size-default\">Dur\u00e9e<\/h3>\t\t\t\t<\/div>\n\t\t\t\t<\/div>\n\t\t\t\t<div class=\"elementor-element elementor-element-6172241 elementor-widget elementor-widget-text-editor\" data-id=\"6172241\" data-element_type=\"widget\" data-e-type=\"widget\" data-widget_type=\"text-editor.default\">\n\t\t\t\t<div class=\"elementor-widget-container\">\n\t\t\t\t\t\t\t\t\t<p>1 h 30 min<\/p>\t\t\t\t\t\t\t\t<\/div>\n\t\t\t\t<\/div>\n\t\t\t\t<div class=\"elementor-element elementor-element-19bc1f1f elementor-widget elementor-widget-heading\" data-id=\"19bc1f1f\" data-element_type=\"widget\" data-e-type=\"widget\" data-widget_type=\"heading.default\">\n\t\t\t\t<div class=\"elementor-widget-container\">\n\t\t\t\t\t<h3 class=\"elementor-heading-title elementor-size-default\">Tarifs<\/h3>\t\t\t\t<\/div>\n\t\t\t\t<\/div>\n\t\t\t\t<div class=\"elementor-element elementor-element-1e2ba005 elementor-widget elementor-widget-text-editor\" data-id=\"1e2ba005\" data-element_type=\"widget\" data-e-type=\"widget\" data-widget_type=\"text-editor.default\">\n\t\t\t\t<div class=\"elementor-widget-container\">\n\t\t\t\t\t\t\t\t\t<p>Adultes CHF 29.-<br>Enfants 6-15 ans CHF 19.-<\/p><p>Visite guid\u00e9e exclusive CHF 580 (max. 20 personnes)<br>pour les classes suisses CHF 200<\/p><p>(sous r\u00e9serve de modification des prix)<\/p>\t\t\t\t\t\t\t\t<\/div>\n\t\t\t\t<\/div>\n\t\t\t\t<div class=\"elementor-element elementor-element-2ac1294e elementor-widget elementor-widget-heading\" data-id=\"2ac1294e\" data-element_type=\"widget\" data-e-type=\"widget\" data-widget_type=\"heading.default\">\n\t\t\t\t<div class=\"elementor-widget-container\">\n\t\t\t\t\t<h3 class=\"elementor-heading-title elementor-size-default\">Nombre de personnes<\/h3>\t\t\t\t<\/div>\n\t\t\t\t<\/div>\n\t\t\t\t<div class=\"elementor-element elementor-element-60d540e elementor-widget elementor-widget-text-editor\" data-id=\"60d540e\" data-element_type=\"widget\" data-e-type=\"widget\" data-widget_type=\"text-editor.default\">\n\t\t\t\t<div class=\"elementor-widget-container\">\n\t\t\t\t\t\t\t\t\t<p>Un maximum de 20 personnes peuvent participer \u00e0 une visite guid\u00e9e. <\/p><p>Pour les groupes plus importants, veuillez nous contacter.<\/p>\t\t\t\t\t\t\t\t<\/div>\n\t\t\t\t<\/div>\n\t\t\t\t<div class=\"elementor-element elementor-element-273f14c8 elementor-widget elementor-widget-heading\" data-id=\"273f14c8\" data-element_type=\"widget\" data-e-type=\"widget\" data-widget_type=\"heading.default\">\n\t\t\t\t<div class=\"elementor-widget-container\">\n\t\t\t\t\t<h3 class=\"elementor-heading-title elementor-size-default\">Lieu de rendez-vous &amp; arriv\u00e9e<\/h3>\t\t\t\t<\/div>\n\t\t\t\t<\/div>\n\t\t\t\t<div class=\"elementor-element elementor-element-4f4e0976 elementor-widget elementor-widget-text-editor\" data-id=\"4f4e0976\" data-element_type=\"widget\" data-e-type=\"widget\" data-widget_type=\"text-editor.default\">\n\t\t\t\t<div class=\"elementor-widget-container\">\n\t\t\t\t\t\t\t\t\t<p>La visite guid\u00e9e d\u00e9bute \u00e0 la <a href=\"https:\/\/www.google.ch\/maps\/place\/KWO+Handeck\/@46.6163428,8.3062182,224m\/data=!3m1!1e3!4m12!1m5!3m4!2zNDbCsDM2JzU3LjciTiA4wrAxOCcxOS42IkU!8m2!3d46.616032!4d8.305449!3m5!1s0x478f8787d997afc7:0x36a08e4d9ade7659!8m2!3d46.6167012!4d8.3071084!16s%2Fg%2F11l4kdy9xt?entry=ttu&amp;g_ep=EgoyMDI1MDgxOS4wIKXMDSoASAFQAw%3D%3D\">Centrale \u00e9lectrique de Handeck.<\/a><\/p><p>Les Centrales \u00e9lectriques Handeck sont accessibles en voiture et en car postal.<\/p><p><a href=\"https:\/\/www.sbb.ch\/de\/fahrplan.html\">Arr\u00eat CarPostal de Guttannen, Breitwald<\/a><\/p><p><a href=\"https:\/\/maps.app.goo.gl\/8mFp8YZhzKgBnCB58\">Arriv\u00e9e en voiture<\/a><\/p>\t\t\t\t\t\t\t\t<\/div>\n\t\t\t\t<\/div>\n\t\t\t\t<div class=\"elementor-element elementor-element-a0fccb1 elementor-widget elementor-widget-html\" data-id=\"a0fccb1\" data-element_type=\"widget\" data-e-type=\"widget\" data-widget_type=\"html.default\">\n\t\t\t\t<div class=\"elementor-widget-container\">\n\t\t\t\t\t<style>\r\n  .fahrplan-widget {\r\n    margin: 20px auto;\r\n    padding: 40px;\r\n    border: 1px solid #ddd;\r\n    border-radius: 5px;\r\n    background-color: #f9f9f9;\r\n    display: inline-block;\r\n  }\r\n\r\n  .fahrplan-body label {\r\n    font-size: 16px;\r\n    font-weight: bold;\r\n    display: block;\r\n    margin-bottom: 5px;\r\n  }\r\n\r\n  .fahrplan-body input[type=\"text\"] {\r\n    width: 80%;\r\n    padding: 10px;\r\n    border: 1px solid #ccc;\r\n    border-radius: 3px;\r\n    margin-bottom: 10px;\r\n  }\r\n\r\n  .submit-button {\r\n    width: 80%;\r\n    background-color: #ff0000;\r\n    color: white;\r\n    border: none;\r\n    padding: 10px;\r\n    border-radius: 3px;\r\n    cursor: pointer;\r\n  }\r\n\r\n  .submit-button:hover {\r\n    background-color: #cc0000;\r\n  }\r\n\r\n  .sm-form-control {\r\n    text-align: center;\r\n  }\r\n\r\n  @media (max-width: 768px) {\r\n    .fahrplan-body input[type=\"text\"],\r\n    .submit-button {\r\n      width: 100%; \/* Volle Breite f\u00fcr mobile Ger\u00e4te *\/\r\n    }\r\n\r\n    .fahrplan-body label {\r\n      text-align: center;\r\n    }\r\n\r\n    .fahrplan-widget {\r\n      padding: 30px 20px;\r\n    }\r\n  }\r\n<\/style>\r\n\r\n<div class=\"fahrplan-widget\">\r\n  <div class=\"col-sm-12 bottommargin-sm\">\r\n    <img decoding=\"async\" alt=\"logo sbb\" src=\"https:\/\/www.grimselwelt.ch\/media\/extension.svg\" width=\"250\" height=\"50\" style=\"padding-bottom: 40px;\">\r\n  <\/div>\r\n\r\n  <!-- Fahrplanformular -->\r\n  <form action=\"https:\/\/www.sbb.ch\/de\/kaufen\/pages\/fahrplan\/fahrplan.xhtml\" name=\"formular\" method=\"get\" target=\"_blank\">\r\n    <div class=\"fahrplan-body\">\r\n      <input type=\"hidden\" id=\"datum\" name=\"datum\" value=\"\">\r\n      <input type=\"hidden\" id=\"zeit\" name=\"zeit\" value=\"\">\r\n      <input type=\"hidden\" name=\"an\" value=\"false\">\r\n      <input type=\"hidden\" name=\"nach\" value=\"Handeck, Breitwald\">\r\n\r\n      <label for=\"template-sbbform-start\">De<\/label>\r\n      <input type=\"text\" accesskey=\"f\" id=\"template-sbbform-start\" name=\"von\" value=\"\" class=\"required sm-form-control\" placeholder=\"Votre lieu de d\u00e9part\">\r\n      <input type=\"hidden\" name=\"suche\" value=\"true\">\r\n\r\n      <button type=\"submit\" class=\"submit-button\">Afficher l'horaire<\/button>\r\n    <\/div>\r\n  <\/form>\r\n<\/div>\r\n\r\n<script>\r\n  function updateDateTime() {\r\n    const now = new Date();\r\n\r\n    \/\/ Format Datum: DD.MM.YYYY\r\n    const datum = now.toLocaleDateString('de-DE', {\r\n      day: '2-digit',\r\n      month: '2-digit',\r\n      year: 'numeric'\r\n    });\r\n\r\n    \/\/ Format Zeit: HH:MM\r\n    const zeit = now.toLocaleTimeString('de-DE', {\r\n      hour: '2-digit',\r\n      minute: '2-digit',\r\n      hour12: false\r\n    });\r\n\r\n    \/\/ Werte in die versteckten Felder eintragen\r\n    document.getElementById('datum').value = datum;\r\n    document.getElementById('zeit').value = zeit;\r\n  }\r\n\r\n  \/\/ Datum und Zeit beim Laden der Seite setzen\r\n  updateDateTime();\r\n\r\n  \/\/ Datum und Zeit alle 60 Sekunden aktualisieren\r\n  setInterval(updateDateTime, 60000);\r\n<\/script>\r\n\t\t\t\t<\/div>\n\t\t\t\t<\/div>\n\t\t\t\t\t<\/div>\n\t\t<\/div>\n\t\t\t\t\t<\/div>\n\t\t<\/section>\n\t\t\t\t<section class=\"elementor-section elementor-top-section elementor-element elementor-element-1002dc13 elementor-section-stretched elementor-section-boxed elementor-section-height-default elementor-section-height-default\" data-id=\"1002dc13\" data-element_type=\"section\" data-e-type=\"section\" data-settings=\"{&quot;stretch_section&quot;:&quot;section-stretched&quot;,&quot;background_background&quot;:&quot;classic&quot;}\">\n\t\t\t\t\t\t\t<div class=\"elementor-background-overlay\"><\/div>\n\t\t\t\t\t\t\t<div class=\"elementor-container elementor-column-gap-default\">\n\t\t\t\t\t<div class=\"elementor-column elementor-col-100 elementor-top-column elementor-element elementor-element-76471d81\" data-id=\"76471d81\" data-element_type=\"column\" data-e-type=\"column\">\n\t\t\t<div class=\"elementor-widget-wrap elementor-element-populated\">\n\t\t\t\t\t\t<div class=\"elementor-element elementor-element-7f7b699 elementor-widget elementor-widget-heading\" data-id=\"7f7b699\" data-element_type=\"widget\" data-e-type=\"widget\" data-widget_type=\"heading.default\">\n\t\t\t\t<div class=\"elementor-widget-container\">\n\t\t\t\t\t<h2 class=\"elementor-heading-title elementor-size-default\">Plus d'informations<\/h2>\t\t\t\t<\/div>\n\t\t\t\t<\/div>\n\t\t\t\t<div class=\"elementor-element elementor-element-dc7c5c7 elementor-widget elementor-widget-heading\" data-id=\"dc7c5c7\" data-element_type=\"widget\" data-e-type=\"widget\" data-widget_type=\"heading.default\">\n\t\t\t\t<div class=\"elementor-widget-container\">\n\t\t\t\t\t<h3 class=\"elementor-heading-title elementor-size-default\">Conditions pr\u00e9alables<\/h3>\t\t\t\t<\/div>\n\t\t\t\t<\/div>\n\t\t\t\t<div class=\"elementor-element elementor-element-f97b3cd elementor-widget elementor-widget-text-editor\" data-id=\"f97b3cd\" data-element_type=\"widget\" data-e-type=\"widget\" data-widget_type=\"text-editor.default\">\n\t\t\t\t<div class=\"elementor-widget-container\">\n\t\t\t\t\t\t\t\t\tLa visite se d\u00e9roule en grande partie \u00e0 pied et en partie sous terre. Comme il y a quelques escaliers \u00e0 monter et \u00e0 descendre, une bonne condition physique est requise. \n\nNos installations ne sont que partiellement accessibles aux personnes handicap\u00e9es. Elles ne sont pas accessibles aux poussettes. Les animaux ne sont pas autoris\u00e9s.  \t\t\t\t\t\t\t\t<\/div>\n\t\t\t\t<\/div>\n\t\t\t\t<div class=\"elementor-element elementor-element-fc4a22e elementor-widget elementor-widget-heading\" data-id=\"fc4a22e\" data-element_type=\"widget\" data-e-type=\"widget\" data-widget_type=\"heading.default\">\n\t\t\t\t<div class=\"elementor-widget-container\">\n\t\t\t\t\t<h3 class=\"elementor-heading-title elementor-size-default\">\u00c9quipement<\/h3>\t\t\t\t<\/div>\n\t\t\t\t<\/div>\n\t\t\t\t<div class=\"elementor-element elementor-element-dc42449 elementor-widget elementor-widget-text-editor\" data-id=\"dc42449\" data-element_type=\"widget\" data-e-type=\"widget\" data-widget_type=\"text-editor.default\">\n\t\t\t\t<div class=\"elementor-widget-container\">\n\t\t\t\t\t\t\t\t\t<p>Un syst\u00e8me audio et, si n\u00e9cessaire, un gilet de s\u00e9curit\u00e9 et un casque sont mis \u00e0 votre disposition. Nous vous recommandons de porter des chaussures solides et une veste chaude. Les temp\u00e9ratures dans nos installations varient entre 14 et 18 degr\u00e9s frais.&nbsp;<\/p>\t\t\t\t\t\t\t\t<\/div>\n\t\t\t\t<\/div>\n\t\t\t\t<div class=\"elementor-element elementor-element-5b600f77 elementor-widget elementor-widget-heading\" data-id=\"5b600f77\" data-element_type=\"widget\" data-e-type=\"widget\" data-widget_type=\"heading.default\">\n\t\t\t\t<div class=\"elementor-widget-container\">\n\t\t\t\t\t<h3 class=\"elementor-heading-title elementor-size-default\">\u00c2ge minimum<\/h3>\t\t\t\t<\/div>\n\t\t\t\t<\/div>\n\t\t\t\t<div class=\"elementor-element elementor-element-5b5456f2 elementor-widget elementor-widget-text-editor\" data-id=\"5b5456f2\" data-element_type=\"widget\" data-e-type=\"widget\" data-widget_type=\"text-editor.default\">\n\t\t\t\t<div class=\"elementor-widget-container\">\n\t\t\t\t\t\t\t\t\t<p>L&rsquo;\u00e2ge minimum est de 10 ans. Les enfants \u00e0 partir de 6 ans peuvent participer s&rsquo;ils sont accompagn\u00e9s d&rsquo;une personne ayant l&rsquo;autorit\u00e9 parentale et sous sa responsabilit\u00e9. <\/p>\t\t\t\t\t\t\t\t<\/div>\n\t\t\t\t<\/div>\n\t\t\t\t<div class=\"elementor-element elementor-element-3646968 elementor-widget elementor-widget-heading\" data-id=\"3646968\" data-element_type=\"widget\" data-e-type=\"widget\" data-widget_type=\"heading.default\">\n\t\t\t\t<div class=\"elementor-widget-container\">\n\t\t\t\t\t<h3 class=\"elementor-heading-title elementor-size-default\">Langue<\/h3>\t\t\t\t<\/div>\n\t\t\t\t<\/div>\n\t\t\t\t<div class=\"elementor-element elementor-element-10a7e69 elementor-widget elementor-widget-text-editor\" data-id=\"10a7e69\" data-element_type=\"widget\" data-e-type=\"widget\" data-widget_type=\"text-editor.default\">\n\t\t\t\t<div class=\"elementor-widget-container\">\n\t\t\t\t\t\t\t\t\t<p>Les visites guid\u00e9es ont lieu en allemand. Anglais sur demande. <\/p>\t\t\t\t\t\t\t\t<\/div>\n\t\t\t\t<\/div>\n\t\t\t\t\t<\/div>\n\t\t<\/div>\n\t\t\t\t\t<\/div>\n\t\t<\/section>\n\t\t\t\t<\/div>\n\t\t","protected":false},"excerpt":{"rendered":"<p>Visites guid\u00e9es des centrales \u00e9lectriques Handeck 1, 2, 2A et visite de l&rsquo;exposition de cristaux. R\u00e9server une offre En 1925, la construction de la premi\u00e8re Centrale \u00e9lectrique de KWO a d\u00e9but\u00e9 sur le Handeck. A partir de 1947, une deuxi\u00e8me [&hellip;]<\/p>\n","protected":false},"author":4,"featured_media":45285,"parent":45469,"menu_order":0,"comment_status":"closed","ping_status":"closed","template":"","meta":{"footnotes":""},"class_list":["post-45275","page","type-page","status-publish","has-post-thumbnail","hentry"],"_links":{"self":[{"href":"https:\/\/www.grimselwelt.ch\/fr\/wp-json\/wp\/v2\/pages\/45275","targetHints":{"allow":["GET"]}}],"collection":[{"href":"https:\/\/www.grimselwelt.ch\/fr\/wp-json\/wp\/v2\/pages"}],"about":[{"href":"https:\/\/www.grimselwelt.ch\/fr\/wp-json\/wp\/v2\/types\/page"}],"author":[{"embeddable":true,"href":"https:\/\/www.grimselwelt.ch\/fr\/wp-json\/wp\/v2\/users\/4"}],"replies":[{"embeddable":true,"href":"https:\/\/www.grimselwelt.ch\/fr\/wp-json\/wp\/v2\/comments?post=45275"}],"version-history":[{"count":4,"href":"https:\/\/www.grimselwelt.ch\/fr\/wp-json\/wp\/v2\/pages\/45275\/revisions"}],"predecessor-version":[{"id":47241,"href":"https:\/\/www.grimselwelt.ch\/fr\/wp-json\/wp\/v2\/pages\/45275\/revisions\/47241"}],"up":[{"embeddable":true,"href":"https:\/\/www.grimselwelt.ch\/fr\/wp-json\/wp\/v2\/pages\/45469"}],"wp:featuredmedia":[{"embeddable":true,"href":"https:\/\/www.grimselwelt.ch\/fr\/wp-json\/wp\/v2\/media\/45285"}],"wp:attachment":[{"href":"https:\/\/www.grimselwelt.ch\/fr\/wp-json\/wp\/v2\/media?parent=45275"}],"curies":[{"name":"wp","href":"https:\/\/api.w.org\/{rel}","templated":true}]}}