{"id":45259,"date":"2020-12-16T15:53:18","date_gmt":"2020-12-16T15:53:18","guid":{"rendered":"https:\/\/www.grimselwelt.ch\/temps-de-seminaire-au-grimsel-hospiz\/"},"modified":"2026-01-29T14:54:29","modified_gmt":"2026-01-29T14:54:29","slug":"temps-de-seminaire-au-grimsel-hospiz","status":"publish","type":"page","link":"https:\/\/www.grimselwelt.ch\/fr\/hotels-du-grimsel\/hotel-alpin-historique-grimsel-hospiz\/temps-de-seminaire-au-grimsel-hospiz\/","title":{"rendered":"Temps de s\u00e9minaire au Grimsel Hospiz"},"content":{"rendered":"\t\t<div data-elementor-type=\"wp-page\" data-elementor-id=\"45259\" class=\"elementor elementor-45259 elementor-2784\" data-elementor-post-type=\"page\">\n\t\t\t\t\t\t<section class=\"elementor-section elementor-top-section elementor-element elementor-element-455ec8f elementor-section-boxed elementor-section-height-default elementor-section-height-default\" data-id=\"455ec8f\" data-element_type=\"section\" data-e-type=\"section\">\n\t\t\t\t\t\t<div class=\"elementor-container elementor-column-gap-default\">\n\t\t\t\t\t<div class=\"elementor-column elementor-col-25 elementor-top-column elementor-element elementor-element-f695da3\" data-id=\"f695da3\" data-element_type=\"column\" data-e-type=\"column\">\n\t\t\t<div class=\"elementor-widget-wrap elementor-element-populated\">\n\t\t\t\t\t\t\t<\/div>\n\t\t<\/div>\n\t\t\t\t<div class=\"elementor-column elementor-col-25 elementor-top-column elementor-element elementor-element-720bf9c\" data-id=\"720bf9c\" data-element_type=\"column\" data-e-type=\"column\">\n\t\t\t<div class=\"elementor-widget-wrap elementor-element-populated\">\n\t\t\t\t\t\t<div class=\"elementor-element elementor-element-8cd7abf elementor-widget elementor-widget-image\" data-id=\"8cd7abf\" data-element_type=\"widget\" data-e-type=\"widget\" data-widget_type=\"image.default\">\n\t\t\t\t<div class=\"elementor-widget-container\">\n\t\t\t\t\t\t\t\t\t\t\t\t\t\t\t\t<a href=\"https:\/\/www.myswitzerland.com\/de-ch\/unterkuenfte\/hotels\/seminarhotels-mit-inspiration\/\" target=\"_blank\" rel=\"nofollow\">\n\t\t\t\t\t\t\t<img decoding=\"async\" width=\"198\" height=\"148\" src=\"https:\/\/www.grimselwelt.ch\/media\/label-schweiz-tourismus_inspiring-meeting-hotel.jpg\" class=\"attachment-large size-large wp-image-45159\" alt=\"\" \/>\t\t\t\t\t\t\t\t<\/a>\n\t\t\t\t\t\t\t\t\t\t\t\t\t\t\t<\/div>\n\t\t\t\t<\/div>\n\t\t\t\t\t<\/div>\n\t\t<\/div>\n\t\t\t\t<div class=\"elementor-column elementor-col-25 elementor-top-column elementor-element elementor-element-5bbed5a\" data-id=\"5bbed5a\" data-element_type=\"column\" data-e-type=\"column\">\n\t\t\t<div class=\"elementor-widget-wrap\">\n\t\t\t\t\t\t\t<\/div>\n\t\t<\/div>\n\t\t\t\t<div class=\"elementor-column elementor-col-25 elementor-top-column elementor-element elementor-element-cc374aa\" data-id=\"cc374aa\" data-element_type=\"column\" data-e-type=\"column\">\n\t\t\t<div class=\"elementor-widget-wrap elementor-element-populated\">\n\t\t\t\t\t\t\t<\/div>\n\t\t<\/div>\n\t\t\t\t\t<\/div>\n\t\t<\/section>\n\t\t\t\t<section class=\"elementor-section elementor-top-section elementor-element elementor-element-54526a54 elementor-section-boxed elementor-section-height-default elementor-section-height-default\" data-id=\"54526a54\" data-element_type=\"section\" data-e-type=\"section\">\n\t\t\t\t\t\t<div class=\"elementor-container elementor-column-gap-default\">\n\t\t\t\t\t<div class=\"elementor-column elementor-col-100 elementor-top-column elementor-element elementor-element-7fa14eaf\" data-id=\"7fa14eaf\" data-element_type=\"column\" data-e-type=\"column\">\n\t\t\t<div class=\"elementor-widget-wrap elementor-element-populated\">\n\t\t\t\t\t\t<div class=\"elementor-element elementor-element-9d772fd elementor-widget elementor-widget-text-editor\" data-id=\"9d772fd\" data-element_type=\"widget\" data-e-type=\"widget\" data-widget_type=\"text-editor.default\">\n\t\t\t\t<div class=\"elementor-widget-container\">\n\t\t\t\t\t\t\t\t\t<p>Grimselwelt - c&rsquo;est l\u00e0 que des pionniers ont \u00e9crit l&rsquo;histoire de l&rsquo;hydro\u00e9lectricit\u00e9 suisse sans se laisser d\u00e9courager et avec d\u00e9termination<br>,<br>on y ressent encore aujourd&rsquo;hui cet esprit, cette inspiration et cette envie d&rsquo;aller de l&rsquo;avant.<\/p>\t\t\t\t\t\t\t\t<\/div>\n\t\t\t\t<\/div>\n\t\t\t\t\t<\/div>\n\t\t<\/div>\n\t\t\t\t\t<\/div>\n\t\t<\/section>\n\t\t\t\t<section class=\"elementor-section elementor-top-section elementor-element elementor-element-57278216 elementor-section-full_width elementor-section-height-default elementor-section-height-default\" data-id=\"57278216\" data-element_type=\"section\" data-e-type=\"section\">\n\t\t\t\t\t\t<div class=\"elementor-container elementor-column-gap-default\">\n\t\t\t\t\t<div class=\"elementor-column elementor-col-33 elementor-top-column elementor-element elementor-element-7079e966\" data-id=\"7079e966\" data-element_type=\"column\" data-e-type=\"column\">\n\t\t\t<div class=\"elementor-widget-wrap elementor-element-populated\">\n\t\t\t\t\t\t<div class=\"elementor-element elementor-element-62d47eef bdt-flip-box-effect-fade bdt-flip-box-easing-ease-out elementor-widget elementor-widget-bdt-flip-box\" data-id=\"62d47eef\" data-element_type=\"widget\" data-e-type=\"widget\" data-widget_type=\"bdt-flip-box.default\">\n\t\t\t\t<div class=\"elementor-widget-container\">\n\t\t\t\t\t\t\t<div class=\"bdt-flip-box\" data-settings=\"{&quot;flipTrigger&quot;:&quot;hover&quot;}\">\r\n\t\t\t<div class=\"bdt-flip-box-layer bdt-flip-box-front\">\r\n\t\t\t\t<div class=\"bdt-flip-box-layer-overlay\">\r\n\t\t\t\t\t<div class=\"bdt-flip-box-layer-inner\">\r\n\t\t\t\t\t\t\r\n\t\t\t\t\t\t\t\t\t\t\t\t\t<h3 class=\"bdt-flip-box-layer-title\">\r\n\t\t\t\t\t\t\t\tOffre de s\u00e9minaires\t\t\t\t\t\t\t<\/h3>\r\n\t\t\t\t\t\t\r\n\t\t\t\t\t\t\t\t\t\t\t<\/div>\r\n\t\t\t\t<\/div>\r\n\t\t\t<\/div>\r\n\t\t\t<div class=\"bdt-flip-box-layer bdt-flip-box-back\">\r\n\t\t\t\t<div class=\"bdt-flip-box-layer-overlay\">\r\n\t\t\t\t\t<div class=\"bdt-flip-box-layer-inner\">\r\n\t\t\t\t\t\t\t\t\t\t\t\t\t<h1 class=\"bdt-flip-box-layer-title\">\r\n\t\t\t\t\t\t\t\tHeure du s\u00e9minaire\t\t\t\t\t\t\t<\/h1>\r\n\t\t\t\t\t\t\r\n\t\t\t\t\t\t\t\t\t\t\t\t\t<div class=\"bdt-flip-box-layer-desc\">\r\n\t\t\t\t\t\t\t\tEn savoir plus sur notre offre de s\u00e9minaires dans les H\u00f4tels du Grimsel.\t\t\t\t\t\t\t<\/div>\r\n\t\t\t\t\t\t\r\n\t\t\t\t\t\t\t\t\t\t\t\t\t<a class=\"bdt-flip-box-button elementor-button elementor-size-sm \" href=\"https:\/\/www.grimselwelt.ch\/media\/de_seminardokumentation-sommer.pdf\" target=\"_blank\">\r\n\t\t\t\t\t\t\t\tDocumentation du s\u00e9minaire\t\t\t\t\t\t\t<\/a>\r\n\t\t\t\t\t\t\t\t\t\t\t<\/div>\r\n\t\t\t\t<\/div>\r\n\t\t\t<\/div>\r\n\t\t<\/div>\r\n\t\t\t\t\t<\/div>\n\t\t\t\t<\/div>\n\t\t\t\t\t<\/div>\n\t\t<\/div>\n\t\t\t\t<div class=\"elementor-column elementor-col-33 elementor-top-column elementor-element elementor-element-4e45b7cd\" data-id=\"4e45b7cd\" data-element_type=\"column\" data-e-type=\"column\">\n\t\t\t<div class=\"elementor-widget-wrap elementor-element-populated\">\n\t\t\t\t\t\t<div class=\"elementor-element elementor-element-1606d37a bdt-flip-box-effect-fade bdt-flip-box-easing-ease-out elementor-widget elementor-widget-bdt-flip-box\" data-id=\"1606d37a\" data-element_type=\"widget\" data-e-type=\"widget\" data-widget_type=\"bdt-flip-box.default\">\n\t\t\t\t<div class=\"elementor-widget-container\">\n\t\t\t\t\t\t\t<div class=\"bdt-flip-box\" data-settings=\"{&quot;flipTrigger&quot;:&quot;hover&quot;}\">\r\n\t\t\t<div class=\"bdt-flip-box-layer bdt-flip-box-front\">\r\n\t\t\t\t<div class=\"bdt-flip-box-layer-overlay\">\r\n\t\t\t\t\t<div class=\"bdt-flip-box-layer-inner\">\r\n\t\t\t\t\t\t\r\n\t\t\t\t\t\t\t\t\t\t\t\t\t<h4 class=\"bdt-flip-box-layer-title\">\r\n\t\t\t\t\t\t\t\tLocaux\t\t\t\t\t\t\t<\/h4>\r\n\t\t\t\t\t\t\r\n\t\t\t\t\t\t\t\t\t\t\t<\/div>\r\n\t\t\t\t<\/div>\r\n\t\t\t<\/div>\r\n\t\t\t<a class=\"bdt-flip-box-layer bdt-flip-box-back\" href=\"https:\/\/www.grimselwelt.ch\/grimselhotels\/grimsel-hospiz\/seminare\/raeumlichkeiten\/\">\r\n\t\t\t\t<div class=\"bdt-flip-box-layer-overlay\">\r\n\t\t\t\t\t<div class=\"bdt-flip-box-layer-inner\">\r\n\t\t\t\t\t\t\t\t\t\t\t\t\t<h3 class=\"bdt-flip-box-layer-title\">\r\n\t\t\t\t\t\t\t\tEspace et technique\t\t\t\t\t\t\t<\/h3>\r\n\t\t\t\t\t\t\r\n\t\t\t\t\t\t\t\t\t\t\t\t\t<div class=\"bdt-flip-box-layer-desc\">\r\n\t\t\t\t\t\t\t\tDans les salles de s\u00e9minaire du Grimsel Hospiz, il est possible de r\u00e9fl\u00e9chir, de d\u00e9velopper des strat\u00e9gies et de faire des projets sans \u00eatre d\u00e9rang\u00e9. Ici, les \u00e9nergies circulent ! \t\t\t\t\t\t\t<\/div>\r\n\t\t\t\t\t\t\r\n\t\t\t\t\t\t\t\t\t\t\t\t\t<button class=\"bdt-flip-box-button elementor-button elementor-size-sm \">\r\n\t\t\t\t\t\t\t\tEn savoir plus\t\t\t\t\t\t\t<\/button>\r\n\t\t\t\t\t\t\t\t\t\t\t<\/div>\r\n\t\t\t\t<\/div>\r\n\t\t\t<\/a>\r\n\t\t<\/div>\r\n\t\t\t\t\t<\/div>\n\t\t\t\t<\/div>\n\t\t\t\t\t<\/div>\n\t\t<\/div>\n\t\t\t\t<div class=\"elementor-column elementor-col-33 elementor-top-column elementor-element elementor-element-f9037b9\" data-id=\"f9037b9\" data-element_type=\"column\" data-e-type=\"column\">\n\t\t\t<div class=\"elementor-widget-wrap elementor-element-populated\">\n\t\t\t\t\t\t<div class=\"elementor-element elementor-element-1f1fd9b5 bdt-flip-box-effect-fade bdt-flip-box-easing-ease-out elementor-widget elementor-widget-bdt-flip-box\" data-id=\"1f1fd9b5\" data-element_type=\"widget\" data-e-type=\"widget\" data-widget_type=\"bdt-flip-box.default\">\n\t\t\t\t<div class=\"elementor-widget-container\">\n\t\t\t\t\t\t\t<div class=\"bdt-flip-box\" data-settings=\"{&quot;flipTrigger&quot;:&quot;hover&quot;}\">\r\n\t\t\t<div class=\"bdt-flip-box-layer bdt-flip-box-front\">\r\n\t\t\t\t<div class=\"bdt-flip-box-layer-overlay\">\r\n\t\t\t\t\t<div class=\"bdt-flip-box-layer-inner\">\r\n\t\t\t\t\t\t\r\n\t\t\t\t\t\t\t\t\t\t\t\t\t<h3 class=\"bdt-flip-box-layer-title\">\r\n\t\t\t\t\t\t\t\tProgramme cadre\t\t\t\t\t\t\t<\/h3>\r\n\t\t\t\t\t\t\r\n\t\t\t\t\t\t\t\t\t\t\t<\/div>\r\n\t\t\t\t<\/div>\r\n\t\t\t<\/div>\r\n\t\t\t<a class=\"bdt-flip-box-layer bdt-flip-box-back\" href=\"https:\/\/www.grimselwelt.ch\/grimselhotels\/rahmenprogramm-sommer\/\">\r\n\t\t\t\t<div class=\"bdt-flip-box-layer-overlay\">\r\n\t\t\t\t\t<div class=\"bdt-flip-box-layer-inner\">\r\n\t\t\t\t\t\t\t\t\t\t\t\t\t<h1 class=\"bdt-flip-box-layer-title\">\r\n\t\t\t\t\t\t\t\tProgramme cadre\t\t\t\t\t\t\t<\/h1>\r\n\t\t\t\t\t\t\r\n\t\t\t\t\t\t\t\t\t\t\t\t\t<div class=\"bdt-flip-box-layer-desc\">\r\n\t\t\t\t\t\t\t\tVotre s\u00e9jour et le programme-cadre appropri\u00e9 - organis\u00e9s par un seul et m\u00eame prestataire.\t\t\t\t\t\t\t<\/div>\r\n\t\t\t\t\t\t\r\n\t\t\t\t\t\t\t\t\t\t\t\t\t<button class=\"bdt-flip-box-button elementor-button elementor-size-sm \">\r\n\t\t\t\t\t\t\t\tEn savoir plus\t\t\t\t\t\t\t<\/button>\r\n\t\t\t\t\t\t\t\t\t\t\t<\/div>\r\n\t\t\t\t<\/div>\r\n\t\t\t<\/a>\r\n\t\t<\/div>\r\n\t\t\t\t\t<\/div>\n\t\t\t\t<\/div>\n\t\t\t\t\t<\/div>\n\t\t<\/div>\n\t\t\t\t\t<\/div>\n\t\t<\/section>\n\t\t\t\t<section class=\"elementor-section elementor-top-section elementor-element elementor-element-93dbf0c elementor-section-boxed elementor-section-height-default elementor-section-height-default\" data-id=\"93dbf0c\" data-element_type=\"section\" data-e-type=\"section\">\n\t\t\t\t\t\t<div class=\"elementor-container elementor-column-gap-default\">\n\t\t\t\t\t<div class=\"elementor-column elementor-col-100 elementor-top-column elementor-element elementor-element-5907cd0\" data-id=\"5907cd0\" data-element_type=\"column\" data-e-type=\"column\">\n\t\t\t<div class=\"elementor-widget-wrap elementor-element-populated\">\n\t\t\t\t\t\t<div class=\"elementor-element elementor-element-eba8b44 elementor-widget elementor-widget-spacer\" data-id=\"eba8b44\" data-element_type=\"widget\" data-e-type=\"widget\" data-widget_type=\"spacer.default\">\n\t\t\t\t<div class=\"elementor-widget-container\">\n\t\t\t\t\t\t\t<div class=\"elementor-spacer\">\n\t\t\t<div class=\"elementor-spacer-inner\"><\/div>\n\t\t<\/div>\n\t\t\t\t\t\t<\/div>\n\t\t\t\t<\/div>\n\t\t\t\t\t<\/div>\n\t\t<\/div>\n\t\t\t\t\t<\/div>\n\t\t<\/section>\n\t\t\t\t<section class=\"elementor-section elementor-top-section elementor-element elementor-element-1442161 elementor-section-stretched elementor-section-boxed elementor-section-height-default elementor-section-height-default\" data-id=\"1442161\" data-element_type=\"section\" data-e-type=\"section\" data-settings=\"{&quot;stretch_section&quot;:&quot;section-stretched&quot;,&quot;background_background&quot;:&quot;classic&quot;}\">\n\t\t\t\t\t\t\t<div class=\"elementor-background-overlay\"><\/div>\n\t\t\t\t\t\t\t<div class=\"elementor-container elementor-column-gap-default\">\n\t\t\t\t\t<div class=\"elementor-column elementor-col-100 elementor-top-column elementor-element elementor-element-d15100f\" data-id=\"d15100f\" data-element_type=\"column\" data-e-type=\"column\">\n\t\t\t<div class=\"elementor-widget-wrap elementor-element-populated\">\n\t\t\t\t\t\t<div class=\"elementor-element elementor-element-fa511c7 elementor-widget elementor-widget-heading\" data-id=\"fa511c7\" data-element_type=\"widget\" data-e-type=\"widget\" data-widget_type=\"heading.default\">\n\t\t\t\t<div class=\"elementor-widget-container\">\n\t\t\t\t\t<h2 class=\"elementor-heading-title elementor-size-default\">Contact banquets &amp; \u00e9v\u00e9nements<\/h2>\t\t\t\t<\/div>\n\t\t\t\t<\/div>\n\t\t\t\t<div class=\"elementor-element elementor-element-0a971e4 elementor-widget elementor-widget-text-editor\" data-id=\"0a971e4\" data-element_type=\"widget\" data-e-type=\"widget\" data-widget_type=\"text-editor.default\">\n\t\t\t\t<div class=\"elementor-widget-container\">\n\t\t\t\t\t\t\t\t\t<p>Les H\u00f4tels du Grimsel offrent beaucoup d&rsquo;espace et une belle ambiance pour les f\u00eates et les r\u00e9unions.<br>Souhaitez-vous visiter les locaux ? Veuillez convenir d&rsquo;un rendez-vous au pr\u00e9alable. <\/p>\n<p>Pour toute question concernant les banquets, s\u00e9minaires et autres \u00e9v\u00e9nements, contactez directement<\/p>\t\t\t\t\t\t\t\t<\/div>\n\t\t\t\t<\/div>\n\t\t\t\t<div class=\"elementor-element elementor-element-13caf1c elementor-align-left elementor-widget elementor-widget-button\" data-id=\"13caf1c\" data-element_type=\"widget\" data-e-type=\"widget\" data-widget_type=\"button.default\">\n\t\t\t\t<div class=\"elementor-widget-container\">\n\t\t\t\t\t\t\t\t\t<div class=\"elementor-button-wrapper\">\n\t\t\t\t\t<a class=\"elementor-button elementor-button-link elementor-size-sm\" href=\"tel:+41339822614\">\n\t\t\t\t\t\t<span class=\"elementor-button-content-wrapper\">\n\t\t\t\t\t\t<span class=\"elementor-button-icon\">\n\t\t\t\t<i aria-hidden=\"true\" class=\"fas fa-phone\"><\/i>\t\t\t<\/span>\n\t\t\t\t\t\t\t\t\t<span class=\"elementor-button-text\">+41 33 982 26 14<\/span>\n\t\t\t\t\t<\/span>\n\t\t\t\t\t<\/a>\n\t\t\t\t<\/div>\n\t\t\t\t\t\t\t\t<\/div>\n\t\t\t\t<\/div>\n\t\t\t\t<div class=\"elementor-element elementor-element-063c2a3 elementor-align-left elementor-widget elementor-widget-button\" data-id=\"063c2a3\" data-element_type=\"widget\" data-e-type=\"widget\" data-widget_type=\"button.default\">\n\t\t\t\t<div class=\"elementor-widget-container\">\n\t\t\t\t\t\t\t\t\t<div class=\"elementor-button-wrapper\">\n\t\t\t\t\t<a class=\"elementor-button elementor-button-link elementor-size-sm\" href=\"mailto:events@grimselwelt.ch\">\n\t\t\t\t\t\t<span class=\"elementor-button-content-wrapper\">\n\t\t\t\t\t\t<span class=\"elementor-button-icon\">\n\t\t\t\t<i aria-hidden=\"true\" class=\"far fa-envelope\"><\/i>\t\t\t<\/span>\n\t\t\t\t\t\t\t\t\t<span class=\"elementor-button-text\">Envoyer un e-mail<\/span>\n\t\t\t\t\t<\/span>\n\t\t\t\t\t<\/a>\n\t\t\t\t<\/div>\n\t\t\t\t\t\t\t\t<\/div>\n\t\t\t\t<\/div>\n\t\t\t\t\t<\/div>\n\t\t<\/div>\n\t\t\t\t\t<\/div>\n\t\t<\/section>\n\t\t\t\t<\/div>\n\t\t","protected":false},"excerpt":{"rendered":"<p>Grimselwelt - c&rsquo;est l\u00e0 que des pionniers ont \u00e9crit l&rsquo;histoire de l&rsquo;hydro\u00e9lectricit\u00e9 suisse sans se laisser d\u00e9courager et avec d\u00e9termination,on y ressent encore aujourd&rsquo;hui cet esprit, cette inspiration et cette envie d&rsquo;aller de l&rsquo;avant. Offre de s\u00e9minaires Heure du s\u00e9minaire [&hellip;]<\/p>\n","protected":false},"author":4,"featured_media":45265,"parent":45322,"menu_order":0,"comment_status":"closed","ping_status":"closed","template":"","meta":{"footnotes":""},"class_list":["post-45259","page","type-page","status-publish","has-post-thumbnail","hentry"],"_links":{"self":[{"href":"https:\/\/www.grimselwelt.ch\/fr\/wp-json\/wp\/v2\/pages\/45259","targetHints":{"allow":["GET"]}}],"collection":[{"href":"https:\/\/www.grimselwelt.ch\/fr\/wp-json\/wp\/v2\/pages"}],"about":[{"href":"https:\/\/www.grimselwelt.ch\/fr\/wp-json\/wp\/v2\/types\/page"}],"author":[{"embeddable":true,"href":"https:\/\/www.grimselwelt.ch\/fr\/wp-json\/wp\/v2\/users\/4"}],"replies":[{"embeddable":true,"href":"https:\/\/www.grimselwelt.ch\/fr\/wp-json\/wp\/v2\/comments?post=45259"}],"version-history":[{"count":1,"href":"https:\/\/www.grimselwelt.ch\/fr\/wp-json\/wp\/v2\/pages\/45259\/revisions"}],"predecessor-version":[{"id":45273,"href":"https:\/\/www.grimselwelt.ch\/fr\/wp-json\/wp\/v2\/pages\/45259\/revisions\/45273"}],"up":[{"embeddable":true,"href":"https:\/\/www.grimselwelt.ch\/fr\/wp-json\/wp\/v2\/pages\/45322"}],"wp:featuredmedia":[{"embeddable":true,"href":"https:\/\/www.grimselwelt.ch\/fr\/wp-json\/wp\/v2\/media\/45265"}],"wp:attachment":[{"href":"https:\/\/www.grimselwelt.ch\/fr\/wp-json\/wp\/v2\/media?parent=45259"}],"curies":[{"name":"wp","href":"https:\/\/api.w.org\/{rel}","templated":true}]}}