{"id":45186,"date":"2020-12-22T15:24:28","date_gmt":"2020-12-22T15:24:28","guid":{"rendered":"https:\/\/www.grimselwelt.ch\/grimsel-hospiz-grimsel-undergrund\/"},"modified":"2026-03-23T12:17:16","modified_gmt":"2026-03-23T12:17:16","slug":"hospiz-grimsel-undergrund","status":"publish","type":"page","link":"https:\/\/www.grimselwelt.ch\/fr\/visites-guidees\/hospiz-grimsel-undergrund\/","title":{"rendered":"Grimsel Hospiz : Grimsel Undergrund"},"content":{"rendered":"\t\t<div data-elementor-type=\"wp-page\" data-elementor-id=\"45186\" class=\"elementor elementor-45186 elementor-3190\" data-elementor-post-type=\"page\">\n\t\t\t\t\t\t<section class=\"elementor-section elementor-top-section elementor-element elementor-element-4a938df elementor-section-boxed elementor-section-height-default elementor-section-height-default\" data-id=\"4a938df\" data-element_type=\"section\" data-e-type=\"section\">\n\t\t\t\t\t\t<div class=\"elementor-container elementor-column-gap-default\">\n\t\t\t\t\t<div class=\"elementor-column elementor-col-100 elementor-top-column elementor-element elementor-element-4bc1ed1\" data-id=\"4bc1ed1\" data-element_type=\"column\" data-e-type=\"column\">\n\t\t\t<div class=\"elementor-widget-wrap elementor-element-populated\">\n\t\t\t\t\t\t<div class=\"elementor-element elementor-element-eef471a elementor-widget elementor-widget-heading\" data-id=\"eef471a\" data-element_type=\"widget\" data-e-type=\"widget\" data-widget_type=\"heading.default\">\n\t\t\t\t<div class=\"elementor-widget-container\">\n\t\t\t\t\t<span class=\"elementor-heading-title elementor-size-default\">Voyage en Hospizbahn, visite de la centrale hydro\u00e9lectrique du Grimsel 2 et visite de la grotte des cristaux de Gerstenegg, unique en son genre.<\/span>\t\t\t\t<\/div>\n\t\t\t\t<\/div>\n\t\t\t\t<div class=\"elementor-element elementor-element-3dcff675 elementor-align-left elementor-button-success elementor-widget elementor-widget-button\" data-id=\"3dcff675\" data-element_type=\"widget\" data-e-type=\"widget\" data-widget_type=\"button.default\">\n\t\t\t\t<div class=\"elementor-widget-container\">\n\t\t\t\t\t\t\t\t\t<div class=\"elementor-button-wrapper\">\n\t\t\t\t\t<a class=\"elementor-button elementor-button-link elementor-size-sm\" href=\"\/shop\/sommerfuehrungen\" target=\"_blank\" rel=\"nofollow\">\n\t\t\t\t\t\t<span class=\"elementor-button-content-wrapper\">\n\t\t\t\t\t\t<span class=\"elementor-button-icon\">\n\t\t\t\t<i aria-hidden=\"true\" class=\"fas fa-ticket-alt\"><\/i>\t\t\t<\/span>\n\t\t\t\t\t\t\t\t\t<span class=\"elementor-button-text\">R\u00e9server une offre<\/span>\n\t\t\t\t\t<\/span>\n\t\t\t\t\t<\/a>\n\t\t\t\t<\/div>\n\t\t\t\t\t\t\t\t<\/div>\n\t\t\t\t<\/div>\n\t\t\t\t\t<\/div>\n\t\t<\/div>\n\t\t\t\t\t<\/div>\n\t\t<\/section>\n\t\t\t\t<section class=\"elementor-section elementor-top-section elementor-element elementor-element-115a95d3 elementor-section-boxed elementor-section-height-default elementor-section-height-default\" data-id=\"115a95d3\" data-element_type=\"section\" data-e-type=\"section\">\n\t\t\t\t\t\t<div class=\"elementor-container elementor-column-gap-default\">\n\t\t\t\t\t<div class=\"elementor-column elementor-col-100 elementor-top-column elementor-element elementor-element-16d26624\" data-id=\"16d26624\" data-element_type=\"column\" data-e-type=\"column\">\n\t\t\t<div class=\"elementor-widget-wrap elementor-element-populated\">\n\t\t\t\t\t\t<div class=\"elementor-element elementor-element-f424437 elementor-widget elementor-widget-video\" data-id=\"f424437\" data-element_type=\"widget\" data-e-type=\"widget\" data-settings=\"{&quot;youtube_url&quot;:&quot;https:\\\/\\\/youtu.be\\\/0ycTc3-GOGE&quot;,&quot;video_type&quot;:&quot;youtube&quot;}\" data-widget_type=\"video.default\">\n\t\t\t\t<div class=\"elementor-widget-container\">\n\t\t\t\t\t\t\t<div class=\"elementor-wrapper elementor-open-inline\">\n\t\t\t<div class=\"elementor-video\"><\/div>\t\t<\/div>\n\t\t\t\t\t\t<\/div>\n\t\t\t\t<\/div>\n\t\t\t\t<div class=\"elementor-element elementor-element-a661c0b elementor-widget elementor-widget-text-editor\" data-id=\"a661c0b\" data-element_type=\"widget\" data-e-type=\"widget\" data-widget_type=\"text-editor.default\">\n\t\t\t\t<div class=\"elementor-widget-container\">\n\t\t\t\t\t\t\t\t\t<p>Avec le petit Hospizbahn, nous descendons dans le sous-sol en passant par le barrage de Spitallamm. Apr\u00e8s quelques m\u00e8tres, nous arrivons \u00e0 la <a href=\"https:\/\/www.grimselstrom.ch\/produktion\/strom-aus-wasserkraft\/kraftwerke\/\">Centrale \u00e9lectrique du Grimsel 1<\/a>, puis \u00e0 la <a href=\"https:\/\/www.grimselstrom.ch\/produktion\/strom-aus-wasserkraft\/kraftwerke\/\">centrale de pompage-turbinage du Grimsel 2<\/a>, situ\u00e9e \u00e0 500 m\u00e8tres sous le lac d&rsquo;Oberaar et \u00e0 100 m\u00e8tres sous le Grimselsee, au plus profond du granit du Grimsel. <\/p><p>De retour par la galerie, nous atteignons le tr\u00e9sor de Grimselwelt - la grotte des cristaux de Gerstenegg. En 1974, cette grotte des cristaux a \u00e9t\u00e9 d\u00e9couverte lors de la construction de la galerie et peu apr\u00e8s, le Conseil d&rsquo;Etat bernois l&rsquo;a plac\u00e9e sous protection. <\/p><p>Enfin, le Hospizbahn permet de sortir du sous-sol et de remonter jusqu&rsquo;\u00e0 la plateforme d&rsquo;observation Hospiz.<\/p>\t\t\t\t\t\t\t\t<\/div>\n\t\t\t\t<\/div>\n\t\t\t\t\t<\/div>\n\t\t<\/div>\n\t\t\t\t\t<\/div>\n\t\t<\/section>\n\t\t\t\t<section class=\"elementor-section elementor-top-section elementor-element elementor-element-2db9a1df elementor-section-boxed elementor-section-height-default elementor-section-height-default\" data-id=\"2db9a1df\" data-element_type=\"section\" data-e-type=\"section\">\n\t\t\t\t\t\t<div class=\"elementor-container elementor-column-gap-default\">\n\t\t\t\t\t<div class=\"elementor-column elementor-col-100 elementor-top-column elementor-element elementor-element-7f689410\" data-id=\"7f689410\" data-element_type=\"column\" data-e-type=\"column\">\n\t\t\t<div class=\"elementor-widget-wrap elementor-element-populated\">\n\t\t\t\t\t\t<div class=\"elementor-element elementor-element-a153160 elementor-widget elementor-widget-heading\" data-id=\"a153160\" data-element_type=\"widget\" data-e-type=\"widget\" data-widget_type=\"heading.default\">\n\t\t\t\t<div class=\"elementor-widget-container\">\n\t\t\t\t\t<h2 class=\"elementor-heading-title elementor-size-default\">Informations sur l'excursion<\/h2>\t\t\t\t<\/div>\n\t\t\t\t<\/div>\n\t\t\t\t<div class=\"elementor-element elementor-element-96d68e3 elementor-widget elementor-widget-heading\" data-id=\"96d68e3\" data-element_type=\"widget\" data-e-type=\"widget\" data-widget_type=\"heading.default\">\n\t\t\t\t<div class=\"elementor-widget-container\">\n\t\t\t\t\t<h3 class=\"elementor-heading-title elementor-size-default\">Donn\u00e9es<\/h3>\t\t\t\t<\/div>\n\t\t\t\t<\/div>\n\t\t\t\t<div class=\"elementor-element elementor-element-6d041c5c elementor-widget elementor-widget-text-editor\" data-id=\"6d041c5c\" data-element_type=\"widget\" data-e-type=\"widget\" data-widget_type=\"text-editor.default\">\n\t\t\t\t<div class=\"elementor-widget-container\">\n\t\t\t\t\t\t\t\t\t6. Juni \u2013 25. Oktober 2026\t\t\t\t\t\t\t\t<\/div>\n\t\t\t\t<\/div>\n\t\t\t\t<div class=\"elementor-element elementor-element-d94bf27 elementor-widget elementor-widget-heading\" data-id=\"d94bf27\" data-element_type=\"widget\" data-e-type=\"widget\" data-widget_type=\"heading.default\">\n\t\t\t\t<div class=\"elementor-widget-container\">\n\t\t\t\t\t<h3 class=\"elementor-heading-title elementor-size-default\">Dur\u00e9e<\/h3>\t\t\t\t<\/div>\n\t\t\t\t<\/div>\n\t\t\t\t<div class=\"elementor-element elementor-element-79e3146 elementor-widget elementor-widget-text-editor\" data-id=\"79e3146\" data-element_type=\"widget\" data-e-type=\"widget\" data-widget_type=\"text-editor.default\">\n\t\t\t\t<div class=\"elementor-widget-container\">\n\t\t\t\t\t\t\t\t\t<p>2h<\/p>\t\t\t\t\t\t\t\t<\/div>\n\t\t\t\t<\/div>\n\t\t\t\t<div class=\"elementor-element elementor-element-b72bf8a elementor-widget elementor-widget-heading\" data-id=\"b72bf8a\" data-element_type=\"widget\" data-e-type=\"widget\" data-widget_type=\"heading.default\">\n\t\t\t\t<div class=\"elementor-widget-container\">\n\t\t\t\t\t<h3 class=\"elementor-heading-title elementor-size-default\">Tarifs<\/h3>\t\t\t\t<\/div>\n\t\t\t\t<\/div>\n\t\t\t\t<div class=\"elementor-element elementor-element-1e2ba005 elementor-widget elementor-widget-text-editor\" data-id=\"1e2ba005\" data-element_type=\"widget\" data-e-type=\"widget\" data-widget_type=\"text-editor.default\">\n\t\t\t\t<div class=\"elementor-widget-container\">\n\t\t\t\t\t\t\t\t\t<p>Adultes CHF 42.-<br>Enfants 6-15 ans CHF 29.-<\/p><p>Visite guid\u00e9e exclusive CHF 630  <\/p><p>(sous r\u00e9serve de modification des prix)<\/p>\t\t\t\t\t\t\t\t<\/div>\n\t\t\t\t<\/div>\n\t\t\t\t<div class=\"elementor-element elementor-element-102e1a4 elementor-widget elementor-widget-heading\" data-id=\"102e1a4\" data-element_type=\"widget\" data-e-type=\"widget\" data-widget_type=\"heading.default\">\n\t\t\t\t<div class=\"elementor-widget-container\">\n\t\t\t\t\t<h3 class=\"elementor-heading-title elementor-size-default\">Nombre de personnes<\/h3>\t\t\t\t<\/div>\n\t\t\t\t<\/div>\n\t\t\t\t<div class=\"elementor-element elementor-element-60d540e elementor-widget elementor-widget-text-editor\" data-id=\"60d540e\" data-element_type=\"widget\" data-e-type=\"widget\" data-widget_type=\"text-editor.default\">\n\t\t\t\t<div class=\"elementor-widget-container\">\n\t\t\t\t\t\t\t\t\t<p>Un maximum de 14 personnes peuvent participer \u00e0 une visite guid\u00e9e. <\/p>\t\t\t\t\t\t\t\t<\/div>\n\t\t\t\t<\/div>\n\t\t\t\t<div class=\"elementor-element elementor-element-4ba6aff elementor-widget elementor-widget-heading\" data-id=\"4ba6aff\" data-element_type=\"widget\" data-e-type=\"widget\" data-widget_type=\"heading.default\">\n\t\t\t\t<div class=\"elementor-widget-container\">\n\t\t\t\t\t<h3 class=\"elementor-heading-title elementor-size-default\">Lieu de rendez-vous et arriv\u00e9e<\/h3>\t\t\t\t<\/div>\n\t\t\t\t<\/div>\n\t\t\t\t<div class=\"elementor-element elementor-element-4f4e0976 elementor-widget elementor-widget-text-editor\" data-id=\"4f4e0976\" data-element_type=\"widget\" data-e-type=\"widget\" data-widget_type=\"text-editor.default\">\n\t\t\t\t<div class=\"elementor-widget-container\">\n\t\t\t\t\t\t\t\t\t<p>Les visites guid\u00e9es commencent au <strong><a href=\"https:\/\/goo.gl\/maps\/Tm4d9W4US3mWtQNM8\">Centre d&rsquo;accueil des visiteurs Grimsel Hospiz.<\/a><\/strong><\/p><p>L&rsquo;Hospiz est accessible en voiture et en car postal.  <\/p><p><a href=\"https:\/\/www.sbb.ch\/de\/fahrplan.html\">Arr\u00eat CarPostal Grimsel Hospiz<\/a><\/p><p><a href=\"https:\/\/www.google.ch\/maps\/place\/Historisches+Alpinhotel+Grimsel+Hospiz\/@46.6129993,8.257627,12z\/data=!4m8!3m7!1s0x47857e4641d60c0f:0xdf5fc40f7a5f83fc!5m2!4m1!1i2!8m2!3d46.57168!4d8.332673?hl=de\">Arriv\u00e9e en voiture<\/a><\/p>\t\t\t\t\t\t\t\t<\/div>\n\t\t\t\t<\/div>\n\t\t\t\t<div class=\"elementor-element elementor-element-30f879d elementor-widget elementor-widget-html\" data-id=\"30f879d\" data-element_type=\"widget\" data-e-type=\"widget\" data-widget_type=\"html.default\">\n\t\t\t\t<div class=\"elementor-widget-container\">\n\t\t\t\t\t<style>\r\n  .fahrplan-widget {\r\n    margin: 20px auto;\r\n    padding: 40px;\r\n    border: 1px solid #ddd;\r\n    border-radius: 5px;\r\n    background-color: #f9f9f9;\r\n    display: inline-block;\r\n  }\r\n\r\n  .fahrplan-body label {\r\n    font-size: 16px;\r\n    font-weight: bold;\r\n    display: block;\r\n    margin-bottom: 5px;\r\n  }\r\n\r\n  .fahrplan-body input[type=\"text\"] {\r\n    width: 80%;\r\n    padding: 10px;\r\n    border: 1px solid #ccc;\r\n    border-radius: 3px;\r\n    margin-bottom: 10px;\r\n  }\r\n\r\n  .submit-button {\r\n    width: 80%;\r\n    background-color: #ff0000;\r\n    color: white;\r\n    border: none;\r\n    padding: 10px;\r\n    border-radius: 3px;\r\n    cursor: pointer;\r\n  }\r\n\r\n  .submit-button:hover {\r\n    background-color: #cc0000;\r\n  }\r\n\r\n  .sm-form-control {\r\n    text-align: center;\r\n  }\r\n\r\n  @media (max-width: 768px) {\r\n    .fahrplan-body input[type=\"text\"],\r\n    .submit-button {\r\n      width: 100%; \/* Volle Breite f\u00fcr mobile Ger\u00e4te *\/\r\n    }\r\n\r\n    .fahrplan-body label {\r\n      text-align: center;\r\n    }\r\n\r\n    .fahrplan-widget {\r\n      padding: 30px 20px;\r\n    }\r\n  }\r\n<\/style>\r\n\r\n<div class=\"fahrplan-widget\">\r\n  <div class=\"col-sm-12 bottommargin-sm\">\r\n    <img decoding=\"async\" alt=\"logo sbb\" src=\"https:\/\/www.grimselwelt.ch\/media\/extension.svg\" width=\"250\" height=\"50\" style=\"padding-bottom: 40px;\">\r\n  <\/div>\r\n\r\n  <!-- Fahrplanformular -->\r\n  <form action=\"https:\/\/www.sbb.ch\/de\/kaufen\/pages\/fahrplan\/fahrplan.xhtml\" name=\"formular\" method=\"get\" target=\"_blank\">\r\n    <div class=\"fahrplan-body\">\r\n      <input type=\"hidden\" id=\"datum\" name=\"datum\" value=\"\">\r\n      <input type=\"hidden\" id=\"zeit\" name=\"zeit\" value=\"\">\r\n      <input type=\"hidden\" name=\"an\" value=\"false\">\r\n      <input type=\"hidden\" name=\"nach\" value=\"Grimsel Hospiz\">\r\n\r\n      <label for=\"template-sbbform-start\">De<\/label>\r\n      <input type=\"text\" accesskey=\"f\" id=\"template-sbbform-start\" name=\"von\" value=\"\" class=\"required sm-form-control\" placeholder=\"Votre lieu de d\u00e9part\">\r\n      <input type=\"hidden\" name=\"suche\" value=\"true\">\r\n\r\n      <button type=\"submit\" class=\"submit-button\">Afficher l'horaire<\/button>\r\n    <\/div>\r\n  <\/form>\r\n<\/div>\r\n\r\n<script>\r\n  function updateDateTime() {\r\n    const now = new Date();\r\n\r\n    \/\/ Format Datum: DD.MM.YYYY\r\n    const datum = now.toLocaleDateString('de-DE', {\r\n      day: '2-digit',\r\n      month: '2-digit',\r\n      year: 'numeric'\r\n    });\r\n\r\n    \/\/ Format Zeit: HH:MM\r\n    const zeit = now.toLocaleTimeString('de-DE', {\r\n      hour: '2-digit',\r\n      minute: '2-digit',\r\n      hour12: false\r\n    });\r\n\r\n    \/\/ Werte in die versteckten Felder eintragen\r\n    document.getElementById('datum').value = datum;\r\n    document.getElementById('zeit').value = zeit;\r\n  }\r\n\r\n  \/\/ Datum und Zeit beim Laden der Seite setzen\r\n  updateDateTime();\r\n\r\n  \/\/ Datum und Zeit alle 60 Sekunden aktualisieren\r\n  setInterval(updateDateTime, 60000);\r\n<\/script>\r\n\t\t\t\t<\/div>\n\t\t\t\t<\/div>\n\t\t\t\t\t<\/div>\n\t\t<\/div>\n\t\t\t\t\t<\/div>\n\t\t<\/section>\n\t\t\t\t<section class=\"elementor-section elementor-top-section elementor-element elementor-element-1002dc13 elementor-section-stretched elementor-section-boxed elementor-section-height-default elementor-section-height-default\" data-id=\"1002dc13\" data-element_type=\"section\" data-e-type=\"section\" data-settings=\"{&quot;stretch_section&quot;:&quot;section-stretched&quot;,&quot;background_background&quot;:&quot;classic&quot;}\">\n\t\t\t\t\t\t\t<div class=\"elementor-background-overlay\"><\/div>\n\t\t\t\t\t\t\t<div class=\"elementor-container elementor-column-gap-default\">\n\t\t\t\t\t<div class=\"elementor-column elementor-col-100 elementor-top-column elementor-element elementor-element-76471d81\" data-id=\"76471d81\" data-element_type=\"column\" data-e-type=\"column\">\n\t\t\t<div class=\"elementor-widget-wrap elementor-element-populated\">\n\t\t\t\t\t\t<div class=\"elementor-element elementor-element-5726f69 elementor-widget elementor-widget-heading\" data-id=\"5726f69\" data-element_type=\"widget\" data-e-type=\"widget\" data-widget_type=\"heading.default\">\n\t\t\t\t<div class=\"elementor-widget-container\">\n\t\t\t\t\t<h2 class=\"elementor-heading-title elementor-size-default\">Plus d'informations<\/h2>\t\t\t\t<\/div>\n\t\t\t\t<\/div>\n\t\t\t\t<div class=\"elementor-element elementor-element-8aa999c elementor-widget elementor-widget-heading\" data-id=\"8aa999c\" data-element_type=\"widget\" data-e-type=\"widget\" data-widget_type=\"heading.default\">\n\t\t\t\t<div class=\"elementor-widget-container\">\n\t\t\t\t\t<h3 class=\"elementor-heading-title elementor-size-default\">Conditions pr\u00e9alables<\/h3>\t\t\t\t<\/div>\n\t\t\t\t<\/div>\n\t\t\t\t<div class=\"elementor-element elementor-element-c0b7beb elementor-widget elementor-widget-text-editor\" data-id=\"c0b7beb\" data-element_type=\"widget\" data-e-type=\"widget\" data-widget_type=\"text-editor.default\">\n\t\t\t\t<div class=\"elementor-widget-container\">\n\t\t\t\t\t\t\t\t\t<p>La visite se d\u00e9roule en grande partie \u00e0 pied et en partie sous terre. Comme il y a quelques escaliers \u00e0 monter et \u00e0 descendre, une bonne condition physique est requise. <\/p><p>Les visites guid\u00e9es ne sont pas accessibles aux fauteuils roulants ni aux poussettes. Les animaux ne sont pas autoris\u00e9s. <\/p>\t\t\t\t\t\t\t\t<\/div>\n\t\t\t\t<\/div>\n\t\t\t\t<div class=\"elementor-element elementor-element-c668f63 elementor-widget elementor-widget-heading\" data-id=\"c668f63\" data-element_type=\"widget\" data-e-type=\"widget\" data-widget_type=\"heading.default\">\n\t\t\t\t<div class=\"elementor-widget-container\">\n\t\t\t\t\t<h3 class=\"elementor-heading-title elementor-size-default\">\u00c9quipement<\/h3>\t\t\t\t<\/div>\n\t\t\t\t<\/div>\n\t\t\t\t<div class=\"elementor-element elementor-element-515374d elementor-widget elementor-widget-text-editor\" data-id=\"515374d\" data-element_type=\"widget\" data-e-type=\"widget\" data-widget_type=\"text-editor.default\">\n\t\t\t\t<div class=\"elementor-widget-container\">\n\t\t\t\t\t\t\t\t\t<p>Un syst\u00e8me audio et, si n\u00e9cessaire, un gilet de s\u00e9curit\u00e9 et un casque sont mis \u00e0 votre disposition. Nous vous recommandons de porter des chaussures solides et une veste chaude. Les temp\u00e9ratures dans nos installations varient entre 14 et 18 degr\u00e9s frais.<\/p>\t\t\t\t\t\t\t\t<\/div>\n\t\t\t\t<\/div>\n\t\t\t\t<div class=\"elementor-element elementor-element-974b078 elementor-widget elementor-widget-heading\" data-id=\"974b078\" data-element_type=\"widget\" data-e-type=\"widget\" data-widget_type=\"heading.default\">\n\t\t\t\t<div class=\"elementor-widget-container\">\n\t\t\t\t\t<h3 class=\"elementor-heading-title elementor-size-default\">\u00c2ge minimum<\/h3>\t\t\t\t<\/div>\n\t\t\t\t<\/div>\n\t\t\t\t<div class=\"elementor-element elementor-element-5b5456f2 elementor-widget elementor-widget-text-editor\" data-id=\"5b5456f2\" data-element_type=\"widget\" data-e-type=\"widget\" data-widget_type=\"text-editor.default\">\n\t\t\t\t<div class=\"elementor-widget-container\">\n\t\t\t\t\t\t\t\t\t<p>L&rsquo;\u00e2ge minimum est de 10 ans. Les enfants \u00e0 partir de 6 ans peuvent participer s&rsquo;ils sont accompagn\u00e9s d&rsquo;une personne ayant l&rsquo;autorit\u00e9 parentale et sous sa responsabilit\u00e9. <\/p>\t\t\t\t\t\t\t\t<\/div>\n\t\t\t\t<\/div>\n\t\t\t\t<div class=\"elementor-element elementor-element-40fbc2c elementor-widget elementor-widget-heading\" data-id=\"40fbc2c\" data-element_type=\"widget\" data-e-type=\"widget\" data-widget_type=\"heading.default\">\n\t\t\t\t<div class=\"elementor-widget-container\">\n\t\t\t\t\t<h3 class=\"elementor-heading-title elementor-size-default\">Langue<\/h3>\t\t\t\t<\/div>\n\t\t\t\t<\/div>\n\t\t\t\t<div class=\"elementor-element elementor-element-10a7e69 elementor-widget elementor-widget-text-editor\" data-id=\"10a7e69\" data-element_type=\"widget\" data-e-type=\"widget\" data-widget_type=\"text-editor.default\">\n\t\t\t\t<div class=\"elementor-widget-container\">\n\t\t\t\t\t\t\t\t\t<p>Les visites guid\u00e9es ont lieu en allemand. Anglais sur demande. <\/p>\t\t\t\t\t\t\t\t<\/div>\n\t\t\t\t<\/div>\n\t\t\t\t\t<\/div>\n\t\t<\/div>\n\t\t\t\t\t<\/div>\n\t\t<\/section>\n\t\t\t\t<\/div>\n\t\t","protected":false},"excerpt":{"rendered":"<p>Voyage en Hospizbahn, visite de la centrale hydro\u00e9lectrique du Grimsel 2 et visite de la grotte des cristaux de Gerstenegg, unique en son genre. R\u00e9server une offre https:\/\/youtu.be\/0ycTc3-GOGE Avec le petit Hospizbahn, nous descendons dans le sous-sol en passant par [&hellip;]<\/p>\n","protected":false},"author":10,"featured_media":44821,"parent":45469,"menu_order":0,"comment_status":"closed","ping_status":"closed","template":"","meta":{"footnotes":""},"class_list":["post-45186","page","type-page","status-publish","has-post-thumbnail","hentry"],"_links":{"self":[{"href":"https:\/\/www.grimselwelt.ch\/fr\/wp-json\/wp\/v2\/pages\/45186","targetHints":{"allow":["GET"]}}],"collection":[{"href":"https:\/\/www.grimselwelt.ch\/fr\/wp-json\/wp\/v2\/pages"}],"about":[{"href":"https:\/\/www.grimselwelt.ch\/fr\/wp-json\/wp\/v2\/types\/page"}],"author":[{"embeddable":true,"href":"https:\/\/www.grimselwelt.ch\/fr\/wp-json\/wp\/v2\/users\/10"}],"replies":[{"embeddable":true,"href":"https:\/\/www.grimselwelt.ch\/fr\/wp-json\/wp\/v2\/comments?post=45186"}],"version-history":[{"count":4,"href":"https:\/\/www.grimselwelt.ch\/fr\/wp-json\/wp\/v2\/pages\/45186\/revisions"}],"predecessor-version":[{"id":47678,"href":"https:\/\/www.grimselwelt.ch\/fr\/wp-json\/wp\/v2\/pages\/45186\/revisions\/47678"}],"up":[{"embeddable":true,"href":"https:\/\/www.grimselwelt.ch\/fr\/wp-json\/wp\/v2\/pages\/45469"}],"wp:featuredmedia":[{"embeddable":true,"href":"https:\/\/www.grimselwelt.ch\/fr\/wp-json\/wp\/v2\/media\/44821"}],"wp:attachment":[{"href":"https:\/\/www.grimselwelt.ch\/fr\/wp-json\/wp\/v2\/media?parent=45186"}],"curies":[{"name":"wp","href":"https:\/\/api.w.org\/{rel}","templated":true}]}}