{"id":45162,"date":"2020-12-22T15:36:35","date_gmt":"2020-12-22T15:36:35","guid":{"rendered":"https:\/\/www.grimselwelt.ch\/grimsel-hospiz-staumauern-spitallamm\/"},"modified":"2026-01-29T14:55:03","modified_gmt":"2026-01-29T14:55:03","slug":"grimsel-hospiz-staumauern-spitallamm","status":"publish","type":"page","link":"https:\/\/www.grimselwelt.ch\/fr\/visites-guidees\/grimsel-hospiz-staumauern-spitallamm\/","title":{"rendered":"Grimsel Hospiz : Staumauern Spitallamm"},"content":{"rendered":"\t\t<div data-elementor-type=\"wp-page\" data-elementor-id=\"45162\" class=\"elementor elementor-45162 elementor-3196\" data-elementor-post-type=\"page\">\n\t\t\t\t\t\t<section class=\"elementor-section elementor-top-section elementor-element elementor-element-6522ffc9 elementor-section-boxed elementor-section-height-default elementor-section-height-default\" data-id=\"6522ffc9\" data-element_type=\"section\" data-e-type=\"section\">\n\t\t\t\t\t\t<div class=\"elementor-container elementor-column-gap-default\">\n\t\t\t\t\t<div class=\"elementor-column elementor-col-100 elementor-top-column elementor-element elementor-element-784c39eb\" data-id=\"784c39eb\" data-element_type=\"column\" data-e-type=\"column\">\n\t\t\t<div class=\"elementor-widget-wrap elementor-element-populated\">\n\t\t\t\t\t\t<div class=\"elementor-element elementor-element-8364fde elementor-widget elementor-widget-heading\" data-id=\"8364fde\" data-element_type=\"widget\" data-e-type=\"widget\" data-widget_type=\"heading.default\">\n\t\t\t\t<div class=\"elementor-widget-container\">\n\t\t\t\t\t<h2 class=\"elementor-heading-title elementor-size-default\">Visite des barrages Spitallamm<\/h2>\t\t\t\t<\/div>\n\t\t\t\t<\/div>\n\t\t\t\t<div class=\"elementor-element elementor-element-3dcff675 elementor-align-left elementor-button-success elementor-widget elementor-widget-button\" data-id=\"3dcff675\" data-element_type=\"widget\" data-e-type=\"widget\" data-widget_type=\"button.default\">\n\t\t\t\t<div class=\"elementor-widget-container\">\n\t\t\t\t\t\t\t\t\t<div class=\"elementor-button-wrapper\">\n\t\t\t\t\t<a class=\"elementor-button elementor-button-link elementor-size-sm\" href=\"\/shop\/sommerfuehrungen\" target=\"_blank\" rel=\"nofollow\">\n\t\t\t\t\t\t<span class=\"elementor-button-content-wrapper\">\n\t\t\t\t\t\t<span class=\"elementor-button-icon\">\n\t\t\t\t<i aria-hidden=\"true\" class=\"far fa-calendar-alt\"><\/i>\t\t\t<\/span>\n\t\t\t\t\t\t\t\t\t<span class=\"elementor-button-text\">R\u00e9server une offre<\/span>\n\t\t\t\t\t<\/span>\n\t\t\t\t\t<\/a>\n\t\t\t\t<\/div>\n\t\t\t\t\t\t\t\t<\/div>\n\t\t\t\t<\/div>\n\t\t\t\t<div class=\"elementor-element elementor-element-faf34bc elementor-widget elementor-widget-spacer\" data-id=\"faf34bc\" data-element_type=\"widget\" data-e-type=\"widget\" data-widget_type=\"spacer.default\">\n\t\t\t\t<div class=\"elementor-widget-container\">\n\t\t\t\t\t\t\t<div class=\"elementor-spacer\">\n\t\t\t<div class=\"elementor-spacer-inner\"><\/div>\n\t\t<\/div>\n\t\t\t\t\t\t<\/div>\n\t\t\t\t<\/div>\n\t\t\t\t<div class=\"elementor-element elementor-element-3f5b0e2 elementor-widget elementor-widget-text-editor\" data-id=\"3f5b0e2\" data-element_type=\"widget\" data-e-type=\"widget\" data-widget_type=\"text-editor.default\">\n\t\t\t\t<div class=\"elementor-widget-container\">\n\t\t\t\t\t\t\t\t\t<p>Le barrage du Grimselsee, qui \u00e9tait \u00e0 l&rsquo;\u00e9poque le plus haut du monde, a \u00e9t\u00e9 construit il y a 100 ans. Depuis 2025, le nouveau barrage de l&rsquo;h\u00f4pital - un autre ouvrage du si\u00e8cle - a \u00e9t\u00e9 mis en service. En cours de route, nos Visite guid\u00e9es vous informeront sur la construction d&rsquo;hier et d&rsquo;aujourd&rsquo;hui, sur l&rsquo;utilisation de la force hydraulique du Grimselsee et vous donneront des aper\u00e7us impressionnants. Actuellement, la visite du barrage n&rsquo;est pas possible.  <\/p>\t\t\t\t\t\t\t\t<\/div>\n\t\t\t\t<\/div>\n\t\t\t\t\t<\/div>\n\t\t<\/div>\n\t\t\t\t\t<\/div>\n\t\t<\/section>\n\t\t\t\t<section class=\"elementor-section elementor-top-section elementor-element elementor-element-2db9a1df elementor-section-boxed elementor-section-height-default elementor-section-height-default\" data-id=\"2db9a1df\" data-element_type=\"section\" data-e-type=\"section\">\n\t\t\t\t\t\t<div class=\"elementor-container elementor-column-gap-default\">\n\t\t\t\t\t<div class=\"elementor-column elementor-col-100 elementor-top-column elementor-element elementor-element-7f689410\" data-id=\"7f689410\" data-element_type=\"column\" data-e-type=\"column\">\n\t\t\t<div class=\"elementor-widget-wrap elementor-element-populated\">\n\t\t\t\t\t\t<div class=\"elementor-element elementor-element-fe81874 elementor-widget elementor-widget-heading\" data-id=\"fe81874\" data-element_type=\"widget\" data-e-type=\"widget\" data-widget_type=\"heading.default\">\n\t\t\t\t<div class=\"elementor-widget-container\">\n\t\t\t\t\t<h2 class=\"elementor-heading-title elementor-size-default\">Informations sur l'excursion<\/h2>\t\t\t\t<\/div>\n\t\t\t\t<\/div>\n\t\t\t\t<div class=\"elementor-element elementor-element-711cdac3 elementor-widget elementor-widget-heading\" data-id=\"711cdac3\" data-element_type=\"widget\" data-e-type=\"widget\" data-widget_type=\"heading.default\">\n\t\t\t\t<div class=\"elementor-widget-container\">\n\t\t\t\t\t<h3 class=\"elementor-heading-title elementor-size-default\">Donn\u00e9es<\/h3>\t\t\t\t<\/div>\n\t\t\t\t<\/div>\n\t\t\t\t<div class=\"elementor-element elementor-element-6d041c5c elementor-widget elementor-widget-text-editor\" data-id=\"6d041c5c\" data-element_type=\"widget\" data-e-type=\"widget\" data-widget_type=\"text-editor.default\">\n\t\t\t\t<div class=\"elementor-widget-container\">\n\t\t\t\t\t\t\t\t\t6. Juni \u2013 25. Oktober 2026\t\t\t\t\t\t\t\t<\/div>\n\t\t\t\t<\/div>\n\t\t\t\t<div class=\"elementor-element elementor-element-f74fd87 elementor-widget elementor-widget-heading\" data-id=\"f74fd87\" data-element_type=\"widget\" data-e-type=\"widget\" data-widget_type=\"heading.default\">\n\t\t\t\t<div class=\"elementor-widget-container\">\n\t\t\t\t\t<h3 class=\"elementor-heading-title elementor-size-default\">Dur\u00e9e<\/h3>\t\t\t\t<\/div>\n\t\t\t\t<\/div>\n\t\t\t\t<div class=\"elementor-element elementor-element-6172241 elementor-widget elementor-widget-text-editor\" data-id=\"6172241\" data-element_type=\"widget\" data-e-type=\"widget\" data-widget_type=\"text-editor.default\">\n\t\t\t\t<div class=\"elementor-widget-container\">\n\t\t\t\t\t\t\t\t\t<p>1h 30 min<\/p>\t\t\t\t\t\t\t\t<\/div>\n\t\t\t\t<\/div>\n\t\t\t\t<div class=\"elementor-element elementor-element-19bc1f1f elementor-widget elementor-widget-heading\" data-id=\"19bc1f1f\" data-element_type=\"widget\" data-e-type=\"widget\" data-widget_type=\"heading.default\">\n\t\t\t\t<div class=\"elementor-widget-container\">\n\t\t\t\t\t<h3 class=\"elementor-heading-title elementor-size-default\">Tarifs<\/h3>\t\t\t\t<\/div>\n\t\t\t\t<\/div>\n\t\t\t\t<div class=\"elementor-element elementor-element-1e2ba005 elementor-widget elementor-widget-text-editor\" data-id=\"1e2ba005\" data-element_type=\"widget\" data-e-type=\"widget\" data-widget_type=\"text-editor.default\">\n\t\t\t\t<div class=\"elementor-widget-container\">\n\t\t\t\t\t\t\t\t\t<p>Adultes CHF 25.-<br>Enfants 6-15 ans CHF 18.-<\/p>\n<p>Visite guid\u00e9e exclusive CHF 375 (max. 15 personnes)<\/p>\n<p>(sous r\u00e9serve de modification des prix)<\/p>\t\t\t\t\t\t\t\t<\/div>\n\t\t\t\t<\/div>\n\t\t\t\t<div class=\"elementor-element elementor-element-2ac1294e elementor-widget elementor-widget-heading\" data-id=\"2ac1294e\" data-element_type=\"widget\" data-e-type=\"widget\" data-widget_type=\"heading.default\">\n\t\t\t\t<div class=\"elementor-widget-container\">\n\t\t\t\t\t<h3 class=\"elementor-heading-title elementor-size-default\">Nombre de personnes<\/h3>\t\t\t\t<\/div>\n\t\t\t\t<\/div>\n\t\t\t\t<div class=\"elementor-element elementor-element-60d540e elementor-widget elementor-widget-text-editor\" data-id=\"60d540e\" data-element_type=\"widget\" data-e-type=\"widget\" data-widget_type=\"text-editor.default\">\n\t\t\t\t<div class=\"elementor-widget-container\">\n\t\t\t\t\t\t\t\t\t<p>Un maximum de 15 personnes peuvent participer \u00e0 une visite guid\u00e9e. <\/p><p>Pour les groupes plus importants, veuillez nous <a href=\"mailto:welcome@grimselwelt.ch\">contacter<\/a>.<\/p>\t\t\t\t\t\t\t\t<\/div>\n\t\t\t\t<\/div>\n\t\t\t\t<div class=\"elementor-element elementor-element-273f14c8 elementor-widget elementor-widget-heading\" data-id=\"273f14c8\" data-element_type=\"widget\" data-e-type=\"widget\" data-widget_type=\"heading.default\">\n\t\t\t\t<div class=\"elementor-widget-container\">\n\t\t\t\t\t<h3 class=\"elementor-heading-title elementor-size-default\">Lieu de rendez-vous et arriv\u00e9e<\/h3>\t\t\t\t<\/div>\n\t\t\t\t<\/div>\n\t\t\t\t<div class=\"elementor-element elementor-element-4f4e0976 elementor-widget elementor-widget-text-editor\" data-id=\"4f4e0976\" data-element_type=\"widget\" data-e-type=\"widget\" data-widget_type=\"text-editor.default\">\n\t\t\t\t<div class=\"elementor-widget-container\">\n\t\t\t\t\t\t\t\t\t<p>La visite guid\u00e9e d\u00e9bute au <a href=\"https:\/\/goo.gl\/maps\/Tm4d9W4US3mWtQNM8\" target=\"_blank\" rel=\"noopener\">centre d&rsquo;accueil des visiteurs de Grimsel Hospiz.<\/a><\/p><p>L&rsquo;Hospiz est accessible en voiture et en car postal.<\/p><p><a href=\"https:\/\/www.sbb.ch\/de\" target=\"_blank\" rel=\"noopener\">Arr\u00eat CarPostal Grimsel Hospiz<\/a><\/p><p><a href=\"https:\/\/www.google.ch\/maps\/place\/Historisches+Alpinhotel+Grimsel+Hospiz\/@46.6129993,8.257627,12z\/data=!4m8!3m7!1s0x47857e4641d60c0f:0xdf5fc40f7a5f83fc!5m2!4m1!1i2!8m2!3d46.57168!4d8.332673?hl=de\" target=\"_blank\" rel=\"noopener\">Arriv\u00e9e en voiture<\/a><\/p>\t\t\t\t\t\t\t\t<\/div>\n\t\t\t\t<\/div>\n\t\t\t\t<div class=\"elementor-element elementor-element-dbeae09 elementor-widget elementor-widget-html\" data-id=\"dbeae09\" data-element_type=\"widget\" data-e-type=\"widget\" data-widget_type=\"html.default\">\n\t\t\t\t<div class=\"elementor-widget-container\">\n\t\t\t\t\t<style>\r\n  .fahrplan-widget {\r\n    margin: 20px auto;\r\n    padding: 40px;\r\n    border: 1px solid #ddd;\r\n    border-radius: 5px;\r\n    background-color: #f9f9f9;\r\n    display: inline-block;\r\n  }\r\n\r\n  .fahrplan-body label {\r\n    font-size: 16px;\r\n    font-weight: bold;\r\n    display: block;\r\n    margin-bottom: 5px;\r\n  }\r\n\r\n  .fahrplan-body input[type=\"text\"] {\r\n    width: 80%;\r\n    padding: 10px;\r\n    border: 1px solid #ccc;\r\n    border-radius: 3px;\r\n    margin-bottom: 10px;\r\n  }\r\n\r\n  .submit-button {\r\n    width: 80%;\r\n    background-color: #ff0000;\r\n    color: white;\r\n    border: none;\r\n    padding: 10px;\r\n    border-radius: 3px;\r\n    cursor: pointer;\r\n  }\r\n\r\n  .submit-button:hover {\r\n    background-color: #cc0000;\r\n  }\r\n\r\n  .sm-form-control {\r\n    text-align: center;\r\n  }\r\n\r\n  @media (max-width: 768px) {\r\n    .fahrplan-body input[type=\"text\"],\r\n    .submit-button {\r\n      width: 100%; \/* Volle Breite f\u00fcr mobile Ger\u00e4te *\/\r\n    }\r\n\r\n    .fahrplan-body label {\r\n      text-align: center;\r\n    }\r\n\r\n    .fahrplan-widget {\r\n      padding: 30px 20px;\r\n    }\r\n  }\r\n<\/style>\r\n\r\n<div class=\"fahrplan-widget\">\r\n  <div class=\"col-sm-12 bottommargin-sm\">\r\n    <img decoding=\"async\" alt=\"logo sbb\" src=\"https:\/\/www.grimselwelt.ch\/media\/extension.svg\" width=\"250\" height=\"50\" style=\"padding-bottom: 40px;\">\r\n  <\/div>\r\n\r\n  <!-- Fahrplanformular -->\r\n  <form action=\"https:\/\/www.sbb.ch\/de\/kaufen\/pages\/fahrplan\/fahrplan.xhtml\" name=\"formular\" method=\"get\" target=\"_blank\">\r\n    <div class=\"fahrplan-body\">\r\n      <input type=\"hidden\" id=\"datum\" name=\"datum\" value=\"\">\r\n      <input type=\"hidden\" id=\"zeit\" name=\"zeit\" value=\"\">\r\n      <input type=\"hidden\" name=\"an\" value=\"false\">\r\n      <input type=\"hidden\" name=\"nach\" value=\"Grimsel Hospiz\">\r\n\r\n      <label for=\"template-sbbform-start\">De<\/label>\r\n      <input type=\"text\" accesskey=\"f\" id=\"template-sbbform-start\" name=\"von\" value=\"\" class=\"required sm-form-control\" placeholder=\"Votre lieu de d\u00e9part\">\r\n      <input type=\"hidden\" name=\"suche\" value=\"true\">\r\n\r\n      <button type=\"submit\" class=\"submit-button\">Afficher l'horaire<\/button>\r\n    <\/div>\r\n  <\/form>\r\n<\/div>\r\n\r\n<script>\r\n  function updateDateTime() {\r\n    const now = new Date();\r\n\r\n    \/\/ Format Datum: DD.MM.YYYY\r\n    const datum = now.toLocaleDateString('de-DE', {\r\n      day: '2-digit',\r\n      month: '2-digit',\r\n      year: 'numeric'\r\n    });\r\n\r\n    \/\/ Format Zeit: HH:MM\r\n    const zeit = now.toLocaleTimeString('de-DE', {\r\n      hour: '2-digit',\r\n      minute: '2-digit',\r\n      hour12: false\r\n    });\r\n\r\n    \/\/ Werte in die versteckten Felder eintragen\r\n    document.getElementById('datum').value = datum;\r\n    document.getElementById('zeit').value = zeit;\r\n  }\r\n\r\n  \/\/ Datum und Zeit beim Laden der Seite setzen\r\n  updateDateTime();\r\n\r\n  \/\/ Datum und Zeit alle 60 Sekunden aktualisieren\r\n  setInterval(updateDateTime, 60000);\r\n<\/script>\r\n\t\t\t\t<\/div>\n\t\t\t\t<\/div>\n\t\t\t\t\t<\/div>\n\t\t<\/div>\n\t\t\t\t\t<\/div>\n\t\t<\/section>\n\t\t\t\t<section class=\"elementor-section elementor-top-section elementor-element elementor-element-1002dc13 elementor-section-stretched elementor-section-boxed elementor-section-height-default elementor-section-height-default\" data-id=\"1002dc13\" data-element_type=\"section\" data-e-type=\"section\" data-settings=\"{&quot;stretch_section&quot;:&quot;section-stretched&quot;,&quot;background_background&quot;:&quot;classic&quot;}\">\n\t\t\t\t\t\t\t<div class=\"elementor-background-overlay\"><\/div>\n\t\t\t\t\t\t\t<div class=\"elementor-container elementor-column-gap-default\">\n\t\t\t\t\t<div class=\"elementor-column elementor-col-100 elementor-top-column elementor-element elementor-element-76471d81\" data-id=\"76471d81\" data-element_type=\"column\" data-e-type=\"column\">\n\t\t\t<div class=\"elementor-widget-wrap elementor-element-populated\">\n\t\t\t\t\t\t<div class=\"elementor-element elementor-element-7136915 elementor-widget elementor-widget-heading\" data-id=\"7136915\" data-element_type=\"widget\" data-e-type=\"widget\" data-widget_type=\"heading.default\">\n\t\t\t\t<div class=\"elementor-widget-container\">\n\t\t\t\t\t<h2 class=\"elementor-heading-title elementor-size-default\">Plus d'informations<\/h2>\t\t\t\t<\/div>\n\t\t\t\t<\/div>\n\t\t\t\t<div class=\"elementor-element elementor-element-1881a4d elementor-widget elementor-widget-heading\" data-id=\"1881a4d\" data-element_type=\"widget\" data-e-type=\"widget\" data-widget_type=\"heading.default\">\n\t\t\t\t<div class=\"elementor-widget-container\">\n\t\t\t\t\t<h3 class=\"elementor-heading-title elementor-size-default\">Conditions pr\u00e9alables<\/h3>\t\t\t\t<\/div>\n\t\t\t\t<\/div>\n\t\t\t\t<div class=\"elementor-element elementor-element-c52fb6c elementor-widget elementor-widget-text-editor\" data-id=\"c52fb6c\" data-element_type=\"widget\" data-e-type=\"widget\" data-widget_type=\"text-editor.default\">\n\t\t\t\t<div class=\"elementor-widget-container\">\n\t\t\t\t\t\t\t\t\t<p>La visite se d\u00e9roule en grande partie \u00e0 pied et en partie sous terre. Comme il y a beaucoup d&rsquo;escaliers \u00e0 monter et \u00e0 descendre, une bonne condition physique est requise. <\/p>\n<p>Les visites guid\u00e9es ne sont pas accessibles aux fauteuils roulants ni aux poussettes. Les animaux ne sont pas autoris\u00e9s. <\/p>\t\t\t\t\t\t\t\t<\/div>\n\t\t\t\t<\/div>\n\t\t\t\t<div class=\"elementor-element elementor-element-a86fc7b elementor-widget elementor-widget-heading\" data-id=\"a86fc7b\" data-element_type=\"widget\" data-e-type=\"widget\" data-widget_type=\"heading.default\">\n\t\t\t\t<div class=\"elementor-widget-container\">\n\t\t\t\t\t<h3 class=\"elementor-heading-title elementor-size-default\">\u00c9quipement<\/h3>\t\t\t\t<\/div>\n\t\t\t\t<\/div>\n\t\t\t\t<div class=\"elementor-element elementor-element-0e007d5 elementor-widget elementor-widget-text-editor\" data-id=\"0e007d5\" data-element_type=\"widget\" data-e-type=\"widget\" data-widget_type=\"text-editor.default\">\n\t\t\t\t<div class=\"elementor-widget-container\">\n\t\t\t\t\t\t\t\t\t<p>Nous vous recommandons de porter des chaussures solides et des v\u00eatements chauds et r\u00e9sistants aux intemp\u00e9ries.<\/p>\t\t\t\t\t\t\t\t<\/div>\n\t\t\t\t<\/div>\n\t\t\t\t<div class=\"elementor-element elementor-element-5b600f77 elementor-widget elementor-widget-heading\" data-id=\"5b600f77\" data-element_type=\"widget\" data-e-type=\"widget\" data-widget_type=\"heading.default\">\n\t\t\t\t<div class=\"elementor-widget-container\">\n\t\t\t\t\t<h3 class=\"elementor-heading-title elementor-size-default\">\u00c2ge minimum<\/h3>\t\t\t\t<\/div>\n\t\t\t\t<\/div>\n\t\t\t\t<div class=\"elementor-element elementor-element-5b5456f2 elementor-widget elementor-widget-text-editor\" data-id=\"5b5456f2\" data-element_type=\"widget\" data-e-type=\"widget\" data-widget_type=\"text-editor.default\">\n\t\t\t\t<div class=\"elementor-widget-container\">\n\t\t\t\t\t\t\t\t\t<p>L&rsquo;\u00e2ge minimum est de 10 ans. Les enfants \u00e0 partir de 6 ans peuvent participer s&rsquo;ils sont accompagn\u00e9s d&rsquo;une personne ayant l&rsquo;autorit\u00e9 parentale et sous sa responsabilit\u00e9. <\/p>\t\t\t\t\t\t\t\t<\/div>\n\t\t\t\t<\/div>\n\t\t\t\t<div class=\"elementor-element elementor-element-3646968 elementor-widget elementor-widget-heading\" data-id=\"3646968\" data-element_type=\"widget\" data-e-type=\"widget\" data-widget_type=\"heading.default\">\n\t\t\t\t<div class=\"elementor-widget-container\">\n\t\t\t\t\t<h3 class=\"elementor-heading-title elementor-size-default\">Langue<\/h3>\t\t\t\t<\/div>\n\t\t\t\t<\/div>\n\t\t\t\t<div class=\"elementor-element elementor-element-10a7e69 elementor-widget elementor-widget-text-editor\" data-id=\"10a7e69\" data-element_type=\"widget\" data-e-type=\"widget\" data-widget_type=\"text-editor.default\">\n\t\t\t\t<div class=\"elementor-widget-container\">\n\t\t\t\t\t\t\t\t\t<p>Les visites guid\u00e9es ont lieu en allemand. Anglais sur demande. <\/p>\t\t\t\t\t\t\t\t<\/div>\n\t\t\t\t<\/div>\n\t\t\t\t\t<\/div>\n\t\t<\/div>\n\t\t\t\t\t<\/div>\n\t\t<\/section>\n\t\t\t\t<\/div>\n\t\t","protected":false},"excerpt":{"rendered":"<p>Visite des barrages Spitallamm R\u00e9server une offre Le barrage du Grimselsee, qui \u00e9tait \u00e0 l&rsquo;\u00e9poque le plus haut du monde, a \u00e9t\u00e9 construit il y a 100 ans. Depuis 2025, le nouveau barrage de l&rsquo;h\u00f4pital - un autre ouvrage du [&hellip;]<\/p>\n","protected":false},"author":10,"featured_media":45165,"parent":45469,"menu_order":0,"comment_status":"closed","ping_status":"closed","template":"","meta":{"footnotes":""},"class_list":["post-45162","page","type-page","status-publish","has-post-thumbnail","hentry"],"_links":{"self":[{"href":"https:\/\/www.grimselwelt.ch\/fr\/wp-json\/wp\/v2\/pages\/45162","targetHints":{"allow":["GET"]}}],"collection":[{"href":"https:\/\/www.grimselwelt.ch\/fr\/wp-json\/wp\/v2\/pages"}],"about":[{"href":"https:\/\/www.grimselwelt.ch\/fr\/wp-json\/wp\/v2\/types\/page"}],"author":[{"embeddable":true,"href":"https:\/\/www.grimselwelt.ch\/fr\/wp-json\/wp\/v2\/users\/10"}],"replies":[{"embeddable":true,"href":"https:\/\/www.grimselwelt.ch\/fr\/wp-json\/wp\/v2\/comments?post=45162"}],"version-history":[{"count":1,"href":"https:\/\/www.grimselwelt.ch\/fr\/wp-json\/wp\/v2\/pages\/45162\/revisions"}],"predecessor-version":[{"id":45170,"href":"https:\/\/www.grimselwelt.ch\/fr\/wp-json\/wp\/v2\/pages\/45162\/revisions\/45170"}],"up":[{"embeddable":true,"href":"https:\/\/www.grimselwelt.ch\/fr\/wp-json\/wp\/v2\/pages\/45469"}],"wp:featuredmedia":[{"embeddable":true,"href":"https:\/\/www.grimselwelt.ch\/fr\/wp-json\/wp\/v2\/media\/45165"}],"wp:attachment":[{"href":"https:\/\/www.grimselwelt.ch\/fr\/wp-json\/wp\/v2\/media?parent=45162"}],"curies":[{"name":"wp","href":"https:\/\/api.w.org\/{rel}","templated":true}]}}