{"id":44952,"date":"2021-01-25T08:39:23","date_gmt":"2021-01-25T08:39:23","guid":{"rendered":"https:\/\/www.grimselwelt.ch\/sabonner-a-la-newsletter\/"},"modified":"2026-01-29T14:53:33","modified_gmt":"2026-01-29T14:53:33","slug":"sabonner-a-la-newsletter","status":"publish","type":"page","link":"https:\/\/www.grimselwelt.ch\/fr\/sabonner-a-la-newsletter\/","title":{"rendered":"S&rsquo;abonner \u00e0 la newsletter"},"content":{"rendered":"\t\t<div data-elementor-type=\"wp-page\" data-elementor-id=\"44952\" class=\"elementor elementor-44952 elementor-5741\" data-elementor-post-type=\"page\">\n\t\t\t\t\t\t<section class=\"elementor-section elementor-top-section elementor-element elementor-element-7f0caf2 elementor-section-boxed elementor-section-height-default elementor-section-height-default\" data-id=\"7f0caf2\" data-element_type=\"section\" data-e-type=\"section\">\n\t\t\t\t\t\t<div class=\"elementor-container elementor-column-gap-default\">\n\t\t\t\t\t<div class=\"elementor-column elementor-col-100 elementor-top-column elementor-element elementor-element-db8ca27\" data-id=\"db8ca27\" data-element_type=\"column\" data-e-type=\"column\">\n\t\t\t<div class=\"elementor-widget-wrap elementor-element-populated\">\n\t\t\t\t\t\t<div class=\"elementor-element elementor-element-1362e6c6 elementor-widget elementor-widget-text-editor\" data-id=\"1362e6c6\" data-element_type=\"widget\" data-e-type=\"widget\" data-widget_type=\"text-editor.default\">\n\t\t\t\t<div class=\"elementor-widget-container\">\n\t\t\t\t\t\t\t\t\t<p>Nous nous ferons un plaisir de vous envoyer par e-mail notre lettre d&rsquo;information Grimselwelt. Apprenez-en plus sur Grimselwelt, sur les offres actuelles, les heures d&rsquo;ouverture et sur les supers exp\u00e9riences \u00e0 vivre. <\/p>\n<p>Vos donn\u00e9es seront utilis\u00e9es exclusivement pour l&rsquo;envoi de la newsletter Grimselwelt. <br>Si vous souhaitez recevoir l&rsquo;\u00e9dition papier du magazine Grimselwelt, envoyez-nous directement votre adresse \u00e0 <a href=\"mailto:welcome@grimselwelt.ch\">welcome@grimselwelt.ch<\/a><\/p>\t\t\t\t\t\t\t\t<\/div>\n\t\t\t\t<\/div>\n\t\t\t\t<div class=\"elementor-element elementor-element-e10dda8 elementor-widget elementor-widget-html\" data-id=\"e10dda8\" data-element_type=\"widget\" data-e-type=\"widget\" data-widget_type=\"html.default\">\n\t\t\t\t<div class=\"elementor-widget-container\">\n\t\t\t\t\t<div id=\"nl_signup\"><\/div>\r\n\t\t\t\t<script type=\"text\/javascript\" src=\"https:\/\/crm.stnet.ch\/crm\/service\/wf?chk=silent&amp;wfid=1364580223&amp;dest=nl_signup\"><\/script>\r\n\r\n\r\n\t\t\t<\/div>\t\t\t\t<\/div>\n\t\t\t\t<\/div>\n\t\t\t\t\t<\/div>\n\t\t<\/div>\n\t\t\t\t\t<\/div>\n\t\t<\/section>\n\t\t\t\t<\/div>\n\t\t","protected":false},"excerpt":{"rendered":"<p>Nous nous ferons un plaisir de vous envoyer par e-mail notre lettre d&rsquo;information Grimselwelt. Apprenez-en plus sur Grimselwelt, sur les offres actuelles, les heures d&rsquo;ouverture et sur les supers exp\u00e9riences \u00e0 vivre. Vos donn\u00e9es seront utilis\u00e9es exclusivement pour l&rsquo;envoi de [&hellip;]<\/p>\n","protected":false},"author":4,"featured_media":0,"parent":0,"menu_order":0,"comment_status":"closed","ping_status":"closed","template":"","meta":{"footnotes":""},"class_list":["post-44952","page","type-page","status-publish","hentry"],"_links":{"self":[{"href":"https:\/\/www.grimselwelt.ch\/fr\/wp-json\/wp\/v2\/pages\/44952","targetHints":{"allow":["GET"]}}],"collection":[{"href":"https:\/\/www.grimselwelt.ch\/fr\/wp-json\/wp\/v2\/pages"}],"about":[{"href":"https:\/\/www.grimselwelt.ch\/fr\/wp-json\/wp\/v2\/types\/page"}],"author":[{"embeddable":true,"href":"https:\/\/www.grimselwelt.ch\/fr\/wp-json\/wp\/v2\/users\/4"}],"replies":[{"embeddable":true,"href":"https:\/\/www.grimselwelt.ch\/fr\/wp-json\/wp\/v2\/comments?post=44952"}],"version-history":[{"count":1,"href":"https:\/\/www.grimselwelt.ch\/fr\/wp-json\/wp\/v2\/pages\/44952\/revisions"}],"predecessor-version":[{"id":44972,"href":"https:\/\/www.grimselwelt.ch\/fr\/wp-json\/wp\/v2\/pages\/44952\/revisions\/44972"}],"wp:attachment":[{"href":"https:\/\/www.grimselwelt.ch\/fr\/wp-json\/wp\/v2\/media?parent=44952"}],"curies":[{"name":"wp","href":"https:\/\/api.w.org\/{rel}","templated":true}]}}