{"id":44764,"date":"2021-01-27T11:34:00","date_gmt":"2021-01-27T11:34:00","guid":{"rendered":"https:\/\/www.grimselwelt.ch\/chambres-dortoirs\/"},"modified":"2026-01-29T14:53:23","modified_gmt":"2026-01-29T14:53:23","slug":"chambres-dortoirs","status":"publish","type":"page","link":"https:\/\/www.grimselwelt.ch\/fr\/hotels-du-grimsel\/berghaus-oberaar\/chambres-dortoirs\/","title":{"rendered":"Chambres &amp; Dortoirs"},"content":{"rendered":"\t\t<div data-elementor-type=\"wp-page\" data-elementor-id=\"44764\" class=\"elementor elementor-44764 elementor-7100\" data-elementor-post-type=\"page\">\n\t\t\t\t\t\t<section class=\"elementor-section elementor-top-section elementor-element elementor-element-409f114b elementor-section-boxed elementor-section-height-default elementor-section-height-default\" data-id=\"409f114b\" data-element_type=\"section\" data-e-type=\"section\">\n\t\t\t\t\t\t<div class=\"elementor-container elementor-column-gap-default\">\n\t\t\t\t\t<div class=\"elementor-column elementor-col-100 elementor-top-column elementor-element elementor-element-7a146960\" data-id=\"7a146960\" data-element_type=\"column\" data-e-type=\"column\">\n\t\t\t<div class=\"elementor-widget-wrap elementor-element-populated\">\n\t\t\t\t\t\t<div class=\"elementor-element elementor-element-77bd3d17 elementor-widget elementor-widget-text-editor\" data-id=\"77bd3d17\" data-element_type=\"widget\" data-e-type=\"widget\" data-widget_type=\"text-editor.default\">\n\t\t\t\t<div class=\"elementor-widget-container\">\n\t\t\t\t\t\t\t\t\t<p>Sous le toit des Alpes bernoises, vous pouvez passer une nuit reposante dans l&rsquo;une de nos chambres doubles ou \u00e0 plusieurs lits.<\/p>\t\t\t\t\t\t\t\t<\/div>\n\t\t\t\t<\/div>\n\t\t\t\t<div class=\"elementor-element elementor-element-2f884ca9 elementor-widget elementor-widget-heading\" data-id=\"2f884ca9\" data-element_type=\"widget\" data-e-type=\"widget\" data-widget_type=\"heading.default\">\n\t\t\t\t<div class=\"elementor-widget-container\">\n\t\t\t\t\t<h2 class=\"elementor-heading-title elementor-size-default\">Capacit\u00e9<\/h2>\t\t\t\t<\/div>\n\t\t\t\t<\/div>\n\t\t\t\t<div class=\"elementor-element elementor-element-36766926 elementor-widget elementor-widget-text-editor\" data-id=\"36766926\" data-element_type=\"widget\" data-e-type=\"widget\" data-widget_type=\"text-editor.default\">\n\t\t\t\t<div class=\"elementor-widget-container\">\n\t\t\t\t\t\t\t\t\t<p>4 chambres doubles, 1 chambre \u00e0 4 lits, 1 chambre \u00e0 5 lits,<br>matelas \u00e0 8 places et matelas \u00e0 10 places<\/p>\t\t\t\t\t\t\t\t<\/div>\n\t\t\t\t<\/div>\n\t\t\t\t\t<\/div>\n\t\t<\/div>\n\t\t\t\t\t<\/div>\n\t\t<\/section>\n\t\t\t\t<section class=\"elementor-section elementor-top-section elementor-element elementor-element-9d35e60 elementor-section-full_width elementor-section-stretched spotlight animated-fast elementor-section-height-default elementor-section-height-default elementor-invisible\" data-id=\"9d35e60\" data-element_type=\"section\" data-e-type=\"section\" data-settings=\"{&quot;stretch_section&quot;:&quot;section-stretched&quot;,&quot;animation&quot;:&quot;fadeInUp&quot;}\">\n\t\t\t\t\t\t<div class=\"elementor-container elementor-column-gap-default\">\n\t\t\t\t\t<div class=\"elementor-column elementor-col-50 elementor-top-column elementor-element elementor-element-a961aff\" data-id=\"a961aff\" data-element_type=\"column\" data-e-type=\"column\">\n\t\t\t<div class=\"elementor-widget-wrap elementor-element-populated\">\n\t\t\t\t\t\t<div class=\"elementor-element elementor-element-99f9435 elementor-pagination-position-inside elementor-arrows-position-inside elementor-widget elementor-widget-image-carousel\" data-id=\"99f9435\" data-element_type=\"widget\" data-e-type=\"widget\" data-settings=\"{&quot;slides_to_show&quot;:&quot;1&quot;,&quot;navigation&quot;:&quot;both&quot;,&quot;autoplay&quot;:&quot;yes&quot;,&quot;pause_on_hover&quot;:&quot;yes&quot;,&quot;pause_on_interaction&quot;:&quot;yes&quot;,&quot;autoplay_speed&quot;:5000,&quot;infinite&quot;:&quot;yes&quot;,&quot;effect&quot;:&quot;slide&quot;,&quot;speed&quot;:500}\" data-widget_type=\"image-carousel.default\">\n\t\t\t\t<div class=\"elementor-widget-container\">\n\t\t\t\t\t\t\t<div class=\"elementor-image-carousel-wrapper swiper\" role=\"region\" aria-roledescription=\"carousel\" aria-label=\"Bild Karussell\" dir=\"ltr\">\n\t\t\t<div class=\"elementor-image-carousel swiper-wrapper swiper-image-stretch\" aria-live=\"off\">\n\t\t\t\t\t\t\t\t<div class=\"swiper-slide\" role=\"group\" aria-roledescription=\"slide\" aria-label=\"1 sur 3\"><figure class=\"swiper-slide-inner\"><img decoding=\"async\" class=\"swiper-slide-image\" src=\"https:\/\/www.grimselwelt.ch\/media\/oberaar_berghausdoppelzimmer_foto-the-fotostudio-1024x766.jpg\" alt=\"Chambre Berghaus Oberaar\" \/><\/figure><\/div><div class=\"swiper-slide\" role=\"group\" aria-roledescription=\"slide\" aria-label=\"2 sur 3\"><figure class=\"swiper-slide-inner\"><img decoding=\"async\" class=\"swiper-slide-image\" src=\"https:\/\/www.grimselwelt.ch\/media\/oberaar_berghaus_000766-jpg_patrizio-di-renzoa000141719-1024x767.jpg\" alt=\"Oberaar_Berghaus_000766.jpg_Patrizio Di Renzo(A000141719)\" \/><\/figure><\/div><div class=\"swiper-slide\" role=\"group\" aria-roledescription=\"slide\" aria-label=\"3 sur 3\"><figure class=\"swiper-slide-inner\"><img decoding=\"async\" class=\"swiper-slide-image\" src=\"https:\/\/www.grimselwelt.ch\/media\/schlafzimmer-oberaar_berghaus_foto-the-fotostudio-1024x767.jpg\" alt=\"Chambre Oberaar_Berghaus_Foto The Fotostudio\" \/><\/figure><\/div>\t\t\t<\/div>\n\t\t\t\t\t\t\t\t\t\t\t\t<div class=\"elementor-swiper-button elementor-swiper-button-prev\" role=\"button\" tabindex=\"0\">\n\t\t\t\t\t\t<i aria-hidden=\"true\" class=\"eicon-chevron-left\"><\/i>\t\t\t\t\t<\/div>\n\t\t\t\t\t<div class=\"elementor-swiper-button elementor-swiper-button-next\" role=\"button\" tabindex=\"0\">\n\t\t\t\t\t\t<i aria-hidden=\"true\" class=\"eicon-chevron-right\"><\/i>\t\t\t\t\t<\/div>\n\t\t\t\t\n\t\t\t\t\t\t\t\t\t<div class=\"swiper-pagination\"><\/div>\n\t\t\t\t\t\t\t\t\t<\/div>\n\t\t\t\t\t\t<\/div>\n\t\t\t\t<\/div>\n\t\t\t\t\t<\/div>\n\t\t<\/div>\n\t\t\t\t<div class=\"elementor-column elementor-col-50 elementor-top-column elementor-element elementor-element-7a2e3a9\" data-id=\"7a2e3a9\" data-element_type=\"column\" data-e-type=\"column\">\n\t\t\t<div class=\"elementor-widget-wrap elementor-element-populated\">\n\t\t\t\t\t\t<div class=\"elementor-element elementor-element-4f55df5 elementor-widget elementor-widget-heading\" data-id=\"4f55df5\" data-element_type=\"widget\" data-e-type=\"widget\" data-widget_type=\"heading.default\">\n\t\t\t\t<div class=\"elementor-widget-container\">\n\t\t\t\t\t<h2 class=\"elementor-heading-title elementor-size-default\">Chambres doubles et \u00e0 plusieurs lits<\/h2>\t\t\t\t<\/div>\n\t\t\t\t<\/div>\n\t\t\t\t<div class=\"elementor-element elementor-element-dca4e1c elementor-widget elementor-widget-text-editor\" data-id=\"dca4e1c\" data-element_type=\"widget\" data-e-type=\"widget\" data-widget_type=\"text-editor.default\">\n\t\t\t\t<div class=\"elementor-widget-container\">\n\t\t\t\t\t\t\t\t\t<p>Chambres doubles et dortoirs confortables avec WC\/douches \u00e0 l&rsquo;\u00e9tage.<\/p><p>Prix par personne en chambre double \u00e0 partir de CHF 120.-<br>Prix par personne en chambre \u00e0 plusieurs lits \u00e0 partir de CHF 95.<\/p><p>Ces prix comprennent le petit-d\u00e9jeuner, le d\u00eener \u00e0 trois plats ainsi que le service et la TVA. Les taxes ne sont pas incluses dans le prix.<\/p>\t\t\t\t\t\t\t\t<\/div>\n\t\t\t\t<\/div>\n\t\t\t\t<div class=\"elementor-element elementor-element-4e33dda elementor-align-left elementor-button-success elementor-widget elementor-widget-button\" data-id=\"4e33dda\" data-element_type=\"widget\" data-e-type=\"widget\" data-widget_type=\"button.default\">\n\t\t\t\t<div class=\"elementor-widget-container\">\n\t\t\t\t\t\t\t\t\t<div class=\"elementor-button-wrapper\">\n\t\t\t\t\t<a class=\"elementor-button elementor-button-link elementor-size-sm\" href=\"mailto:hotels@grimselwelt.ch?subject=Anfrage%20Berghaus%20Oberaar\">\n\t\t\t\t\t\t<span class=\"elementor-button-content-wrapper\">\n\t\t\t\t\t\t<span class=\"elementor-button-icon\">\n\t\t\t\t<i aria-hidden=\"true\" class=\"far fa-envelope\"><\/i>\t\t\t<\/span>\n\t\t\t\t\t\t\t\t\t<span class=\"elementor-button-text\">Demandez maintenant<\/span>\n\t\t\t\t\t<\/span>\n\t\t\t\t\t<\/a>\n\t\t\t\t<\/div>\n\t\t\t\t\t\t\t\t<\/div>\n\t\t\t\t<\/div>\n\t\t\t\t\t<\/div>\n\t\t<\/div>\n\t\t\t\t\t<\/div>\n\t\t<\/section>\n\t\t\t\t<section class=\"elementor-section elementor-top-section elementor-element elementor-element-ee526fc elementor-section-full_width elementor-section-stretched spotlight animated-fast elementor-section-height-default elementor-section-height-default elementor-invisible\" data-id=\"ee526fc\" data-element_type=\"section\" data-e-type=\"section\" data-settings=\"{&quot;stretch_section&quot;:&quot;section-stretched&quot;,&quot;animation&quot;:&quot;fadeInUp&quot;}\">\n\t\t\t\t\t\t<div class=\"elementor-container elementor-column-gap-default\">\n\t\t\t\t\t<div class=\"elementor-column elementor-col-50 elementor-top-column elementor-element elementor-element-9bee83f\" data-id=\"9bee83f\" data-element_type=\"column\" data-e-type=\"column\">\n\t\t\t<div class=\"elementor-widget-wrap elementor-element-populated\">\n\t\t\t\t\t\t<div class=\"elementor-element elementor-element-150a6ac elementor-pagination-position-inside elementor-arrows-position-inside elementor-widget elementor-widget-image-carousel\" data-id=\"150a6ac\" data-element_type=\"widget\" data-e-type=\"widget\" data-settings=\"{&quot;slides_to_show&quot;:&quot;1&quot;,&quot;navigation&quot;:&quot;both&quot;,&quot;autoplay&quot;:&quot;yes&quot;,&quot;pause_on_hover&quot;:&quot;yes&quot;,&quot;pause_on_interaction&quot;:&quot;yes&quot;,&quot;autoplay_speed&quot;:5000,&quot;infinite&quot;:&quot;yes&quot;,&quot;effect&quot;:&quot;slide&quot;,&quot;speed&quot;:500}\" data-widget_type=\"image-carousel.default\">\n\t\t\t\t<div class=\"elementor-widget-container\">\n\t\t\t\t\t\t\t<div class=\"elementor-image-carousel-wrapper swiper\" role=\"region\" aria-roledescription=\"carousel\" aria-label=\"Bild Karussell\" dir=\"ltr\">\n\t\t\t<div class=\"elementor-image-carousel swiper-wrapper swiper-image-stretch\" aria-live=\"off\">\n\t\t\t\t\t\t\t\t<div class=\"swiper-slide\" role=\"group\" aria-roledescription=\"slide\" aria-label=\"1 sur 1\"><figure class=\"swiper-slide-inner\"><img decoding=\"async\" class=\"swiper-slide-image\" src=\"https:\/\/www.grimselwelt.ch\/media\/oberaar_berghaus-matratzenlager_foto-the-fotostudio-1024x767.jpg\" alt=\"Oberaar_Berghaus Matratzenlager_Foto The Fotostudio\" \/><\/figure><\/div>\t\t\t<\/div>\n\t\t\t\t\t<\/div>\n\t\t\t\t\t\t<\/div>\n\t\t\t\t<\/div>\n\t\t\t\t\t<\/div>\n\t\t<\/div>\n\t\t\t\t<div class=\"elementor-column elementor-col-50 elementor-top-column elementor-element elementor-element-90457c3\" data-id=\"90457c3\" data-element_type=\"column\" data-e-type=\"column\">\n\t\t\t<div class=\"elementor-widget-wrap elementor-element-populated\">\n\t\t\t\t\t\t<div class=\"elementor-element elementor-element-b5ff0a6 elementor-widget elementor-widget-heading\" data-id=\"b5ff0a6\" data-element_type=\"widget\" data-e-type=\"widget\" data-widget_type=\"heading.default\">\n\t\t\t\t<div class=\"elementor-widget-container\">\n\t\t\t\t\t<h2 class=\"elementor-heading-title elementor-size-default\">Dortoir<\/h2>\t\t\t\t<\/div>\n\t\t\t\t<\/div>\n\t\t\t\t<div class=\"elementor-element elementor-element-6922a29 elementor-widget elementor-widget-text-editor\" data-id=\"6922a29\" data-element_type=\"widget\" data-e-type=\"widget\" data-widget_type=\"text-editor.default\">\n\t\t\t\t<div class=\"elementor-widget-container\">\n\t\t\t\t\t\t\t\t\t<p>Dortoirs pour 8 et 10 personnes \u00e9quip\u00e9s de couvertures en laine et douche\/toilettes \u00e0 l&rsquo;\u00e9tage. Les sacs de couchage et les serviettes doivent \u00eatre apport\u00e9s par le client. <\/p><p>Prix par personne en dortoir \u00e0 partir de 85 CHF<\/p><p>Ces prix comprennent le petit-d\u00e9jeuner, le d\u00eener \u00e0 trois plats ainsi que le service et la TVA. Les taxes ne sont pas incluses dans le prix.<\/p>\t\t\t\t\t\t\t\t<\/div>\n\t\t\t\t<\/div>\n\t\t\t\t<div class=\"elementor-element elementor-element-9140b16 elementor-align-left elementor-button-success elementor-widget elementor-widget-button\" data-id=\"9140b16\" data-element_type=\"widget\" data-e-type=\"widget\" data-widget_type=\"button.default\">\n\t\t\t\t<div class=\"elementor-widget-container\">\n\t\t\t\t\t\t\t\t\t<div class=\"elementor-button-wrapper\">\n\t\t\t\t\t<a class=\"elementor-button elementor-button-link elementor-size-sm\" href=\"mailto:hotels@grimselwelt.ch?subject=Anfrage%20Berghaus%20Oberaar\">\n\t\t\t\t\t\t<span class=\"elementor-button-content-wrapper\">\n\t\t\t\t\t\t<span class=\"elementor-button-icon\">\n\t\t\t\t<i aria-hidden=\"true\" class=\"far fa-envelope\"><\/i>\t\t\t<\/span>\n\t\t\t\t\t\t\t\t\t<span class=\"elementor-button-text\">Demandez maintenant<\/span>\n\t\t\t\t\t<\/span>\n\t\t\t\t\t<\/a>\n\t\t\t\t<\/div>\n\t\t\t\t\t\t\t\t<\/div>\n\t\t\t\t<\/div>\n\t\t\t\t\t<\/div>\n\t\t<\/div>\n\t\t\t\t\t<\/div>\n\t\t<\/section>\n\t\t\t\t<section class=\"elementor-section elementor-top-section elementor-element elementor-element-8e23f0c elementor-section-boxed elementor-section-height-default elementor-section-height-default\" data-id=\"8e23f0c\" data-element_type=\"section\" data-e-type=\"section\">\n\t\t\t\t\t\t<div class=\"elementor-container elementor-column-gap-default\">\n\t\t\t\t\t<div class=\"elementor-column elementor-col-100 elementor-top-column elementor-element elementor-element-dff9583\" data-id=\"dff9583\" data-element_type=\"column\" data-e-type=\"column\">\n\t\t\t<div class=\"elementor-widget-wrap elementor-element-populated\">\n\t\t\t\t\t\t<div class=\"elementor-element elementor-element-fd77f15 elementor-widget elementor-widget-spacer\" data-id=\"fd77f15\" data-element_type=\"widget\" data-e-type=\"widget\" data-widget_type=\"spacer.default\">\n\t\t\t\t<div class=\"elementor-widget-container\">\n\t\t\t\t\t\t\t<div class=\"elementor-spacer\">\n\t\t\t<div class=\"elementor-spacer-inner\"><\/div>\n\t\t<\/div>\n\t\t\t\t\t\t<\/div>\n\t\t\t\t<\/div>\n\t\t\t\t<div class=\"elementor-element elementor-element-49b0f4d elementor-widget elementor-widget-heading\" data-id=\"49b0f4d\" data-element_type=\"widget\" data-e-type=\"widget\" data-widget_type=\"heading.default\">\n\t\t\t\t<div class=\"elementor-widget-container\">\n\t\t\t\t\t<h2 class=\"elementor-heading-title elementor-size-default\">Tarifs enfants<\/h2>\t\t\t\t<\/div>\n\t\t\t\t<\/div>\n\t\t\t\t<div class=\"elementor-element elementor-element-0659836 elementor-widget elementor-widget-text-editor\" data-id=\"0659836\" data-element_type=\"widget\" data-e-type=\"widget\" data-widget_type=\"text-editor.default\">\n\t\t\t\t<div class=\"elementor-widget-container\">\n\t\t\t\t\t\t\t\t\t<p>Ces prix comprennent un copieux petit d\u00e9jeuner buffet et le d\u00eener.<\/p>\t\t\t\t\t\t\t\t<\/div>\n\t\t\t\t<\/div>\n\t\t\t\t<div class=\"elementor-element elementor-element-bc6321e elementor-widget elementor-widget-bdt-price-list\" data-id=\"bc6321e\" data-element_type=\"widget\" data-e-type=\"widget\" data-settings=\"{&quot;image_hide_on&quot;:[]}\" data-widget_type=\"bdt-price-list.default\">\n\t\t\t\t<div class=\"elementor-widget-container\">\n\t\t\t\t\t\t\t<ul class=\"bdt-price-list\">\r\n\r\n\t\t<li class=\"bdt-price-list-item\"><div class=\"bdt-grid bdt-grid-collapse bdt-flex-middle \" onclick=\"window.open(&#039;#&#039;, &#039;_self&#039;)\"bdt-grid>\r\n\t\t\t<div class=\"bdt-price-list-text bdt-width-expand\">\r\n\t\t\t\t<div>\r\n\t\t\t\t\t<div class=\"bdt-price-list-header bdt-grid bdt-grid-small bdt-flex-middle\" bdt-grid>\r\n\t\t\t\t\t\t<span class=\"bdt-price-list-title\">Kinder bis 3 Jahre im Zimmer der Eltern<\/span>\r\n\r\n\t\t\t\t\t\t\t\t\t\t\t\t\t<span class=\"bdt-price-list-separator bdt-width-expand\"><\/span>\r\n\t\t\t\t\t\t\r\n\t\t\t\t\t<\/div>\r\n\r\n                    \t\t\t\t<\/div>\r\n\t\t\t<\/div>\r\n\t\t\t<div class=\"bdt-width-auto bdt-flex-inline\">\r\n\t\t\t\t\r\n\t\t\t\t<span class=\"bdt-price-list-price\">kostenlos<\/span>\r\n\t\t\t<\/div>\r\n\r\n\t\t\t\r\n\t\t\t<\/div><\/li>\r\n\t\t<li class=\"bdt-price-list-item\"><div class=\"bdt-grid bdt-grid-collapse bdt-flex-middle \" onclick=\"window.open(&#039;#&#039;, &#039;_self&#039;)\"bdt-grid>\r\n\t\t\t<div class=\"bdt-price-list-text bdt-width-expand\">\r\n\t\t\t\t<div>\r\n\t\t\t\t\t<div class=\"bdt-price-list-header bdt-grid bdt-grid-small bdt-flex-middle\" bdt-grid>\r\n\t\t\t\t\t\t<span class=\"bdt-price-list-title\">Kinder von 4 bis 10 Jahre im Zimmer der Eltern<\/span>\r\n\r\n\t\t\t\t\t\t\t\t\t\t\t\t\t<span class=\"bdt-price-list-separator bdt-width-expand\"><\/span>\r\n\t\t\t\t\t\t\r\n\t\t\t\t\t<\/div>\r\n\r\n                    \t\t\t\t<\/div>\r\n\t\t\t<\/div>\r\n\t\t\t<div class=\"bdt-width-auto bdt-flex-inline\">\r\n\t\t\t\t\r\n\t\t\t\t<span class=\"bdt-price-list-price\">CHF 55.\u2013<\/span>\r\n\t\t\t<\/div>\r\n\r\n\t\t\t\r\n\t\t\t<\/div><\/li>\r\n\t\t<li class=\"bdt-price-list-item\"><div class=\"bdt-grid bdt-grid-collapse bdt-flex-middle \" onclick=\"window.open(&#039;#&#039;, &#039;_self&#039;)\"bdt-grid>\r\n\t\t\t<div class=\"bdt-price-list-text bdt-width-expand\">\r\n\t\t\t\t<div>\r\n\t\t\t\t\t<div class=\"bdt-price-list-header bdt-grid bdt-grid-small bdt-flex-middle\" bdt-grid>\r\n\t\t\t\t\t\t<span class=\"bdt-price-list-title\">Kinder von 11 bis 15 Jahre im Zimmer der Eltern<\/span>\r\n\r\n\t\t\t\t\t\t\t\t\t\t\t\t\t<span class=\"bdt-price-list-separator bdt-width-expand\"><\/span>\r\n\t\t\t\t\t\t\r\n\t\t\t\t\t<\/div>\r\n\r\n                    \t\t\t\t<\/div>\r\n\t\t\t<\/div>\r\n\t\t\t<div class=\"bdt-width-auto bdt-flex-inline\">\r\n\t\t\t\t\r\n\t\t\t\t<span class=\"bdt-price-list-price\">CHF 65.\u2013<\/span>\r\n\t\t\t<\/div>\r\n\r\n\t\t\t\r\n\t\t\t<\/div><\/li>\r\n\t\t<li class=\"bdt-price-list-item\"><div class=\"bdt-grid bdt-grid-collapse bdt-flex-middle \" onclick=\"window.open(&#039;#&#039;, &#039;_self&#039;)\"bdt-grid>\r\n\t\t\t<div class=\"bdt-price-list-text bdt-width-expand\">\r\n\t\t\t\t<div>\r\n\t\t\t\t\t<div class=\"bdt-price-list-header bdt-grid bdt-grid-small bdt-flex-middle\" bdt-grid>\r\n\t\t\t\t\t\t<span class=\"bdt-price-list-title\">Kinder bis 15 Jahre im eigenen Zimmer<\/span>\r\n\r\n\t\t\t\t\t\t\t\t\t\t\t\t\t<span class=\"bdt-price-list-separator bdt-width-expand\"><\/span>\r\n\t\t\t\t\t\t\r\n\t\t\t\t\t<\/div>\r\n\r\n                                            <p class=\"bdt-price-list-description\"><p style=\"text-align: left;\">Reduktion auf die regul\u00e4ren Zimmerpreise<\/p><\/p>\r\n                    \t\t\t\t<\/div>\r\n\t\t\t<\/div>\r\n\t\t\t<div class=\"bdt-width-auto bdt-flex-inline\">\r\n\t\t\t\t\r\n\t\t\t\t<span class=\"bdt-price-list-price\">\u201320 %<\/span>\r\n\t\t\t<\/div>\r\n\r\n\t\t\t\r\n\t\t\t<\/div><\/li>\r\n\t\t\r\n\t\t<\/ul>\r\n\t\t\t\t\t\t<\/div>\n\t\t\t\t<\/div>\n\t\t\t\t<div class=\"elementor-element elementor-element-e8fc1aa elementor-widget elementor-widget-spacer\" data-id=\"e8fc1aa\" data-element_type=\"widget\" data-e-type=\"widget\" data-widget_type=\"spacer.default\">\n\t\t\t\t<div class=\"elementor-widget-container\">\n\t\t\t\t\t\t\t<div class=\"elementor-spacer\">\n\t\t\t<div class=\"elementor-spacer-inner\"><\/div>\n\t\t<\/div>\n\t\t\t\t\t\t<\/div>\n\t\t\t\t<\/div>\n\t\t\t\t\t<\/div>\n\t\t<\/div>\n\t\t\t\t\t<\/div>\n\t\t<\/section>\n\t\t\t\t<section class=\"elementor-section elementor-top-section elementor-element elementor-element-76877d06 elementor-section-stretched elementor-section-boxed elementor-section-height-default elementor-section-height-default\" data-id=\"76877d06\" data-element_type=\"section\" data-e-type=\"section\" data-settings=\"{&quot;stretch_section&quot;:&quot;section-stretched&quot;,&quot;background_background&quot;:&quot;classic&quot;}\">\n\t\t\t\t\t\t\t<div class=\"elementor-background-overlay\"><\/div>\n\t\t\t\t\t\t\t<div class=\"elementor-container elementor-column-gap-default\">\n\t\t\t\t\t<div class=\"elementor-column elementor-col-100 elementor-top-column elementor-element elementor-element-15b00647\" data-id=\"15b00647\" data-element_type=\"column\" data-e-type=\"column\">\n\t\t\t<div class=\"elementor-widget-wrap elementor-element-populated\">\n\t\t\t\t\t\t<div class=\"elementor-element elementor-element-7c3f6272 elementor-widget elementor-widget-heading\" data-id=\"7c3f6272\" data-element_type=\"widget\" data-e-type=\"widget\" data-widget_type=\"heading.default\">\n\t\t\t\t<div class=\"elementor-widget-container\">\n\t\t\t\t\t<h2 class=\"elementor-heading-title elementor-size-default\">Contact &amp; Acc\u00e8s Oberaar<\/h2>\t\t\t\t<\/div>\n\t\t\t\t<\/div>\n\t\t\t\t<div class=\"elementor-element elementor-element-7eaa9d58 elementor-widget elementor-widget-text-editor\" data-id=\"7eaa9d58\" data-element_type=\"widget\" data-e-type=\"widget\" data-widget_type=\"text-editor.default\">\n\t\t\t\t<div class=\"elementor-widget-container\">\n\t\t\t\t\t\t\t\t\t<p>Le restaurant et Berghaus Oberaar est situ\u00e9 dans l&rsquo;Oberland bernois, au c\u0153ur du paysage \u00e9poustouflant du Grimsel. Vous pouvez y acc\u00e9der par la route panoramique de six kilom\u00e8tres qui part du col du Grimsel. Nous nous r\u00e9jouissons de votre visite ! <\/p><p>Vous avez des questions ? Appelez-nous ou \u00e9crivez-nous ! <\/p>\t\t\t\t\t\t\t\t<\/div>\n\t\t\t\t<\/div>\n\t\t\t\t<div class=\"elementor-element elementor-element-61f8768a elementor-align-left elementor-widget elementor-widget-button\" data-id=\"61f8768a\" data-element_type=\"widget\" data-e-type=\"widget\" data-widget_type=\"button.default\">\n\t\t\t\t<div class=\"elementor-widget-container\">\n\t\t\t\t\t\t\t\t\t<div class=\"elementor-button-wrapper\">\n\t\t\t\t\t<a class=\"elementor-button elementor-button-link elementor-size-sm\" href=\"tel:+41339824811\">\n\t\t\t\t\t\t<span class=\"elementor-button-content-wrapper\">\n\t\t\t\t\t\t<span class=\"elementor-button-icon\">\n\t\t\t\t<i aria-hidden=\"true\" class=\"fas fa-phone\"><\/i>\t\t\t<\/span>\n\t\t\t\t\t\t\t\t\t<span class=\"elementor-button-text\">+41 33 982 48 11<\/span>\n\t\t\t\t\t<\/span>\n\t\t\t\t\t<\/a>\n\t\t\t\t<\/div>\n\t\t\t\t\t\t\t\t<\/div>\n\t\t\t\t<\/div>\n\t\t\t\t<div class=\"elementor-element elementor-element-42c722de elementor-align-left elementor-widget elementor-widget-button\" data-id=\"42c722de\" data-element_type=\"widget\" data-e-type=\"widget\" data-widget_type=\"button.default\">\n\t\t\t\t<div class=\"elementor-widget-container\">\n\t\t\t\t\t\t\t\t\t<div class=\"elementor-button-wrapper\">\n\t\t\t\t\t<a class=\"elementor-button elementor-button-link elementor-size-sm\" href=\"mailto:hotels@grimselwelt.ch?subject=Anfrage%20Berghaus%20Oberaar\">\n\t\t\t\t\t\t<span class=\"elementor-button-content-wrapper\">\n\t\t\t\t\t\t<span class=\"elementor-button-icon\">\n\t\t\t\t<i aria-hidden=\"true\" class=\"far fa-envelope\"><\/i>\t\t\t<\/span>\n\t\t\t\t\t\t\t\t\t<span class=\"elementor-button-text\">Envoyer un e-mail<\/span>\n\t\t\t\t\t<\/span>\n\t\t\t\t\t<\/a>\n\t\t\t\t<\/div>\n\t\t\t\t\t\t\t\t<\/div>\n\t\t\t\t<\/div>\n\t\t\t\t<div class=\"elementor-element elementor-element-76cfd532 elementor-align-left elementor-widget elementor-widget-button\" data-id=\"76cfd532\" data-element_type=\"widget\" data-e-type=\"widget\" data-widget_type=\"button.default\">\n\t\t\t\t<div class=\"elementor-widget-container\">\n\t\t\t\t\t\t\t\t\t<div class=\"elementor-button-wrapper\">\n\t\t\t\t\t<a class=\"elementor-button elementor-button-link elementor-size-sm\" href=\"https:\/\/www.google.ch\/maps\/place\/Berghaus+Oberaar\/@46.5967242,8.2034646,12.28z\/data=!4m5!3m4!1s0x478f8036eae8bf17:0x222e7c6eedc5be8f!8m2!3d46.5488706!4d8.2775331?hl=de\">\n\t\t\t\t\t\t<span class=\"elementor-button-content-wrapper\">\n\t\t\t\t\t\t<span class=\"elementor-button-icon\">\n\t\t\t\t<i aria-hidden=\"true\" class=\"fas fa-map-marker-alt\"><\/i>\t\t\t<\/span>\n\t\t\t\t\t\t\t\t\t<span class=\"elementor-button-text\">vers l'Oberaar<\/span>\n\t\t\t\t\t<\/span>\n\t\t\t\t\t<\/a>\n\t\t\t\t<\/div>\n\t\t\t\t\t\t\t\t<\/div>\n\t\t\t\t<\/div>\n\t\t\t\t\t<\/div>\n\t\t<\/div>\n\t\t\t\t\t<\/div>\n\t\t<\/section>\n\t\t\t\t<\/div>\n\t\t","protected":false},"excerpt":{"rendered":"<p>Sous le toit des Alpes bernoises, vous pouvez passer une nuit reposante dans l&rsquo;une de nos chambres doubles ou \u00e0 plusieurs lits. Capacit\u00e9 4 chambres doubles, 1 chambre \u00e0 4 lits, 1 chambre \u00e0 5 lits,matelas \u00e0 8 places et [&hellip;]<\/p>\n","protected":false},"author":10,"featured_media":44765,"parent":44791,"menu_order":0,"comment_status":"closed","ping_status":"closed","template":"","meta":{"footnotes":""},"class_list":["post-44764","page","type-page","status-publish","has-post-thumbnail","hentry"],"_links":{"self":[{"href":"https:\/\/www.grimselwelt.ch\/fr\/wp-json\/wp\/v2\/pages\/44764","targetHints":{"allow":["GET"]}}],"collection":[{"href":"https:\/\/www.grimselwelt.ch\/fr\/wp-json\/wp\/v2\/pages"}],"about":[{"href":"https:\/\/www.grimselwelt.ch\/fr\/wp-json\/wp\/v2\/types\/page"}],"author":[{"embeddable":true,"href":"https:\/\/www.grimselwelt.ch\/fr\/wp-json\/wp\/v2\/users\/10"}],"replies":[{"embeddable":true,"href":"https:\/\/www.grimselwelt.ch\/fr\/wp-json\/wp\/v2\/comments?post=44764"}],"version-history":[{"count":1,"href":"https:\/\/www.grimselwelt.ch\/fr\/wp-json\/wp\/v2\/pages\/44764\/revisions"}],"predecessor-version":[{"id":44775,"href":"https:\/\/www.grimselwelt.ch\/fr\/wp-json\/wp\/v2\/pages\/44764\/revisions\/44775"}],"up":[{"embeddable":true,"href":"https:\/\/www.grimselwelt.ch\/fr\/wp-json\/wp\/v2\/pages\/44791"}],"wp:featuredmedia":[{"embeddable":true,"href":"https:\/\/www.grimselwelt.ch\/fr\/wp-json\/wp\/v2\/media\/44765"}],"wp:attachment":[{"href":"https:\/\/www.grimselwelt.ch\/fr\/wp-json\/wp\/v2\/media?parent=44764"}],"curies":[{"name":"wp","href":"https:\/\/api.w.org\/{rel}","templated":true}]}}