{"id":44729,"date":"2021-01-27T14:03:22","date_gmt":"2021-01-27T14:03:22","guid":{"rendered":"https:\/\/www.grimselwelt.ch\/alpinhuette-baeregg\/hebergement-et-infrastructure\/"},"modified":"2026-01-29T14:53:12","modified_gmt":"2026-01-29T14:53:12","slug":"hebergement-et-infrastructure","status":"publish","type":"page","link":"https:\/\/www.grimselwelt.ch\/fr\/hotels-du-grimsel\/alpinhuette-baeregg\/hebergement-et-infrastructure\/","title":{"rendered":"H\u00e9bergement et infrastructure"},"content":{"rendered":"\t\t<div data-elementor-type=\"wp-page\" data-elementor-id=\"44729\" class=\"elementor elementor-44729 elementor-7261\" data-elementor-post-type=\"page\">\n\t\t\t\t\t\t<section class=\"elementor-section elementor-top-section elementor-element elementor-element-66443f2e elementor-section-boxed elementor-section-height-default elementor-section-height-default\" data-id=\"66443f2e\" data-element_type=\"section\" data-e-type=\"section\">\n\t\t\t\t\t\t<div class=\"elementor-container elementor-column-gap-default\">\n\t\t\t\t\t<div class=\"elementor-column elementor-col-100 elementor-top-column elementor-element elementor-element-64af32d3\" data-id=\"64af32d3\" data-element_type=\"column\" data-e-type=\"column\">\n\t\t\t<div class=\"elementor-widget-wrap elementor-element-populated\">\n\t\t\t\t\t\t<div class=\"elementor-element elementor-element-1d1eeeb0 elementor-widget elementor-widget-text-editor\" data-id=\"1d1eeeb0\" data-element_type=\"widget\" data-e-type=\"widget\" data-widget_type=\"text-editor.default\">\n\t\t\t\t<div class=\"elementor-widget-container\">\n\t\t\t\t\t\t\t\t\t<p>Qu&rsquo;il s&rsquo;agisse d&rsquo;\u00e9coles, de camps d&rsquo;escalade, de familles ou d&rsquo;amis qui veulent vivre ensemble la nature - tous se sentent particuli\u00e8rement bien ici, dans les hautes Alpes. Ils appr\u00e9cient la cabane avec son simple matelas comme point de d\u00e9part id\u00e9al pour les randonn\u00e9es et les parties d&rsquo;escalade. Il n&rsquo;y a gu\u00e8re d&rsquo;endroit en Suisse comme la B\u00e4reggh\u00fctte qui se trouve au milieu d&rsquo;une zone prot\u00e9g\u00e9e aussi vaste et qui peut pourtant \u00eatre lou\u00e9e par le public.  <\/p>\t\t\t\t\t\t\t\t<\/div>\n\t\t\t\t<\/div>\n\t\t\t\t\t<\/div>\n\t\t<\/div>\n\t\t\t\t\t<\/div>\n\t\t<\/section>\n\t\t\t\t<section class=\"elementor-section elementor-top-section elementor-element elementor-element-29ba98e elementor-section-full_width elementor-section-stretched spotlight animated-fast elementor-section-height-default elementor-section-height-default elementor-invisible\" data-id=\"29ba98e\" data-element_type=\"section\" data-e-type=\"section\" data-settings=\"{&quot;stretch_section&quot;:&quot;section-stretched&quot;,&quot;animation&quot;:&quot;fadeInUp&quot;}\">\n\t\t\t\t\t\t<div class=\"elementor-container elementor-column-gap-default\">\n\t\t\t\t\t<div class=\"elementor-column elementor-col-50 elementor-top-column elementor-element elementor-element-6847fde\" data-id=\"6847fde\" data-element_type=\"column\" data-e-type=\"column\">\n\t\t\t<div class=\"elementor-widget-wrap elementor-element-populated\">\n\t\t\t\t\t\t<div class=\"elementor-element elementor-element-a9942dd elementor-pagination-position-inside elementor-arrows-position-inside elementor-widget elementor-widget-image-carousel\" data-id=\"a9942dd\" data-element_type=\"widget\" data-e-type=\"widget\" data-settings=\"{&quot;slides_to_show&quot;:&quot;1&quot;,&quot;navigation&quot;:&quot;both&quot;,&quot;autoplay&quot;:&quot;yes&quot;,&quot;pause_on_hover&quot;:&quot;yes&quot;,&quot;pause_on_interaction&quot;:&quot;yes&quot;,&quot;autoplay_speed&quot;:5000,&quot;infinite&quot;:&quot;yes&quot;,&quot;effect&quot;:&quot;slide&quot;,&quot;speed&quot;:500}\" data-widget_type=\"image-carousel.default\">\n\t\t\t\t<div class=\"elementor-widget-container\">\n\t\t\t\t\t\t\t<div class=\"elementor-image-carousel-wrapper swiper\" role=\"region\" aria-roledescription=\"carousel\" aria-label=\"Bild Karussell\" dir=\"ltr\">\n\t\t\t<div class=\"elementor-image-carousel swiper-wrapper swiper-image-stretch\" aria-live=\"off\">\n\t\t\t\t\t\t\t\t<div class=\"swiper-slide\" role=\"group\" aria-roledescription=\"slide\" aria-label=\"1 sur 2\"><figure class=\"swiper-slide-inner\"><img decoding=\"async\" class=\"swiper-slide-image\" src=\"https:\/\/www.grimselwelt.ch\/media\/baeregg_zimmer04.jpg\" alt=\"Salle \u00e0 manger Alpinh\u00fctte B\u00e4regg\" \/><\/figure><\/div><div class=\"swiper-slide\" role=\"group\" aria-roledescription=\"slide\" aria-label=\"2 sur 2\"><figure class=\"swiper-slide-inner\"><img decoding=\"async\" class=\"swiper-slide-image\" src=\"https:\/\/www.grimselwelt.ch\/media\/baeregg_zimmer02.jpg\" alt=\"Cuisine Alpinh\u00fctte B\u00e4regg\" \/><\/figure><\/div>\t\t\t<\/div>\n\t\t\t\t\t\t\t\t\t\t\t\t<div class=\"elementor-swiper-button elementor-swiper-button-prev\" role=\"button\" tabindex=\"0\">\n\t\t\t\t\t\t<i aria-hidden=\"true\" class=\"eicon-chevron-left\"><\/i>\t\t\t\t\t<\/div>\n\t\t\t\t\t<div class=\"elementor-swiper-button elementor-swiper-button-next\" role=\"button\" tabindex=\"0\">\n\t\t\t\t\t\t<i aria-hidden=\"true\" class=\"eicon-chevron-right\"><\/i>\t\t\t\t\t<\/div>\n\t\t\t\t\n\t\t\t\t\t\t\t\t\t<div class=\"swiper-pagination\"><\/div>\n\t\t\t\t\t\t\t\t\t<\/div>\n\t\t\t\t\t\t<\/div>\n\t\t\t\t<\/div>\n\t\t\t\t\t<\/div>\n\t\t<\/div>\n\t\t\t\t<div class=\"elementor-column elementor-col-50 elementor-top-column elementor-element elementor-element-222a3dc\" data-id=\"222a3dc\" data-element_type=\"column\" data-e-type=\"column\">\n\t\t\t<div class=\"elementor-widget-wrap elementor-element-populated\">\n\t\t\t\t\t\t<div class=\"elementor-element elementor-element-2767475 elementor-widget elementor-widget-heading\" data-id=\"2767475\" data-element_type=\"widget\" data-e-type=\"widget\" data-widget_type=\"heading.default\">\n\t\t\t\t<div class=\"elementor-widget-container\">\n\t\t\t\t\t<h2 class=\"elementor-heading-title elementor-size-default\">Salle de s\u00e9jour &amp; cuisine<\/h2>\t\t\t\t<\/div>\n\t\t\t\t<\/div>\n\t\t\t\t<div class=\"elementor-element elementor-element-982e033 elementor-widget elementor-widget-text-editor\" data-id=\"982e033\" data-element_type=\"widget\" data-e-type=\"widget\" data-widget_type=\"text-editor.default\">\n\t\t\t\t<div class=\"elementor-widget-container\">\n\t\t\t\t\t\t\t\t\t<p>En plus d&rsquo;une grande salle de s\u00e9jour lumineuse, vous trouverez une cuisine bien \u00e9quip\u00e9e avec une po\u00eale basculante, une marmite basculante et une cuisini\u00e8re \u00e9lectrique, un lave-vaisselle et suffisamment de vaisselle, de couverts et de verres pour accueillir jusqu&rsquo;\u00e0 62 invit\u00e9s.  <\/p><p>L&rsquo;Alpinh\u00fctte B\u00e4regg dispose d&rsquo;eau potable courante.<\/p>\t\t\t\t\t\t\t\t<\/div>\n\t\t\t\t<\/div>\n\t\t\t\t\t<\/div>\n\t\t<\/div>\n\t\t\t\t\t<\/div>\n\t\t<\/section>\n\t\t\t\t<section class=\"elementor-section elementor-top-section elementor-element elementor-element-582dba4 elementor-section-full_width elementor-section-stretched spotlight animated-fast elementor-section-height-default elementor-section-height-default elementor-invisible\" data-id=\"582dba4\" data-element_type=\"section\" data-e-type=\"section\" data-settings=\"{&quot;stretch_section&quot;:&quot;section-stretched&quot;,&quot;animation&quot;:&quot;fadeInUp&quot;}\">\n\t\t\t\t\t\t<div class=\"elementor-container elementor-column-gap-default\">\n\t\t\t\t\t<div class=\"elementor-column elementor-col-50 elementor-top-column elementor-element elementor-element-3609fb2\" data-id=\"3609fb2\" data-element_type=\"column\" data-e-type=\"column\">\n\t\t\t<div class=\"elementor-widget-wrap elementor-element-populated\">\n\t\t\t\t\t\t<div class=\"elementor-element elementor-element-20b7b09 elementor-pagination-position-inside elementor-arrows-position-inside elementor-widget elementor-widget-image-carousel\" data-id=\"20b7b09\" data-element_type=\"widget\" data-e-type=\"widget\" data-settings=\"{&quot;slides_to_show&quot;:&quot;1&quot;,&quot;navigation&quot;:&quot;both&quot;,&quot;autoplay&quot;:&quot;yes&quot;,&quot;pause_on_hover&quot;:&quot;yes&quot;,&quot;pause_on_interaction&quot;:&quot;yes&quot;,&quot;autoplay_speed&quot;:5000,&quot;infinite&quot;:&quot;yes&quot;,&quot;effect&quot;:&quot;slide&quot;,&quot;speed&quot;:500}\" data-widget_type=\"image-carousel.default\">\n\t\t\t\t<div class=\"elementor-widget-container\">\n\t\t\t\t\t\t\t<div class=\"elementor-image-carousel-wrapper swiper\" role=\"region\" aria-roledescription=\"carousel\" aria-label=\"Bild Karussell\" dir=\"ltr\">\n\t\t\t<div class=\"elementor-image-carousel swiper-wrapper swiper-image-stretch\" aria-live=\"off\">\n\t\t\t\t\t\t\t\t<div class=\"swiper-slide\" role=\"group\" aria-roledescription=\"slide\" aria-label=\"1 sur 2\"><figure class=\"swiper-slide-inner\"><img decoding=\"async\" class=\"swiper-slide-image\" src=\"https:\/\/www.grimselwelt.ch\/media\/baeregg_zimmer01.jpg\" alt=\"Dortoir Alpinh\u00fctte B\u00e4regg\" \/><\/figure><\/div><div class=\"swiper-slide\" role=\"group\" aria-roledescription=\"slide\" aria-label=\"2 sur 2\"><figure class=\"swiper-slide-inner\"><img decoding=\"async\" class=\"swiper-slide-image\" src=\"https:\/\/www.grimselwelt.ch\/media\/baeregg_zimmer03.jpg\" alt=\"Cuisine Alpinh\u00fctte B\u00e4regg\" \/><\/figure><\/div>\t\t\t<\/div>\n\t\t\t\t\t\t\t\t\t\t\t\t<div class=\"elementor-swiper-button elementor-swiper-button-prev\" role=\"button\" tabindex=\"0\">\n\t\t\t\t\t\t<i aria-hidden=\"true\" class=\"eicon-chevron-left\"><\/i>\t\t\t\t\t<\/div>\n\t\t\t\t\t<div class=\"elementor-swiper-button elementor-swiper-button-next\" role=\"button\" tabindex=\"0\">\n\t\t\t\t\t\t<i aria-hidden=\"true\" class=\"eicon-chevron-right\"><\/i>\t\t\t\t\t<\/div>\n\t\t\t\t\n\t\t\t\t\t\t\t\t\t<div class=\"swiper-pagination\"><\/div>\n\t\t\t\t\t\t\t\t\t<\/div>\n\t\t\t\t\t\t<\/div>\n\t\t\t\t<\/div>\n\t\t\t\t\t<\/div>\n\t\t<\/div>\n\t\t\t\t<div class=\"elementor-column elementor-col-50 elementor-top-column elementor-element elementor-element-3ca68c5\" data-id=\"3ca68c5\" data-element_type=\"column\" data-e-type=\"column\">\n\t\t\t<div class=\"elementor-widget-wrap elementor-element-populated\">\n\t\t\t\t\t\t<div class=\"elementor-element elementor-element-412edab elementor-widget elementor-widget-heading\" data-id=\"412edab\" data-element_type=\"widget\" data-e-type=\"widget\" data-widget_type=\"heading.default\">\n\t\t\t\t<div class=\"elementor-widget-container\">\n\t\t\t\t\t<h2 class=\"elementor-heading-title elementor-size-default\">Dortoir &amp; chambre des moniteurs<\/h2>\t\t\t\t<\/div>\n\t\t\t\t<\/div>\n\t\t\t\t<div class=\"elementor-element elementor-element-ec46992 elementor-widget elementor-widget-text-editor\" data-id=\"ec46992\" data-element_type=\"widget\" data-e-type=\"widget\" data-widget_type=\"text-editor.default\">\n\t\t\t\t<div class=\"elementor-widget-container\">\n\t\t\t\t\t\t\t\t\t<p>Le refuge alpin dispose d&rsquo;un total de 62 places de couchage :<\/p><ul><li>2 dortoirs pour 10 personnes chacun<\/li><li>2 dortoirs de 20 personnes chacun<\/li><li>1 chambre de moniteur avec 2 lits<\/li><\/ul><p>Les dortoirs et la chambre des moniteurs sont \u00e9quip\u00e9s de couvertures et d&rsquo;oreillers en laine. Les taies d&rsquo;oreiller sont fournies par les H\u00f4tels du Grimsel. Les sacs de couchage et les serviettes doivent \u00eatre apport\u00e9s par les participants.  <\/p>\t\t\t\t\t\t\t\t<\/div>\n\t\t\t\t<\/div>\n\t\t\t\t\t<\/div>\n\t\t<\/div>\n\t\t\t\t\t<\/div>\n\t\t<\/section>\n\t\t\t\t<section class=\"elementor-section elementor-top-section elementor-element elementor-element-e91f26e elementor-section-boxed elementor-section-height-default elementor-section-height-default\" data-id=\"e91f26e\" data-element_type=\"section\" data-e-type=\"section\">\n\t\t\t\t\t\t<div class=\"elementor-container elementor-column-gap-default\">\n\t\t\t\t\t<div class=\"elementor-column elementor-col-100 elementor-top-column elementor-element elementor-element-f42280b\" data-id=\"f42280b\" data-element_type=\"column\" data-e-type=\"column\">\n\t\t\t<div class=\"elementor-widget-wrap elementor-element-populated\">\n\t\t\t\t\t\t<div class=\"elementor-element elementor-element-f7e51e5 elementor-widget elementor-widget-heading\" data-id=\"f7e51e5\" data-element_type=\"widget\" data-e-type=\"widget\" data-widget_type=\"heading.default\">\n\t\t\t\t<div class=\"elementor-widget-container\">\n\t\t\t\t\t<h2 class=\"elementor-heading-title elementor-size-default\">Co\u00fbts<\/h2>\t\t\t\t<\/div>\n\t\t\t\t<\/div>\n\t\t\t\t<div class=\"elementor-element elementor-element-db1ecc0 elementor-widget elementor-widget-text-editor\" data-id=\"db1ecc0\" data-element_type=\"widget\" data-e-type=\"widget\" data-widget_type=\"text-editor.default\">\n\t\t\t\t<div class=\"elementor-widget-container\">\n\t\t\t\t\t\t\t\t\t<p>Le prix forfaitaire, quel que soit le nombre de personnes, comprend les oreillers et les taies d&rsquo;oreiller, l&rsquo;utilisation de l&rsquo;\u00e9lectricit\u00e9 et de l&rsquo;eau, les mat\u00e9riaux de nettoyage et la TVA.  <span style=\"letter-spacing: 0.075em;\">Les taxes ne sont pas incluses dans le prix.<\/span><\/p>\t\t\t\t\t\t\t\t<\/div>\n\t\t\t\t<\/div>\n\t\t\t\t<div class=\"elementor-element elementor-element-ff7a95a elementor-widget elementor-widget-bdt-price-list\" data-id=\"ff7a95a\" data-element_type=\"widget\" data-e-type=\"widget\" data-settings=\"{&quot;image_hide_on&quot;:[&quot;mobile&quot;]}\" data-widget_type=\"bdt-price-list.default\">\n\t\t\t\t<div class=\"elementor-widget-container\">\n\t\t\t\t\t\t\t<ul class=\"bdt-price-list\">\r\n\r\n\t\t<li class=\"bdt-price-list-item\"><div class=\"bdt-grid bdt-grid-collapse bdt-flex-middle \" onclick=\"window.open(&#039;#&#039;, &#039;_self&#039;)\"bdt-grid>\r\n\t\t\t<div class=\"bdt-price-list-text bdt-width-expand\">\r\n\t\t\t\t<div>\r\n\t\t\t\t\t<div class=\"bdt-price-list-header bdt-grid bdt-grid-small bdt-flex-middle\" bdt-grid>\r\n\t\t\t\t\t\t<span class=\"bdt-price-list-title\">Pauschalpreis<\/span>\r\n\r\n\t\t\t\t\t\t\t\t\t\t\t\t\t<span class=\"bdt-price-list-separator bdt-width-expand\"><\/span>\r\n\t\t\t\t\t\t\r\n\t\t\t\t\t<\/div>\r\n\r\n                                            <p class=\"bdt-price-list-description\"><p style=\"text-align: left;\">Samstag bis Samstag \/ 7 \u00dcbernachtungen<\/p><\/p>\r\n                    \t\t\t\t<\/div>\r\n\t\t\t<\/div>\r\n\t\t\t<div class=\"bdt-width-auto bdt-flex-inline\">\r\n\t\t\t\t\r\n\t\t\t\t<span class=\"bdt-price-list-price\">CHF 2 500.00<\/span>\r\n\t\t\t<\/div>\r\n\r\n\t\t\t\r\n\t\t\t<\/div><\/li>\r\n\t\t\r\n\t\t<\/ul>\r\n\t\t\t\t\t\t<\/div>\n\t\t\t\t<\/div>\n\t\t\t\t<div class=\"elementor-element elementor-element-96226ad elementor-widget elementor-widget-heading\" data-id=\"96226ad\" data-element_type=\"widget\" data-e-type=\"widget\" data-widget_type=\"heading.default\">\n\t\t\t\t<div class=\"elementor-widget-container\">\n\t\t\t\t\t<h2 class=\"elementor-heading-title elementor-size-default\">Nettoyage<\/h2>\t\t\t\t<\/div>\n\t\t\t\t<\/div>\n\t\t\t\t<div class=\"elementor-element elementor-element-d12369c elementor-widget elementor-widget-text-editor\" data-id=\"d12369c\" data-element_type=\"widget\" data-e-type=\"widget\" data-widget_type=\"text-editor.default\">\n\t\t\t\t<div class=\"elementor-widget-container\">\n\t\t\t\t\t\t\t\t\t<p>Le nettoyage est effectu\u00e9 \u00e0 l&rsquo;aide de la check-list de remise et de r\u00e9ception.  <br>En cas de nettoyage insuffisant par le locataire, les frais de nettoyage seront factur\u00e9s par les H\u00f4tels du Grimsel en fonction des d\u00e9penses.<\/p>\t\t\t\t\t\t\t\t<\/div>\n\t\t\t\t<\/div>\n\t\t\t\t<div class=\"elementor-element elementor-element-19526eb elementor-widget elementor-widget-bdt-price-list\" data-id=\"19526eb\" data-element_type=\"widget\" data-e-type=\"widget\" data-settings=\"{&quot;image_hide_on&quot;:[&quot;mobile&quot;]}\" data-widget_type=\"bdt-price-list.default\">\n\t\t\t\t<div class=\"elementor-widget-container\">\n\t\t\t\t\t\t\t<ul class=\"bdt-price-list\">\r\n\r\n\t\t<li class=\"bdt-price-list-item\"><div class=\"bdt-grid bdt-grid-collapse bdt-flex-middle \" onclick=\"window.open(&#039;#&#039;, &#039;_self&#039;)\"bdt-grid>\r\n\t\t\t<div class=\"bdt-price-list-text bdt-width-expand\">\r\n\t\t\t\t<div>\r\n\t\t\t\t\t<div class=\"bdt-price-list-header bdt-grid bdt-grid-small bdt-flex-middle\" bdt-grid>\r\n\t\t\t\t\t\t<span class=\"bdt-price-list-title\">Reinigungsgeb\u00fchren<\/span>\r\n\r\n\t\t\t\t\t\t\t\t\t\t\t\t\t<span class=\"bdt-price-list-separator bdt-width-expand\"><\/span>\r\n\t\t\t\t\t\t\r\n\t\t\t\t\t<\/div>\r\n\r\n                                            <p class=\"bdt-price-list-description\"><p style=\"text-align: left;\">pro Person und Stunde<\/p><\/p>\r\n                    \t\t\t\t<\/div>\r\n\t\t\t<\/div>\r\n\t\t\t<div class=\"bdt-width-auto bdt-flex-inline\">\r\n\t\t\t\t\r\n\t\t\t\t<span class=\"bdt-price-list-price\">CHF 80.00<\/span>\r\n\t\t\t<\/div>\r\n\r\n\t\t\t\r\n\t\t\t<\/div><\/li>\r\n\t\t\r\n\t\t<\/ul>\r\n\t\t\t\t\t\t<\/div>\n\t\t\t\t<\/div>\n\t\t\t\t\t<\/div>\n\t\t<\/div>\n\t\t\t\t\t<\/div>\n\t\t<\/section>\n\t\t\t\t<section class=\"elementor-section elementor-top-section elementor-element elementor-element-66eb849 elementor-section-boxed elementor-section-height-default elementor-section-height-default\" data-id=\"66eb849\" data-element_type=\"section\" data-e-type=\"section\">\n\t\t\t\t\t\t<div class=\"elementor-container elementor-column-gap-default\">\n\t\t\t\t\t<div class=\"elementor-column elementor-col-100 elementor-top-column elementor-element elementor-element-5f8bc45\" data-id=\"5f8bc45\" data-element_type=\"column\" data-e-type=\"column\">\n\t\t\t<div class=\"elementor-widget-wrap elementor-element-populated\">\n\t\t\t\t\t\t<div class=\"elementor-element elementor-element-8aae0c8 elementor-widget elementor-widget-spacer\" data-id=\"8aae0c8\" data-element_type=\"widget\" data-e-type=\"widget\" data-widget_type=\"spacer.default\">\n\t\t\t\t<div class=\"elementor-widget-container\">\n\t\t\t\t\t\t\t<div class=\"elementor-spacer\">\n\t\t\t<div class=\"elementor-spacer-inner\"><\/div>\n\t\t<\/div>\n\t\t\t\t\t\t<\/div>\n\t\t\t\t<\/div>\n\t\t\t\t\t<\/div>\n\t\t<\/div>\n\t\t\t\t\t<\/div>\n\t\t<\/section>\n\t\t\t\t<section class=\"elementor-section elementor-top-section elementor-element elementor-element-35acddb3 elementor-section-stretched elementor-section-boxed elementor-section-height-default elementor-section-height-default\" data-id=\"35acddb3\" data-element_type=\"section\" data-e-type=\"section\" data-settings=\"{&quot;stretch_section&quot;:&quot;section-stretched&quot;,&quot;background_background&quot;:&quot;classic&quot;}\">\n\t\t\t\t\t\t\t<div class=\"elementor-background-overlay\"><\/div>\n\t\t\t\t\t\t\t<div class=\"elementor-container elementor-column-gap-default\">\n\t\t\t\t\t<div class=\"elementor-column elementor-col-100 elementor-top-column elementor-element elementor-element-2cdfd4df\" data-id=\"2cdfd4df\" data-element_type=\"column\" data-e-type=\"column\">\n\t\t\t<div class=\"elementor-widget-wrap elementor-element-populated\">\n\t\t\t\t\t\t<div class=\"elementor-element elementor-element-13d6ef1b elementor-widget elementor-widget-heading\" data-id=\"13d6ef1b\" data-element_type=\"widget\" data-e-type=\"widget\" data-widget_type=\"heading.default\">\n\t\t\t\t<div class=\"elementor-widget-container\">\n\t\t\t\t\t<h2 class=\"elementor-heading-title elementor-size-default\">CONTACT &amp; ACC\u00c8S B\u00c4REGG<\/h2>\t\t\t\t<\/div>\n\t\t\t\t<\/div>\n\t\t\t\t<div class=\"elementor-element elementor-element-3a8a7642 elementor-widget elementor-widget-text-editor\" data-id=\"3a8a7642\" data-element_type=\"widget\" data-e-type=\"widget\" data-widget_type=\"text-editor.default\">\n\t\t\t\t<div class=\"elementor-widget-container\">\n\t\t\t\t\t\t\t\t\t<p>L&rsquo;Alpinh\u00fctte B\u00e4regg se trouve dans l&rsquo;Oberland bernois, au milieu du paysage \u00e9poustouflant du Grimselwelt, et est accessible par la route panoramique depuis le col du Grimsel. L&rsquo;acc\u00e8s au refuge par la route naturelle est autoris\u00e9 pour un v\u00e9hicule \u00e0 quatre roues motrices au maximum. La remise des cl\u00e9s de la barri\u00e8re de la route et du refuge alpin doit \u00eatre convenue au pr\u00e9alable avec les H\u00f4tels du Grimsel.  <\/p><p>Nous nous r\u00e9jouissons de votre visite !<\/p><p>Vous avez des questions ? Appelez-nous ou \u00e9crivez-nous ! <\/p>\t\t\t\t\t\t\t\t<\/div>\n\t\t\t\t<\/div>\n\t\t\t\t<div class=\"elementor-element elementor-element-8c84d09 elementor-align-left elementor-widget elementor-widget-button\" data-id=\"8c84d09\" data-element_type=\"widget\" data-e-type=\"widget\" data-widget_type=\"button.default\">\n\t\t\t\t<div class=\"elementor-widget-container\">\n\t\t\t\t\t\t\t\t\t<div class=\"elementor-button-wrapper\">\n\t\t\t\t\t<a class=\"elementor-button elementor-button-link elementor-size-sm\" href=\"tel:+41339824611\">\n\t\t\t\t\t\t<span class=\"elementor-button-content-wrapper\">\n\t\t\t\t\t\t<span class=\"elementor-button-icon\">\n\t\t\t\t<i aria-hidden=\"true\" class=\"fas fa-phone\"><\/i>\t\t\t<\/span>\n\t\t\t\t\t\t\t\t\t<span class=\"elementor-button-text\">+41 33 982 46 11<\/span>\n\t\t\t\t\t<\/span>\n\t\t\t\t\t<\/a>\n\t\t\t\t<\/div>\n\t\t\t\t\t\t\t\t<\/div>\n\t\t\t\t<\/div>\n\t\t\t\t<div class=\"elementor-element elementor-element-7e94158f elementor-align-left elementor-widget elementor-widget-button\" data-id=\"7e94158f\" data-element_type=\"widget\" data-e-type=\"widget\" data-widget_type=\"button.default\">\n\t\t\t\t<div class=\"elementor-widget-container\">\n\t\t\t\t\t\t\t\t\t<div class=\"elementor-button-wrapper\">\n\t\t\t\t\t<a class=\"elementor-button elementor-button-link elementor-size-sm\" href=\"mailto:hotels@grimselwelt.ch\">\n\t\t\t\t\t\t<span class=\"elementor-button-content-wrapper\">\n\t\t\t\t\t\t<span class=\"elementor-button-icon\">\n\t\t\t\t<i aria-hidden=\"true\" class=\"far fa-envelope\"><\/i>\t\t\t<\/span>\n\t\t\t\t\t\t\t\t\t<span class=\"elementor-button-text\">Envoyer un email<\/span>\n\t\t\t\t\t<\/span>\n\t\t\t\t\t<\/a>\n\t\t\t\t<\/div>\n\t\t\t\t\t\t\t\t<\/div>\n\t\t\t\t<\/div>\n\t\t\t\t<div class=\"elementor-element elementor-element-5013e120 elementor-align-left elementor-widget elementor-widget-button\" data-id=\"5013e120\" data-element_type=\"widget\" data-e-type=\"widget\" data-widget_type=\"button.default\">\n\t\t\t\t<div class=\"elementor-widget-container\">\n\t\t\t\t\t\t\t\t\t<div class=\"elementor-button-wrapper\">\n\t\t\t\t\t<a class=\"elementor-button elementor-button-link elementor-size-sm\" href=\"https:\/\/www.google.ch\/maps\/place\/B%C3%A4regg\/@46.549424,8.2176411,12.36z\/data=!4m5!3m4!1s0x0:0xf94a0823ab78d3dd!8m2!3d46.5496001!4d8.28356?hl=de\">\n\t\t\t\t\t\t<span class=\"elementor-button-content-wrapper\">\n\t\t\t\t\t\t<span class=\"elementor-button-icon\">\n\t\t\t\t<i aria-hidden=\"true\" class=\"fas fa-map-marker-alt\"><\/i>\t\t\t<\/span>\n\t\t\t\t\t\t\t\t\t<span class=\"elementor-button-text\">vers le B\u00e4regg<\/span>\n\t\t\t\t\t<\/span>\n\t\t\t\t\t<\/a>\n\t\t\t\t<\/div>\n\t\t\t\t\t\t\t\t<\/div>\n\t\t\t\t<\/div>\n\t\t\t\t\t<\/div>\n\t\t<\/div>\n\t\t\t\t\t<\/div>\n\t\t<\/section>\n\t\t\t\t<\/div>\n\t\t","protected":false},"excerpt":{"rendered":"<p>Qu&rsquo;il s&rsquo;agisse d&rsquo;\u00e9coles, de camps d&rsquo;escalade, de familles ou d&rsquo;amis qui veulent vivre ensemble la nature - tous se sentent particuli\u00e8rement bien ici, dans les hautes Alpes. Ils appr\u00e9cient la cabane avec son simple matelas comme point de d\u00e9part id\u00e9al [&hellip;]<\/p>\n","protected":false},"author":10,"featured_media":44733,"parent":44713,"menu_order":0,"comment_status":"closed","ping_status":"closed","template":"","meta":{"footnotes":""},"class_list":["post-44729","page","type-page","status-publish","has-post-thumbnail","hentry"],"_links":{"self":[{"href":"https:\/\/www.grimselwelt.ch\/fr\/wp-json\/wp\/v2\/pages\/44729","targetHints":{"allow":["GET"]}}],"collection":[{"href":"https:\/\/www.grimselwelt.ch\/fr\/wp-json\/wp\/v2\/pages"}],"about":[{"href":"https:\/\/www.grimselwelt.ch\/fr\/wp-json\/wp\/v2\/types\/page"}],"author":[{"embeddable":true,"href":"https:\/\/www.grimselwelt.ch\/fr\/wp-json\/wp\/v2\/users\/10"}],"replies":[{"embeddable":true,"href":"https:\/\/www.grimselwelt.ch\/fr\/wp-json\/wp\/v2\/comments?post=44729"}],"version-history":[{"count":1,"href":"https:\/\/www.grimselwelt.ch\/fr\/wp-json\/wp\/v2\/pages\/44729\/revisions"}],"predecessor-version":[{"id":44744,"href":"https:\/\/www.grimselwelt.ch\/fr\/wp-json\/wp\/v2\/pages\/44729\/revisions\/44744"}],"up":[{"embeddable":true,"href":"https:\/\/www.grimselwelt.ch\/fr\/wp-json\/wp\/v2\/pages\/44713"}],"wp:featuredmedia":[{"embeddable":true,"href":"https:\/\/www.grimselwelt.ch\/fr\/wp-json\/wp\/v2\/media\/44733"}],"wp:attachment":[{"href":"https:\/\/www.grimselwelt.ch\/fr\/wp-json\/wp\/v2\/media?parent=44729"}],"curies":[{"name":"wp","href":"https:\/\/api.w.org\/{rel}","templated":true}]}}