{"id":44701,"date":"2021-01-30T13:58:27","date_gmt":"2021-01-30T13:58:27","guid":{"rendered":"https:\/\/www.grimselwelt.ch\/meilleurs-spots-photo\/"},"modified":"2026-02-12T16:06:22","modified_gmt":"2026-02-12T16:06:22","slug":"meilleurs-spots-photo","status":"publish","type":"page","link":"https:\/\/www.grimselwelt.ch\/fr\/experiences\/meilleurs-spots-photo\/","title":{"rendered":"Meilleurs spots photo"},"content":{"rendered":"\t\t<div data-elementor-type=\"wp-page\" data-elementor-id=\"44701\" class=\"elementor elementor-44701 elementor-7955\" data-elementor-post-type=\"page\">\n\t\t\t\t\t\t<section class=\"elementor-section elementor-top-section elementor-element elementor-element-5bdb9990 elementor-section-boxed elementor-section-height-default elementor-section-height-default\" data-id=\"5bdb9990\" data-element_type=\"section\" data-e-type=\"section\">\n\t\t\t\t\t\t<div class=\"elementor-container elementor-column-gap-default\">\n\t\t\t\t\t<div class=\"elementor-column elementor-col-100 elementor-top-column elementor-element elementor-element-7ea93daf\" data-id=\"7ea93daf\" data-element_type=\"column\" data-e-type=\"column\">\n\t\t\t<div class=\"elementor-widget-wrap elementor-element-populated\">\n\t\t\t\t\t\t<div class=\"elementor-element elementor-element-50c72167 elementor-widget elementor-widget-text-editor\" data-id=\"50c72167\" data-element_type=\"widget\" data-e-type=\"widget\" data-widget_type=\"text-editor.default\">\n\t\t\t\t<div class=\"elementor-widget-container\">\n\t\t\t\t\t\t\t\t\t<p>D\u00e9couvrez lors de votre excursion les plus beaux et les plus spectaculaires spots photo de Grimselwelt dans l&rsquo;Oberland bernois. Notre paysage impressionnant vous garantit de magnifiques sujets de photo. Immortalisez votre plus beau moment d&rsquo;excursion et marquez-nous sur les m\u00e9dias sociaux avec #grimselwelt.  <\/p>\t\t\t\t\t\t\t\t<\/div>\n\t\t\t\t<\/div>\n\t\t\t\t<div class=\"elementor-element elementor-element-09a8a2b elementor-align-left elementor-widget elementor-widget-button\" data-id=\"09a8a2b\" data-element_type=\"widget\" data-e-type=\"widget\" data-widget_type=\"button.default\">\n\t\t\t\t<div class=\"elementor-widget-container\">\n\t\t\t\t\t\t\t\t\t<div class=\"elementor-button-wrapper\">\n\t\t\t\t\t<a class=\"elementor-button elementor-button-link elementor-size-sm\" href=\"https:\/\/www.grimselwelt.ch\/fr\/ausfluege\/\">\n\t\t\t\t\t\t<span class=\"elementor-button-content-wrapper\">\n\t\t\t\t\t\t\t\t\t<span class=\"elementor-button-text\">Toutes les excursions<\/span>\n\t\t\t\t\t<\/span>\n\t\t\t\t\t<\/a>\n\t\t\t\t<\/div>\n\t\t\t\t\t\t\t\t<\/div>\n\t\t\t\t<\/div>\n\t\t\t\t<div class=\"elementor-element elementor-element-131a342 elementor-align-left elementor-widget elementor-widget-button\" data-id=\"131a342\" data-element_type=\"widget\" data-e-type=\"widget\" data-widget_type=\"button.default\">\n\t\t\t\t<div class=\"elementor-widget-container\">\n\t\t\t\t\t\t\t\t\t<div class=\"elementor-button-wrapper\">\n\t\t\t\t\t<a class=\"elementor-button elementor-button-link elementor-size-sm\" href=\"https:\/\/www.grimselwelt.ch\/fr\/ausfluege\/excursions-en-famille\/\">\n\t\t\t\t\t\t<span class=\"elementor-button-content-wrapper\">\n\t\t\t\t\t\t\t\t\t<span class=\"elementor-button-text\">Excursions en famille<\/span>\n\t\t\t\t\t<\/span>\n\t\t\t\t\t<\/a>\n\t\t\t\t<\/div>\n\t\t\t\t\t\t\t\t<\/div>\n\t\t\t\t<\/div>\n\t\t\t\t\t<\/div>\n\t\t<\/div>\n\t\t\t\t\t<\/div>\n\t\t<\/section>\n\t\t\t\t<section class=\"elementor-section elementor-top-section elementor-element elementor-element-41d60dec elementor-section-full_width animated-fast elementor-section-height-default elementor-section-height-default\" data-id=\"41d60dec\" data-element_type=\"section\" data-e-type=\"section\" data-settings=\"{&quot;animation&quot;:&quot;none&quot;,&quot;background_background&quot;:&quot;classic&quot;}\">\n\t\t\t\t\t\t\t<div class=\"elementor-background-overlay\"><\/div>\n\t\t\t\t\t\t\t<div class=\"elementor-container elementor-column-gap-default\">\n\t\t\t\t\t<div class=\"elementor-column elementor-col-25 elementor-top-column elementor-element elementor-element-37a0e071\" data-id=\"37a0e071\" data-element_type=\"column\" data-e-type=\"column\">\n\t\t\t<div class=\"elementor-widget-wrap elementor-element-populated\">\n\t\t\t\t\t\t<div class=\"elementor-element elementor-element-12a55341 bdt-flip-box-effect-fade kwo-flip bdt-flip-box-easing-ease-out elementor-widget elementor-widget-bdt-flip-box\" data-id=\"12a55341\" data-element_type=\"widget\" data-e-type=\"widget\" data-widget_type=\"bdt-flip-box.default\">\n\t\t\t\t<div class=\"elementor-widget-container\">\n\t\t\t\t\t\t\t<div class=\"bdt-flip-box\" data-settings=\"{&quot;flipTrigger&quot;:&quot;hover&quot;}\">\r\n\t\t\t<div class=\"bdt-flip-box-layer bdt-flip-box-front\">\r\n\t\t\t\t<div class=\"bdt-flip-box-layer-overlay\">\r\n\t\t\t\t\t<div class=\"bdt-flip-box-layer-inner\">\r\n\t\t\t\t\t\t\r\n\t\t\t\t\t\t\t\t\t\t\t\t\t<span class=\"bdt-flip-box-layer-title\">\r\n\t\t\t\t\t\t\t\t#gelmerbahn\t\t\t\t\t\t\t<\/span>\r\n\t\t\t\t\t\t\r\n\t\t\t\t\t\t\t\t\t\t\t<\/div>\r\n\t\t\t\t<\/div>\r\n\t\t\t<\/div>\r\n\t\t\t<a class=\"bdt-flip-box-layer bdt-flip-box-back\" href=\"https:\/\/www.grimselwelt.ch\/bahnen\/gelmerbahn\/\">\r\n\t\t\t\t<div class=\"bdt-flip-box-layer-overlay\">\r\n\t\t\t\t\t<div class=\"bdt-flip-box-layer-inner\">\r\n\t\t\t\t\t\t\t\t\t\t\t\t\t<span class=\"bdt-flip-box-layer-title\">\r\n\t\t\t\t\t\t\t\tGelmerbahn\t\t\t\t\t\t\t<\/span>\r\n\t\t\t\t\t\t\r\n\t\t\t\t\t\t\t\t\t\t\t\t\t<div class=\"bdt-flip-box-layer-desc\">\r\n\t\t\t\t\t\t\t\tUne pente de 106% en fait sans conteste le funiculaire ouvert le plus raide d'Europe.\t\t\t\t\t\t\t<\/div>\r\n\t\t\t\t\t\t\r\n\t\t\t\t\t\t\t\t\t\t\t\t\t<button class=\"bdt-flip-box-button elementor-button elementor-size-sm \">\r\n\t\t\t\t\t\t\t\tEn savoir plus\t\t\t\t\t\t\t<\/button>\r\n\t\t\t\t\t\t\t\t\t\t\t<\/div>\r\n\t\t\t\t<\/div>\r\n\t\t\t<\/a>\r\n\t\t<\/div>\r\n\t\t\t\t\t<\/div>\n\t\t\t\t<\/div>\n\t\t\t\t\t<\/div>\n\t\t<\/div>\n\t\t\t\t<div class=\"elementor-column elementor-col-25 elementor-top-column elementor-element elementor-element-53710360\" data-id=\"53710360\" data-element_type=\"column\" data-e-type=\"column\">\n\t\t\t<div class=\"elementor-widget-wrap elementor-element-populated\">\n\t\t\t\t\t\t<div class=\"elementor-element elementor-element-2dd6542a bdt-flip-box-effect-fade kwo-flip bdt-flip-box-easing-ease-out elementor-widget elementor-widget-bdt-flip-box\" data-id=\"2dd6542a\" data-element_type=\"widget\" data-e-type=\"widget\" data-widget_type=\"bdt-flip-box.default\">\n\t\t\t\t<div class=\"elementor-widget-container\">\n\t\t\t\t\t\t\t<div class=\"bdt-flip-box\" data-settings=\"{&quot;flipTrigger&quot;:&quot;hover&quot;}\">\r\n\t\t\t<div class=\"bdt-flip-box-layer bdt-flip-box-front\">\r\n\t\t\t\t<div class=\"bdt-flip-box-layer-overlay\">\r\n\t\t\t\t\t<div class=\"bdt-flip-box-layer-inner\">\r\n\t\t\t\t\t\t\r\n\t\t\t\t\t\t\t\t\t\t\t\t\t<span class=\"bdt-flip-box-layer-title\">\r\n\t\t\t\t\t\t\t\t#triftbr\u00fccke\t\t\t\t\t\t\t<\/span>\r\n\t\t\t\t\t\t\r\n\t\t\t\t\t\t\t\t\t\t\t<\/div>\r\n\t\t\t\t<\/div>\r\n\t\t\t<\/div>\r\n\t\t\t<a class=\"bdt-flip-box-layer bdt-flip-box-back\" href=\"https:\/\/www.grimselwelt.ch\/erlebnisse\/wanderung-triftbruecke\/\">\r\n\t\t\t\t<div class=\"bdt-flip-box-layer-overlay\">\r\n\t\t\t\t\t<div class=\"bdt-flip-box-layer-inner\">\r\n\t\t\t\t\t\t\t\t\t\t\t\t\t<span class=\"bdt-flip-box-layer-title\">\r\n\t\t\t\t\t\t\t\tPont suspendu Triftbr\u00fccke\t\t\t\t\t\t\t<\/span>\r\n\t\t\t\t\t\t\r\n\t\t\t\t\t\t\t\t\t\t\t\t\t<div class=\"bdt-flip-box-layer-desc\">\r\n\t\t\t\t\t\t\t\tAvec une port\u00e9e de 170 m\u00e8tres, le pont suspendu est une exp\u00e9rience unique et l'un de nos sujets de photo les plus populaires !\t\t\t\t\t\t\t<\/div>\r\n\t\t\t\t\t\t\r\n\t\t\t\t\t\t\t\t\t\t\t\t\t<button class=\"bdt-flip-box-button elementor-button elementor-size-sm \">\r\n\t\t\t\t\t\t\t\tVers la randonn\u00e9e\t\t\t\t\t\t\t<\/button>\r\n\t\t\t\t\t\t\t\t\t\t\t<\/div>\r\n\t\t\t\t<\/div>\r\n\t\t\t<\/a>\r\n\t\t<\/div>\r\n\t\t\t\t\t<\/div>\n\t\t\t\t<\/div>\n\t\t\t\t\t<\/div>\n\t\t<\/div>\n\t\t\t\t<div class=\"elementor-column elementor-col-25 elementor-top-column elementor-element elementor-element-1b1bb834\" data-id=\"1b1bb834\" data-element_type=\"column\" data-e-type=\"column\">\n\t\t\t<div class=\"elementor-widget-wrap elementor-element-populated\">\n\t\t\t\t\t\t<div class=\"elementor-element elementor-element-f2bdc51 bdt-flip-box-effect-fade kwo-flip bdt-flip-box-easing-ease-out elementor-widget elementor-widget-bdt-flip-box\" data-id=\"f2bdc51\" data-element_type=\"widget\" data-e-type=\"widget\" data-widget_type=\"bdt-flip-box.default\">\n\t\t\t\t<div class=\"elementor-widget-container\">\n\t\t\t\t\t\t\t<div class=\"bdt-flip-box\" data-settings=\"{&quot;flipTrigger&quot;:&quot;hover&quot;}\">\r\n\t\t\t<div class=\"bdt-flip-box-layer bdt-flip-box-front\">\r\n\t\t\t\t<div class=\"bdt-flip-box-layer-overlay\">\r\n\t\t\t\t\t<div class=\"bdt-flip-box-layer-inner\">\r\n\t\t\t\t\t\t\r\n\t\t\t\t\t\t\t\t\t\t\t\t\t<span class=\"bdt-flip-box-layer-title\">\r\n\t\t\t\t\t\t\t\t#handeckfallbr\u00fccke\t\t\t\t\t\t\t<\/span>\r\n\t\t\t\t\t\t\r\n\t\t\t\t\t\t\t\t\t\t\t<\/div>\r\n\t\t\t\t<\/div>\r\n\t\t\t<\/div>\r\n\t\t\t<a class=\"bdt-flip-box-layer bdt-flip-box-back\" href=\"https:\/\/www.google.com\/maps\/place\/Handeckfallbr%C3%BCcke\/@46.6136358,8.3059237,17z\/data=!3m1!4b1!4m5!3m4!1s0x478f875ba95d80d3:0xbae6eaa6e335ba8b!8m2!3d46.6136321!4d8.3081177\">\r\n\t\t\t\t<div class=\"bdt-flip-box-layer-overlay\">\r\n\t\t\t\t\t<div class=\"bdt-flip-box-layer-inner\">\r\n\t\t\t\t\t\t\t\t\t\t\t\t\t<span class=\"bdt-flip-box-layer-title\">\r\n\t\t\t\t\t\t\t\tPont de chute d'angle de main\t\t\t\t\t\t\t<\/span>\r\n\t\t\t\t\t\t\r\n\t\t\t\t\t\t\t\t\t\t\t\t\t<div class=\"bdt-flip-box-layer-desc\">\r\n\t\t\t\t\t\t\t\t70 m\u00e8tres au-dessus des gorges de la Handeckfall, le pont suspendu \u00e0 c\u00e2bles permet d'avoir une vue spectaculaire sur la chute d'eau.\t\t\t\t\t\t\t<\/div>\r\n\t\t\t\t\t\t\r\n\t\t\t\t\t\t\t\t\t\t\t\t\t<button class=\"bdt-flip-box-button elementor-button elementor-size-sm \">\r\n\t\t\t\t\t\t\t\tSite\t\t\t\t\t\t\t<\/button>\r\n\t\t\t\t\t\t\t\t\t\t\t<\/div>\r\n\t\t\t\t<\/div>\r\n\t\t\t<\/a>\r\n\t\t<\/div>\r\n\t\t\t\t\t<\/div>\n\t\t\t\t<\/div>\n\t\t\t\t\t<\/div>\n\t\t<\/div>\n\t\t\t\t<div class=\"elementor-column elementor-col-25 elementor-top-column elementor-element elementor-element-2de48747\" data-id=\"2de48747\" data-element_type=\"column\" data-e-type=\"column\">\n\t\t\t<div class=\"elementor-widget-wrap elementor-element-populated\">\n\t\t\t\t\t\t<div class=\"elementor-element elementor-element-4c08298e bdt-flip-box-effect-fade bdt-flip-box-easing-ease-out elementor-widget elementor-widget-bdt-flip-box\" data-id=\"4c08298e\" data-element_type=\"widget\" data-e-type=\"widget\" data-widget_type=\"bdt-flip-box.default\">\n\t\t\t\t<div class=\"elementor-widget-container\">\n\t\t\t\t\t\t\t<div class=\"bdt-flip-box\" data-settings=\"{&quot;flipTrigger&quot;:&quot;hover&quot;}\">\r\n\t\t\t<div class=\"bdt-flip-box-layer bdt-flip-box-front\">\r\n\t\t\t\t<div class=\"bdt-flip-box-layer-overlay\">\r\n\t\t\t\t\t<div class=\"bdt-flip-box-layer-inner\">\r\n\t\t\t\t\t\t\r\n\t\t\t\t\t\t\t\t\t\t\t\t\t<span class=\"bdt-flip-box-layer-title\">\r\n\t\t\t\t\t\t\t\t#grimselhospiz\t\t\t\t\t\t\t<\/span>\r\n\t\t\t\t\t\t\r\n\t\t\t\t\t\t\t\t\t\t\t<\/div>\r\n\t\t\t\t<\/div>\r\n\t\t\t<\/div>\r\n\t\t\t<a class=\"bdt-flip-box-layer bdt-flip-box-back\" href=\"https:\/\/www.google.ch\/maps\/place\/Historisches+Alpinhotel+Grimsel+Hospiz\/@46.6129993,8.257627,12z\/data=!4m8!3m7!1s0x47857e4641d60c0f:0xdf5fc40f7a5f83fc!5m2!4m1!1i2!8m2!3d46.57168!4d8.332673?hl=de\">\r\n\t\t\t\t<div class=\"bdt-flip-box-layer-overlay\">\r\n\t\t\t\t\t<div class=\"bdt-flip-box-layer-inner\">\r\n\t\t\t\t\t\t\t\t\t\t\t\t\t<span class=\"bdt-flip-box-layer-title\">\r\n\t\t\t\t\t\t\t\tGrimsel Hospiz\t\t\t\t\t\t\t<\/span>\r\n\t\t\t\t\t\t\r\n\t\t\t\t\t\t\t\t\t\t\t\t\t<div class=\"bdt-flip-box-layer-desc\">\r\n\t\t\t\t\t\t\t\tL'Alpinhotel historique tr\u00f4ne majestueusement au-dessus du Grimselsee.\t\t\t\t\t\t\t<\/div>\r\n\t\t\t\t\t\t\r\n\t\t\t\t\t\t\t\t\t\t\t\t\t<button class=\"bdt-flip-box-button elementor-button elementor-size-xs \">\r\n\t\t\t\t\t\t\t\tSite\t\t\t\t\t\t\t<\/button>\r\n\t\t\t\t\t\t\t\t\t\t\t<\/div>\r\n\t\t\t\t<\/div>\r\n\t\t\t<\/a>\r\n\t\t<\/div>\r\n\t\t\t\t\t<\/div>\n\t\t\t\t<\/div>\n\t\t\t\t\t<\/div>\n\t\t<\/div>\n\t\t\t\t\t<\/div>\n\t\t<\/section>\n\t\t\t\t<section class=\"elementor-section elementor-top-section elementor-element elementor-element-41fd6c16 elementor-section-full_width animated-fast elementor-section-height-default elementor-section-height-default\" data-id=\"41fd6c16\" data-element_type=\"section\" data-e-type=\"section\" data-settings=\"{&quot;animation&quot;:&quot;none&quot;,&quot;background_background&quot;:&quot;classic&quot;}\">\n\t\t\t\t\t\t\t<div class=\"elementor-background-overlay\"><\/div>\n\t\t\t\t\t\t\t<div class=\"elementor-container elementor-column-gap-default\">\n\t\t\t\t\t<div class=\"elementor-column elementor-col-25 elementor-top-column elementor-element elementor-element-5e6e6dab\" data-id=\"5e6e6dab\" data-element_type=\"column\" data-e-type=\"column\">\n\t\t\t<div class=\"elementor-widget-wrap elementor-element-populated\">\n\t\t\t\t\t\t<div class=\"elementor-element elementor-element-3d34c91f bdt-flip-box-effect-fade kwo-flip bdt-flip-box-easing-ease-out elementor-widget elementor-widget-bdt-flip-box\" data-id=\"3d34c91f\" data-element_type=\"widget\" data-e-type=\"widget\" data-widget_type=\"bdt-flip-box.default\">\n\t\t\t\t<div class=\"elementor-widget-container\">\n\t\t\t\t\t\t\t<div class=\"bdt-flip-box\" data-settings=\"{&quot;flipTrigger&quot;:&quot;hover&quot;}\">\r\n\t\t\t<div class=\"bdt-flip-box-layer bdt-flip-box-front\">\r\n\t\t\t\t<div class=\"bdt-flip-box-layer-overlay\">\r\n\t\t\t\t\t<div class=\"bdt-flip-box-layer-inner\">\r\n\t\t\t\t\t\t\r\n\t\t\t\t\t\t\t\t\t\t\t\t\t<span class=\"bdt-flip-box-layer-title\">\r\n\t\t\t\t\t\t\t\t#gelmersee\t\t\t\t\t\t\t<\/span>\r\n\t\t\t\t\t\t\r\n\t\t\t\t\t\t\t\t\t\t\t<\/div>\r\n\t\t\t\t<\/div>\r\n\t\t\t<\/div>\r\n\t\t\t<a class=\"bdt-flip-box-layer bdt-flip-box-back\" href=\"https:\/\/www.grimselwelt.ch\/erlebnisse\/rundwanderung-gelmersee\/\">\r\n\t\t\t\t<div class=\"bdt-flip-box-layer-overlay\">\r\n\t\t\t\t\t<div class=\"bdt-flip-box-layer-inner\">\r\n\t\t\t\t\t\t\t\t\t\t\t\t\t<span class=\"bdt-flip-box-layer-title\">\r\n\t\t\t\t\t\t\t\tGelmersee\t\t\t\t\t\t\t<\/span>\r\n\t\t\t\t\t\t\r\n\t\t\t\t\t\t\t\t\t\t\t\t\t<div class=\"bdt-flip-box-layer-desc\">\r\n\t\t\t\t\t\t\t\tLes eaux turquoise du Gelmersee sont le d\u00e9cor parfait pour votre prochaine photo Instagram.\t\t\t\t\t\t\t<\/div>\r\n\t\t\t\t\t\t\r\n\t\t\t\t\t\t\t\t\t\t\t\t\t<button class=\"bdt-flip-box-button elementor-button elementor-size-sm \">\r\n\t\t\t\t\t\t\t\tVers la randonn\u00e9e\t\t\t\t\t\t\t<\/button>\r\n\t\t\t\t\t\t\t\t\t\t\t<\/div>\r\n\t\t\t\t<\/div>\r\n\t\t\t<\/a>\r\n\t\t<\/div>\r\n\t\t\t\t\t<\/div>\n\t\t\t\t<\/div>\n\t\t\t\t\t<\/div>\n\t\t<\/div>\n\t\t\t\t<div class=\"elementor-column elementor-col-25 elementor-top-column elementor-element elementor-element-1aca309f\" data-id=\"1aca309f\" data-element_type=\"column\" data-e-type=\"column\">\n\t\t\t<div class=\"elementor-widget-wrap elementor-element-populated\">\n\t\t\t\t\t\t<div class=\"elementor-element elementor-element-62bf7768 bdt-flip-box-effect-fade kwo-flip bdt-flip-box-easing-ease-out elementor-widget elementor-widget-bdt-flip-box\" data-id=\"62bf7768\" data-element_type=\"widget\" data-e-type=\"widget\" data-widget_type=\"bdt-flip-box.default\">\n\t\t\t\t<div class=\"elementor-widget-container\">\n\t\t\t\t\t\t\t<div class=\"bdt-flip-box\" data-settings=\"{&quot;flipTrigger&quot;:&quot;hover&quot;}\">\r\n\t\t\t<div class=\"bdt-flip-box-layer bdt-flip-box-front\">\r\n\t\t\t\t<div class=\"bdt-flip-box-layer-overlay\">\r\n\t\t\t\t\t<div class=\"bdt-flip-box-layer-inner\">\r\n\t\t\t\t\t\t\r\n\t\t\t\t\t\t\t\t\t\t\t\t\t<span class=\"bdt-flip-box-layer-title\">\r\n\t\t\t\t\t\t\t\t#reichenbachfall\t\t\t\t\t\t\t<\/span>\r\n\t\t\t\t\t\t\r\n\t\t\t\t\t\t\t\t\t\t\t<\/div>\r\n\t\t\t\t<\/div>\r\n\t\t\t<\/div>\r\n\t\t\t<a class=\"bdt-flip-box-layer bdt-flip-box-back\" href=\"https:\/\/www.grimselwelt.ch\/erlebnisse\/wanderung-reichenbachfall\/\">\r\n\t\t\t\t<div class=\"bdt-flip-box-layer-overlay\">\r\n\t\t\t\t\t<div class=\"bdt-flip-box-layer-inner\">\r\n\t\t\t\t\t\t\t\t\t\t\t\t\t<span class=\"bdt-flip-box-layer-title\">\r\n\t\t\t\t\t\t\t\tChutes de Reichenbach\t\t\t\t\t\t\t<\/span>\r\n\t\t\t\t\t\t\r\n\t\t\t\t\t\t\t\t\t\t\t\t\t<div class=\"bdt-flip-box-layer-desc\">\r\n\t\t\t\t\t\t\t\tPrenez le train nostalgique Reichenbachfall-Bahn pour rejoindre la spectaculaire chute d'eau.\t\t\t\t\t\t\t<\/div>\r\n\t\t\t\t\t\t\r\n\t\t\t\t\t\t\t\t\t\t\t\t\t<button class=\"bdt-flip-box-button elementor-button elementor-size-sm \">\r\n\t\t\t\t\t\t\t\tEn savoir plus\t\t\t\t\t\t\t<\/button>\r\n\t\t\t\t\t\t\t\t\t\t\t<\/div>\r\n\t\t\t\t<\/div>\r\n\t\t\t<\/a>\r\n\t\t<\/div>\r\n\t\t\t\t\t<\/div>\n\t\t\t\t<\/div>\n\t\t\t\t\t<\/div>\n\t\t<\/div>\n\t\t\t\t<div class=\"elementor-column elementor-col-25 elementor-top-column elementor-element elementor-element-50924bba\" data-id=\"50924bba\" data-element_type=\"column\" data-e-type=\"column\">\n\t\t\t<div class=\"elementor-widget-wrap elementor-element-populated\">\n\t\t\t\t\t\t<div class=\"elementor-element elementor-element-21554718 bdt-flip-box-effect-fade kwo-flip bdt-flip-box-easing-ease-out elementor-widget elementor-widget-bdt-flip-box\" data-id=\"21554718\" data-element_type=\"widget\" data-e-type=\"widget\" data-widget_type=\"bdt-flip-box.default\">\n\t\t\t\t<div class=\"elementor-widget-container\">\n\t\t\t\t\t\t\t<div class=\"bdt-flip-box\" data-settings=\"{&quot;flipTrigger&quot;:&quot;hover&quot;}\">\r\n\t\t\t<div class=\"bdt-flip-box-layer bdt-flip-box-front\">\r\n\t\t\t\t<div class=\"bdt-flip-box-layer-overlay\">\r\n\t\t\t\t\t<div class=\"bdt-flip-box-layer-inner\">\r\n\t\t\t\t\t\t\r\n\t\t\t\t\t\t\t\t\t\t\t\t\t<span class=\"bdt-flip-box-layer-title\">\r\n\t\t\t\t\t\t\t\t#grimselpass\t\t\t\t\t\t\t<\/span>\r\n\t\t\t\t\t\t\r\n\t\t\t\t\t\t\t\t\t\t\t<\/div>\r\n\t\t\t\t<\/div>\r\n\t\t\t<\/div>\r\n\t\t\t<a class=\"bdt-flip-box-layer bdt-flip-box-back\" href=\"https:\/\/www.grimselwelt.ch\/kontakt\/\">\r\n\t\t\t\t<div class=\"bdt-flip-box-layer-overlay\">\r\n\t\t\t\t\t<div class=\"bdt-flip-box-layer-inner\">\r\n\t\t\t\t\t\t\t\t\t\t\t\t\t<span class=\"bdt-flip-box-layer-title\">\r\n\t\t\t\t\t\t\t\tCol de Grimsel\t\t\t\t\t\t\t<\/span>\r\n\t\t\t\t\t\t\r\n\t\t\t\t\t\t\t\t\t\t\t\t\t<div class=\"bdt-flip-box-layer-desc\">\r\n\t\t\t\t\t\t\t\tLa route du col du Grimsel offre de nombreux points de vue impressionnants.\t\t\t\t\t\t\t<\/div>\r\n\t\t\t\t\t\t\r\n\t\t\t\t\t\t\t\t\t\t\t\t\t<button class=\"bdt-flip-box-button elementor-button elementor-size-sm \">\r\n\t\t\t\t\t\t\t\tArriv\u00e9e\t\t\t\t\t\t\t<\/button>\r\n\t\t\t\t\t\t\t\t\t\t\t<\/div>\r\n\t\t\t\t<\/div>\r\n\t\t\t<\/a>\r\n\t\t<\/div>\r\n\t\t\t\t\t<\/div>\n\t\t\t\t<\/div>\n\t\t\t\t\t<\/div>\n\t\t<\/div>\n\t\t\t\t<div class=\"elementor-column elementor-col-25 elementor-top-column elementor-element elementor-element-b9e7903\" data-id=\"b9e7903\" data-element_type=\"column\" data-e-type=\"column\">\n\t\t\t<div class=\"elementor-widget-wrap elementor-element-populated\">\n\t\t\t\t\t\t<div class=\"elementor-element elementor-element-6bda9d44 bdt-flip-box-effect-fade bdt-flip-box-easing-ease-out elementor-widget elementor-widget-bdt-flip-box\" data-id=\"6bda9d44\" data-element_type=\"widget\" data-e-type=\"widget\" data-widget_type=\"bdt-flip-box.default\">\n\t\t\t\t<div class=\"elementor-widget-container\">\n\t\t\t\t\t\t\t<div class=\"bdt-flip-box\" data-settings=\"{&quot;flipTrigger&quot;:&quot;hover&quot;}\">\r\n\t\t\t<div class=\"bdt-flip-box-layer bdt-flip-box-front\">\r\n\t\t\t\t<div class=\"bdt-flip-box-layer-overlay\">\r\n\t\t\t\t\t<div class=\"bdt-flip-box-layer-inner\">\r\n\t\t\t\t\t\t\r\n\t\t\t\t\t\t\t\t\t\t\t\t\t<span class=\"bdt-flip-box-layer-title\">\r\n\t\t\t\t\t\t\t\t#kristallkluft\t\t\t\t\t\t\t<\/span>\r\n\t\t\t\t\t\t\r\n\t\t\t\t\t\t\t\t\t\t\t<\/div>\r\n\t\t\t\t<\/div>\r\n\t\t\t<\/div>\r\n\t\t\t<a class=\"bdt-flip-box-layer bdt-flip-box-back\" href=\"https:\/\/www.grimselwelt.ch\/besichtigungen\/hospiz-grimsel-undergrund\/\">\r\n\t\t\t\t<div class=\"bdt-flip-box-layer-overlay\">\r\n\t\t\t\t\t<div class=\"bdt-flip-box-layer-inner\">\r\n\t\t\t\t\t\t\t\t\t\t\t\t\t<span class=\"bdt-flip-box-layer-title\">\r\n\t\t\t\t\t\t\t\tgrotte des cristaux\t\t\t\t\t\t\t<\/span>\r\n\t\t\t\t\t\t\r\n\t\t\t\t\t\t\t\t\t\t\t\t\t<div class=\"bdt-flip-box-layer-desc\">\r\n\t\t\t\t\t\t\t\tLors de la passionnante visite guid\u00e9e de la centrale \u00e9lectrique \"Grimsel Undergrund\", nous vous montrerons la grotte des cristaux, vieille de millions d'ann\u00e9es.  \t\t\t\t\t\t\t<\/div>\r\n\t\t\t\t\t\t\r\n\t\t\t\t\t\t\t\t\t\t\t\t\t<button class=\"bdt-flip-box-button elementor-button elementor-size-xs \">\r\n\t\t\t\t\t\t\t\tvers la visite guid\u00e9e\t\t\t\t\t\t\t<\/button>\r\n\t\t\t\t\t\t\t\t\t\t\t<\/div>\r\n\t\t\t\t<\/div>\r\n\t\t\t<\/a>\r\n\t\t<\/div>\r\n\t\t\t\t\t<\/div>\n\t\t\t\t<\/div>\n\t\t\t\t\t<\/div>\n\t\t<\/div>\n\t\t\t\t\t<\/div>\n\t\t<\/section>\n\t\t\t\t<\/div>\n\t\t","protected":false},"excerpt":{"rendered":"<p>D\u00e9couvrez lors de votre excursion les plus beaux et les plus spectaculaires spots photo de Grimselwelt dans l&rsquo;Oberland bernois. Notre paysage impressionnant vous garantit de magnifiques sujets de photo. Immortalisez votre plus beau moment d&rsquo;excursion et marquez-nous sur les m\u00e9dias [&hellip;]<\/p>\n","protected":false},"author":10,"featured_media":44705,"parent":45386,"menu_order":0,"comment_status":"closed","ping_status":"closed","template":"","meta":{"footnotes":""},"class_list":["post-44701","page","type-page","status-publish","has-post-thumbnail","hentry"],"_links":{"self":[{"href":"https:\/\/www.grimselwelt.ch\/fr\/wp-json\/wp\/v2\/pages\/44701","targetHints":{"allow":["GET"]}}],"collection":[{"href":"https:\/\/www.grimselwelt.ch\/fr\/wp-json\/wp\/v2\/pages"}],"about":[{"href":"https:\/\/www.grimselwelt.ch\/fr\/wp-json\/wp\/v2\/types\/page"}],"author":[{"embeddable":true,"href":"https:\/\/www.grimselwelt.ch\/fr\/wp-json\/wp\/v2\/users\/10"}],"replies":[{"embeddable":true,"href":"https:\/\/www.grimselwelt.ch\/fr\/wp-json\/wp\/v2\/comments?post=44701"}],"version-history":[{"count":5,"href":"https:\/\/www.grimselwelt.ch\/fr\/wp-json\/wp\/v2\/pages\/44701\/revisions"}],"predecessor-version":[{"id":46524,"href":"https:\/\/www.grimselwelt.ch\/fr\/wp-json\/wp\/v2\/pages\/44701\/revisions\/46524"}],"up":[{"embeddable":true,"href":"https:\/\/www.grimselwelt.ch\/fr\/wp-json\/wp\/v2\/pages\/45386"}],"wp:featuredmedia":[{"embeddable":true,"href":"https:\/\/www.grimselwelt.ch\/fr\/wp-json\/wp\/v2\/media\/44705"}],"wp:attachment":[{"href":"https:\/\/www.grimselwelt.ch\/fr\/wp-json\/wp\/v2\/media?parent=44701"}],"curies":[{"name":"wp","href":"https:\/\/api.w.org\/{rel}","templated":true}]}}