{"id":44685,"date":"2021-02-01T14:46:50","date_gmt":"2021-02-01T14:46:50","guid":{"rendered":"https:\/\/www.grimselwelt.ch\/excursions-en-famille\/"},"modified":"2026-02-12T16:06:24","modified_gmt":"2026-02-12T16:06:24","slug":"excursions-en-famille","status":"publish","type":"page","link":"https:\/\/www.grimselwelt.ch\/fr\/experiences\/excursions-en-famille\/","title":{"rendered":"Excursions en famille"},"content":{"rendered":"\t\t<div data-elementor-type=\"wp-page\" data-elementor-id=\"44685\" class=\"elementor elementor-44685 elementor-8075\" data-elementor-post-type=\"page\">\n\t\t\t\t\t\t<section class=\"elementor-section elementor-top-section elementor-element elementor-element-5bdb9990 elementor-section-boxed elementor-section-height-default elementor-section-height-default\" data-id=\"5bdb9990\" data-element_type=\"section\" data-e-type=\"section\">\n\t\t\t\t\t\t<div class=\"elementor-container elementor-column-gap-default\">\n\t\t\t\t\t<div class=\"elementor-column elementor-col-100 elementor-top-column elementor-element elementor-element-7ea93daf\" data-id=\"7ea93daf\" data-element_type=\"column\" data-e-type=\"column\">\n\t\t\t<div class=\"elementor-widget-wrap elementor-element-populated\">\n\t\t\t\t\t\t<div class=\"elementor-element elementor-element-de5137b elementor-widget elementor-widget-image\" data-id=\"de5137b\" data-element_type=\"widget\" data-e-type=\"widget\" data-widget_type=\"image.default\">\n\t\t\t\t<div class=\"elementor-widget-container\">\n\t\t\t\t\t\t\t\t\t\t\t\t\t\t\t\t<a href=\"https:\/\/www.stv-fst.ch\/de\/family-destination\" target=\"_blank\" rel=\"nofollow\">\n\t\t\t\t\t\t\t<img decoding=\"async\" width=\"150\" height=\"150\" src=\"https:\/\/www.grimselwelt.ch\/media\/family-destination-150x150.png\" class=\"attachment-thumbnail size-thumbnail wp-image-44691\" alt=\"\" srcset=\"https:\/\/www.grimselwelt.ch\/media\/family-destination-150x150.png 150w, https:\/\/www.grimselwelt.ch\/media\/family-destination-300x300.png 300w, https:\/\/www.grimselwelt.ch\/media\/family-destination-1021x1024.png 1021w, https:\/\/www.grimselwelt.ch\/media\/family-destination-768x770.png 768w, https:\/\/www.grimselwelt.ch\/media\/family-destination-830x833.png 830w, https:\/\/www.grimselwelt.ch\/media\/family-destination-230x231.png 230w, https:\/\/www.grimselwelt.ch\/media\/family-destination-350x351.png 350w, https:\/\/www.grimselwelt.ch\/media\/family-destination-480x482.png 480w, https:\/\/www.grimselwelt.ch\/media\/family-destination.png 1240w\" sizes=\"(max-width: 150px) 100vw, 150px\" \/>\t\t\t\t\t\t\t\t<\/a>\n\t\t\t\t\t\t\t\t\t\t\t\t\t\t\t<\/div>\n\t\t\t\t<\/div>\n\t\t\t\t<div class=\"elementor-element elementor-element-50c72167 elementor-widget elementor-widget-text-editor\" data-id=\"50c72167\" data-element_type=\"widget\" data-e-type=\"widget\" data-widget_type=\"text-editor.default\">\n\t\t\t\t<div class=\"elementor-widget-container\">\n\t\t\t\t\t\t\t\t\t<p>Planifiez votre excursion en famille \u00e0 Grimselwelt, dans l&rsquo;Oberland bernois !  <br>La nature de Grimselwelt est un terrain de jeu vari\u00e9 pour petits et grands. Des trajets en train riches en \u00e9motions, des visites guid\u00e9es passionnantes ainsi que des paysages de montagne uniques vous attendent. <\/p><p>D\u00e9couvrez en famille la r\u00e9gion de randonn\u00e9e du Grimselwelt et laissez-vous choyer par les H\u00f4tels du Grimsel apr\u00e8s une journ\u00e9e bien remplie.<\/p>\t\t\t\t\t\t\t\t<\/div>\n\t\t\t\t<\/div>\n\t\t\t\t<div class=\"elementor-element elementor-element-71076fc elementor-align-left elementor-widget elementor-widget-button\" data-id=\"71076fc\" data-element_type=\"widget\" data-e-type=\"widget\" data-widget_type=\"button.default\">\n\t\t\t\t<div class=\"elementor-widget-container\">\n\t\t\t\t\t\t\t\t\t<div class=\"elementor-button-wrapper\">\n\t\t\t\t\t<a class=\"elementor-button elementor-button-link elementor-size-sm\" href=\"https:\/\/www.grimselwelt.ch\/fr\/ausfluege\/\">\n\t\t\t\t\t\t<span class=\"elementor-button-content-wrapper\">\n\t\t\t\t\t\t\t\t\t<span class=\"elementor-button-text\">Toutes les excursions<\/span>\n\t\t\t\t\t<\/span>\n\t\t\t\t\t<\/a>\n\t\t\t\t<\/div>\n\t\t\t\t\t\t\t\t<\/div>\n\t\t\t\t<\/div>\n\t\t\t\t<div class=\"elementor-element elementor-element-0385af0 elementor-align-left elementor-widget elementor-widget-button\" data-id=\"0385af0\" data-element_type=\"widget\" data-e-type=\"widget\" data-widget_type=\"button.default\">\n\t\t\t\t<div class=\"elementor-widget-container\">\n\t\t\t\t\t\t\t\t\t<div class=\"elementor-button-wrapper\">\n\t\t\t\t\t<a class=\"elementor-button elementor-button-link elementor-size-sm\" href=\"https:\/\/www.grimselwelt.ch\/fr\/ausfluege\/meilleurs-spots-photo\/\">\n\t\t\t\t\t\t<span class=\"elementor-button-content-wrapper\">\n\t\t\t\t\t\t\t\t\t<span class=\"elementor-button-text\">Meilleurs spots photo<\/span>\n\t\t\t\t\t<\/span>\n\t\t\t\t\t<\/a>\n\t\t\t\t<\/div>\n\t\t\t\t\t\t\t\t<\/div>\n\t\t\t\t<\/div>\n\t\t\t\t\t<\/div>\n\t\t<\/div>\n\t\t\t\t\t<\/div>\n\t\t<\/section>\n\t\t\t\t<section class=\"elementor-section elementor-top-section elementor-element elementor-element-4a7e5c01 elementor-section-full_width animated-fast elementor-section-height-default elementor-section-height-default\" data-id=\"4a7e5c01\" data-element_type=\"section\" data-e-type=\"section\" data-settings=\"{&quot;animation&quot;:&quot;none&quot;,&quot;background_background&quot;:&quot;classic&quot;}\">\n\t\t\t\t\t\t\t<div class=\"elementor-background-overlay\"><\/div>\n\t\t\t\t\t\t\t<div class=\"elementor-container elementor-column-gap-default\">\n\t\t\t\t\t<div class=\"elementor-column elementor-col-25 elementor-top-column elementor-element elementor-element-165b1e52\" data-id=\"165b1e52\" data-element_type=\"column\" data-e-type=\"column\">\n\t\t\t<div class=\"elementor-widget-wrap elementor-element-populated\">\n\t\t\t\t\t\t<div class=\"elementor-element elementor-element-41217ea2 bdt-flip-box-effect-fade kwo-flip bdt-flip-box-easing-ease-out elementor-widget elementor-widget-bdt-flip-box\" data-id=\"41217ea2\" data-element_type=\"widget\" data-e-type=\"widget\" data-widget_type=\"bdt-flip-box.default\">\n\t\t\t\t<div class=\"elementor-widget-container\">\n\t\t\t\t\t\t\t<div class=\"bdt-flip-box\" data-settings=\"{&quot;flipTrigger&quot;:&quot;hover&quot;}\">\r\n\t\t\t<div class=\"bdt-flip-box-layer bdt-flip-box-front\">\r\n\t\t\t\t<div class=\"bdt-flip-box-layer-overlay\">\r\n\t\t\t\t\t<div class=\"bdt-flip-box-layer-inner\">\r\n\t\t\t\t\t\t\r\n\t\t\t\t\t\t\t\t\t\t\t\t\t<span class=\"bdt-flip-box-layer-title\">\r\n\t\t\t\t\t\t\t\tAire de jeux H\u00f4tel Handeck\t\t\t\t\t\t\t<\/span>\r\n\t\t\t\t\t\t\r\n\t\t\t\t\t\t\t\t\t\t\t<\/div>\r\n\t\t\t\t<\/div>\r\n\t\t\t<\/div>\r\n\t\t\t<a class=\"bdt-flip-box-layer bdt-flip-box-back\" href=\"https:\/\/www.grimselwelt.ch\/grimselhotels\/hotel-handeck\/familie\/\">\r\n\t\t\t\t<div class=\"bdt-flip-box-layer-overlay\">\r\n\t\t\t\t\t<div class=\"bdt-flip-box-layer-inner\">\r\n\t\t\t\t\t\t\t\t\t\t\t\t\t<span class=\"bdt-flip-box-layer-title\">\r\n\t\t\t\t\t\t\t\tAire de jeux H\u00f4tel Handeck\t\t\t\t\t\t\t<\/span>\r\n\t\t\t\t\t\t\r\n\t\t\t\t\t\t\t\t\t\t\t\t\t<div class=\"bdt-flip-box-layer-desc\">\r\n\t\t\t\t\t\t\t\tNous vous garantissons qu'aucun enfant ne s'ennuiera ici !\t\t\t\t\t\t\t<\/div>\r\n\t\t\t\t\t\t\r\n\t\t\t\t\t\t\t\t\t\t\t\t\t<button class=\"bdt-flip-box-button elementor-button elementor-size-sm \">\r\n\t\t\t\t\t\t\t\tEn savoir plus\t\t\t\t\t\t\t<\/button>\r\n\t\t\t\t\t\t\t\t\t\t\t<\/div>\r\n\t\t\t\t<\/div>\r\n\t\t\t<\/a>\r\n\t\t<\/div>\r\n\t\t\t\t\t<\/div>\n\t\t\t\t<\/div>\n\t\t\t\t\t<\/div>\n\t\t<\/div>\n\t\t\t\t<div class=\"elementor-column elementor-col-25 elementor-top-column elementor-element elementor-element-67c0dafe\" data-id=\"67c0dafe\" data-element_type=\"column\" data-e-type=\"column\">\n\t\t\t<div class=\"elementor-widget-wrap elementor-element-populated\">\n\t\t\t\t\t\t<div class=\"elementor-element elementor-element-3d453882 bdt-flip-box-effect-fade kwo-flip bdt-flip-box-easing-ease-out elementor-widget elementor-widget-bdt-flip-box\" data-id=\"3d453882\" data-element_type=\"widget\" data-e-type=\"widget\" data-widget_type=\"bdt-flip-box.default\">\n\t\t\t\t<div class=\"elementor-widget-container\">\n\t\t\t\t\t\t\t<div class=\"bdt-flip-box\" data-settings=\"{&quot;flipTrigger&quot;:&quot;hover&quot;}\">\r\n\t\t\t<div class=\"bdt-flip-box-layer bdt-flip-box-front\">\r\n\t\t\t\t<div class=\"bdt-flip-box-layer-overlay\">\r\n\t\t\t\t\t<div class=\"bdt-flip-box-layer-inner\">\r\n\t\t\t\t\t\t\r\n\t\t\t\t\t\t\t\t\t\t\t\t\t<span class=\"bdt-flip-box-layer-title\">\r\n\t\t\t\t\t\t\t\tLes enfants partent en vacances gratuitement\t\t\t\t\t\t\t<\/span>\r\n\t\t\t\t\t\t\r\n\t\t\t\t\t\t\t\t\t\t\t<\/div>\r\n\t\t\t\t<\/div>\r\n\t\t\t<\/div>\r\n\t\t\t<a class=\"bdt-flip-box-layer bdt-flip-box-back\" href=\"https:\/\/www.grimselwelt.ch\/grimselhotels\/hotel-handeck\/zimmer\/angebote\/\">\r\n\t\t\t\t<div class=\"bdt-flip-box-layer-overlay\">\r\n\t\t\t\t\t<div class=\"bdt-flip-box-layer-inner\">\r\n\t\t\t\t\t\t\t\t\t\t\t\t\t<span class=\"bdt-flip-box-layer-title\">\r\n\t\t\t\t\t\t\t\tLes enfants partent en vacances gratuitement\t\t\t\t\t\t\t<\/span>\r\n\t\t\t\t\t\t\r\n\t\t\t\t\t\t\t\t\t\t\t\t\t<div class=\"bdt-flip-box-layer-desc\">\r\n\t\t\t\t\t\t\t\tChez nous, vos enfants sont h\u00e9berg\u00e9s et mangent gratuitement.\t\t\t\t\t\t\t<\/div>\r\n\t\t\t\t\t\t\r\n\t\t\t\t\t\t\t\t\t\t\t\t\t<button class=\"bdt-flip-box-button elementor-button elementor-size-sm \">\r\n\t\t\t\t\t\t\t\tEn savoir plus\t\t\t\t\t\t\t<\/button>\r\n\t\t\t\t\t\t\t\t\t\t\t<\/div>\r\n\t\t\t\t<\/div>\r\n\t\t\t<\/a>\r\n\t\t<\/div>\r\n\t\t\t\t\t<\/div>\n\t\t\t\t<\/div>\n\t\t\t\t\t<\/div>\n\t\t<\/div>\n\t\t\t\t<div class=\"elementor-column elementor-col-25 elementor-top-column elementor-element elementor-element-27240c09\" data-id=\"27240c09\" data-element_type=\"column\" data-e-type=\"column\">\n\t\t\t<div class=\"elementor-widget-wrap elementor-element-populated\">\n\t\t\t\t\t\t<div class=\"elementor-element elementor-element-5b206f0c bdt-flip-box-effect-fade bdt-flip-box-easing-ease-out elementor-widget elementor-widget-bdt-flip-box\" data-id=\"5b206f0c\" data-element_type=\"widget\" data-e-type=\"widget\" data-widget_type=\"bdt-flip-box.default\">\n\t\t\t\t<div class=\"elementor-widget-container\">\n\t\t\t\t\t\t\t<div class=\"bdt-flip-box\" data-settings=\"{&quot;flipTrigger&quot;:&quot;hover&quot;}\">\r\n\t\t\t<div class=\"bdt-flip-box-layer bdt-flip-box-front\">\r\n\t\t\t\t<div class=\"bdt-flip-box-layer-overlay\">\r\n\t\t\t\t\t<div class=\"bdt-flip-box-layer-inner\">\r\n\t\t\t\t\t\t\r\n\t\t\t\t\t\t\t\t\t\t\t\t\t<span class=\"bdt-flip-box-layer-title\">\r\n\t\t\t\t\t\t\t\tGelmerbahn\t\t\t\t\t\t\t<\/span>\r\n\t\t\t\t\t\t\r\n\t\t\t\t\t\t\t\t\t\t\t<\/div>\r\n\t\t\t\t<\/div>\r\n\t\t\t<\/div>\r\n\t\t\t<a class=\"bdt-flip-box-layer bdt-flip-box-back\" href=\"https:\/\/www.grimselwelt.ch\/bahnen\/gelmerbahn\/\">\r\n\t\t\t\t<div class=\"bdt-flip-box-layer-overlay\">\r\n\t\t\t\t\t<div class=\"bdt-flip-box-layer-inner\">\r\n\t\t\t\t\t\t\t\t\t\t\t\t\t<span class=\"bdt-flip-box-layer-title\">\r\n\t\t\t\t\t\t\t\tGelmerbahn\t\t\t\t\t\t\t<\/span>\r\n\t\t\t\t\t\t\r\n\t\t\t\t\t\t\t\t\t\t\t\t\t<div class=\"bdt-flip-box-layer-desc\">\r\n\t\t\t\t\t\t\t\tUne pente de 106% en fait sans conteste le funiculaire ouvert le plus raide d'Europe.\t\t\t\t\t\t\t<\/div>\r\n\t\t\t\t\t\t\r\n\t\t\t\t\t\t\t\t\t\t\t\t\t<button class=\"bdt-flip-box-button elementor-button elementor-size-xs \">\r\n\t\t\t\t\t\t\t\tEn savoir plus\t\t\t\t\t\t\t<\/button>\r\n\t\t\t\t\t\t\t\t\t\t\t<\/div>\r\n\t\t\t\t<\/div>\r\n\t\t\t<\/a>\r\n\t\t<\/div>\r\n\t\t\t\t\t<\/div>\n\t\t\t\t<\/div>\n\t\t\t\t\t<\/div>\n\t\t<\/div>\n\t\t\t\t<div class=\"elementor-column elementor-col-25 elementor-top-column elementor-element elementor-element-529466db\" data-id=\"529466db\" data-element_type=\"column\" data-e-type=\"column\">\n\t\t\t<div class=\"elementor-widget-wrap elementor-element-populated\">\n\t\t\t\t\t\t<div class=\"elementor-element elementor-element-5e69948c bdt-flip-box-effect-fade kwo-flip bdt-flip-box-easing-ease-out elementor-widget elementor-widget-bdt-flip-box\" data-id=\"5e69948c\" data-element_type=\"widget\" data-e-type=\"widget\" data-widget_type=\"bdt-flip-box.default\">\n\t\t\t\t<div class=\"elementor-widget-container\">\n\t\t\t\t\t\t\t<div class=\"bdt-flip-box\" data-settings=\"{&quot;flipTrigger&quot;:&quot;hover&quot;}\">\r\n\t\t\t<div class=\"bdt-flip-box-layer bdt-flip-box-front\">\r\n\t\t\t\t<div class=\"bdt-flip-box-layer-overlay\">\r\n\t\t\t\t\t<div class=\"bdt-flip-box-layer-inner\">\r\n\t\t\t\t\t\t\r\n\t\t\t\t\t\t\t\t\t\t\t\t\t<span class=\"bdt-flip-box-layer-title\">\r\n\t\t\t\t\t\t\t\tVisite guid\u00e9e de la centrale \u00e9lectrique \"Grimsel Undergrund\".\t\t\t\t\t\t\t<\/span>\r\n\t\t\t\t\t\t\r\n\t\t\t\t\t\t\t\t\t\t\t<\/div>\r\n\t\t\t\t<\/div>\r\n\t\t\t<\/div>\r\n\t\t\t<a class=\"bdt-flip-box-layer bdt-flip-box-back\" href=\"https:\/\/www.grimselwelt.ch\/besichtigungen\/hospiz-grimsel-undergrund\/\">\r\n\t\t\t\t<div class=\"bdt-flip-box-layer-overlay\">\r\n\t\t\t\t\t<div class=\"bdt-flip-box-layer-inner\">\r\n\t\t\t\t\t\t\t\t\t\t\t\t\t<span class=\"bdt-flip-box-layer-title\">\r\n\t\t\t\t\t\t\t\tVisite guid\u00e9e de la centrale \u00e9lectrique \"Grimsel Undergrund\".\t\t\t\t\t\t\t<\/span>\r\n\t\t\t\t\t\t\r\n\t\t\t\t\t\t\t\t\t\t\t\t\t<div class=\"bdt-flip-box-layer-desc\">\r\n\t\t\t\t\t\t\t\tDepuis l'Hospiz, descendez profond\u00e9ment sous le Grimselsee jusqu'\u00e0 l'\u00e9poustouflante grotte des cristaux de Gerstenegg.\t\t\t\t\t\t\t<\/div>\r\n\t\t\t\t\t\t\r\n\t\t\t\t\t\t\t\t\t\t\t\t\t<button class=\"bdt-flip-box-button elementor-button elementor-size-sm \">\r\n\t\t\t\t\t\t\t\tVers la visite guid\u00e9e\t\t\t\t\t\t\t<\/button>\r\n\t\t\t\t\t\t\t\t\t\t\t<\/div>\r\n\t\t\t\t<\/div>\r\n\t\t\t<\/a>\r\n\t\t<\/div>\r\n\t\t\t\t\t<\/div>\n\t\t\t\t<\/div>\n\t\t\t\t\t<\/div>\n\t\t<\/div>\n\t\t\t\t\t<\/div>\n\t\t<\/section>\n\t\t\t\t<section class=\"elementor-section elementor-top-section elementor-element elementor-element-6a09c170 elementor-section-full_width animated-fast elementor-section-height-default elementor-section-height-default\" data-id=\"6a09c170\" data-element_type=\"section\" data-e-type=\"section\" data-settings=\"{&quot;animation&quot;:&quot;none&quot;,&quot;background_background&quot;:&quot;classic&quot;}\">\n\t\t\t\t\t\t\t<div class=\"elementor-background-overlay\"><\/div>\n\t\t\t\t\t\t\t<div class=\"elementor-container elementor-column-gap-default\">\n\t\t\t\t\t<div class=\"elementor-column elementor-col-25 elementor-top-column elementor-element elementor-element-ab1fe56\" data-id=\"ab1fe56\" data-element_type=\"column\" data-e-type=\"column\">\n\t\t\t<div class=\"elementor-widget-wrap elementor-element-populated\">\n\t\t\t\t\t\t<div class=\"elementor-element elementor-element-3bc7b9 bdt-flip-box-effect-fade kwo-flip bdt-flip-box-easing-ease-out elementor-widget elementor-widget-bdt-flip-box\" data-id=\"3bc7b9\" data-element_type=\"widget\" data-e-type=\"widget\" data-widget_type=\"bdt-flip-box.default\">\n\t\t\t\t<div class=\"elementor-widget-container\">\n\t\t\t\t\t\t\t<div class=\"bdt-flip-box\" data-settings=\"{&quot;flipTrigger&quot;:&quot;hover&quot;}\">\r\n\t\t\t<div class=\"bdt-flip-box-layer bdt-flip-box-front\">\r\n\t\t\t\t<div class=\"bdt-flip-box-layer-overlay\">\r\n\t\t\t\t\t<div class=\"bdt-flip-box-layer-inner\">\r\n\t\t\t\t\t\t\r\n\t\t\t\t\t\t\t\t\t\t\t\t\t<span class=\"bdt-flip-box-layer-title\">\r\n\t\t\t\t\t\t\t\tRandonn\u00e9e dans les chutes de Reichenbach\t\t\t\t\t\t\t<\/span>\r\n\t\t\t\t\t\t\r\n\t\t\t\t\t\t\t\t\t\t\t<\/div>\r\n\t\t\t\t<\/div>\r\n\t\t\t<\/div>\r\n\t\t\t<a class=\"bdt-flip-box-layer bdt-flip-box-back\" href=\"https:\/\/www.grimselwelt.ch\/erlebnisse\/wanderung-reichenbachfall\/\">\r\n\t\t\t\t<div class=\"bdt-flip-box-layer-overlay\">\r\n\t\t\t\t\t<div class=\"bdt-flip-box-layer-inner\">\r\n\t\t\t\t\t\t\t\t\t\t\t\t\t<span class=\"bdt-flip-box-layer-title\">\r\n\t\t\t\t\t\t\t\tRandonn\u00e9e dans les chutes de Reichenbach\t\t\t\t\t\t\t<\/span>\r\n\t\t\t\t\t\t\r\n\t\t\t\t\t\t\t\t\t\t\t\t\t<div class=\"bdt-flip-box-layer-desc\">\r\n\t\t\t\t\t\t\t\tEmpruntez le train nostalgique Reichenbachfall-Bahn pour d\u00e9couvrir la spectaculaire chute d'eau et ses points de vue uniques.\t\t\t\t\t\t\t<\/div>\r\n\t\t\t\t\t\t\r\n\t\t\t\t\t\t\t\t\t\t\t\t\t<button class=\"bdt-flip-box-button elementor-button elementor-size-sm \">\r\n\t\t\t\t\t\t\t\tVers la randonn\u00e9e\t\t\t\t\t\t\t<\/button>\r\n\t\t\t\t\t\t\t\t\t\t\t<\/div>\r\n\t\t\t\t<\/div>\r\n\t\t\t<\/a>\r\n\t\t<\/div>\r\n\t\t\t\t\t<\/div>\n\t\t\t\t<\/div>\n\t\t\t\t\t<\/div>\n\t\t<\/div>\n\t\t\t\t<div class=\"elementor-column elementor-col-25 elementor-top-column elementor-element elementor-element-115f85c6\" data-id=\"115f85c6\" data-element_type=\"column\" data-e-type=\"column\">\n\t\t\t<div class=\"elementor-widget-wrap elementor-element-populated\">\n\t\t\t\t\t\t<div class=\"elementor-element elementor-element-2a8aab8c bdt-flip-box-effect-fade kwo-flip bdt-flip-box-easing-ease-out elementor-widget elementor-widget-bdt-flip-box\" data-id=\"2a8aab8c\" data-element_type=\"widget\" data-e-type=\"widget\" data-widget_type=\"bdt-flip-box.default\">\n\t\t\t\t<div class=\"elementor-widget-container\">\n\t\t\t\t\t\t\t<div class=\"bdt-flip-box\" data-settings=\"{&quot;flipTrigger&quot;:&quot;hover&quot;}\">\r\n\t\t\t<div class=\"bdt-flip-box-layer bdt-flip-box-front\">\r\n\t\t\t\t<div class=\"bdt-flip-box-layer-overlay\">\r\n\t\t\t\t\t<div class=\"bdt-flip-box-layer-inner\">\r\n\t\t\t\t\t\t\r\n\t\t\t\t\t\t\t\t\t\t\t\t\t<span class=\"bdt-flip-box-layer-title\">\r\n\t\t\t\t\t\t\t\tLe sentier muletier de S\u00e4mi\t\t\t\t\t\t\t<\/span>\r\n\t\t\t\t\t\t\r\n\t\t\t\t\t\t\t\t\t\t\t<\/div>\r\n\t\t\t\t<\/div>\r\n\t\t\t<\/div>\r\n\t\t\t<a class=\"bdt-flip-box-layer bdt-flip-box-back\" href=\"https:\/\/www.grimselwelt.ch\/erlebnisse\/themenweg-saemis-saeumerpfad\/\">\r\n\t\t\t\t<div class=\"bdt-flip-box-layer-overlay\">\r\n\t\t\t\t\t<div class=\"bdt-flip-box-layer-inner\">\r\n\t\t\t\t\t\t\t\t\t\t\t\t\t<span class=\"bdt-flip-box-layer-title\">\r\n\t\t\t\t\t\t\t\tLe sentier muletier de S\u00e4mi\t\t\t\t\t\t\t<\/span>\r\n\t\t\t\t\t\t\r\n\t\t\t\t\t\t\t\t\t\t\t\t\t<div class=\"bdt-flip-box-layer-desc\">\r\n\t\t\t\t\t\t\t\tSuivez les traces de S\u00e4mi, le muletier, sur ce sentier th\u00e9matique.\t\t\t\t\t\t\t<\/div>\r\n\t\t\t\t\t\t\r\n\t\t\t\t\t\t\t\t\t\t\t\t\t<button class=\"bdt-flip-box-button elementor-button elementor-size-sm \">\r\n\t\t\t\t\t\t\t\tVers la randonn\u00e9e\t\t\t\t\t\t\t<\/button>\r\n\t\t\t\t\t\t\t\t\t\t\t<\/div>\r\n\t\t\t\t<\/div>\r\n\t\t\t<\/a>\r\n\t\t<\/div>\r\n\t\t\t\t\t<\/div>\n\t\t\t\t<\/div>\n\t\t\t\t\t<\/div>\n\t\t<\/div>\n\t\t\t\t<div class=\"elementor-column elementor-col-25 elementor-top-column elementor-element elementor-element-14e24f41\" data-id=\"14e24f41\" data-element_type=\"column\" data-e-type=\"column\">\n\t\t\t<div class=\"elementor-widget-wrap elementor-element-populated\">\n\t\t\t\t\t\t<div class=\"elementor-element elementor-element-26be4c78 bdt-flip-box-effect-fade bdt-flip-box-easing-ease-out elementor-widget elementor-widget-bdt-flip-box\" data-id=\"26be4c78\" data-element_type=\"widget\" data-e-type=\"widget\" data-widget_type=\"bdt-flip-box.default\">\n\t\t\t\t<div class=\"elementor-widget-container\">\n\t\t\t\t\t\t\t<div class=\"bdt-flip-box\" data-settings=\"{&quot;flipTrigger&quot;:&quot;hover&quot;}\">\r\n\t\t\t<div class=\"bdt-flip-box-layer bdt-flip-box-front\">\r\n\t\t\t\t<div class=\"bdt-flip-box-layer-overlay\">\r\n\t\t\t\t\t<div class=\"bdt-flip-box-layer-inner\">\r\n\t\t\t\t\t\t\r\n\t\t\t\t\t\t\t\t\t\t\t\t\t<span class=\"bdt-flip-box-layer-title\">\r\n\t\t\t\t\t\t\t\tCircuit du Gelmersee\t\t\t\t\t\t\t<\/span>\r\n\t\t\t\t\t\t\r\n\t\t\t\t\t\t\t\t\t\t\t<\/div>\r\n\t\t\t\t<\/div>\r\n\t\t\t<\/div>\r\n\t\t\t<a class=\"bdt-flip-box-layer bdt-flip-box-back\" href=\"https:\/\/www.grimselwelt.ch\/erlebnisse\/rundwanderung-gelmersee\/\">\r\n\t\t\t\t<div class=\"bdt-flip-box-layer-overlay\">\r\n\t\t\t\t\t<div class=\"bdt-flip-box-layer-inner\">\r\n\t\t\t\t\t\t\t\t\t\t\t\t\t<span class=\"bdt-flip-box-layer-title\">\r\n\t\t\t\t\t\t\t\tCircuit du Gelmersee\t\t\t\t\t\t\t<\/span>\r\n\t\t\t\t\t\t\r\n\t\t\t\t\t\t\t\t\t\t\t\t\t<div class=\"bdt-flip-box-layer-desc\">\r\n\t\t\t\t\t\t\t\tRandonn\u00e9e autour du pittoresque Gelmersee. Au d\u00e9part de la station sup\u00e9rieure du Gelmerbahn.   \t\t\t\t\t\t\t<\/div>\r\n\t\t\t\t\t\t\r\n\t\t\t\t\t\t\t\t\t\t\t\t\t<button class=\"bdt-flip-box-button elementor-button elementor-size-xs \">\r\n\t\t\t\t\t\t\t\tVers la randonn\u00e9e\t\t\t\t\t\t\t<\/button>\r\n\t\t\t\t\t\t\t\t\t\t\t<\/div>\r\n\t\t\t\t<\/div>\r\n\t\t\t<\/a>\r\n\t\t<\/div>\r\n\t\t\t\t\t<\/div>\n\t\t\t\t<\/div>\n\t\t\t\t\t<\/div>\n\t\t<\/div>\n\t\t\t\t<div class=\"elementor-column elementor-col-25 elementor-top-column elementor-element elementor-element-4221cbd4\" data-id=\"4221cbd4\" data-element_type=\"column\" data-e-type=\"column\">\n\t\t\t<div class=\"elementor-widget-wrap elementor-element-populated\">\n\t\t\t\t\t\t<div class=\"elementor-element elementor-element-57ec63a1 bdt-flip-box-effect-fade kwo-flip bdt-flip-box-easing-ease-out elementor-widget elementor-widget-bdt-flip-box\" data-id=\"57ec63a1\" data-element_type=\"widget\" data-e-type=\"widget\" data-widget_type=\"bdt-flip-box.default\">\n\t\t\t\t<div class=\"elementor-widget-container\">\n\t\t\t\t\t\t\t<div class=\"bdt-flip-box\" data-settings=\"{&quot;flipTrigger&quot;:&quot;hover&quot;}\">\r\n\t\t\t<div class=\"bdt-flip-box-layer bdt-flip-box-front\">\r\n\t\t\t\t<div class=\"bdt-flip-box-layer-overlay\">\r\n\t\t\t\t\t<div class=\"bdt-flip-box-layer-inner\">\r\n\t\t\t\t\t\t\r\n\t\t\t\t\t\t\t\t\t\t\t\t\t<span class=\"bdt-flip-box-layer-title\">\r\n\t\t\t\t\t\t\t\tRandonn\u00e9e T\u00e4lli-Gadmen\t\t\t\t\t\t\t<\/span>\r\n\t\t\t\t\t\t\r\n\t\t\t\t\t\t\t\t\t\t\t<\/div>\r\n\t\t\t\t<\/div>\r\n\t\t\t<\/div>\r\n\t\t\t<a class=\"bdt-flip-box-layer bdt-flip-box-back\" href=\"https:\/\/www.grimselwelt.ch\/erlebnisse\/rundwanderung-taelli-gadmen\/\">\r\n\t\t\t\t<div class=\"bdt-flip-box-layer-overlay\">\r\n\t\t\t\t\t<div class=\"bdt-flip-box-layer-inner\">\r\n\t\t\t\t\t\t\t\t\t\t\t\t\t<span class=\"bdt-flip-box-layer-title\">\r\n\t\t\t\t\t\t\t\tRandonn\u00e9e T\u00e4lli-Gadmen\t\t\t\t\t\t\t<\/span>\r\n\t\t\t\t\t\t\r\n\t\t\t\t\t\t\t\t\t\t\t\t\t<div class=\"bdt-flip-box-layer-desc\">\r\n\t\t\t\t\t\t\t\tCette randonn\u00e9e d'altitude m\u00e8ne de la station sup\u00e9rieure du T\u00e4llibahn, sous l'imposante Gadmerfluh, au village de montagne de Gadmen, puis revient au T\u00e4llibahn par une route foresti\u00e8re.  \t\t\t\t\t\t\t<\/div>\r\n\t\t\t\t\t\t\r\n\t\t\t\t\t\t\t\t\t\t\t\t\t<button class=\"bdt-flip-box-button elementor-button elementor-size-sm \">\r\n\t\t\t\t\t\t\t\tVers la randonn\u00e9e\t\t\t\t\t\t\t<\/button>\r\n\t\t\t\t\t\t\t\t\t\t\t<\/div>\r\n\t\t\t\t<\/div>\r\n\t\t\t<\/a>\r\n\t\t<\/div>\r\n\t\t\t\t\t<\/div>\n\t\t\t\t<\/div>\n\t\t\t\t\t<\/div>\n\t\t<\/div>\n\t\t\t\t\t<\/div>\n\t\t<\/section>\n\t\t\t\t<\/div>\n\t\t","protected":false},"excerpt":{"rendered":"<p>Planifiez votre excursion en famille \u00e0 Grimselwelt, dans l&rsquo;Oberland bernois ! La nature de Grimselwelt est un terrain de jeu vari\u00e9 pour petits et grands. Des trajets en train riches en \u00e9motions, des visites guid\u00e9es passionnantes ainsi que des paysages [&hellip;]<\/p>\n","protected":false},"author":10,"featured_media":44690,"parent":45386,"menu_order":0,"comment_status":"closed","ping_status":"closed","template":"","meta":{"footnotes":""},"class_list":["post-44685","page","type-page","status-publish","has-post-thumbnail","hentry"],"_links":{"self":[{"href":"https:\/\/www.grimselwelt.ch\/fr\/wp-json\/wp\/v2\/pages\/44685","targetHints":{"allow":["GET"]}}],"collection":[{"href":"https:\/\/www.grimselwelt.ch\/fr\/wp-json\/wp\/v2\/pages"}],"about":[{"href":"https:\/\/www.grimselwelt.ch\/fr\/wp-json\/wp\/v2\/types\/page"}],"author":[{"embeddable":true,"href":"https:\/\/www.grimselwelt.ch\/fr\/wp-json\/wp\/v2\/users\/10"}],"replies":[{"embeddable":true,"href":"https:\/\/www.grimselwelt.ch\/fr\/wp-json\/wp\/v2\/comments?post=44685"}],"version-history":[{"count":5,"href":"https:\/\/www.grimselwelt.ch\/fr\/wp-json\/wp\/v2\/pages\/44685\/revisions"}],"predecessor-version":[{"id":46526,"href":"https:\/\/www.grimselwelt.ch\/fr\/wp-json\/wp\/v2\/pages\/44685\/revisions\/46526"}],"up":[{"embeddable":true,"href":"https:\/\/www.grimselwelt.ch\/fr\/wp-json\/wp\/v2\/pages\/45386"}],"wp:featuredmedia":[{"embeddable":true,"href":"https:\/\/www.grimselwelt.ch\/fr\/wp-json\/wp\/v2\/media\/44690"}],"wp:attachment":[{"href":"https:\/\/www.grimselwelt.ch\/fr\/wp-json\/wp\/v2\/media?parent=44685"}],"curies":[{"name":"wp","href":"https:\/\/api.w.org\/{rel}","templated":true}]}}