{"id":45720,"date":"2024-07-29T09:16:56","date_gmt":"2024-07-29T09:16:56","guid":{"rendered":"https:\/\/www.grimselwelt.ch\/excursions\/climbing-in-the-grimselwelt\/"},"modified":"2026-02-12T16:06:33","modified_gmt":"2026-02-12T16:06:33","slug":"climbing-in-the-grimselwelt","status":"publish","type":"page","link":"https:\/\/www.grimselwelt.ch\/en\/experiences\/climbing-in-the-grimselwelt\/","title":{"rendered":"Climbing in the Grimselwelt"},"content":{"rendered":"\t\t<div data-elementor-type=\"wp-page\" data-elementor-id=\"45720\" class=\"elementor elementor-45720 elementor-36244\" data-elementor-post-type=\"page\">\n\t\t\t\t\t\t<section class=\"elementor-section elementor-top-section elementor-element elementor-element-77b7e1ba elementor-section-boxed elementor-section-height-default elementor-section-height-default\" data-id=\"77b7e1ba\" data-element_type=\"section\" data-e-type=\"section\">\n\t\t\t\t\t\t<div class=\"elementor-container elementor-column-gap-default\">\n\t\t\t\t\t<div class=\"elementor-column elementor-col-100 elementor-top-column elementor-element elementor-element-53ab4349\" data-id=\"53ab4349\" data-element_type=\"column\" data-e-type=\"column\">\n\t\t\t<div class=\"elementor-widget-wrap elementor-element-populated\">\n\t\t\t\t\t\t<div class=\"elementor-element elementor-element-77be21d3 elementor-widget elementor-widget-text-editor\" data-id=\"77be21d3\" data-element_type=\"widget\" data-e-type=\"widget\" data-widget_type=\"text-editor.default\">\n\t\t\t\t<div class=\"elementor-widget-container\">\n\t\t\t\t\t\t\t\t\t<p>The Grimselwelt is a true Eldorado for climbers. Not just because the granite slabs at Grimselsee have been christened &#8220;Eldorado&#8221; in the climbing scene, but because the variety of geology, mountain scenery and difficulties offers a treat for everyone. <\/p>\t\t\t\t\t\t\t\t<\/div>\n\t\t\t\t<\/div>\n\t\t\t\t<div class=\"elementor-element elementor-element-20029698 elementor-widget elementor-widget-heading\" data-id=\"20029698\" data-element_type=\"widget\" data-e-type=\"widget\" data-widget_type=\"heading.default\">\n\t\t\t\t<div class=\"elementor-widget-container\">\n\t\t\t\t\t<h3 class=\"elementor-heading-title elementor-size-default\">Restricted access \nClimbing routes Handeck<\/h3>\t\t\t\t<\/div>\n\t\t\t\t<\/div>\n\t\t\t\t<div class=\"elementor-element elementor-element-42a4515c elementor-widget elementor-widget-text-editor\" data-id=\"42a4515c\" data-element_type=\"widget\" data-e-type=\"widget\" data-widget_type=\"text-editor.default\">\n\t\t\t\t<div class=\"elementor-widget-container\">\n\t\t\t\t\t\t\t\t\t<p>The climbing routes on the Oelberg next to the Gelmerbahn are only accessible via the Gelmerbahn valley station due to a construction site. The access from the Handeck 1 Power plant is closed.   <br>Thank you for complying with this block.<\/p><p><\/p>\t\t\t\t\t\t\t\t<\/div>\n\t\t\t\t<\/div>\n\t\t\t\t\t<\/div>\n\t\t<\/div>\n\t\t\t\t\t<\/div>\n\t\t<\/section>\n\t\t\t\t<section class=\"elementor-section elementor-top-section elementor-element elementor-element-3422e201 elementor-section-boxed elementor-section-height-default elementor-section-height-default\" data-id=\"3422e201\" data-element_type=\"section\" data-e-type=\"section\">\n\t\t\t\t\t\t<div class=\"elementor-container elementor-column-gap-default\">\n\t\t\t\t\t<div class=\"elementor-column elementor-col-100 elementor-top-column elementor-element elementor-element-6d54fafc\" data-id=\"6d54fafc\" data-element_type=\"column\" data-e-type=\"column\">\n\t\t\t<div class=\"elementor-widget-wrap elementor-element-populated\">\n\t\t\t\t\t\t<div class=\"elementor-element elementor-element-1b2ac74 elementor-widget elementor-widget-heading\" data-id=\"1b2ac74\" data-element_type=\"widget\" data-e-type=\"widget\" data-widget_type=\"heading.default\">\n\t\t\t\t<div class=\"elementor-widget-container\">\n\t\t\t\t\t<h3 class=\"elementor-heading-title elementor-size-default\">Yannick Glatthard completes the Grimsel Marathon<\/h3>\t\t\t\t<\/div>\n\t\t\t\t<\/div>\n\t\t\t\t<div class=\"elementor-element elementor-element-8a0d034 elementor-widget elementor-widget-text-editor\" data-id=\"8a0d034\" data-element_type=\"widget\" data-e-type=\"widget\" data-widget_type=\"text-editor.default\">\n\t\t\t\t<div class=\"elementor-widget-container\">\n\t\t\t\t\t\t\t\t\t<p>He calls his project &#8220;Best of Grimsel in a Day&#8221;. Five classic routes in the Grimsel region, a total of 60 pitches, in 16 hours, mainly in rope soloing style. The 24-year-old from the Bernese Oberland outdid himself.  <\/p><p><span class=\"cf0\">Among climbers, these are the best-known and most beautiful lines on the Grimsel. If you are in this area, this is exactly what you should add to your to-do list.   <\/span><\/p>\t\t\t\t\t\t\t\t<\/div>\n\t\t\t\t<\/div>\n\t\t\t\t<div class=\"elementor-element elementor-element-47a0d2b elementor-widget elementor-widget-button\" data-id=\"47a0d2b\" data-element_type=\"widget\" data-e-type=\"widget\" data-widget_type=\"button.default\">\n\t\t\t\t<div class=\"elementor-widget-container\">\n\t\t\t\t\t\t\t\t\t<div class=\"elementor-button-wrapper\">\n\t\t\t\t\t<a class=\"elementor-button elementor-button-link elementor-size-sm\" href=\"https:\/\/www.yannickglatthard.ch\/projekte\/grimsel\" target=\"_blank\">\n\t\t\t\t\t\t<span class=\"elementor-button-content-wrapper\">\n\t\t\t\t\t\t\t\t\t<span class=\"elementor-button-text\">\"Best of Grimsel in a Day\"<\/span>\n\t\t\t\t\t<\/span>\n\t\t\t\t\t<\/a>\n\t\t\t\t<\/div>\n\t\t\t\t\t\t\t\t<\/div>\n\t\t\t\t<\/div>\n\t\t\t\t<div class=\"elementor-element elementor-element-64f21dc elementor-widget elementor-widget-image\" data-id=\"64f21dc\" data-element_type=\"widget\" data-e-type=\"widget\" data-widget_type=\"image.default\">\n\t\t\t\t<div class=\"elementor-widget-container\">\n\t\t\t\t\t\t\t\t\t\t\t\t<figure class=\"wp-caption\">\n\t\t\t\t\t\t\t\t\t\t<img fetchpriority=\"high\" decoding=\"async\" width=\"768\" height=\"576\" src=\"https:\/\/www.grimselwelt.ch\/media\/yannick-glatthard-am-klettern-im-grimselgebiet-768x576.jpg\" class=\"attachment-medium_large size-medium_large wp-image-45722\" alt=\"Yannick Glatthard climbing in the Grimsel region\" srcset=\"https:\/\/www.grimselwelt.ch\/media\/yannick-glatthard-am-klettern-im-grimselgebiet-768x576.jpg 768w, https:\/\/www.grimselwelt.ch\/media\/yannick-glatthard-am-klettern-im-grimselgebiet-300x225.jpg 300w, https:\/\/www.grimselwelt.ch\/media\/yannick-glatthard-am-klettern-im-grimselgebiet-1024x768.jpg 1024w, https:\/\/www.grimselwelt.ch\/media\/yannick-glatthard-am-klettern-im-grimselgebiet-830x623.jpg 830w, https:\/\/www.grimselwelt.ch\/media\/yannick-glatthard-am-klettern-im-grimselgebiet-230x173.jpg 230w, https:\/\/www.grimselwelt.ch\/media\/yannick-glatthard-am-klettern-im-grimselgebiet-350x263.jpg 350w, https:\/\/www.grimselwelt.ch\/media\/yannick-glatthard-am-klettern-im-grimselgebiet-480x360.jpg 480w, https:\/\/www.grimselwelt.ch\/media\/yannick-glatthard-am-klettern-im-grimselgebiet.jpg 1440w\" sizes=\"(max-width: 768px) 100vw, 768px\" \/>\t\t\t\t\t\t\t\t\t\t\t<figcaption class=\"widget-image-caption wp-caption-text\">Photographer: Diego Schl\u00e4ppi<\/figcaption>\n\t\t\t\t\t\t\t\t\t\t<\/figure>\n\t\t\t\t\t\t\t\t\t<\/div>\n\t\t\t\t<\/div>\n\t\t\t\t<div class=\"elementor-element elementor-element-bc13edf elementor-widget elementor-widget-heading\" data-id=\"bc13edf\" data-element_type=\"widget\" data-e-type=\"widget\" data-widget_type=\"heading.default\">\n\t\t\t\t<div class=\"elementor-widget-container\">\n\t\t\t\t\t<h3 class=\"elementor-heading-title elementor-size-default\">Gadmental<\/h3>\t\t\t\t<\/div>\n\t\t\t\t<\/div>\n\t\t\t\t<div class=\"elementor-element elementor-element-1da4071 elementor-widget elementor-widget-text-editor\" data-id=\"1da4071\" data-element_type=\"widget\" data-e-type=\"widget\" data-widget_type=\"text-editor.default\">\n\t\t\t\t<div class=\"elementor-widget-container\">\n\t\t\t\t\t\t\t\t\t<p>The Wendenst\u00f6cke in the Gadmental made Ueli Steck world-famous when he climbed the 230-metre-high climbing classic &#8220;Excalibur&#8221; 6b, free solo, i.e. alone and rope-free, in 2004. The approximately 10-kilometre-long chain of Wendenst\u00f6cke, which are made of high crusty limestone and sandstone at the very top, extend from T\u00e4llistock to Titlis and offer around 130 multi-pitch routes. <\/p>\t\t\t\t\t\t\t\t<\/div>\n\t\t\t\t<\/div>\n\t\t\t\t<div class=\"elementor-element elementor-element-322be3a elementor-widget elementor-widget-image\" data-id=\"322be3a\" data-element_type=\"widget\" data-e-type=\"widget\" data-widget_type=\"image.default\">\n\t\t\t\t<div class=\"elementor-widget-container\">\n\t\t\t\t\t\t\t\t\t\t\t\t<figure class=\"wp-caption\">\n\t\t\t\t\t\t\t\t\t\t\t<a href=\"https:\/\/www.mybergtour.ch\/klettern-wendenstoecke-excalibur\" target=\"_blank\">\n\t\t\t\t\t\t\t<img decoding=\"async\" width=\"768\" height=\"502\" src=\"https:\/\/www.grimselwelt.ch\/media\/wenden-excalibur-768x502.png\" class=\"attachment-medium_large size-medium_large wp-image-45723\" alt=\"Turning Excalibur\" srcset=\"https:\/\/www.grimselwelt.ch\/media\/wenden-excalibur-768x502.png 768w, https:\/\/www.grimselwelt.ch\/media\/wenden-excalibur-300x196.png 300w, https:\/\/www.grimselwelt.ch\/media\/wenden-excalibur-230x150.png 230w, https:\/\/www.grimselwelt.ch\/media\/wenden-excalibur-350x229.png 350w, https:\/\/www.grimselwelt.ch\/media\/wenden-excalibur-480x314.png 480w, https:\/\/www.grimselwelt.ch\/media\/wenden-excalibur.png 820w\" sizes=\"(max-width: 768px) 100vw, 768px\" \/>\t\t\t\t\t\t\t\t<\/a>\n\t\t\t\t\t\t\t\t\t\t\t<figcaption class=\"widget-image-caption wp-caption-text\">The proud Excalibur pillar, source: www.mybergtour.ch\/klettern-wendenstoecke-excalibur<\/figcaption>\n\t\t\t\t\t\t\t\t\t\t<\/figure>\n\t\t\t\t\t\t\t\t\t<\/div>\n\t\t\t\t<\/div>\n\t\t\t\t<div class=\"elementor-element elementor-element-7a67db4 elementor-widget elementor-widget-heading\" data-id=\"7a67db4\" data-element_type=\"widget\" data-e-type=\"widget\" data-widget_type=\"heading.default\">\n\t\t\t\t<div class=\"elementor-widget-container\">\n\t\t\t\t\t<h3 class=\"elementor-heading-title elementor-size-default\">Grimselsee<\/h3>\t\t\t\t<\/div>\n\t\t\t\t<\/div>\n\t\t\t\t<div class=\"elementor-element elementor-element-c1b3021 elementor-widget elementor-widget-text-editor\" data-id=\"c1b3021\" data-element_type=\"widget\" data-e-type=\"widget\" data-widget_type=\"text-editor.default\">\n\t\t\t\t<div class=\"elementor-widget-container\">\n\t\t\t\t\t\t\t\t\t<p>The true &#8220;Eldorado&#8221; lies on the southern slopes above the Grimselsee. The world-famous granite slabs of the highest quality, polished by the glacier and over 500 meters thick, have made a not inconsiderable contribution to climbing history. <\/p><p>&#8220;Mot\u00f6rhead&#8221; is probably the most famous granite climb on the Grimsel Pass and the most frequently climbed route in the &#8220;Eldorado&#8221; climbing area. The route was first climbed by the Remy brothers in 1983.   <\/p>\t\t\t\t\t\t\t\t<\/div>\n\t\t\t\t<\/div>\n\t\t\t\t<div class=\"elementor-element elementor-element-8894c56 elementor-widget elementor-widget-image\" data-id=\"8894c56\" data-element_type=\"widget\" data-e-type=\"widget\" data-widget_type=\"image.default\">\n\t\t\t\t<div class=\"elementor-widget-container\">\n\t\t\t\t\t\t\t\t\t\t\t\t<figure class=\"wp-caption\">\n\t\t\t\t\t\t\t\t\t\t<img decoding=\"async\" width=\"1024\" height=\"683\" src=\"https:\/\/www.grimselwelt.ch\/media\/portrait-yannick-glatthard-8-1024x683.jpg\" class=\"attachment-large size-large wp-image-45724\" alt=\"Portrait Yannick Glatthard\" srcset=\"https:\/\/www.grimselwelt.ch\/media\/portrait-yannick-glatthard-8-1024x683.jpg 1024w, https:\/\/www.grimselwelt.ch\/media\/portrait-yannick-glatthard-8-300x200.jpg 300w, https:\/\/www.grimselwelt.ch\/media\/portrait-yannick-glatthard-8-768x512.jpg 768w, https:\/\/www.grimselwelt.ch\/media\/portrait-yannick-glatthard-8-1536x1024.jpg 1536w, https:\/\/www.grimselwelt.ch\/media\/portrait-yannick-glatthard-8-830x553.jpg 830w, https:\/\/www.grimselwelt.ch\/media\/portrait-yannick-glatthard-8-230x153.jpg 230w, https:\/\/www.grimselwelt.ch\/media\/portrait-yannick-glatthard-8-350x233.jpg 350w, https:\/\/www.grimselwelt.ch\/media\/portrait-yannick-glatthard-8-480x320.jpg 480w, https:\/\/www.grimselwelt.ch\/media\/portrait-yannick-glatthard-8-750x500.jpg 750w, https:\/\/www.grimselwelt.ch\/media\/portrait-yannick-glatthard-8.jpg 1620w\" sizes=\"(max-width: 1024px) 100vw, 1024px\" \/>\t\t\t\t\t\t\t\t\t\t\t<figcaption class=\"widget-image-caption wp-caption-text\">Photographer: Diego Schl\u00e4ppi<\/figcaption>\n\t\t\t\t\t\t\t\t\t\t<\/figure>\n\t\t\t\t\t\t\t\t\t<\/div>\n\t\t\t\t<\/div>\n\t\t\t\t<div class=\"elementor-element elementor-element-1dc0111 elementor-widget elementor-widget-heading\" data-id=\"1dc0111\" data-element_type=\"widget\" data-e-type=\"widget\" data-widget_type=\"heading.default\">\n\t\t\t\t<div class=\"elementor-widget-container\">\n\t\t\t\t\t<h3 class=\"elementor-heading-title elementor-size-default\">Aare Valley<\/h3>\t\t\t\t<\/div>\n\t\t\t\t<\/div>\n\t\t\t\t<div class=\"elementor-element elementor-element-e069710 elementor-widget elementor-widget-text-editor\" data-id=\"e069710\" data-element_type=\"widget\" data-e-type=\"widget\" data-widget_type=\"text-editor.default\">\n\t\t\t\t<div class=\"elementor-widget-container\">\n\t\t\t\t\t\t\t\t\t<p>From R\u00e4terichsbodensee down to Mittagsflue, there are climbing routes for a whole summer: Sagaritus, Fair Hands Line, Siebenschl\u00e4fer, &#8230;<\/p><p>In addition to its scenic beauty, the Aaren Valley also offers a variety of first-class climbing routes. From leisurely family climbing gardens to challenging multi-pitch tours, everything can be found in around 40 different areas and sectors. <\/p><p>  The Azalee Beach area near the R\u00e4terichsboden reservoir is ideal for a great family experience. For more ambitious climbers, there is the Stock sector a stone&#8217;s throw further down in Chuenzendlen, where you have to belay yourself. Or next to the Gelmerbahn, the Fairhands Line route, which is one of the top 5 on the Grimsel.  <\/p><p>And if it&#8217;s too crowded at the pass and you&#8217;re not afraid of the effort, you can reach the Cabin B\u00e4chlitalh\u00fctte or the Cabin Gelmerh\u00fctte in 2 to 3 hours, where there is another variety of climbs.<\/p><p>We locals call it the Yosemite of the Bernese Oberland.<\/p>\t\t\t\t\t\t\t\t<\/div>\n\t\t\t\t<\/div>\n\t\t\t\t<div class=\"elementor-element elementor-element-e99dbc0 elementor-widget elementor-widget-image\" data-id=\"e99dbc0\" data-element_type=\"widget\" data-e-type=\"widget\" data-widget_type=\"image.default\">\n\t\t\t\t<div class=\"elementor-widget-container\">\n\t\t\t\t\t\t\t\t\t\t\t\t<figure class=\"wp-caption\">\n\t\t\t\t\t\t\t\t\t\t<img loading=\"lazy\" decoding=\"async\" width=\"1024\" height=\"768\" src=\"https:\/\/www.grimselwelt.ch\/media\/klettern-im-aaretal-yannick-glatthard-1024x768.jpg\" class=\"attachment-large size-large wp-image-45725\" alt=\"Climbing in the Aare Valley - Yannick Glatthard\" srcset=\"https:\/\/www.grimselwelt.ch\/media\/klettern-im-aaretal-yannick-glatthard-1024x768.jpg 1024w, https:\/\/www.grimselwelt.ch\/media\/klettern-im-aaretal-yannick-glatthard-300x225.jpg 300w, https:\/\/www.grimselwelt.ch\/media\/klettern-im-aaretal-yannick-glatthard-768x576.jpg 768w, https:\/\/www.grimselwelt.ch\/media\/klettern-im-aaretal-yannick-glatthard-830x623.jpg 830w, https:\/\/www.grimselwelt.ch\/media\/klettern-im-aaretal-yannick-glatthard-230x173.jpg 230w, https:\/\/www.grimselwelt.ch\/media\/klettern-im-aaretal-yannick-glatthard-350x263.jpg 350w, https:\/\/www.grimselwelt.ch\/media\/klettern-im-aaretal-yannick-glatthard-480x360.jpg 480w, https:\/\/www.grimselwelt.ch\/media\/klettern-im-aaretal-yannick-glatthard.jpg 1440w\" sizes=\"(max-width: 1024px) 100vw, 1024px\" \/>\t\t\t\t\t\t\t\t\t\t\t<figcaption class=\"widget-image-caption wp-caption-text\">Photographer: Diego Schl\u00e4ppi<\/figcaption>\n\t\t\t\t\t\t\t\t\t\t<\/figure>\n\t\t\t\t\t\t\t\t\t<\/div>\n\t\t\t\t<\/div>\n\t\t\t\t<div class=\"elementor-element elementor-element-5cb8909 elementor-widget elementor-widget-heading\" data-id=\"5cb8909\" data-element_type=\"widget\" data-e-type=\"widget\" data-widget_type=\"heading.default\">\n\t\t\t\t<div class=\"elementor-widget-container\">\n\t\t\t\t\t<h3 class=\"elementor-heading-title elementor-size-default\">Bouldering in the Handegg<\/h3>\t\t\t\t<\/div>\n\t\t\t\t<\/div>\n\t\t\t\t<div class=\"elementor-element elementor-element-cd33858 elementor-widget elementor-widget-text-editor\" data-id=\"cd33858\" data-element_type=\"widget\" data-e-type=\"widget\" data-widget_type=\"text-editor.default\">\n\t\t\t\t<div class=\"elementor-widget-container\">\n\t\t\t\t\t\t\t\t\t<p>To the left and right of the hiking trail from Hotel Handeck towards Grimsel Pass, the ingenious granite boulders of the &#8220;Kristallweg&#8221; bouldering area are scattered throughout the forest. So don&#8217;t be surprised if you come across one of the best climbers in the world here and there! <\/p><p> <\/p>\t\t\t\t\t\t\t\t<\/div>\n\t\t\t\t<\/div>\n\t\t\t\t<div class=\"elementor-element elementor-element-4fef0c0 elementor-widget elementor-widget-image\" data-id=\"4fef0c0\" data-element_type=\"widget\" data-e-type=\"widget\" data-widget_type=\"image.default\">\n\t\t\t\t<div class=\"elementor-widget-container\">\n\t\t\t\t\t\t\t\t\t\t\t\t<figure class=\"wp-caption\">\n\t\t\t\t\t\t\t\t\t\t<img loading=\"lazy\" decoding=\"async\" width=\"1024\" height=\"683\" src=\"https:\/\/www.grimselwelt.ch\/media\/yannick-glatthard-bouldern-in-der-grimselwelt-1024x683.jpg\" class=\"attachment-large size-large wp-image-45726\" alt=\"Yannick Glatthard Bouldering in the Grimselwelt\" srcset=\"https:\/\/www.grimselwelt.ch\/media\/yannick-glatthard-bouldern-in-der-grimselwelt-1024x683.jpg 1024w, https:\/\/www.grimselwelt.ch\/media\/yannick-glatthard-bouldern-in-der-grimselwelt-300x200.jpg 300w, https:\/\/www.grimselwelt.ch\/media\/yannick-glatthard-bouldern-in-der-grimselwelt-768x512.jpg 768w, https:\/\/www.grimselwelt.ch\/media\/yannick-glatthard-bouldern-in-der-grimselwelt-1536x1024.jpg 1536w, https:\/\/www.grimselwelt.ch\/media\/yannick-glatthard-bouldern-in-der-grimselwelt-830x553.jpg 830w, https:\/\/www.grimselwelt.ch\/media\/yannick-glatthard-bouldern-in-der-grimselwelt-230x153.jpg 230w, https:\/\/www.grimselwelt.ch\/media\/yannick-glatthard-bouldern-in-der-grimselwelt-350x233.jpg 350w, https:\/\/www.grimselwelt.ch\/media\/yannick-glatthard-bouldern-in-der-grimselwelt-480x320.jpg 480w, https:\/\/www.grimselwelt.ch\/media\/yannick-glatthard-bouldern-in-der-grimselwelt-750x500.jpg 750w, https:\/\/www.grimselwelt.ch\/media\/yannick-glatthard-bouldern-in-der-grimselwelt.jpg 1620w\" sizes=\"(max-width: 1024px) 100vw, 1024px\" \/>\t\t\t\t\t\t\t\t\t\t\t<figcaption class=\"widget-image-caption wp-caption-text\">Photographer: Diego Schl\u00e4ppi<\/figcaption>\n\t\t\t\t\t\t\t\t\t\t<\/figure>\n\t\t\t\t\t\t\t\t\t<\/div>\n\t\t\t\t<\/div>\n\t\t\t\t\t<\/div>\n\t\t<\/div>\n\t\t\t\t\t<\/div>\n\t\t<\/section>\n\t\t\t\t<\/div>\n\t\t","protected":false},"excerpt":{"rendered":"<p>The Grimselwelt is a true Eldorado for climbers. Not just because the granite slabs at Grimselsee have been christened &#8220;Eldorado&#8221; in the climbing scene, but because the variety of geology, mountain scenery and difficulties offers a treat for everyone. Restricted [&hellip;]<\/p>\n","protected":false},"author":17,"featured_media":45721,"parent":45411,"menu_order":0,"comment_status":"closed","ping_status":"closed","template":"","meta":{"footnotes":""},"class_list":["post-45720","page","type-page","status-publish","has-post-thumbnail","hentry"],"_links":{"self":[{"href":"https:\/\/www.grimselwelt.ch\/en\/wp-json\/wp\/v2\/pages\/45720","targetHints":{"allow":["GET"]}}],"collection":[{"href":"https:\/\/www.grimselwelt.ch\/en\/wp-json\/wp\/v2\/pages"}],"about":[{"href":"https:\/\/www.grimselwelt.ch\/en\/wp-json\/wp\/v2\/types\/page"}],"author":[{"embeddable":true,"href":"https:\/\/www.grimselwelt.ch\/en\/wp-json\/wp\/v2\/users\/17"}],"replies":[{"embeddable":true,"href":"https:\/\/www.grimselwelt.ch\/en\/wp-json\/wp\/v2\/comments?post=45720"}],"version-history":[{"count":13,"href":"https:\/\/www.grimselwelt.ch\/en\/wp-json\/wp\/v2\/pages\/45720\/revisions"}],"predecessor-version":[{"id":46548,"href":"https:\/\/www.grimselwelt.ch\/en\/wp-json\/wp\/v2\/pages\/45720\/revisions\/46548"}],"up":[{"embeddable":true,"href":"https:\/\/www.grimselwelt.ch\/en\/wp-json\/wp\/v2\/pages\/45411"}],"wp:featuredmedia":[{"embeddable":true,"href":"https:\/\/www.grimselwelt.ch\/en\/wp-json\/wp\/v2\/media\/45721"}],"wp:attachment":[{"href":"https:\/\/www.grimselwelt.ch\/en\/wp-json\/wp\/v2\/media?parent=45720"}],"curies":[{"name":"wp","href":"https:\/\/api.w.org\/{rel}","templated":true}]}}